{"id":1400,"date":"2024-09-16T15:38:02","date_gmt":"2024-09-16T12:38:02","guid":{"rendered":"https:\/\/bilginteknoloji.com\/woo\/?post_type=product&#038;p=1400"},"modified":"2024-09-16T15:38:02","modified_gmt":"2024-09-16T12:38:02","slug":"gamdias-talos-m1-elite-850w-tempered-glass-argb-80-bronze-atx-gaming-kasa","status":"publish","type":"product","link":"https:\/\/bilginteknoloji.com\/woo\/urun\/gamdias-talos-m1-elite-850w-tempered-glass-argb-80-bronze-atx-gaming-kasa\/","title":{"rendered":"GAMDIAS TALOS M1 Elite, 850W, Tempered Glass, ARGB, 80+ Bronze, ATX GAMING KASA"},"content":{"rendered":"<table border=\"0\" width=\"100%\" cellspacing=\"0\" cellpadding=\"0\">\n<tbody>\n<tr>\n<td>\n<table border=\"0\" width=\"100%\" cellspacing=\"0\" cellpadding=\"0\">\n<tbody>\n<tr>\n<td class=\"resertitle\">\u00dcr\u00fcn Detay<\/td>\n<td valign=\"top\" width=\"10\"><img decoding=\"async\" src=\"https:\/\/www.reserbayi.com\/reser\/images\/title-right.png\" alt=\"\" \/><\/td>\n<\/tr>\n<\/tbody>\n<\/table>\n<\/td>\n<\/tr>\n<tr>\n<td class=\"urundetayaciklamasi\"><img decoding=\"async\" src=\"https:\/\/www.detayresimler.com\/urun\/A\/AU-GC1-500_4.jpg\" alt=\"\" \/><\/p>\n<table border=\"0\">\n<tbody>\n<tr>\n<td><img decoding=\"async\" src=\"https:\/\/www.detayresimler.com\/urun\/T\/TAL-M1-850_2.jpg\" alt=\"\" \/><\/td>\n<td>\n<h1>TALOS M1 EL\u0130TE<\/h1>\n<ul>\n<li>Temperli Cam Pencere<\/li>\n<li>3 Dahili 120mm Trio Ring ARGB Fan<\/li>\n<li>RGB Ak\u0131\u015f Ayd\u0131nlatma Tarz\u0131n\u0131 Kolayca De\u011fi\u015ftirmek ve LEDi Kapatmak i\u00e7in Tek Dokunu\u015f<\/li>\n<li>Anakart ile Senkronize Et<\/li>\n<li>G\u00fc\u00e7 Kapa\u011f\u0131 Tasar\u0131m\u0131<\/li>\n<li>Manyetik Toz Filtresi<\/li>\n<li>Trapez Temperli Cam \u00d6n Panel<\/li>\n<\/ul>\n<p>TALOS M1 ELITE, g\u00fc\u00e7l\u00fc hava ak\u0131\u015f\u0131na izin veren \u00f6n trapez temperli cam panele sahip bir mid-tower kasad\u0131r.\u00a0Kasa, \u00fc\u00e7 yerle\u015fik 120 mm trio-ring ARGB fandan olu\u015fur ve bir PSU \u00f6rt\u00fcs\u00fc ve temperli cam pencere ile daha iyi bir modlama deneyimi sa\u011flar.<\/td>\n<\/tr>\n<tr>\n<td>\n<h1>\u015eIK TASARIM<\/h1>\n<p>Trapez temperli cam, do\u011fal hava ak\u0131\u015f\u0131 i\u00e7in m\u00fckemmel bir ortam yarat\u0131rken, kasan\u0131n keskin ve modaya uygun stilini daha da geli\u015ftirmek i\u00e7in ARGB fanlar\u0131n\u0131n parlakl\u0131\u011f\u0131n\u0131 hafif\u00e7e yans\u0131t\u0131yor.<\/p>\n<h1><\/h1>\n<\/td>\n<td>\n<h1>\n<img decoding=\"async\" src=\"https:\/\/www.detayresimler.com\/urun\/T\/TAL-M1-850_3.jpg\" alt=\"\" \/><\/h1>\n<\/td>\n<\/tr>\n<tr>\n<td>\n<h1><img decoding=\"async\" src=\"https:\/\/www.detayresimler.com\/urun\/T\/TAL-M1-850_2.jpg\" alt=\"\" \/><\/h1>\n<\/td>\n<td>\n<h1>TEK TIK.\u00a0T\u00dcM\u00dcN\u00dc SENKRON\u0130ZE ET<\/h1>\n<p>TALOS E2 ELITE,\u00a0sistem genelinde ayd\u0131nlatma senkronizasyonu elde etmek i\u00e7in uyumlu anakartlara RGB ba\u011flant\u0131s\u0131n\u0131 yaparak senkronize edebilirsiniz.<\/p>\n<p>&nbsp;<\/td>\n<\/tr>\n<tr>\n<td colspan=\"2\">\n<h1><img decoding=\"async\" src=\"https:\/\/www.detayresimler.com\/urun\/T\/TAL-M1-850_1.jpg\" alt=\"\" \/><\/h1>\n<\/td>\n<\/tr>\n<tr>\n<td>\n<img decoding=\"async\" src=\"https:\/\/www.detayresimler.com\/urun\/T\/TAL-M1-850.jpg\" alt=\"\" \/><\/td>\n<td>\n<h1>80 PLUS BRONZ SERT\u0130F\u0130KALI\u00a0850W PSU<\/h1>\n<p>Verimlilik derecelendirmesi, yap\u0131 kalitesini de\u011fil, aktar\u0131m s\u0131ras\u0131nda ne kadar g\u00fcc\u00fcn tutuldu\u011funu yans\u0131t\u0131r.\u00a080 PLUS Bronz verimlilik derecesine sahip HELIOS M1-850B, g\u00fcvenli ve uzun \u00f6m\u00fcrl\u00fc, birinci s\u0131n\u0131f bir g\u00fc\u00e7 kayna\u011f\u0131 \u00fcnitesidir.<\/td>\n<\/tr>\n<\/tbody>\n<\/table>\n<table border=\"0\">\n<tbody>\n<tr>\n<td><strong>Kasa Tipi<\/strong><\/td>\n<td>MID Tower<\/td>\n<\/tr>\n<tr>\n<td><strong>Anakart Deste\u011fi<\/strong><\/td>\n<td>ATXMikro-ATXMini-ITX<\/td>\n<\/tr>\n<tr>\n<td><strong>Senkronizasyon<\/strong><\/td>\n<td>5V 3-Pinli Adreslenebilir Ba\u015fl\u0131k<\/td>\n<\/tr>\n<tr>\n<td><strong>Kasa Rengi<\/strong><\/td>\n<td>Siyah<\/td>\n<\/tr>\n<tr>\n<td><strong>Geni\u015fleme Yuvalar\u0131<\/strong><\/td>\n<td>7<\/td>\n<\/tr>\n<tr>\n<td><strong>Malzeme<\/strong><\/td>\n<td>SPCC &amp; ABS &amp; Temperli cam<\/td>\n<\/tr>\n<tr>\n<td><strong>Pencere<\/strong><\/td>\n<td>VAR<\/td>\n<\/tr>\n<tr>\n<td><strong>Radyat\u00f6r Deste\u011fi<\/strong><\/td>\n<td>\u00dcst:280mm240mm \/ \u00d6n:360mm280mm \/ Arka:120mm<\/td>\n<\/tr>\n<tr>\n<td>Fan Deste\u011fi<\/td>\n<td>\u00dcst: 2 x 120mm2 x 140mm \/ \u00d6n: 3 x 120mm3 x 140mm2 x 200mm \/ Arka: 1 x 120mm1 x 140mm<\/td>\n<\/tr>\n<tr>\n<td><strong>Dahili Fanlar<\/strong><\/td>\n<td>\u00d6n: 3 x 120mm ARGB Fan<br \/>\n(AEOLUS Kutusu ile Uyumlu) \/ Arka: 1 x 120mm Fan<\/td>\n<\/tr>\n<tr>\n<td><strong>S\u00fcr\u00fcc\u00fc B\u00f6lmeleri<\/strong><\/td>\n<td>2 x 3,5&#8243; veya 1 x 2,5&#8243; + 1 x 3,5&#8243; (HDD Kafesi) \/ 3 x 2,5&#8243;<\/td>\n<\/tr>\n<tr>\n<td><strong>G\/\u00c7 Ba\u011flant\u0131 Noktas\u0131<\/strong><\/td>\n<td>USB 3.0 x1USB 2.0 x2HD Ses x1 Fan LED Kontrol\u00fc x1Fan H\u0131z\u0131 Kontrol\u00fc x1<\/td>\n<\/tr>\n<tr>\n<td><strong>Bo\u015fluk<\/strong><\/td>\n<td>CPU so\u011futucu y\u00fckseklik s\u0131n\u0131rlamas\u0131: 165<br \/>\nmm VGA uzunluk s\u0131n\u0131rlamas\u0131: 350 mm<br \/>\nPSU uzunluk s\u0131n\u0131rlamas\u0131: 200 mm<\/td>\n<\/tr>\n<tr>\n<td><strong>Bo\u015fluk<\/strong><\/td>\n<td>6 Ba\u011flant\u0131 Noktal\u0131 Hub (3 ba\u011flant\u0131 noktas\u0131 kullan\u0131l\u0131r)<\/td>\n<\/tr>\n<tr>\n<td><strong>Boyut (U x G x Y)<\/strong><\/td>\n<td>430x220x490mm<\/td>\n<\/tr>\n<tr>\n<td><strong>Net A\u011f\u0131rl\u0131\u011f\u0131<\/strong><\/td>\n<td>6,9kg<\/td>\n<\/tr>\n<\/tbody>\n<\/table>\n<\/td>\n<\/tr>\n<tr>\n<td class=\"function\"><\/td>\n<\/tr>\n<\/tbody>\n<\/table>\n","protected":false},"excerpt":{"rendered":"<table class=\"product-detail\" border=\"0\" width=\"100%\" cellspacing=\"0\" cellpadding=\"0\">\n<tbody>\n<tr>\n<td class=\"product-detail-02\" width=\"34%\">Kasa Tipi:<\/td>\n<td width=\"66%\">\u00a0MIDI TOWER<\/td>\n<\/tr>\n<tr>\n<td class=\"product-detail-02\" width=\"34%\">Kasa Form:<\/td>\n<td width=\"66%\">\u00a0ATX<\/td>\n<\/tr>\n<tr>\n<td class=\"product-detail-02\" width=\"34%\">G\u00fc\u00e7 Kayna\u011f\u0131:<\/td>\n<td width=\"66%\">\u00a0850 W<\/td>\n<\/tr>\n<tr>\n<td class=\"product-detail-02\" width=\"34%\">Pencere:<\/td>\n<td width=\"66%\">\u00a0VAR<\/td>\n<\/tr>\n<\/tbody>\n<\/table>\n","protected":false},"featured_media":1401,"template":"","meta":{"om_disable_all_campaigns":false,"_monsterinsights_skip_tracking":false,"_monsterinsights_sitenote_active":false,"_monsterinsights_sitenote_note":"","_monsterinsights_sitenote_category":0},"product_cat":[428],"product_tag":[],"class_list":{"0":"post-1400","1":"product","2":"type-product","3":"status-publish","4":"has-post-thumbnail","6":"product_cat-atx-kasalar","7":"thunk-woo-product-list","8":"opn-qv-enable","9":"top-store-woo-hover-zoom","10":"top-store-single-product-tab-horizontal","11":"top-store-shadow-","12":"top-store-shadow-hover-","14":"first","15":"instock","16":"taxable","17":"shipping-taxable","18":"product-type-simple"},"aioseo_notices":[],"_links":{"self":[{"href":"https:\/\/bilginteknoloji.com\/woo\/wp-json\/wp\/v2\/product\/1400","targetHints":{"allow":["GET"]}}],"collection":[{"href":"https:\/\/bilginteknoloji.com\/woo\/wp-json\/wp\/v2\/product"}],"about":[{"href":"https:\/\/bilginteknoloji.com\/woo\/wp-json\/wp\/v2\/types\/product"}],"wp:featuredmedia":[{"embeddable":true,"href":"https:\/\/bilginteknoloji.com\/woo\/wp-json\/wp\/v2\/media\/1401"}],"wp:attachment":[{"href":"https:\/\/bilginteknoloji.com\/woo\/wp-json\/wp\/v2\/media?parent=1400"}],"wp:term":[{"taxonomy":"product_cat","embeddable":true,"href":"https:\/\/bilginteknoloji.com\/woo\/wp-json\/wp\/v2\/product_cat?post=1400"},{"taxonomy":"product_tag","embeddable":true,"href":"https:\/\/bilginteknoloji.com\/woo\/wp-json\/wp\/v2\/product_tag?post=1400"}],"curies":[{"name":"wp","href":"https:\/\/api.w.org\/{rel}","templated":true}]}}