{"id":1396,"date":"2024-09-16T15:33:51","date_gmt":"2024-09-16T12:33:51","guid":{"rendered":"https:\/\/bilginteknoloji.com\/woo\/?post_type=product&#038;p=1396"},"modified":"2024-09-16T15:33:52","modified_gmt":"2024-09-16T12:33:52","slug":"gamdias-talos-e2-elite-850w-tempered-glass-argb-80-bronze-atx-gaming-kasa","status":"publish","type":"product","link":"https:\/\/bilginteknoloji.com\/woo\/urun\/gamdias-talos-e2-elite-850w-tempered-glass-argb-80-bronze-atx-gaming-kasa\/","title":{"rendered":"GAMDIAS TALOS E2 Elite, 850W, Tempered Glass, ARGB, 80+ Bronze, ATX GAMING KASA"},"content":{"rendered":"<table border=\"0\" width=\"100%\" cellspacing=\"0\" cellpadding=\"0\">\n<tbody>\n<tr>\n<td>\n<table border=\"0\" width=\"100%\" cellspacing=\"0\" cellpadding=\"0\">\n<tbody>\n<tr>\n<td class=\"resertitle\">\u00dcr\u00fcn Detay<\/td>\n<td valign=\"top\" width=\"10\"><img decoding=\"async\" src=\"https:\/\/www.reserbayi.com\/reser\/images\/title-right.png\" alt=\"\" \/><\/td>\n<\/tr>\n<\/tbody>\n<\/table>\n<\/td>\n<\/tr>\n<tr>\n<td class=\"urundetayaciklamasi\"><img decoding=\"async\" src=\"https:\/\/www.detayresimler.com\/urun\/A\/AU-GC1-500_4.jpg\" alt=\"\" \/><\/p>\n<table border=\"0\">\n<tbody>\n<tr>\n<td><img decoding=\"async\" src=\"https:\/\/www.detayresimler.com\/urun\/T\/TAL-E2-750_3.jpg\" alt=\"\" \/><\/td>\n<td>\n<h1>TALOS E2 EL\u0130T \u015eIK TASARIM<\/h1>\n<ul>\n<li>5V ARGB Anakart ile senkronize edin<\/li>\n<li>Temperli Cam Panel<\/li>\n<li>3 Dahili 120mm ARGB Fan<\/li>\n<li>Mente\u015fe Pencere Tasar\u0131ml\u0131 Sol a\u00e7\u0131l\u0131r Temperli Cam Paneller<\/li>\n<li>RGB Ak\u0131\u015f Ayd\u0131nlatma Tarz\u0131n\u0131 Kolayca De\u011fi\u015ftirmek i\u00e7in Tek Dokunu\u015f<\/li>\n<li>ATXe kadar Anakartlar\u0131 destekler<\/li>\n<li>G\u00fc\u00e7 Kapa\u011f\u0131 Tasar\u0131m\u0131<\/li>\n<li>Manyetik Toz Filtresi<\/li>\n<\/ul>\n<p>TALOS E2 ELITE, \u00f6ndeki \u00fc\u00e7 dahili ARGB fan\u0131 ve muhte\u015fem i\u00e7 yap\u0131y\u0131 temiz bir \u015fekilde sergilemek i\u00e7in temperli cam \u00f6n panele ve sol a\u00e7\u0131l\u0131r pencereye sahip zarif bir mid-tower kasad\u0131r.<\/td>\n<\/tr>\n<tr>\n<td>\n<h1>KUSURSUZ \u00d6N PANEL<\/h1>\n<p>\u015e\u0131k ve zarif temperli cam \u00f6n panel ve \u00fc\u00e7 dahili 120 mm ARGB fan, kendinden hava ak\u0131\u015f\u0131na ve donan\u0131mlar\u0131n net bir \u015fekilde g\u00f6r\u00fcnt\u00fclenmesine olanak tan\u0131r.<\/p>\n<h1><\/h1>\n<\/td>\n<td>\n<h1>\n<img decoding=\"async\" src=\"https:\/\/www.detayresimler.com\/urun\/T\/TAL-E2-750_2.jpg\" alt=\"\" \/><\/h1>\n<\/td>\n<\/tr>\n<tr>\n<td>\n<h1><img decoding=\"async\" src=\"https:\/\/www.detayresimler.com\/urun\/T\/TAL-E2-750_1.jpg\" alt=\"\" \/><\/h1>\n<\/td>\n<td>\n<h1>TEK TIK.\u00a0T\u00dcM\u00dcN\u00dc SENKRON\u0130ZE ET<\/h1>\n<p>TALOS E2 ELITE,\u00a0sistem genelinde ayd\u0131nlatma senkronizasyonu elde etmek i\u00e7in uyumlu anakartlara RGB ba\u011flant\u0131s\u0131n\u0131 yaparak senkronize edebilirsiniz.<\/p>\n<p>&nbsp;<\/td>\n<\/tr>\n<tr>\n<td>\n<h1>TEMPERL\u0130 CAM A\u00c7ILIR MENTE\u015eEL\u0130 PENCERE<\/h1>\n<p>Yan taraftaki manyetik temperli cam a\u00e7\u0131l\u0131r mente\u015feli pencere tasar\u0131m\u0131, yap\u0131n\u0131z\u0131n net bir \u015fekilde g\u00f6r\u00fclebilmesi i\u00e7in dayan\u0131kl\u0131, \u00e7izilmeye kar\u015f\u0131 dayan\u0131kl\u0131 ve \u015feffaf olacak \u015fekilde yap\u0131lm\u0131\u015ft\u0131r.<\/td>\n<td>\u00a0<img decoding=\"async\" src=\"https:\/\/www.detayresimler.com\/urun\/T\/TAL-E2-750.jpg\" alt=\"\" \/><\/td>\n<\/tr>\n<tr>\n<td><\/td>\n<td>\n<h1><\/h1>\n<\/td>\n<\/tr>\n<\/tbody>\n<\/table>\n<table border=\"0\">\n<tbody>\n<tr>\n<td><strong>Kasa Tipi<\/strong><\/td>\n<td>MID Tower<\/td>\n<\/tr>\n<tr>\n<td><strong>Anakart Deste\u011fi<\/strong><\/td>\n<td>ATXMikro-ATXMini-ITX<\/td>\n<\/tr>\n<tr>\n<td><strong>Senkronizasyon<\/strong><\/td>\n<td>5V 3-Pinli Adreslenebilir Ba\u015fl\u0131k<\/td>\n<\/tr>\n<tr>\n<td><strong>Kasa Rengi<\/strong><\/td>\n<td>Siyah<\/td>\n<\/tr>\n<tr>\n<td><strong>Geni\u015fleme Yuvalar\u0131<\/strong><\/td>\n<td>7+3<\/td>\n<\/tr>\n<tr>\n<td><strong>Malzeme<\/strong><\/td>\n<td>SPCC &amp; ABS &amp; Temperli cam<\/td>\n<\/tr>\n<tr>\n<td><strong>Pencere<\/strong><\/td>\n<td>VAR<\/td>\n<\/tr>\n<tr>\n<td><strong>Radyat\u00f6r Deste\u011fi<\/strong><\/td>\n<td>\u00dcst: 240mm \/ \u00d6n: 360mm280mm \/ Arka: 140mm120mm<\/td>\n<\/tr>\n<tr>\n<td><strong>Fan Deste\u011fi<\/strong><\/td>\n<td>\u00dcst: 2 x 120mm2 x 140mm \/ \u00d6n: 3 x 120mm2 x 140mm2 x200mm \/ Arka: 1 x 120mm1 x 140mm<\/td>\n<\/tr>\n<tr>\n<td><strong>Dahili Fanlar<\/strong><\/td>\n<td>\u00d6n: 3 x 120mm ARGB Fan \/ Arka: 1 x 120mm Fan<\/td>\n<\/tr>\n<tr>\n<td><strong>S\u00fcr\u00fcc\u00fc B\u00f6lmeleri<\/strong><\/td>\n<td>2 x 3,5&#8243; veya 1 x 2,5&#8243; + 1 x 3,5&#8243; (HDD Kafesi) \/ 3 x 2,5&#8243;<\/td>\n<\/tr>\n<tr>\n<td><strong>G\/\u00c7 Ba\u011flant\u0131 Noktas\u0131<\/strong><\/td>\n<td>USB 3.0 x1, USB 2.0 x2, HD Ses x1, LED Kontrol\u00fc x1<\/td>\n<\/tr>\n<tr>\n<td><strong>Bo\u015fluk<\/strong><\/td>\n<td>CPU so\u011futucu y\u00fckseklik s\u0131n\u0131rlamas\u0131: 190 mm<br \/>\nVGA uzunluk s\u0131n\u0131rlamas\u0131: 340<br \/>\nmm PSU uzunluk s\u0131n\u0131rlamas\u0131: 180 mm<\/td>\n<\/tr>\n<tr>\n<td><strong>Boyut (U x G x Y)<\/strong><\/td>\n<td>392x230x467mm<\/td>\n<\/tr>\n<tr>\n<td><strong>Net A\u011f\u0131rl\u0131\u011f\u0131<\/strong><\/td>\n<td>6,2kg<\/td>\n<\/tr>\n<\/tbody>\n<\/table>\n<\/td>\n<\/tr>\n<\/tbody>\n<\/table>\n","protected":false},"excerpt":{"rendered":"<table class=\"product-detail\" border=\"0\" width=\"100%\" cellspacing=\"0\" cellpadding=\"0\">\n<tbody>\n<tr>\n<td class=\"product-detail-02\" width=\"34%\">Kasa Tipi:<\/td>\n<td width=\"66%\">\u00a0MIDI TOWER<\/td>\n<\/tr>\n<tr>\n<td class=\"product-detail-02\" width=\"34%\">Kasa Form:<\/td>\n<td width=\"66%\">\u00a0ATX<\/td>\n<\/tr>\n<tr>\n<td class=\"product-detail-02\" width=\"34%\">G\u00fc\u00e7 Kayna\u011f\u0131:<\/td>\n<td width=\"66%\">\u00a0850 W<\/td>\n<\/tr>\n<tr>\n<td class=\"product-detail-02\" width=\"34%\">Pencere:<\/td>\n<td width=\"66%\">\u00a0VAR<\/td>\n<\/tr>\n<tr>\n<td class=\"product-detail-02\"><\/td>\n<td><\/td>\n<\/tr>\n<\/tbody>\n<\/table>\n","protected":false},"featured_media":1397,"template":"","meta":{"om_disable_all_campaigns":false,"_monsterinsights_skip_tracking":false,"_monsterinsights_sitenote_active":false,"_monsterinsights_sitenote_note":"","_monsterinsights_sitenote_category":0},"product_cat":[428],"product_tag":[],"class_list":{"0":"post-1396","1":"product","2":"type-product","3":"status-publish","4":"has-post-thumbnail","6":"product_cat-atx-kasalar","7":"thunk-woo-product-list","8":"opn-qv-enable","9":"top-store-woo-hover-zoom","10":"top-store-single-product-tab-horizontal","11":"top-store-shadow-","12":"top-store-shadow-hover-","14":"first","15":"instock","16":"taxable","17":"shipping-taxable","18":"product-type-simple"},"aioseo_notices":[],"_links":{"self":[{"href":"https:\/\/bilginteknoloji.com\/woo\/wp-json\/wp\/v2\/product\/1396","targetHints":{"allow":["GET"]}}],"collection":[{"href":"https:\/\/bilginteknoloji.com\/woo\/wp-json\/wp\/v2\/product"}],"about":[{"href":"https:\/\/bilginteknoloji.com\/woo\/wp-json\/wp\/v2\/types\/product"}],"wp:featuredmedia":[{"embeddable":true,"href":"https:\/\/bilginteknoloji.com\/woo\/wp-json\/wp\/v2\/media\/1397"}],"wp:attachment":[{"href":"https:\/\/bilginteknoloji.com\/woo\/wp-json\/wp\/v2\/media?parent=1396"}],"wp:term":[{"taxonomy":"product_cat","embeddable":true,"href":"https:\/\/bilginteknoloji.com\/woo\/wp-json\/wp\/v2\/product_cat?post=1396"},{"taxonomy":"product_tag","embeddable":true,"href":"https:\/\/bilginteknoloji.com\/woo\/wp-json\/wp\/v2\/product_tag?post=1396"}],"curies":[{"name":"wp","href":"https:\/\/api.w.org\/{rel}","templated":true}]}}