{"id":1394,"date":"2024-09-16T14:27:20","date_gmt":"2024-09-16T11:27:20","guid":{"rendered":"https:\/\/bilginteknoloji.com\/woo\/?post_type=product&#038;p=1394"},"modified":"2024-09-16T14:27:21","modified_gmt":"2024-09-16T11:27:21","slug":"gamdias-argus-e4-elite-500w-tempered-glass-argb-atx-gaming-kasa","status":"publish","type":"product","link":"https:\/\/bilginteknoloji.com\/woo\/urun\/gamdias-argus-e4-elite-500w-tempered-glass-argb-atx-gaming-kasa\/","title":{"rendered":"GAMDIAS ARGUS E4 Elite, 500W, Tempered Glass, ARGB, ATX GAMING KASA"},"content":{"rendered":"<table border=\"0\" width=\"100%\" cellspacing=\"0\" cellpadding=\"0\">\n<tbody>\n<tr>\n<td>\n<table border=\"0\" width=\"100%\" cellspacing=\"0\" cellpadding=\"0\">\n<tbody>\n<tr>\n<td class=\"resertitle\">\u00dcr\u00fcn Detay<\/td>\n<td valign=\"top\" width=\"10\"><img decoding=\"async\" src=\"https:\/\/www.reserbayi.com\/reser\/images\/title-right.png\" alt=\"\" \/><\/td>\n<\/tr>\n<\/tbody>\n<\/table>\n<\/td>\n<\/tr>\n<tr>\n<td class=\"urundetayaciklamasi\"><img decoding=\"async\" src=\"https:\/\/www.detayresimler.com\/urun\/A\/ARG-E4-500.jpg\" alt=\"\" width=\"100%\" \/><\/p>\n<div class=\"SpecFrame_Div\">\n<div class=\"SpecFrame_Class\">\u00d6ZELL\u0130KLER<span class=\"material-icons\"><br \/>\n<\/span><\/div>\n<div><\/div>\n<\/div>\n<div class=\"SpecFrame_Div\">\n<div class=\"SpecFrame_Class ProShow\">\n<span class=\"material-icons\"><br \/>\n<\/span><\/div>\n<div>\n<div class=\"SpecFrame_DataList\">\n<div>Kasa TipiORTA Kule<\/div>\n<div>MB Deste\u011fiATXMicro-ATXMini-ITX<\/div>\n<div>senkronizasyon5V 3-Pin Adreslenebilir Ba\u015fl\u0131k<\/div>\n<div>KASA RengiSiyah<\/div>\n<div>Geni\u015fleme yuvalar\u01317+3<\/div>\n<div>MalzemeSPCC &amp; ABS &amp; Temperli cam<\/div>\n<div>pencereAyr\u0131ld\u0131<\/div>\n<div>Radyat\u00f6r Deste\u011fi\u00dcst: 280 mm, 240 mm \/ Arka: 140 mm, 120 mm<\/div>\n<div>Hayran Deste\u011fi\u00dcst: 2 x 120 mm, 2 x 140 mm \/ Arka: 1 x 120 mm, 1 x 140 mm<\/div>\n<div>\u00d6nceden y\u00fcklenmi\u015f FanlarArka: 1 x 120mm Fan<\/div>\n<div>S\u00fcr\u00fcc\u00fc b\u00f6lmeleri2 x 3.5&#8243; veya 1 x 2.5&#8243;+1 x 3.5&#8243;(HDD Kafesi) \/ 3 x 2.5&#8243;<\/div>\n<div>G\/\u00c7 Ba\u011flant\u0131 Noktas\u0131USB 3.0 x1, USB 2.0 x2, HD Ses x1, LED kontrol\u00fc x1<\/div>\n<div>Bo\u015flukCPU so\u011futucusu y\u00fckseklik s\u0131n\u0131rlamas\u0131: 190 mm<br \/>\nVGA uzunluk s\u0131n\u0131rlamas\u0131: 340<br \/>\nmm PSU uzunluk s\u0131n\u0131rlamas\u0131: 180 mm<\/div>\n<div>Boyut (U x G x Y)393 x 230 x 460 mm<\/div>\n<div>Net a\u011f\u0131rl\u0131k5,4 kg \/<\/div>\n<\/div>\n<\/div>\n<\/div>\n<\/td>\n<\/tr>\n<\/tbody>\n<\/table>\n","protected":false},"excerpt":{"rendered":"<table class=\"product-detail\" border=\"0\" width=\"100%\" cellspacing=\"0\" cellpadding=\"0\">\n<tbody>\n<tr>\n<td class=\"product-detail-02\" width=\"34%\">Kasa Tipi:<\/td>\n<td width=\"66%\">\u00a0MIDI TOWER<\/td>\n<\/tr>\n<tr>\n<td class=\"product-detail-02\" width=\"34%\">Kasa Form:<\/td>\n<td width=\"66%\">\u00a0ATX<\/td>\n<\/tr>\n<tr>\n<td class=\"product-detail-02\" width=\"34%\">G\u00fc\u00e7 Kayna\u011f\u0131:<\/td>\n<td width=\"66%\">\u00a0500 W<\/td>\n<\/tr>\n<tr>\n<td class=\"product-detail-02\" width=\"34%\">Pencere:<\/td>\n<td width=\"66%\">\u00a0VAR<\/td>\n<\/tr>\n<\/tbody>\n<\/table>\n","protected":false},"featured_media":1395,"template":"","meta":{"om_disable_all_campaigns":false,"_monsterinsights_skip_tracking":false,"_monsterinsights_sitenote_active":false,"_monsterinsights_sitenote_note":"","_monsterinsights_sitenote_category":0},"product_cat":[428],"product_tag":[],"class_list":{"0":"post-1394","1":"product","2":"type-product","3":"status-publish","4":"has-post-thumbnail","6":"product_cat-atx-kasalar","7":"thunk-woo-product-list","8":"opn-qv-enable","9":"top-store-woo-hover-zoom","10":"top-store-single-product-tab-horizontal","11":"top-store-shadow-","12":"top-store-shadow-hover-","14":"first","15":"instock","16":"taxable","17":"shipping-taxable","18":"product-type-simple"},"aioseo_notices":[],"_links":{"self":[{"href":"https:\/\/bilginteknoloji.com\/woo\/wp-json\/wp\/v2\/product\/1394","targetHints":{"allow":["GET"]}}],"collection":[{"href":"https:\/\/bilginteknoloji.com\/woo\/wp-json\/wp\/v2\/product"}],"about":[{"href":"https:\/\/bilginteknoloji.com\/woo\/wp-json\/wp\/v2\/types\/product"}],"wp:featuredmedia":[{"embeddable":true,"href":"https:\/\/bilginteknoloji.com\/woo\/wp-json\/wp\/v2\/media\/1395"}],"wp:attachment":[{"href":"https:\/\/bilginteknoloji.com\/woo\/wp-json\/wp\/v2\/media?parent=1394"}],"wp:term":[{"taxonomy":"product_cat","embeddable":true,"href":"https:\/\/bilginteknoloji.com\/woo\/wp-json\/wp\/v2\/product_cat?post=1394"},{"taxonomy":"product_tag","embeddable":true,"href":"https:\/\/bilginteknoloji.com\/woo\/wp-json\/wp\/v2\/product_tag?post=1394"}],"curies":[{"name":"wp","href":"https:\/\/api.w.org\/{rel}","templated":true}]}}