{"id":1392,"date":"2024-09-16T14:25:35","date_gmt":"2024-09-16T11:25:35","guid":{"rendered":"https:\/\/bilginteknoloji.com\/woo\/?post_type=product&#038;p=1392"},"modified":"2024-09-16T14:25:36","modified_gmt":"2024-09-16T11:25:36","slug":"everest-faced-v1-mesh-power-yok-4x12cm-sabit-rainbow-fan-temperli-cam-yan-panel-atx-gaming-kasa","status":"publish","type":"product","link":"https:\/\/bilginteknoloji.com\/woo\/urun\/everest-faced-v1-mesh-power-yok-4x12cm-sabit-rainbow-fan-temperli-cam-yan-panel-atx-gaming-kasa\/","title":{"rendered":"EVEREST FACED-V1, Mesh, Power YOK, 4x12cm Sabit Rainbow Fan, Temperli Cam Yan Panel, ATX, GAMING KASA"},"content":{"rendered":"<table>\n<tbody>\n<tr>\n<td>A\u00e7\u0131klama<\/td>\n<td>ATX Mid-T Gaming Oyuncu Kasas\u0131<\/td>\n<\/tr>\n<tr>\n<td>Marka<\/td>\n<td>Everest<\/td>\n<\/tr>\n<tr>\n<td>Model<\/td>\n<td>FACED V1<\/td>\n<\/tr>\n<tr>\n<td>Model 2<\/td>\n<td>Mesh<\/td>\n<\/tr>\n<tr>\n<td>\u00d6zellik<\/td>\n<td>4x12cm Sabit Rainbow Fanl\u0131<\/td>\n<\/tr>\n<tr>\n<td>Real-Power<\/td>\n<td>Yok, Ayr\u0131ca Al\u0131nmal\u0131d\u0131r.<\/td>\n<\/tr>\n<tr>\n<td>Renk<\/td>\n<td>Temperli Caml\u0131<\/td>\n<\/tr>\n<\/tbody>\n<\/table>\n","protected":false},"excerpt":{"rendered":"<table border=\"0\" cellspacing=\"0\" cellpadding=\"0\">\n<tbody>\n<tr>\n<td>\n<table class=\"product-detail\" border=\"0\" width=\"100%\" cellspacing=\"0\" cellpadding=\"0\">\n<tbody>\n<tr>\n<td class=\"product-detail-02\" width=\"34%\">Kasa Tipi:<\/td>\n<td width=\"66%\">\u00a0MIDI TOWER<\/td>\n<\/tr>\n<tr>\n<td class=\"product-detail-02\" width=\"34%\">Kasa Form:<\/td>\n<td width=\"66%\">\u00a0ATX<\/td>\n<\/tr>\n<tr>\n<td class=\"product-detail-02\" width=\"34%\">G\u00fc\u00e7 Kayna\u011f\u0131:<\/td>\n<td width=\"66%\">\u00a0YOK<\/td>\n<\/tr>\n<tr>\n<td class=\"product-detail-02\" width=\"34%\">Pencere:<\/td>\n<td width=\"66%\">\u00a0VAR<\/td>\n<\/tr>\n<tr>\n<td class=\"product-detail-02\"><\/td>\n<td><\/td>\n<\/tr>\n<\/tbody>\n<\/table>\n<\/td>\n<\/tr>\n<\/tbody>\n<\/table>\n","protected":false},"featured_media":1393,"template":"","meta":{"om_disable_all_campaigns":false,"_monsterinsights_skip_tracking":false,"_monsterinsights_sitenote_active":false,"_monsterinsights_sitenote_note":"","_monsterinsights_sitenote_category":0},"product_cat":[428],"product_tag":[],"class_list":{"0":"post-1392","1":"product","2":"type-product","3":"status-publish","4":"has-post-thumbnail","6":"product_cat-atx-kasalar","7":"thunk-woo-product-list","8":"opn-qv-enable","9":"top-store-woo-hover-zoom","10":"top-store-single-product-tab-horizontal","11":"top-store-shadow-","12":"top-store-shadow-hover-","14":"first","15":"instock","16":"taxable","17":"shipping-taxable","18":"product-type-simple"},"aioseo_notices":[],"_links":{"self":[{"href":"https:\/\/bilginteknoloji.com\/woo\/wp-json\/wp\/v2\/product\/1392","targetHints":{"allow":["GET"]}}],"collection":[{"href":"https:\/\/bilginteknoloji.com\/woo\/wp-json\/wp\/v2\/product"}],"about":[{"href":"https:\/\/bilginteknoloji.com\/woo\/wp-json\/wp\/v2\/types\/product"}],"wp:featuredmedia":[{"embeddable":true,"href":"https:\/\/bilginteknoloji.com\/woo\/wp-json\/wp\/v2\/media\/1393"}],"wp:attachment":[{"href":"https:\/\/bilginteknoloji.com\/woo\/wp-json\/wp\/v2\/media?parent=1392"}],"wp:term":[{"taxonomy":"product_cat","embeddable":true,"href":"https:\/\/bilginteknoloji.com\/woo\/wp-json\/wp\/v2\/product_cat?post=1392"},{"taxonomy":"product_tag","embeddable":true,"href":"https:\/\/bilginteknoloji.com\/woo\/wp-json\/wp\/v2\/product_tag?post=1392"}],"curies":[{"name":"wp","href":"https:\/\/api.w.org\/{rel}","templated":true}]}}