{"id":1377,"date":"2024-09-16T13:54:00","date_gmt":"2024-09-16T10:54:00","guid":{"rendered":"https:\/\/bilginteknoloji.com\/woo\/?post_type=product&#038;p=1377"},"modified":"2024-09-16T13:54:01","modified_gmt":"2024-09-16T10:54:01","slug":"everest-x-racer-mesh-600w-peak-4x12cm-rgb-fan-temperli-cam-yan-panel-atx-gaming-kasa","status":"publish","type":"product","link":"https:\/\/bilginteknoloji.com\/woo\/urun\/everest-x-racer-mesh-600w-peak-4x12cm-rgb-fan-temperli-cam-yan-panel-atx-gaming-kasa\/","title":{"rendered":"EVEREST X-RACER, Mesh, 600W (Peak), 4x12cm RGB Fan, Temperli Cam Yan Panel, ATX, GAMING KASA"},"content":{"rendered":"<table>\n<tbody>\n<tr>\n<td>A\u00e7\u0131klama<\/td>\n<td>ATX Mid-T Gaming Oyuncu Kasas\u0131<\/td>\n<\/tr>\n<tr>\n<td>Marka<\/td>\n<td>Everest<\/td>\n<\/tr>\n<tr>\n<td>Model<\/td>\n<td>X-RACER<\/td>\n<\/tr>\n<tr>\n<td>\u00d6zellik<\/td>\n<td>4*12cm RGB Fan<\/td>\n<\/tr>\n<tr>\n<td>Peak-Power<\/td>\n<td>PEAK 600W<\/td>\n<\/tr>\n<tr>\n<td>Renk<\/td>\n<td>Temperli Caml\u0131<\/td>\n<\/tr>\n<\/tbody>\n<\/table>\n<p><img decoding=\"async\" src=\"https:\/\/www.segment.com.tr\/resimler\/images\/9%28270%29.jpg\" alt=\"\" \/><\/p>\n","protected":false},"excerpt":{"rendered":"<table class=\"product-detail\" border=\"0\" width=\"100%\" cellspacing=\"0\" cellpadding=\"0\">\n<tbody>\n<tr>\n<td class=\"product-detail-02\" width=\"34%\">Kasa Tipi:<\/td>\n<td width=\"66%\">\u00a0MIDI TOWER<\/td>\n<\/tr>\n<tr>\n<td class=\"product-detail-02\" width=\"34%\">Kasa Form:<\/td>\n<td width=\"66%\">\u00a0ATX<\/td>\n<\/tr>\n<tr>\n<td class=\"product-detail-02\" width=\"34%\">G\u00fc\u00e7 Kayna\u011f\u0131:<\/td>\n<td width=\"66%\">\u00a0600 W<\/td>\n<\/tr>\n<tr>\n<td class=\"product-detail-02\" width=\"34%\">Pencere:<\/td>\n<td width=\"66%\">\u00a0VAR<\/td>\n<\/tr>\n<\/tbody>\n<\/table>\n","protected":false},"featured_media":1378,"template":"","meta":{"om_disable_all_campaigns":false,"_monsterinsights_skip_tracking":false,"_monsterinsights_sitenote_active":false,"_monsterinsights_sitenote_note":"","_monsterinsights_sitenote_category":0},"product_cat":[428],"product_tag":[],"class_list":{"0":"post-1377","1":"product","2":"type-product","3":"status-publish","4":"has-post-thumbnail","6":"product_cat-atx-kasalar","7":"thunk-woo-product-list","8":"opn-qv-enable","9":"top-store-woo-hover-zoom","10":"top-store-single-product-tab-horizontal","11":"top-store-shadow-","12":"top-store-shadow-hover-","14":"first","15":"instock","16":"taxable","17":"shipping-taxable","18":"product-type-simple"},"aioseo_notices":[],"_links":{"self":[{"href":"https:\/\/bilginteknoloji.com\/woo\/wp-json\/wp\/v2\/product\/1377","targetHints":{"allow":["GET"]}}],"collection":[{"href":"https:\/\/bilginteknoloji.com\/woo\/wp-json\/wp\/v2\/product"}],"about":[{"href":"https:\/\/bilginteknoloji.com\/woo\/wp-json\/wp\/v2\/types\/product"}],"wp:featuredmedia":[{"embeddable":true,"href":"https:\/\/bilginteknoloji.com\/woo\/wp-json\/wp\/v2\/media\/1378"}],"wp:attachment":[{"href":"https:\/\/bilginteknoloji.com\/woo\/wp-json\/wp\/v2\/media?parent=1377"}],"wp:term":[{"taxonomy":"product_cat","embeddable":true,"href":"https:\/\/bilginteknoloji.com\/woo\/wp-json\/wp\/v2\/product_cat?post=1377"},{"taxonomy":"product_tag","embeddable":true,"href":"https:\/\/bilginteknoloji.com\/woo\/wp-json\/wp\/v2\/product_tag?post=1377"}],"curies":[{"name":"wp","href":"https:\/\/api.w.org\/{rel}","templated":true}]}}