{"id":1370,"date":"2024-09-16T12:25:48","date_gmt":"2024-09-16T09:25:48","guid":{"rendered":"https:\/\/bilginteknoloji.com\/woo\/?post_type=product&#038;p=1370"},"modified":"2024-09-16T12:25:49","modified_gmt":"2024-09-16T09:25:49","slug":"dell-rok-windows-server-2022-essentials-w2k22esn-rok","status":"publish","type":"product","link":"https:\/\/bilginteknoloji.com\/woo\/urun\/dell-rok-windows-server-2022-essentials-w2k22esn-rok\/","title":{"rendered":"DELL ROK, Windows Server 2022, Essentials, (W2K22ESN-ROK)"},"content":{"rendered":"<p>DELL W2K22ESN-ROK SERVER 2022 ESSENTIAL ROK LISANS (25 KULLANICI)<\/p>\n<p><img decoding=\"async\" src=\"https:\/\/www.detayresimler.com\/urun\/6\/634-W2K22ESN.jpg\" alt=\"\" align=\"baseline\" border=\"0\" hspace=\"0\" \/><\/p>\n<div class=\"product-detail-content\">\n<div class=\"phPart\"><span class=\"phSpecHeader\">Dell W2K22ESN-ROK 2022 Essential Windows Server<\/span><\/p>\n<div class=\"phSpec\">\n<div>Marka: Dell<\/div>\n<div>\u00dcr\u00fcn Kodu: W2K22ESN-ROK<\/div>\n<div>\u00dcr\u00fcn Ailesi: Windows Server 2022<\/div>\n<div>\u00dcr\u00fcn Ad\u0131: Essentials<\/div>\n<div>Dil Se\u00e7ene\u011fi: T\u00fcrk\u00e7e<\/div>\n<div>\u00dcr\u00fcn Cinsi: ESS ROK<\/div>\n<div>Versiyon: 2022<\/div>\n<div>Kullan\u0131c\u0131 Say\u0131s\u0131: 25<\/div>\n<\/div>\n<\/div>\n<\/div>\n<div id=\"ozellikler\" class=\"properties-table\">\n<h2>Dell W2K22ESN-ROK 2022 Essential Windows Server (Sunucu) Yaz\u0131l\u0131m\u0131 \u00d6zellikleri<\/h2>\n<ul>\n<li>Kullan\u0131m \u015eekli: Ev ve \u0130\u015f<\/li>\n<li>Kutu \u0130\u00e7eri\u011fi: Sunucu \u0130\u015fletim Sistemi<\/li>\n<li>Sadece DELL Marka SERVER ile kullan\u0131labilir.<\/li>\n<\/ul>\n<\/div>\n","protected":false},"excerpt":{"rendered":"<table class=\"product-detail\" border=\"0\" width=\"100%\" cellspacing=\"0\" cellpadding=\"0\">\n<tbody>\n<tr>\n<td class=\"product-detail-02\" width=\"34%\">\u0130\u015fletim Sistemi:<\/td>\n<td width=\"66%\">\u00a0WINDOWS SERVER 2022<\/td>\n<\/tr>\n<tr>\n<td class=\"product-detail-02\" width=\"34%\">Sat\u0131\u015f \u015eekli:<\/td>\n<td width=\"66%\">\u00a0OEM<\/td>\n<\/tr>\n<\/tbody>\n<\/table>\n","protected":false},"featured_media":1371,"template":"","meta":{"om_disable_all_campaigns":false,"_monsterinsights_skip_tracking":false,"_monsterinsights_sitenote_active":false,"_monsterinsights_sitenote_note":"","_monsterinsights_sitenote_category":0},"product_cat":[165],"product_tag":[],"class_list":{"0":"post-1370","1":"product","2":"type-product","3":"status-publish","4":"has-post-thumbnail","6":"product_cat-isletim-sistemleri","7":"thunk-woo-product-list","8":"opn-qv-enable","9":"top-store-woo-hover-zoom","10":"top-store-single-product-tab-horizontal","11":"top-store-shadow-","12":"top-store-shadow-hover-","14":"first","15":"instock","16":"taxable","17":"shipping-taxable","18":"product-type-simple"},"aioseo_notices":[],"_links":{"self":[{"href":"https:\/\/bilginteknoloji.com\/woo\/wp-json\/wp\/v2\/product\/1370","targetHints":{"allow":["GET"]}}],"collection":[{"href":"https:\/\/bilginteknoloji.com\/woo\/wp-json\/wp\/v2\/product"}],"about":[{"href":"https:\/\/bilginteknoloji.com\/woo\/wp-json\/wp\/v2\/types\/product"}],"wp:featuredmedia":[{"embeddable":true,"href":"https:\/\/bilginteknoloji.com\/woo\/wp-json\/wp\/v2\/media\/1371"}],"wp:attachment":[{"href":"https:\/\/bilginteknoloji.com\/woo\/wp-json\/wp\/v2\/media?parent=1370"}],"wp:term":[{"taxonomy":"product_cat","embeddable":true,"href":"https:\/\/bilginteknoloji.com\/woo\/wp-json\/wp\/v2\/product_cat?post=1370"},{"taxonomy":"product_tag","embeddable":true,"href":"https:\/\/bilginteknoloji.com\/woo\/wp-json\/wp\/v2\/product_tag?post=1370"}],"curies":[{"name":"wp","href":"https:\/\/api.w.org\/{rel}","templated":true}]}}