{"id":1318,"date":"2024-09-12T15:14:21","date_gmt":"2024-09-12T12:14:21","guid":{"rendered":"https:\/\/bilginteknoloji.com\/woo\/?post_type=product&#038;p=1318"},"modified":"2024-09-12T15:14:22","modified_gmt":"2024-09-12T12:14:22","slug":"tp-link-cpe510-300mbps-5ghz-wifi-13dbi-anten-13km-menzil-noktadan-noktaya-dis-mekan-access-point-cpe-2","status":"publish","type":"product","link":"https:\/\/bilginteknoloji.com\/woo\/urun\/tp-link-cpe510-300mbps-5ghz-wifi-13dbi-anten-13km-menzil-noktadan-noktaya-dis-mekan-access-point-cpe-2\/","title":{"rendered":"TP-LINK CPE510, 300Mbps, 5Ghz WiFi, 13dbi Anten, 13Km Menzil, Noktadan Noktaya, D\u0131\u015f Mekan, Access Point CPE"},"content":{"rendered":"<table border=\"0\" width=\"100%\" cellspacing=\"0\" cellpadding=\"0\">\n<tbody>\n<tr>\n<td>\n<table border=\"0\" width=\"100%\" cellspacing=\"0\" cellpadding=\"0\">\n<tbody>\n<tr>\n<td class=\"resertitle\">\u00dcr\u00fcn Detay<\/td>\n<td valign=\"top\" width=\"10\"><img decoding=\"async\" src=\"https:\/\/www.reserbayi.com\/reser\/images\/title-right.png\" alt=\"\" \/><\/td>\n<\/tr>\n<\/tbody>\n<\/table>\n<\/td>\n<\/tr>\n<tr>\n<td class=\"urundetayaciklamasi\">\n<div>\n<section lang=\"tr-TR\">\n<table border=\"0\" width=\"805\" cellspacing=\"0\" cellpadding=\"0\" align=\"center\">\n<tbody>\n<tr>\n<td><img loading=\"lazy\" decoding=\"async\" src=\"http:\/\/www.detayresimler.com\/urun\/1\/17CPE510_13.jpg\" alt=\"\" width=\"805\" height=\"433\" \/><\/td>\n<\/tr>\n<tr>\n<td><img loading=\"lazy\" decoding=\"async\" src=\"http:\/\/www.detayresimler.com\/urun\/1\/17CPE510_14.jpg\" alt=\"\" width=\"805\" height=\"534\" \/><\/td>\n<\/tr>\n<tr>\n<td>\n<div>\n<ul>\n<li>13dBi dahili, \u00e7ift polarize y\u00f6nl\u00fc MIMO anten<\/li>\n<li>27dBm \/ 500mW 0&#8217;dan Ayarlanabilir iletim g\u00fcc\u00fc<\/li>\n<li>En fazla 15km kapsama alan\u0131 i\u00e7in ayarlanabilir sinyal g\u00fcc\u00fc<\/li>\n<li>Merkezi y\u00f6netim sistemi<\/li>\n<li>TP-LINK Pharos MAXtream TDMA (Time-Division-Multiple Access) teknolojisi PtMP uygulamalar\u0131 i\u00e7in ideal verim, kapasite ve gecikme performans \u00fcr\u00fcn performans\u0131n\u0131 art\u0131r\u0131r<\/li>\n<li>AP \/ \u0130stemci \/ Tekrarlay\u0131c\u0131 \/ AP Router \/ AP \u0130stemci Y\u00f6nlendirici (WISP) \u00e7al\u0131\u015fma modlar\u0131<\/li>\n<li>Pasif PoE Adapt\u00f6r\u00fc Ethernet konumland\u0131rmas\u0131 \u00fczerinde 60 metre( 200 feet)ye kadar destekler ve cihaz uzaktan s\u0131f\u0131rlanabilmeye olanak sa\u011flar<\/li>\n<\/ul>\n<\/div>\n<\/td>\n<\/tr>\n<tr>\n<td><img loading=\"lazy\" decoding=\"async\" src=\"http:\/\/www.detayresimler.com\/urun\/1\/17CPE510_15.jpg\" alt=\"\" width=\"805\" height=\"492\" \/><\/td>\n<\/tr>\n<tr>\n<td>\n<div>Bu \u00dcr\u00fcn Ne Yapar?<\/p>\n<div><\/div>\n<p>TP-LINK&#8217;in 5GHz 300Mbps 13dBi D\u0131\u015f Mekan CPE, CPE510 d\u0131\u015f ortam kablosuz a\u011f aktar\u0131mlar\u0131 i\u00e7in en iyi \u00e7\u00f6z\u00fcm\u00fc sunar. Geni\u015f d\u0131\u015f ortam noktadan noktaya ba\u011flant\u0131 uygulamalar\u0131nda 300Mbps kablosuz ba\u011flant\u0131 g\u00fcc\u00fc ve 15km kapsama alan\u0131 ile kaliteli ve profesyonel ba\u011flant\u0131 sunar.<\/p>\n<div><\/div>\n<\/div>\n<\/td>\n<\/tr>\n<tr>\n<td><img loading=\"lazy\" decoding=\"async\" src=\"http:\/\/www.detayresimler.com\/urun\/1\/17CPE510_16.jpg\" alt=\"\" width=\"805\" height=\"322\" \/><\/td>\n<\/tr>\n<tr>\n<td>\n<div>Kurumsal D\u00fczeyde Donan\u0131m ve Tasar\u0131m<\/p>\n<div><\/div>\n<p>Qualcomm Atheros kurumsal d\u00fczeyde yonga setleri, y\u00fcksek kazan\u00e7l\u0131 anten ve y\u00fcksek kaliteli malzeme, \u00f6zel olarak tasarlanm\u0131\u015f kasas\u0131 ve PoE g\u00fc\u00e7 kayna\u011f\u0131 ile CPE510, d\u0131\u015f mekan kullan\u0131m\u0131 i\u00e7in ideal olarak tasarlanm\u0131\u015ft\u0131r. \u00c7al\u0131\u015fma s\u0131cakl\u0131klar\u0131 -30 santigrat derece ile +70 santigrat derece aras\u0131nda de\u011fi\u015febiliyor olu\u015fu, her mevsim kullan\u0131ma imkan sa\u011flar.<\/p>\n<div><\/div>\n<\/div>\n<\/td>\n<\/tr>\n<tr>\n<td><img loading=\"lazy\" decoding=\"async\" src=\"http:\/\/www.detayresimler.com\/urun\/1\/17CPE510_17.jpg\" alt=\"\" width=\"805\" height=\"321\" \/><\/td>\n<\/tr>\n<tr>\n<td>\n<div>Geli\u015fmi\u015f Anten Sistemi<\/p>\n<div><\/div>\n<p>\u00c7ift polarize anten ve metal yans\u0131ma \u00f6zelli\u011fi sayesinde d\u00fc\u015f\u00fck veri kayb\u0131n\u0131 ve y\u00fcksek sinyal kazanc\u0131 sa\u011flar.<\/p>\n<div><\/div>\n<\/div>\n<\/td>\n<\/tr>\n<tr>\n<td><img loading=\"lazy\" decoding=\"async\" src=\"http:\/\/www.detayresimler.com\/urun\/1\/17CPE510_18.jpg\" alt=\"\" width=\"805\" height=\"587\" \/><\/td>\n<\/tr>\n<tr>\n<td>\n<div>Y\u00fcksek G\u00fc\u00e7 ve Y\u00fcksek Hassasiyet<\/p>\n<div><\/div>\n<p>Y\u00fcksek g\u00fc\u00e7 Tx ( 27dBm \/ 500mW kadar) ve y\u00fcksek hassasiyet ( -95dBm kadar) Rx \u00f6zellikleri sayesinde d\u0131\u015f mekanlar i\u00e7in ideal bir \u00fcr\u00fcnd\u00fcr.<\/p>\n<div><\/div>\n<p>D\u0131\u015f Ortam \u0130\u00e7in Uygun Tasar\u0131m<\/p>\n<div><\/div>\n<p>CPE510 D\u00fcnyan\u0131n en sert iklim ko\u015fullar\u0131nda bile rahatl\u0131kla \u00e7al\u0131\u015fabilecek sa\u011flaml\u0131kta ve esneklikte tasarlanm\u0131\u015ft\u0131r.<\/p>\n<div><\/div>\n<p>Hava Ko\u015fullar\u0131na Uygun Tasar\u0131m<\/p>\n<div><\/div>\n<p>G\u00fcne\u015f \u0131\u015f\u0131\u011f\u0131, ya\u011fmur, r\u00fczgar, kar veya a\u015f\u0131r\u0131 d\u00fc\u015f\u00fck \/ y\u00fcksek s\u0131cakl\u0131k gibi \u00e7e\u015fitli hava ko\u015fullar\u0131ndan etkilenmeyecek \u015fekilde tasarlanm\u0131\u015ft\u0131r. ( -30 \u00b0 C ~ 70 \u00b0 C).<\/p>\n<div><\/div>\n<p>ESD Sald\u0131r\u0131lar\u0131na Kar\u015f\u0131 \u00c7ift Y\u00f6nl\u00fc Koruma<\/p>\n<div><\/div>\n<p>Topraklama teli ve POE adapt\u00f6r\u00fc sayesinde 15kV ESD veya 6000V y\u0131ld\u0131r\u0131m korumas\u0131 sa\u011flar.<\/p>\n<div><\/div>\n<p>TP-LINK MAXtream TDMA Teknolojisi<\/p>\n<div><\/div>\n<p>A\u011f \u00f6l\u00e7e\u011fi artt\u0131k\u00e7a, kablosuz rekabet ve CPE ve baz istasyonlar\u0131 aras\u0131ndaki \u00e7arp\u0131\u015fmalar, son kullan\u0131c\u0131 \u00fczerinde ciddi bir etki ile sonu\u00e7lan\u0131r, a\u011f\u0131n ger\u00e7ek verimi d\u00fc\u015fer, bu sayede bu etkileri hafifletmek i\u00e7in, CPE510 MAXtream TDMA Teknolojisi kullan\u0131r .<\/p>\n<div><\/div>\n<\/div>\n<\/td>\n<\/tr>\n<tr>\n<td><img loading=\"lazy\" decoding=\"async\" src=\"http:\/\/www.detayresimler.com\/urun\/1\/17CPE510_19.jpg\" alt=\"\" width=\"805\" height=\"236\" \/><\/td>\n<\/tr>\n<tr>\n<td>\n<div>15km Kablosuz Veri Aktar\u0131m Menzili<\/p>\n<div><\/div>\n<p>15km kablosuz veri aktar\u0131m kapsama alan\u0131, sahada bir\u00e7ok defa test edilip kesin sonu\u00e7 olarak al\u0131nm\u0131\u015ft\u0131r.<\/p>\n<div><\/div>\n<\/div>\n<\/td>\n<\/tr>\n<tr>\n<td><img loading=\"lazy\" decoding=\"async\" src=\"http:\/\/www.detayresimler.com\/urun\/1\/17CPE510_20.jpg\" alt=\"\" width=\"805\" height=\"297\" \/><\/td>\n<\/tr>\n<tr>\n<td>\n<div>Pharos Kontrol &#8211; Merkezi Y\u00f6netim Sistemi<\/p>\n<div><\/div>\n<p>CPE510 ayn\u0131 zamanda kullan\u0131c\u0131lar\u0131n kolayca tek bir PC&#8217;den kendi a\u011f\u0131ndaki t\u00fcm ayg\u0131tlar\u0131 y\u00f6netebilmesine yard\u0131mc\u0131 olacak merkezi y\u00f6netim yaz\u0131l\u0131m\u0131 ile donat\u0131lm\u0131\u015f olarak geliyor. Ayg\u0131t ke\u015ffi, durum izleme yaz\u0131l\u0131m\u0131 y\u00fckseltme ve a\u011f bak\u0131m\u0131 gibi fonksiyonlar Pharos Kontrol\u00fcn\u00fc kullanarak y\u00f6netilebilir.<\/p>\n<div><\/div>\n<\/div>\n<\/td>\n<\/tr>\n<tr>\n<td><img loading=\"lazy\" decoding=\"async\" src=\"http:\/\/www.detayresimler.com\/urun\/1\/17CPE510_21.jpg\" alt=\"\" width=\"805\" height=\"442\" \/><\/td>\n<\/tr>\n<tr>\n<td>\n<div>Pharos<\/p>\n<div><\/div>\n<p>Web tabanl\u0131 y\u00f6netim paneli sayesinde istedi\u011finiz ayarlamalar\u0131 daha kolay ve \u00e7abuk yapabilmenize imkan sa\u011flar.<\/p>\n<div><\/div>\n<\/div>\n<\/td>\n<\/tr>\n<tr>\n<td><img loading=\"lazy\" decoding=\"async\" src=\"http:\/\/www.detayresimler.com\/urun\/1\/17CPE510_22.jpg\" alt=\"\" width=\"805\" height=\"406\" \/><\/td>\n<\/tr>\n<tr>\n<td><img loading=\"lazy\" decoding=\"async\" src=\"http:\/\/www.detayresimler.com\/urun\/1\/17CPE510_23.jpg\" alt=\"\" width=\"805\" height=\"3065\" \/><\/td>\n<\/tr>\n<tr>\n<td><img loading=\"lazy\" decoding=\"async\" src=\"http:\/\/www.detayresimler.com\/urun\/1\/17CPE510_24.jpg\" alt=\"\" width=\"805\" height=\"244\" \/><\/td>\n<\/tr>\n<tr>\n<td>\n<div>TP-LINK Hakk\u0131nda<\/p>\n<div><\/div>\n<p>1996 y\u0131l\u0131nda kurulan TP-LINK, bug\u00fcn 21 binin \u00fczerinde \u00e7al\u0131\u015fan\u0131 ile a\u011f (network) \u00fcr\u00fcnleri konusunda \u00fcretim yapan k\u00fcresel bir \u015firkettir. 33 deniza\u015f\u0131r\u0131 ofisi ve distrib\u00fct\u00f6rl\u00fckleriyle 128den fazla \u00fclkede sat\u0131\u015f yapan \u015firketin, d\u00fcnya genelinde y\u00fcz milyonlarca kullan\u0131c\u0131s\u0131 bulunuyor. Modem, Router, IP Kamera, Powerline Adapt\u00f6rler, Print Serverlar, Medya \u00c7eviriciler ve A\u011f Adapt\u00f6rleri \u00fcr\u00fcn gruplar\u0131nda, g\u00fc\u00e7l\u00fc AR-GE, efektif \u00fcretim ve kat\u0131 kalite politikas\u0131 ile \u00f6d\u00fcller kazanan \u00fcr\u00fcnler sunmaya devam etmektedir.<\/p>\n<p>T\u00fcm \u00fcr\u00fcnlerini kendi fabrikalar\u0131nda Adan Zye \u00fcreten \u015firket, cirosunun y\u00fczde 8inden fazlas\u0131n\u0131 Ar-Geye ay\u0131rmaktad\u0131r. IDC verilerine g\u00f6re kablosuz a\u011f (WLAN) pazar\u0131nda y\u00fczde 35in \u00fczerinde bir pazar pay\u0131 ile d\u00fcnya lideri olan \u015firket, 2013 y\u0131l\u0131nda cirosunu 1.9 milyar dolara \u00e7\u0131karm\u0131\u015ft\u0131r.<\/p><\/div>\n<\/td>\n<\/tr>\n<tr>\n<td><img loading=\"lazy\" decoding=\"async\" src=\"http:\/\/www.detayresimler.com\/urun\/1\/17CPE510_25.jpg\" alt=\"\" width=\"805\" height=\"154\" \/><\/td>\n<\/tr>\n<\/tbody>\n<\/table>\n<\/section>\n<\/div>\n<\/td>\n<\/tr>\n<\/tbody>\n<\/table>\n","protected":false},"excerpt":{"rendered":"<table class=\"product-detail\" border=\"0\" width=\"100%\" cellspacing=\"0\" cellpadding=\"0\">\n<tbody>\n<tr>\n<td class=\"product-detail-02\" width=\"34%\">Ethernet Portu:<\/td>\n<td width=\"66%\">\u00a01 ADET<\/td>\n<\/tr>\n<tr>\n<td class=\"product-detail-02\" width=\"34%\">Anten:<\/td>\n<td width=\"66%\">\u00a0DAH\u0130L\u0130<\/td>\n<\/tr>\n<tr>\n<td class=\"product-detail-02\" width=\"34%\">Wi-Fi Veri Transfer H\u0131z\u0131:<\/td>\n<td width=\"66%\">\u00a0300 MBPS<\/td>\n<\/tr>\n<tr>\n<td class=\"product-detail-02\" width=\"34%\">Kullan\u0131m Yeri:<\/td>\n<td width=\"66%\">\u00a0DI\u015e ORTAM<\/td>\n<\/tr>\n<tr>\n<td class=\"product-detail-02\" width=\"34%\">3G\/4G Deste\u011fi:<\/td>\n<td width=\"66%\">\u00a0YOK<\/td>\n<\/tr>\n<\/tbody>\n<\/table>\n","protected":false},"featured_media":1319,"template":"","meta":{"om_disable_all_campaigns":false,"_monsterinsights_skip_tracking":false,"_monsterinsights_sitenote_active":false,"_monsterinsights_sitenote_note":"","_monsterinsights_sitenote_category":0},"product_cat":[170],"product_tag":[],"class_list":{"0":"post-1318","1":"product","2":"type-product","3":"status-publish","4":"has-post-thumbnail","6":"product_cat-access-point-routerlar","7":"thunk-woo-product-list","8":"opn-qv-enable","9":"top-store-woo-hover-zoom","10":"top-store-single-product-tab-horizontal","11":"top-store-shadow-","12":"top-store-shadow-hover-","14":"first","15":"instock","16":"taxable","17":"shipping-taxable","18":"product-type-simple"},"aioseo_notices":[],"_links":{"self":[{"href":"https:\/\/bilginteknoloji.com\/woo\/wp-json\/wp\/v2\/product\/1318","targetHints":{"allow":["GET"]}}],"collection":[{"href":"https:\/\/bilginteknoloji.com\/woo\/wp-json\/wp\/v2\/product"}],"about":[{"href":"https:\/\/bilginteknoloji.com\/woo\/wp-json\/wp\/v2\/types\/product"}],"wp:featuredmedia":[{"embeddable":true,"href":"https:\/\/bilginteknoloji.com\/woo\/wp-json\/wp\/v2\/media\/1319"}],"wp:attachment":[{"href":"https:\/\/bilginteknoloji.com\/woo\/wp-json\/wp\/v2\/media?parent=1318"}],"wp:term":[{"taxonomy":"product_cat","embeddable":true,"href":"https:\/\/bilginteknoloji.com\/woo\/wp-json\/wp\/v2\/product_cat?post=1318"},{"taxonomy":"product_tag","embeddable":true,"href":"https:\/\/bilginteknoloji.com\/woo\/wp-json\/wp\/v2\/product_tag?post=1318"}],"curies":[{"name":"wp","href":"https:\/\/api.w.org\/{rel}","templated":true}]}}