{"id":1314,"date":"2024-09-12T15:12:06","date_gmt":"2024-09-12T12:12:06","guid":{"rendered":"https:\/\/bilginteknoloji.com\/woo\/?post_type=product&#038;p=1314"},"modified":"2024-09-12T15:12:07","modified_gmt":"2024-09-12T12:12:07","slug":"tp-link-m7350-4g-lte-sim-yuvali-sd-kart-2000mah-150mbps-mobile-wifi-router-10-cihaz-destegi-2","status":"publish","type":"product","link":"https:\/\/bilginteknoloji.com\/woo\/urun\/tp-link-m7350-4g-lte-sim-yuvali-sd-kart-2000mah-150mbps-mobile-wifi-router-10-cihaz-destegi-2\/","title":{"rendered":"TP-LINK M7350 4G LTE Sim Yuval\u0131, SD Kart, 2000mAh, 150Mbps Mobile Wifi Router (10 Cihaz Deste\u011fi)"},"content":{"rendered":"<div class=\"hiden lg:block prose prose-neutral prose-headings:text-lg prose-a:no-underline prose-em:not-italic prose-headings:font-semibold max-w-none prose-img:mx-auto overflow-hidden\">\n<div class=\"phPart\">\n<p class=\"phHeader\">Tp-Link M7350 4G LTE-Advanced Mobil Router Wi-Fi Genel \u00d6zellikler<\/p>\n<\/div>\n<div class=\"phPart\">\n<p class=\"phBanner\"><img decoding=\"async\" src=\"https:\/\/www.detayresimler.com\/urun\/M\/M7350.jpg\" alt=\"Tp-Link M7350 Router Wi-Fi\" \/><\/p>\n<\/div>\n<div class=\"phPart\">\n<div class=\"phLine\">\n<div class=\"phImage\"><img decoding=\"async\" src=\"https:\/\/www.detayresimler.com\/urun\/M\/M7350_1.jpg\" alt=\"Tp-Link M7350 Router Wi-Fi\" \/><\/div>\n<p><span class=\"phText\">Tp-Link M7350 4G LTE-Geli\u015fmi\u015f Mobil Wi-FiTp-Link M7350 ile \u015fim\u015fek h\u0131z\u0131ndaki 4G ba\u011flant\u0131n\u0131n tad\u0131n\u0131 \u00e7\u0131kar\u0131n!<br \/>\n&#8211; 4G LTE 150Mbps indirme h\u0131z\u0131yla ve 50Mbps y\u00fckleme h\u0131z\u0131yla desteklenir<br \/>\n&#8211; Ayn\u0131 anda 10 cihaza kadar destekler<br \/>\n&#8211; B\u00fct\u00fcn yararl\u0131 bilgiler bir bak\u0131\u015fta g\u00f6r\u00fcnt\u00fc ekran\u0131nda<br \/>\n&#8211; 10 saate kadar \u00e7al\u0131\u015fabilme \u00f6zelli\u011fi i\u00e7in 2000mAh batarya<br \/>\n&#8211; Se\u00e7ilebilir 2.4GHz veya 5GHz dual bant Wi-Fi<br \/>\n&#8211; \u0130ste\u011fe ba\u011fl\u0131 depolama i\u00e7in 32GBa kadar y\u00fckseltilebilen mikro SD kart yuvas\u0131 ile donat\u0131lm\u0131\u015ft\u0131r<\/span><\/div>\n<\/div>\n<div class=\"phPart\">\n<div class=\"phLine\"><span class=\"phText\">Daha H\u0131zl\u0131 Ba\u011flant\u0131, Daha Fazla E\u011flenceEn yeni 4G LTE teknolojisine sahip M5370 ile ba\u011flant\u0131da sorun olmadan saatlerce g\u00f6r\u00fcnt\u00fcl\u00fc konu\u015fma yapabilirsiniz. 150Mbps\u2019ye ula\u015fan indirme h\u0131z\u0131 ile HD filmleri kesintisiz izleyebilir ve saniyeler i\u00e7erisinde dosya indirebilirsiniz.<\/span><\/p>\n<div class=\"phImage\"><img decoding=\"async\" src=\"https:\/\/www.detayresimler.com\/urun\/M\/M7350_2.jpg\" alt=\"Tp-Link M7350 Router Wi-Fi\" \/><\/div>\n<\/div>\n<\/div>\n<div class=\"phPart\">\n<div class=\"phLine\">\n<div class=\"phImage\"><img decoding=\"async\" src=\"https:\/\/www.detayresimler.com\/urun\/M\/M7350_3.jpg\" alt=\"Tp-Link M7350 Router Wi-Fi\" \/><\/div>\n<p><span class=\"phText\">10 Farkl\u0131 Cihaza Kadar Ba\u011flant\u0131 \u0130mkan\u0131Hareket halindeyken g\u00fcvenilir ki\u015fisel 300Mbps Dual Band Kablosuz hotspot (eri\u015fim alan\u0131) olu\u015fturmak i\u00e7in sadece 4G SIM kart\u0131 takman\u0131z yeterlidir. Dakikas\u0131nda WiFi \u00f6zelli\u011fi etkin olan 10 cihazla 4G\/3G ba\u011flant\u0131s\u0131n\u0131 payla\u015f\u0131m imkan\u0131 bulur.\u00a0<strong>Tablet<\/strong>ler, cep\u00a0<strong>telefon<\/strong>lar\u0131, diz\u00fcst\u00fc bilgisayalar, oyun konsollar\u0131 ve daha fazlas\u0131&#8230;<\/span><\/div>\n<\/div>\n<div class=\"phPart\">\n<div class=\"phLine\"><span class=\"phText\">Hareket Halinde Kullan\u0131m \u0130\u00e7in Sanatsal K\u00fc\u00e7\u00fck AletM7350nin k\u00fc\u00e7\u00fck, zarif ve \u015f\u0131k tasar\u0131m\u0131 seyahat, i\u015f gezileri, a\u00e7\u0131khava aktiviteleri veya her neredeyseniz oras\u0131 i\u00e7in uygundur.<\/span><\/p>\n<div class=\"phImage\"><img decoding=\"async\" src=\"https:\/\/www.detayresimler.com\/urun\/M\/M7350_4.jpg\" alt=\"Tp-Link M7350 Router Wi-Fi\" \/><\/div>\n<\/div>\n<\/div>\n<div class=\"phPart\">\n<div class=\"phLine\">\n<div class=\"phImage\"><img decoding=\"async\" src=\"https:\/\/www.detayresimler.com\/urun\/M\/M7350_5.jpg\" alt=\"Tp-Link M7350 Router Wi-Fi\" \/><\/div>\n<p><span class=\"phText\">8 Saat Boyunca 4G Payla\u015f\u0131m \u0130mkan\u0131G\u00fc\u00e7l\u00fc 2000mAh bataryas\u0131yla, M7350, 8 saat boyunca tam kapasite \u00e7al\u0131\u015fabilmektedir. 600 saat boyunca bekleme modu \u00f6zelli\u011fine sahiptir. Ayr\u0131ca, saatler boyunca 4G payla\u015f\u0131m esnekli\u011fi i\u00e7in, mikro USB kablosunu bir diz\u00fcst\u00fc\u00a0<strong>bilgisayar<\/strong>a ba\u011flarak ya da ta\u015f\u0131nabilir sarj aletine ba\u011flayarak veya cihaz\u0131n kendi adapt\u00f6r\u00fcn\u00fc kullanarak cihaz\u0131 sarj edebilirsiniz.<br \/>\n* Servis s\u00fcresi farkl\u0131 kullan\u0131c\u0131 ortamlar\u0131 y\u00fcz\u00fcnden de\u011fi\u015fiklik g\u00f6sterebilir.<\/span><\/div>\n<\/div>\n<div class=\"phPart\">\n<div class=\"phLine\"><span class=\"phText\">Ak\u0131ll\u0131 EkranAk\u0131ll\u0131 ekran ile veri ak\u0131\u015f\u0131n\u0131z\u0131 kontrol etmek ve veri s\u0131n\u0131r\u0131n\u0131z\u0131 a\u015fmaktan ka\u00e7\u0131nmak kolayd\u0131r. Ayr\u0131ca batarya \u00f6mr\u00fc, sinyal kuvveti, WiFi durumu, ba\u011fl\u0131 bulunan kullan\u0131c\u0131lar gibi cihaz\u0131n \u00e7al\u0131\u015fma durumu hakk\u0131nda bilgilerde ekrandan g\u00f6r\u00fcnt\u00fclenir. Men\u00fc tu\u015fuyla, do\u011frudan cihaz \u00fcst\u00fcnden a\u011f tipini, veri dola\u015f\u0131m\u0131n\u0131 ve frekans band\u0131n\u0131 \u00e7abucak de\u011fi\u015ftirebilir, parolan\u0131z\u0131 ve a\u011f ad\u0131n\u0131z\u0131 g\u00f6rebilirsiniz.<\/span><\/p>\n<div class=\"phImage\"><img decoding=\"async\" src=\"https:\/\/www.detayresimler.com\/urun\/M\/M7350_6.jpg\" alt=\"Tp-Link M7350 Router Wi-Fi\" \/><\/div>\n<\/div>\n<\/div>\n<div class=\"phPart\">\n<div class=\"phLine\">\n<div class=\"phImage\"><img decoding=\"async\" src=\"https:\/\/www.detayresimler.com\/urun\/M\/M7350_7.jpg\" alt=\"Tp-Link M7350 Router Wi-Fi\" \/><\/div>\n<p><span class=\"phText\">Kolay Y\u00f6netim \u0130\u00e7in tpMiFi Uygulamas\u0131tpMiFi uygulaman\u0131z\u0131 ak\u0131ll\u0131\u00a0<strong>telefon<\/strong>unuza indirerek basit aray\u00fcz\u00fc ile kolay bir y\u00f6netim sa\u011flayabilirsiniz.<\/span><\/div>\n<\/div>\n<div class=\"phPart\">\n<div class=\"phLine\"><span class=\"phText\">Mikro SD Kart \u0130le Kablosuz Payla\u015f\u0131m\u013132GB\u2019a kadar y\u00fckseltilebilen depolama alan\u0131 sa\u011flayan Mikro SD Depolama yuvas\u0131 ile Mikro SD kart\u0131n\u0131zdan kablosuz olarak kolayca foto\u011fraf, m\u00fczik, video payla\u015fabilirsiniz.<\/p>\n<p>* Mikro SD kart ayr\u0131 olarak sat\u0131lmaktad\u0131r.<br \/>\n* Androidde ES File Explorer ve ya iOSda FileExplore \u00fc\u00e7\u00fcnc\u00fc-parti samba uygulamalar\u0131n\u0131 kullanarak dosyalara eri\u015febilirsiniz ve dosya payla\u015fabilirsiniz.<\/span><\/p>\n<div class=\"phImage\"><img decoding=\"async\" src=\"https:\/\/www.detayresimler.com\/urun\/M\/M7350_8.jpg\" alt=\"Tp-Link M7350 Router Wi-Fi\" \/><\/div>\n<\/div>\n<\/div>\n<\/div>\n<div>\n<h2 class=\"card-title text-center mt-10 justify-center\">Tp-Link M7350 Router Wi-Fi \u00d6zellikleri<\/h2>\n<div class=\"columns-1 md:columns-2 gap-5\">\n<div class=\"mb-7 break-inside-avoid-column text-left\">\n<p class=\"text-xl font-medium mb-1\">Genel \u00d6zellikler<\/p>\n<div class=\"bg-neutral-100 px-1 xl:px-5 py-1 shadow-sm\">\n<table class=\"w-full prose\">\n<tbody>\n<tr>\n<th class=\"text-sm lg:text-base w-28 lg:w-48\">Ba\u011flant\u0131 Tipi<\/th>\n<td class=\"text-sm lg:text-base \">Kablosuz<\/td>\n<\/tr>\n<tr>\n<th class=\"text-sm lg:text-base w-28 lg:w-48\">Garanti<\/th>\n<td class=\"text-sm lg:text-base \">3 Y\u0131l<\/td>\n<\/tr>\n<\/tbody>\n<\/table>\n<\/div>\n<\/div>\n<div class=\"mb-7 break-inside-avoid-column text-left\">\n<p class=\"text-xl font-medium mb-1\">Ba\u011flant\u0131 \u00d6zellikleri<\/p>\n<div class=\"bg-neutral-100 px-1 xl:px-5 py-1 shadow-sm\">\n<table class=\"w-full prose\">\n<tbody>\n<tr>\n<th class=\"text-sm lg:text-base w-28 lg:w-48\">Arabirim<\/th>\n<td class=\"text-sm lg:text-base \">1x SIM Kart Slotu<\/td>\n<\/tr>\n<\/tbody>\n<\/table>\n<\/div>\n<\/div>\n<div class=\"mb-7 break-inside-avoid-column text-left\">\n<p class=\"text-xl font-medium mb-1\">Kablosuz Ba\u011flant\u0131 \u00d6zellikleri<\/p>\n<div class=\"bg-neutral-100 px-1 xl:px-5 py-1 shadow-sm\">\n<table class=\"w-full prose\">\n<tbody>\n<tr>\n<th class=\"text-sm lg:text-base w-28 lg:w-48\">Port Say\u0131s\u0131<\/th>\n<td class=\"text-sm lg:text-base \">Yok<\/td>\n<\/tr>\n<tr>\n<th class=\"text-sm lg:text-base w-28 lg:w-48\">Anten Tipi<\/th>\n<td class=\"text-sm lg:text-base \">Dahili<\/td>\n<\/tr>\n<tr>\n<th class=\"text-sm lg:text-base w-28 lg:w-48\">Anten Say\u0131s\u0131<\/th>\n<td class=\"text-sm lg:text-base \">Dahili Anten<\/td>\n<\/tr>\n<tr>\n<th class=\"text-sm lg:text-base w-28 lg:w-48\">Kablosuz Ba\u011flant\u0131 H\u0131z\u0131<\/th>\n<td class=\"text-sm lg:text-base \">150 Mbps<\/td>\n<\/tr>\n<tr>\n<th class=\"text-sm lg:text-base w-28 lg:w-48\">Frekans<\/th>\n<td class=\"text-sm lg:text-base \">2.4GHz \/ 5GHz<\/td>\n<\/tr>\n<tr>\n<th class=\"text-sm lg:text-base w-28 lg:w-48\">Kablosuz A\u011f Standartlar\u0131<\/th>\n<td class=\"text-sm lg:text-base \">IEEE 802.11a<\/td>\n<\/tr>\n<tr>\n<th class=\"text-sm lg:text-base w-28 lg:w-48\">3G Deste\u011fi<\/th>\n<td class=\"text-sm lg:text-base \">Var<\/td>\n<\/tr>\n<tr>\n<th class=\"text-sm lg:text-base w-28 lg:w-48\">4G Deste\u011fi<\/th>\n<\/tr>\n<\/tbody>\n<\/table>\n<\/div>\n<\/div>\n<\/div>\n<\/div>\n","protected":false},"excerpt":{"rendered":"<table border=\"0\" cellspacing=\"0\" cellpadding=\"0\">\n<tbody>\n<tr>\n<td>\n<table class=\"product-detail\" border=\"0\" width=\"100%\" cellspacing=\"0\" cellpadding=\"0\">\n<tbody>\n<tr>\n<td class=\"product-detail-02\" width=\"34%\">Ethernet Portu:<\/td>\n<td width=\"66%\">\u00a0YOK<\/td>\n<\/tr>\n<tr>\n<td class=\"product-detail-02\" width=\"34%\">Anten:<\/td>\n<td width=\"66%\">\u00a0DAH\u0130L\u0130<\/td>\n<\/tr>\n<tr>\n<td class=\"product-detail-02\" width=\"34%\">Wi-Fi Veri Transfer H\u0131z\u0131:<\/td>\n<td width=\"66%\">\u00a0150 MBPS<\/td>\n<\/tr>\n<tr>\n<td class=\"product-detail-02\" width=\"34%\">Kullan\u0131m Yeri:<\/td>\n<td width=\"66%\">\u00a0\u0130\u00c7 ORTAM<\/td>\n<\/tr>\n<tr>\n<td class=\"product-detail-02\" width=\"34%\">3G\/4G Deste\u011fi:<\/td>\n<td width=\"66%\">\u00a04G<\/td>\n<\/tr>\n<\/tbody>\n<\/table>\n<\/td>\n<\/tr>\n<\/tbody>\n<\/table>\n","protected":false},"featured_media":1315,"template":"","meta":{"om_disable_all_campaigns":false,"_monsterinsights_skip_tracking":false,"_monsterinsights_sitenote_active":false,"_monsterinsights_sitenote_note":"","_monsterinsights_sitenote_category":0},"product_cat":[170],"product_tag":[],"class_list":{"0":"post-1314","1":"product","2":"type-product","3":"status-publish","4":"has-post-thumbnail","6":"product_cat-access-point-routerlar","7":"thunk-woo-product-list","8":"opn-qv-enable","9":"top-store-woo-hover-zoom","10":"top-store-single-product-tab-horizontal","11":"top-store-shadow-","12":"top-store-shadow-hover-","14":"first","15":"instock","16":"taxable","17":"shipping-taxable","18":"product-type-simple"},"aioseo_notices":[],"_links":{"self":[{"href":"https:\/\/bilginteknoloji.com\/woo\/wp-json\/wp\/v2\/product\/1314","targetHints":{"allow":["GET"]}}],"collection":[{"href":"https:\/\/bilginteknoloji.com\/woo\/wp-json\/wp\/v2\/product"}],"about":[{"href":"https:\/\/bilginteknoloji.com\/woo\/wp-json\/wp\/v2\/types\/product"}],"wp:featuredmedia":[{"embeddable":true,"href":"https:\/\/bilginteknoloji.com\/woo\/wp-json\/wp\/v2\/media\/1315"}],"wp:attachment":[{"href":"https:\/\/bilginteknoloji.com\/woo\/wp-json\/wp\/v2\/media?parent=1314"}],"wp:term":[{"taxonomy":"product_cat","embeddable":true,"href":"https:\/\/bilginteknoloji.com\/woo\/wp-json\/wp\/v2\/product_cat?post=1314"},{"taxonomy":"product_tag","embeddable":true,"href":"https:\/\/bilginteknoloji.com\/woo\/wp-json\/wp\/v2\/product_tag?post=1314"}],"curies":[{"name":"wp","href":"https:\/\/api.w.org\/{rel}","templated":true}]}}