{"id":1310,"date":"2024-09-10T12:13:38","date_gmt":"2024-09-10T09:13:38","guid":{"rendered":"https:\/\/bilginteknoloji.com\/woo\/?post_type=product&#038;p=1310"},"modified":"2024-09-10T12:13:39","modified_gmt":"2024-09-10T09:13:39","slug":"tp-link-deco-m4-ac1200-tekli-mesh-300-867mbps-dual-band-2port-gigabit-lan-110m2-kapsama-alani-router-genis-alan-internet-agi-saglayicisi","status":"publish","type":"product","link":"https:\/\/bilginteknoloji.com\/woo\/urun\/tp-link-deco-m4-ac1200-tekli-mesh-300-867mbps-dual-band-2port-gigabit-lan-110m2-kapsama-alani-router-genis-alan-internet-agi-saglayicisi\/","title":{"rendered":"TP-LINK DECO-M4, AC1200, Tekli Mesh, 300-867Mbps, Dual Band, 2Port Gigabit Lan, 110m2 kapsama Alan\u0131, Router, Geni\u015f Alan \u0130nternet A\u011f\u0131 Sa\u011flay\u0131c\u0131s\u0131"},"content":{"rendered":"<div class=\"phPart\">\n<p class=\"phHeader\">TP-Link Deco M4 AC1200 T\u00fcm Evi Kapsayan 3l\u00fc Mesh WiFi Sistemi Genel \u00d6zellikler<\/p>\n<\/div>\n<div class=\"phPart\">\n<p class=\"phBanner\"><img decoding=\"async\" src=\"https:\/\/www.detayresimler.com\/urun\/D\/DECO-M4-3P_18.jpg\" alt=\"\" \/><\/p>\n<\/div>\n<div class=\"phPart\">\n<div class=\"phLine\"><span class=\"phText\">TP-Link Deco M4 AC1200 Mesh WiFi Sistemi<\/span><\/div>\n<ul class=\"phList\">\n<li>Deco, kesintisiz t\u00fcm ev\u00a0Wi-Fi\u00a0kapsama alan\u0131 elde etmek i\u00e7in bir birim sistemi kullan\u0131r &#8211; zay\u0131f sinyal alanlar\u0131n\u0131 bir kez ve herkes i\u00e7in ortadan kald\u0131r\u0131n!<\/li>\n<li>Geli\u015fmi\u015f Deco\u00a0Mesh Teknolojisiyle \u00fcniteler, tek bir a\u011f ad\u0131yla birle\u015fik bir a\u011f olu\u015fturmak i\u00e7in birlikte \u00e7al\u0131\u015f\u0131r. M\u00fcmk\u00fcn olan en y\u00fcksek h\u0131zlar i\u00e7in evinizde hareket ederken cihazlar otomatik olarak\u00a0Decolar aras\u0131nda ge\u00e7i\u015f yapar.<\/li>\n<li>Deco M4\u00a0\u00fc\u00e7l\u00fc paket, 290 Metre kare alana (AB versiyonu) kadar Wi-Fi sunar. Ve bu yeterli de\u011filse, kapsam\u0131 art\u0131rmak i\u00e7in istedi\u011finiz zaman a\u011fa daha fazla Deco ekleyin.<\/li>\n<li>Deco M4, 1167 Mbps h\u0131za kadar h\u0131zl\u0131 ve istikrarl\u0131 ba\u011flant\u0131lar sa\u011flar ve b\u00fcy\u00fck internet servis sa\u011flay\u0131c\u0131s\u0131 (ISP) ve modemle \u00e7al\u0131\u015f\u0131r.<\/li>\n<li>Deco, en yo\u011fun a\u011flardan bile gelen trafi\u011fi kald\u0131rabilir ve\u00a0100 cihaza kadar gecikmesiz ba\u011flant\u0131lar sa\u011flar.<\/li>\n<li>Ebeveyn Denetimleri\u00a0\u00e7evrimi\u00e7i s\u00fcreyi s\u0131n\u0131rlar ve her aile \u00fcyesi i\u00e7in olu\u015fturulan benzersiz profillere g\u00f6re uygunsuz web sitelerini engeller.<\/li>\n<li>Her ad\u0131mda size yol g\u00f6sterecek\u00a0Deco\u00a0uygulamas\u0131yla kurulum her zamankinden daha kolay.<\/li>\n<\/ul>\n<div class=\"phLineBreak\"><img loading=\"lazy\" decoding=\"async\" src=\"https:\/\/www.detayresimler.com\/urun\/D\/DECO-M4-1P.jpg\" alt=\"\" width=\"940\" height=\"20\" \/><\/div>\n<\/div>\n<div class=\"phPart\">\n<p class=\"phBanner\"><img decoding=\"async\" src=\"https:\/\/www.detayresimler.com\/urun\/D\/DECO-M4-3P_19.jpg\" alt=\"\" \/><\/p>\n<\/div>\n<div class=\"phPart\">\n<div class=\"phLine\"><span class=\"phText\">H\u0131zl\u0131. Kararl\u0131. Her Yerde.Deco M4<\/span><\/div>\n<ul class=\"phList\">\n<li>T\u00fcm Ev\u00a0Mesh WiFi Sistemi<\/li>\n<li>AC1200\u00a0Dual-Band Wi-Fi<\/li>\n<\/ul>\n<div class=\"phLineBreak\"><img loading=\"lazy\" decoding=\"async\" src=\"https:\/\/www.detayresimler.com\/urun\/D\/DECO-M4-1P.jpg\" alt=\"\" width=\"940\" height=\"20\" \/><\/div>\n<\/div>\n<div class=\"phPart\">\n<p class=\"phBanner\"><img decoding=\"async\" src=\"https:\/\/www.detayresimler.com\/urun\/D\/DECO-M4-3P_16.jpg\" alt=\"\" \/><\/p>\n<\/div>\n<div class=\"phPart\">\n<div class=\"phLine\"><span class=\"phText\">Daha \u00d6nce Hi\u00e7 B\u00f6yle Wi-Fi G\u00f6rmedinizDeco M4, t\u00fcm evinizi g\u00fc\u00e7l\u00fc bir Wi-Fi kapsama alan\u0131na almak i\u00e7ni\u00a0TP-Link Mesh teknolojisi\u00a0kullan\u0131r. Birden \u00e7ok \u00fcnite, daha \u00f6nce hi\u00e7 ya\u015famad\u0131\u011f\u0131n\u0131z gibi bir ev a\u011f\u0131 olu\u015fturmak i\u00e7in kesintisiz bir \u015fekilde birlikte \u00e7al\u0131\u015f\u0131r.<\/span><\/div>\n<ul class=\"phList\">\n<li>Wi-Fi \u00f6l\u00fc b\u00f6lge gidericisi<\/li>\n<li>Kesintisiz dola\u015f\u0131m<\/li>\n<li>100\u2019e kadar cihaz ba\u011flama<\/li>\n<li>\u0130ki mod bir arada<\/li>\n<li>Kolay kurulum<\/li>\n<li>Ebeveyn kontrolleri<\/li>\n<li>T\u00fcm Deco modelleriyle \u00e7al\u0131\u015f\u0131r<\/li>\n<\/ul>\n<div class=\"phLineBreak\"><img loading=\"lazy\" decoding=\"async\" src=\"https:\/\/www.detayresimler.com\/urun\/D\/DECO-M4-1P.jpg\" alt=\"\" width=\"940\" height=\"20\" \/><\/div>\n<\/div>\n<div class=\"phPart\">\n<p class=\"phBanner\"><img decoding=\"async\" src=\"https:\/\/www.detayresimler.com\/urun\/D\/DECO-M4-3P_17.jpg\" alt=\"\" \/><\/p>\n<\/div>\n<div class=\"phPart\">\n<div class=\"phLine\"><span class=\"phText\">Wi-Fi \u00d6l\u00fc B\u00f6lge GidericisiDeco M4, 260 metre kareye kadar (2li paket) evinizin her k\u00f6\u015fesinde g\u00fc\u00e7l\u00fc bir Wi-Fi sinyalini garantilemenin en basit yoludur. Kablosuz ba\u011flant\u0131lar ve iste\u011fe ba\u011fl\u0131 Ethernet ana ta\u015f\u0131y\u0131c\u0131s\u0131 birlikte \u00e7al\u0131\u015f\u0131p Deco \u00fcnitelerini birbirine ba\u011flayarak daha da y\u00fcksek a\u011f h\u0131zlar\u0131 ve ger\u00e7ek anlamda kesintisiz bir kapsam sunar. Daha fazla kapsama alan\u0131 m\u0131 istiyorsunuz? Bir Deco daha ekleyin tamam.<\/span><\/div>\n<div class=\"phLineBreak\"><img loading=\"lazy\" decoding=\"async\" src=\"https:\/\/www.detayresimler.com\/urun\/D\/DECO-M4-1P.jpg\" alt=\"\" width=\"940\" height=\"20\" \/><\/div>\n<\/div>\n<div class=\"phPart\">\n<p class=\"phBanner\"><img decoding=\"async\" src=\"https:\/\/www.detayresimler.com\/urun\/D\/DECO-M4-3P_15.jpg\" alt=\"\" \/><\/p>\n<\/div>\n<div class=\"phPart\">\n<div class=\"phLine\"><span class=\"phText\">Sorunsuz ve Kesintisiz Dola\u015f\u0131mTP-Link Mesh, Deco \u00fcnitelerinin tek bir birle\u015fik a\u011f olu\u015fturmak i\u00e7in birlikte \u00e7al\u0131\u015ft\u0131\u011f\u0131 anlam\u0131na gelir. Siz evin i\u00e7inde dola\u015f\u0131rken\u00a0telefon\u00a0veya\u00a0tabletiniz otomatik olarak en h\u0131zl\u0131\u00a0Decoya ba\u011flanarak ger\u00e7ek anlamda kesintisiz bir\u00a0Wi-Fi\u00a0deneyimi olu\u015fturur.<\/span><\/div>\n<div class=\"phLineBreak\"><img loading=\"lazy\" decoding=\"async\" src=\"https:\/\/www.detayresimler.com\/urun\/D\/DECO-M4-1P.jpg\" alt=\"\" width=\"940\" height=\"20\" \/><\/div>\n<\/div>\n<div class=\"phPart\">\n<p class=\"phBanner\"><img decoding=\"async\" src=\"https:\/\/www.detayresimler.com\/urun\/D\/DECO-M4-3P_14.jpg\" alt=\"\" \/><\/p>\n<\/div>\n<div class=\"phPart\">\n<div class=\"phLine\"><span class=\"phText\">Ara Belleklemeye Paydos802.11ac\u00a0kablosuz teknolojisi sayesinde ula\u015f\u0131lan \u00f6nceki nesil y\u00f6nlendiricilerden \u00fc\u00e7 kat daha h\u0131zl\u0131 a\u011f h\u0131zlar\u0131 Deconun 100 adede kadar cihaza gecikmesiz ba\u011flant\u0131 sunmas\u0131n\u0131 m\u00fcmk\u00fcn k\u0131lar.<\/p>\n<p>Tek bir uygulama ile 100 cihaza kadar ba\u011flant\u0131.<\/span><\/div>\n<div class=\"phLineBreak\"><img loading=\"lazy\" decoding=\"async\" src=\"https:\/\/www.detayresimler.com\/urun\/D\/DECO-M4-1P.jpg\" alt=\"\" width=\"940\" height=\"20\" \/><\/div>\n<\/div>\n<div class=\"phPart\">\n<p class=\"phBanner\"><img decoding=\"async\" src=\"https:\/\/www.detayresimler.com\/urun\/D\/DECO-M4-3P_13.jpg\" alt=\"\" \/><\/p>\n<\/div>\n<div class=\"phPart\">\n<div class=\"phLine\"><span class=\"phText\">\u0130kisi Bir Arada Router ve Access Point Modlar\u0131Esnek ve \u00e7ok i\u015flevli\u00a0Deco M4, Router veya Access point olarak i\u015flev g\u00f6rmesini sa\u011flayan \u00e7e\u015fitli \u00f6zellikler i\u00e7erir. Ger\u00e7ek a\u011f talepleriniz i\u00e7in modu se\u00e7erek maksimum kablosuz esnekli\u011fi deneyimleyin.<\/span><\/div>\n<ul class=\"phList\">\n<li>Router\u00a0(Varsay\u0131lan): An\u0131nda \u00f6zel bir kablosuz a\u011f olu\u015fturun.<\/li>\n<li>Access Point: Mevcut herhangi bir kablolu a\u011f i\u00e7in Wi-Fi eri\u015fimi olu\u015fturun.<\/li>\n<\/ul>\n<div class=\"phLineBreak\"><img loading=\"lazy\" decoding=\"async\" src=\"https:\/\/www.detayresimler.com\/urun\/D\/DECO-M4-1P.jpg\" alt=\"\" width=\"940\" height=\"20\" \/><\/div>\n<\/div>\n<div class=\"phPart\">\n<p class=\"phBanner\"><img decoding=\"async\" src=\"https:\/\/www.detayresimler.com\/urun\/D\/DECO-M4-3P_3.jpg\" alt=\"\" \/><\/p>\n<\/div>\n<div class=\"phPart\">\n<div class=\"phLine\"><span class=\"phText\">Wi-Fi Daha Kolay<\/span><\/div>\n<ul class=\"phList\">\n<li>Uygulama Tabanl\u0131 Kurulum:\u00a0Deco M4\u00fc \u00e7abucak ve kolayca kurulur. Sistemin ambalaj\u0131n\u0131 a\u00e7\u0131n, Deco uygulamas\u0131n\u0131 indirin ve ekrantaki talimatlar\u0131 izleyin.<\/li>\n<li>Kolay Y\u00f6netim:\u00a0Wi-Finizi, Deco uygulamas\u0131nda evden veya uzaktan ba\u011fl\u0131 cihazlar\u0131 g\u00f6rerek, cihazlar\u0131n\u0131za \u00f6ncelik vererek, misafir a\u011f\u0131 kurarak ve daha pek \u00e7ok \u015fey yaparak y\u00f6netin.<\/li>\n<li>Ses Kontrol: Deco M4\u00fc basit sesli komutlarla kontrol etmek i\u00e7in\u00a0Alexa\u00a0ile e\u015fle\u015fin. Kolay ya\u015fam\u0131n tad\u0131n\u0131 \u00e7\u0131kar\u0131n.<\/li>\n<\/ul>\n<div class=\"phLineBreak\"><img loading=\"lazy\" decoding=\"async\" src=\"https:\/\/www.detayresimler.com\/urun\/D\/DECO-M4-1P.jpg\" alt=\"\" width=\"940\" height=\"20\" \/><\/div>\n<\/div>\n<div class=\"phPart\">\n<p class=\"phBanner\"><img decoding=\"async\" src=\"https:\/\/www.detayresimler.com\/urun\/D\/DECO-M4-3P_2.jpg\" alt=\"\" \/><\/p>\n<\/div>\n<div class=\"phPart\">\n<div class=\"phLine\"><span class=\"phText\">G\u00fc\u00e7l\u00fc Ebeveyn KontrolleriBasit, sezgisel\u00a0ebeveyn kontrolleri\u00a0\u00e7ocuklar\u0131n\u0131z\u0131 \u00e7evrimi\u00e7indeyken g\u00fcvenli tutmay\u0131 kolayla\u015ft\u0131r\u0131r.<\/span><\/div>\n<ul class=\"phList\">\n<li>Kullan\u0131c\u0131 Profilleri: Her aile \u00fcyesi i\u00e7in kolayca profil olu\u015fturabilir ve ki\u015fiye \u00f6zel s\u00fcre s\u0131n\u0131rlar\u0131 ve \u00e7evrimi\u00e7inde ge\u00e7irilebilecek s\u00fcre belirleyebilirsiniz.<\/li>\n<li>Filtreleme Seviyeleri: Ya\u015f uygunl\u0131\u011f\u0131na g\u00f6re siteleri bloke eden tek dokunmal\u0131k g\u00fcvenlik ayarlar\u0131yla ailenizi \u00e7evrimi\u00e7inde g\u00fcvenli tutabilirsiniz.<\/li>\n<li>S\u00fcre S\u0131n\u0131rlar\u0131: Ailenizin \u00fcyelerinin \u00e7evrimi\u00e7inde harcayaca\u011f\u0131 s\u00fcre i\u00e7in s\u0131n\u0131rlar belirleyin.<\/li>\n<li>\u0130\u00e7g\u00f6r\u00fcler: \u00c7ocuklar\u0131n\u0131z\u0131n ziyaret etti\u011fi siteleri ve buralarda ne kadar zaman harcad\u0131\u011f\u0131n\u0131 g\u00f6rerek \u00e7evrimi\u00e7inde e\u011flenirlerken \u00e7ocuklar\u0131n\u0131z\u0131n g\u00fcvende olmas\u0131n\u0131 sa\u011flay\u0131n.<\/li>\n<li>Ba\u011flant\u0131lar\u0131 Ask\u0131ya Alma: Ak\u015fam yeme\u011fi ve aileyle oyun oynanan gecelerde\u00a0Wi-Fiden uzakla\u015f\u0131n. Evdeki herkesin internet eri\u015fimini ask\u0131ya almak i\u00e7in bir d\u00fc\u011fmeye dokunman\u0131z yeterlidir.<\/li>\n<\/ul>\n<div class=\"phLineBreak\"><img loading=\"lazy\" decoding=\"async\" src=\"https:\/\/www.detayresimler.com\/urun\/D\/DECO-M4-1P.jpg\" alt=\"\" width=\"940\" height=\"20\" \/><\/div>\n<\/div>\n<div class=\"phPart\">\n<p class=\"phBanner\"><img decoding=\"async\" src=\"https:\/\/www.detayresimler.com\/urun\/D\/DECO-M4-3P_1.jpg\" alt=\"\" \/><\/p>\n<\/div>\n<div class=\"phPart\">\n<div class=\"phLine\"><span class=\"phText\">T\u00fcm Dekolar Birlikte \u00c7al\u0131\u015fabilirDeco M4, bir\u00a0Mesh a\u011f\u0131\u00a0olu\u015fturabilmek i\u00e7in di\u011fer t\u00fcm Deco modelleriyle uyumludur.\u00a0Mesh Wi-Fi\u00a0kapsam\u0131n\u0131 istedi\u011finizde Decolar\u0131 ekleyerek b\u00fcy\u00fctebilirsiniz.<\/span><\/div>\n<div class=\"phLineBreak\"><img loading=\"lazy\" decoding=\"async\" src=\"https:\/\/www.detayresimler.com\/urun\/D\/DECO-M4-1P.jpg\" alt=\"\" width=\"940\" height=\"20\" \/><\/div>\n<\/div>\n<div class=\"phPart\">\n<p class=\"phBanner\"><img decoding=\"async\" src=\"https:\/\/www.detayresimler.com\/urun\/D\/DECO-M4-3P.jpg\" alt=\"\" \/><\/p>\n<\/div>\n<div class=\"phPart\"><span class=\"phSpecHeader\">Donan\u0131m \u00d6zellikleri<\/span><\/p>\n<div class=\"phSpec\">\n<div>\u0130\u015flemciQualcomm CPU<\/div>\n<div>Arabirim2 Gigabit Ethernet Port (WAN\/LAN otomatik alg\u0131lama) (her bir cihaz ba\u015f\u0131na)<\/div>\n<div>Buton1 x Reset butonu (Alt tarafta)<\/div>\n<div>Harici G\u00fc\u00e7 Kayna\u011f\u013112 V\/1.2 A<\/div>\n<div>Boyutlar90.7 mm x 190 mm<\/div>\n<div>Anten Tipi2 x dahili \u00e7ift bantl\u0131 anten (her bir cihaz ba\u015f\u0131na)<\/div>\n<\/div>\n<\/div>\n<div class=\"phPart\"><span class=\"phSpecHeader\">Kablosuz \u00d6zellikleri<\/span><\/p>\n<div class=\"phSpec\">\n<div>Kablosuz StandartlarIEEE 802.11 ac\/n\/a 5 GHz, IEEE 802.11 b\/g\/n 2.4 GHz<\/div>\n<div>Frekans2.4 GHz ve 5 GHz<\/div>\n<div>Ba\u011flant\u0131 H\u0131z\u01315 GHzde 867 Mbps, 2.4 GHzde 300 Mbps<\/div>\n<div>\u0130letim G\u00fcc\u00fcFCC: &lt;30 dBm \/ CE: &lt;20 dBm (2.4 GHz) \/ &lt;23 dBm (5 GHz)<\/div>\n<div>Kablosuz G\u00fcvenlikWPA-PSK\/WPA2-PSK<\/div>\n<div>Geli\u015fmi\u015f FonksiyonlarRouter\/ Access Point Modu \u0130ste\u011fe Ba\u011fl\u0131 Ethernet Ana Ta\u015f\u0131y\u0131c\u0131 Misafir a\u011f\u0131 TP-Link Mesh Teknolojisi: MU-MIMO, Auto Path Selection, Self-Healing, AP Steering, Band Steering, Beamforming<\/div>\n<\/div>\n<\/div>\n<div class=\"phPart\"><span class=\"phSpecHeader\">Yaz\u0131l\u0131m \u00d6zellikleri<\/span><\/p>\n<div class=\"phSpec\">\n<div>Quality of ServiceWMM<\/div>\n<div>IPv6Destekler<\/div>\n<div>WAN T\u00fcr\u00fcDinamik IP\/Static IP\/PPPoE\/L2TP\/PPTP<\/div>\n<div>Y\u00f6netimYerel Y\u00f6netim, Uzaktan Y\u00f6netim<\/div>\n<div>DHCPServer, Client<\/div>\n<div>Port Y\u00f6nlendirmeDestekler<\/div>\n<div>Eri\u015fim Kontrol\u00fcBlacklist<\/div>\n<div>Firewall G\u00fcvenli\u011fiSPI Firewall<\/div>\n<div>ProtokollerIPv4 ve IPv6 deste\u011fi<\/div>\n<div>Geli\u015fmi\u015f \u00d6zelliklerEbeveyn Kontrol\u00fc, Hizmet Kalitesi<\/div>\n<div>Geli\u015fmi\u015f FonksiyonlarAyl\u0131k raporlar, Otomatik FW G\u00fcncellemesi, Daha fazla Deco birimi ekleyerek Wi-Fiyi geni\u015fletin<\/div>\n<div>Misafir A\u011f\u01311 x 2.4 GHz misafir a\u011f\u0131 \/ 1 x 5 GHz misafir a\u011f\u0131<\/div>\n<div>BeamformingDestekler<\/div>\n<div>APPDeco Uygulamas\u0131 ile kolay kurulum<\/div>\n<\/div>\n<\/div>\n<div class=\"phPart\"><span class=\"phSpecHeader\">G\u00fc\u00e7 \u00d6zellikleri<\/span><\/p>\n<div class=\"phSpec\">\n<div>AC Adapt\u00f6r Giri\u015fi100-240V ~ 50\/60Hz 0.4A<\/div>\n<div>AC Adapt\u00f6r \u00c7\u0131k\u0131\u015f\u013112V 1.2A<\/div>\n<\/div>\n<\/div>\n<div class=\"phPart\"><span class=\"phSpecHeader\">\u00c7evresel \u00d6zellikler<\/span><\/p>\n<div class=\"phSpec\">\n<div>\u00c7al\u0131\u015fma S\u0131cakl\u0131\u011f\u01310 ~ 40<\/div>\n<div>Depolama S\u0131cakl\u0131\u011f\u0131-40 ~ 70<\/div>\n<div>\u00c7al\u0131\u015fma Nemi10% ~ 90%, yo\u011fu\u015fmas\u0131z<\/div>\n<div>Depolama Nemi5% ~ 90%, yo\u011fu\u015fmas\u0131z<\/div>\n<\/div>\n<\/div>\n<div class=\"phPart\"><span class=\"phSpecHeader\">Di\u011fer \u00d6zellikler<\/span><\/p>\n<div class=\"phSpec\">\n<div>SertifikaCE, FCC, IC, NCC, BSMI, IDA, RCM, JPA, JRF, VCCI, KC, RoHS<\/div>\n<div>Paket \u0130\u00e7eri\u011fi3 x Deco cihaz\u0131, 1 x RJ45 Ethernet Kablosu, 3 x g\u00fc\u00e7 adapt\u00f6r\u00fc, 1 x h\u0131zl\u0131 kurulum k\u0131lavuzu<\/div>\n<div>Ak\u0131ll\u0131\u00a0Telefon\/Tablet\u00a0GereksinimleriiOS 9.0 veya \u00fcst\u00fc, Android 4.4 veya \u00fcst\u00fc<\/div>\n<\/div>\n<\/div>\n","protected":false},"excerpt":{"rendered":"<table class=\"product-detail\" border=\"0\" width=\"100%\" cellspacing=\"0\" cellpadding=\"0\">\n<tbody>\n<tr>\n<td class=\"product-detail-02\" width=\"34%\">Ethernet Portu:<\/td>\n<td width=\"66%\">\u00a02 ADET<\/td>\n<\/tr>\n<tr>\n<td class=\"product-detail-02\" width=\"34%\">Anten:<\/td>\n<td width=\"66%\">\u00a0DAH\u0130L\u0130<\/td>\n<\/tr>\n<tr>\n<td class=\"product-detail-02\" width=\"34%\">Wi-Fi Veri Transfer H\u0131z\u0131:<\/td>\n<td width=\"66%\">\u00a0867 MBPS<\/td>\n<\/tr>\n<tr>\n<td class=\"product-detail-02\" width=\"34%\">Kullan\u0131m Yeri:<\/td>\n<td width=\"66%\">\u00a0\u0130\u00c7 ORTAM<\/td>\n<\/tr>\n<tr>\n<td class=\"product-detail-02\" width=\"34%\">3G\/4G Deste\u011fi:<\/td>\n<td width=\"66%\">\u00a0YOK<\/td>\n<\/tr>\n<\/tbody>\n<\/table>\n","protected":false},"featured_media":1311,"template":"","meta":{"om_disable_all_campaigns":false,"_monsterinsights_skip_tracking":false,"_monsterinsights_sitenote_active":false,"_monsterinsights_sitenote_note":"","_monsterinsights_sitenote_category":0},"product_cat":[170],"product_tag":[],"class_list":{"0":"post-1310","1":"product","2":"type-product","3":"status-publish","4":"has-post-thumbnail","6":"product_cat-access-point-routerlar","7":"thunk-woo-product-list","8":"opn-qv-enable","9":"top-store-woo-hover-zoom","10":"top-store-single-product-tab-horizontal","11":"top-store-shadow-","12":"top-store-shadow-hover-","14":"first","15":"instock","16":"taxable","17":"shipping-taxable","18":"product-type-simple"},"aioseo_notices":[],"_links":{"self":[{"href":"https:\/\/bilginteknoloji.com\/woo\/wp-json\/wp\/v2\/product\/1310","targetHints":{"allow":["GET"]}}],"collection":[{"href":"https:\/\/bilginteknoloji.com\/woo\/wp-json\/wp\/v2\/product"}],"about":[{"href":"https:\/\/bilginteknoloji.com\/woo\/wp-json\/wp\/v2\/types\/product"}],"wp:featuredmedia":[{"embeddable":true,"href":"https:\/\/bilginteknoloji.com\/woo\/wp-json\/wp\/v2\/media\/1311"}],"wp:attachment":[{"href":"https:\/\/bilginteknoloji.com\/woo\/wp-json\/wp\/v2\/media?parent=1310"}],"wp:term":[{"taxonomy":"product_cat","embeddable":true,"href":"https:\/\/bilginteknoloji.com\/woo\/wp-json\/wp\/v2\/product_cat?post=1310"},{"taxonomy":"product_tag","embeddable":true,"href":"https:\/\/bilginteknoloji.com\/woo\/wp-json\/wp\/v2\/product_tag?post=1310"}],"curies":[{"name":"wp","href":"https:\/\/api.w.org\/{rel}","templated":true}]}}