{"id":1306,"date":"2024-09-10T12:08:32","date_gmt":"2024-09-10T09:08:32","guid":{"rendered":"https:\/\/bilginteknoloji.com\/woo\/?post_type=product&#038;p=1306"},"modified":"2024-09-11T14:24:22","modified_gmt":"2024-09-11T11:24:22","slug":"ubiquiti-ns-5ac-nano-station-5ghz-450mbps-10km-menzil-dis-ortam-cpe","status":"publish","type":"product","link":"https:\/\/bilginteknoloji.com\/woo\/urun\/ubiquiti-ns-5ac-nano-station-5ghz-450mbps-10km-menzil-dis-ortam-cpe\/","title":{"rendered":"UBIQUITI NS-5AC, Nano Station, 5Ghz, 450Mbps, 10Km Menzil, D\u0131\u015f Ortam CPE"},"content":{"rendered":"<table class=\"table\">\n<tbody>\n<tr>\n<td class=\"tab_list_name\">Anten Geni\u015fli\u011fi<\/td>\n<td>45 Derece<\/td>\n<\/tr>\n<tr>\n<td class=\"tab_list_name\">A\u011f\u0131rl\u0131k<\/td>\n<td>233 g<\/td>\n<\/tr>\n<tr>\n<td class=\"tab_list_name\">CPU<\/td>\n<td>Atheros MIPS 74Kc<\/td>\n<\/tr>\n<tr>\n<td class=\"tab_list_name\">Cihaz Y\u00fczey Malzemesi<\/td>\n<td>D\u0131\u015fortam UV Dayan\u0131kl\u0131 Plastik<\/td>\n<\/tr>\n<tr>\n<td class=\"tab_list_name\">Ethernet Portu(10\/100\/1000)<\/td>\n<td>2<\/td>\n<\/tr>\n<tr>\n<td class=\"tab_list_name\">G\u00fc\u00e7 Kayna\u011f\u0131<\/td>\n<td>24V, 0.5A Gigabit PoE Supply<\/td>\n<\/tr>\n<tr>\n<td class=\"tab_list_name\">Maksimum G\u00fc\u00e7 T\u00fcketimi<\/td>\n<td>7W<\/td>\n<\/tr>\n<tr>\n<td class=\"tab_list_name\">PoE Giri\u015f Voltaj\u0131<\/td>\n<td>24V Passive PoE<\/td>\n<\/tr>\n<tr>\n<td class=\"tab_list_name\">Polarizasyon<\/td>\n<td>Dual Linear<\/td>\n<\/tr>\n<tr>\n<td class=\"tab_list_name\">RoHS Uyumlulu\u011fu<\/td>\n<td>Var<\/td>\n<\/tr>\n<tr>\n<td class=\"tab_list_name\">VSWR<\/td>\n<td>1.6:1<\/td>\n<\/tr>\n<tr>\n<td class=\"tab_list_name\">\u00c7al\u0131\u015fma Nem Aral\u0131\u011f\u0131<\/td>\n<td>5 to 95%<\/td>\n<\/tr>\n<tr>\n<td class=\"tab_list_name\">\u0130\u015fletim Sistemi<\/td>\n<td>AirOS<\/td>\n<\/tr>\n<\/tbody>\n<\/table>\n<table class=\"table\">\n<tbody>\n<tr>\n<td class=\"tab_list_name\">5Ghz Toplam H\u0131z<\/td>\n<td>450Mbps<\/td>\n<\/tr>\n<tr>\n<td class=\"tab_list_name\">Anten Kazanc\u0131<\/td>\n<td>16 dBi<\/td>\n<\/tr>\n<tr>\n<td class=\"tab_list_name\">Boyutlar\u0131<\/td>\n<td>257 x 84 x 41 mm<\/td>\n<\/tr>\n<tr>\n<td class=\"tab_list_name\">CPU Frekans\u0131<\/td>\n<td>560 MHz<\/td>\n<\/tr>\n<tr>\n<td class=\"tab_list_name\">Desteklenen Voltaj Aral\u0131\u011f\u0131<\/td>\n<td>24V \u00b110%<\/td>\n<\/tr>\n<tr>\n<td class=\"tab_list_name\">Frekans<\/td>\n<td>5 GHz<\/td>\n<\/tr>\n<tr>\n<td class=\"tab_list_name\">Kanal Geni\u015fli\u011fi<\/td>\n<td>10\/20\/30\/40\/50\/60\/80<\/td>\n<\/tr>\n<tr>\n<td class=\"tab_list_name\">Maksimum \u00c7\u0131k\u0131\u015f G\u00fcc\u00fc<\/td>\n<td>20 dBm<\/td>\n<\/tr>\n<tr>\n<td class=\"tab_list_name\">PoE Giri\u015fi<\/td>\n<td>Passive PoE<\/td>\n<\/tr>\n<tr>\n<td class=\"tab_list_name\">RAM<\/td>\n<td>64 MB<\/td>\n<\/tr>\n<tr>\n<td class=\"tab_list_name\">Sertifikasyon<\/td>\n<td>FCC, IC, CE<\/td>\n<\/tr>\n<tr>\n<td class=\"tab_list_name\">\u00c7al\u0131\u015fma Frekans\u0131<\/td>\n<td>5150 &#8211; 5875 MHz<\/td>\n<\/tr>\n<tr>\n<td class=\"tab_list_name\">\u00c7al\u0131\u015fma S\u0131cakl\u0131\u011f\u0131<\/td>\n<td>-40 to 70\u00b0 C<\/td>\n<\/tr>\n<tr>\n<td class=\"tab_list_name\">\u015eok ve Vibrasyon Sertifikas\u0131<\/td>\n<td>ETSI300-019-1.4<\/td>\n<\/tr>\n<\/tbody>\n<\/table>\n","protected":false},"excerpt":{"rendered":"<table class=\"product-detail\" border=\"0\" width=\"100%\" cellspacing=\"0\" cellpadding=\"0\">\n<tbody>\n<tr>\n<td class=\"product-detail-02\" width=\"34%\">Ethernet Portu:<\/td>\n<td width=\"66%\">\u00a02 ADET<\/td>\n<\/tr>\n<tr>\n<td class=\"product-detail-02\" width=\"34%\">Anten:<\/td>\n<td width=\"66%\">\u00a0DAH\u0130L\u0130<\/td>\n<\/tr>\n<tr>\n<td class=\"product-detail-02\" width=\"34%\">Wi-Fi Veri Transfer H\u0131z\u0131:<\/td>\n<td width=\"66%\">\u00a0450 MBPS<\/td>\n<\/tr>\n<tr>\n<td class=\"product-detail-02\" width=\"34%\">Kullan\u0131m Yeri:<\/td>\n<td width=\"66%\">\u00a0DI\u015e ORTAM<\/td>\n<\/tr>\n<tr>\n<td class=\"product-detail-02\" width=\"34%\">3G\/4G Deste\u011fi:<\/td>\n<td width=\"66%\">\u00a0YOK<\/td>\n<\/tr>\n<\/tbody>\n<\/table>\n","protected":false},"featured_media":1307,"template":"","meta":{"om_disable_all_campaigns":false,"_monsterinsights_skip_tracking":false,"_monsterinsights_sitenote_active":false,"_monsterinsights_sitenote_note":"","_monsterinsights_sitenote_category":0},"product_cat":[170],"product_tag":[],"class_list":{"0":"post-1306","1":"product","2":"type-product","3":"status-publish","4":"has-post-thumbnail","6":"product_cat-access-point-routerlar","7":"thunk-woo-product-list","8":"opn-qv-enable","9":"top-store-woo-hover-zoom","10":"top-store-single-product-tab-horizontal","11":"top-store-shadow-","12":"top-store-shadow-hover-","14":"first","15":"instock","16":"taxable","17":"shipping-taxable","18":"product-type-simple"},"aioseo_notices":[],"_links":{"self":[{"href":"https:\/\/bilginteknoloji.com\/woo\/wp-json\/wp\/v2\/product\/1306","targetHints":{"allow":["GET"]}}],"collection":[{"href":"https:\/\/bilginteknoloji.com\/woo\/wp-json\/wp\/v2\/product"}],"about":[{"href":"https:\/\/bilginteknoloji.com\/woo\/wp-json\/wp\/v2\/types\/product"}],"wp:featuredmedia":[{"embeddable":true,"href":"https:\/\/bilginteknoloji.com\/woo\/wp-json\/wp\/v2\/media\/1307"}],"wp:attachment":[{"href":"https:\/\/bilginteknoloji.com\/woo\/wp-json\/wp\/v2\/media?parent=1306"}],"wp:term":[{"taxonomy":"product_cat","embeddable":true,"href":"https:\/\/bilginteknoloji.com\/woo\/wp-json\/wp\/v2\/product_cat?post=1306"},{"taxonomy":"product_tag","embeddable":true,"href":"https:\/\/bilginteknoloji.com\/woo\/wp-json\/wp\/v2\/product_tag?post=1306"}],"curies":[{"name":"wp","href":"https:\/\/api.w.org\/{rel}","templated":true}]}}