{"id":1288,"date":"2024-09-07T12:52:01","date_gmt":"2024-09-07T09:52:01","guid":{"rendered":"https:\/\/bilginteknoloji.com\/woo\/?post_type=product&#038;p=1288"},"modified":"2024-09-07T12:52:01","modified_gmt":"2024-09-07T09:52:01","slug":"hp-aruba-r2w96a-ap11-300-867mbps-dual-wave2-2x2-mimo-wi-fi-5-wireles-access-point","status":"publish","type":"product","link":"https:\/\/bilginteknoloji.com\/woo\/urun\/hp-aruba-r2w96a-ap11-300-867mbps-dual-wave2-2x2-mimo-wi-fi-5-wireles-access-point\/","title":{"rendered":"HP ARUBA R2W96A, AP11, 300-867Mbps, Dual Wave2, 2&#215;2 MIMO, Wi-Fi 5, Wireles, Access Point"},"content":{"rendered":"<h1 class=\"hpe-product-gallery__title hpe-headline hpe-headline--black hpe-brand-rule hpe-section-headline\">Aruba An\u0131nda A\u00e7\u0131lan AP11 (RW) 2&#215;2 11ac Wave2 \u0130\u00e7 Mekan Eri\u015fim Noktas\u0131<\/h1>\n<div class=\"tabs js-tabs tabs-responsive\">\n<div class=\"content\">\n<div class=\"tabs sepcifications\">\n<div class=\"tabbody hpe-tabs__section\">\n<div id=\"data-specification-tab-id\" class=\"hpe-specification-section\">\n<div id=\"displayTableSpecificationR2W96A\" class=\" \">\n<p class=\"hpe-more-information__list-item\"><strong>Sertifikalar<\/strong><span class=\"hpe-product-specification-text\">UL 2043 plenum derecesi EN 60601-1-1 ve EN 60601-1-2 (t\u0131bbi ortamlarda da\u011f\u0131t\u0131m i\u00e7in) Wave 2 ile Wi-Fi Alliance sertifikal\u0131 (WFA) 802.11ac (Wi-Fi 5), WPA2, WPA3, Geli\u015fmi\u015f A\u00e7\u0131k (OWE)<\/span><\/p>\n<p class=\"hpe-more-information__list-item\"><strong>Giri\u015f voltaj\u0131<\/strong><span class=\"hpe-product-specification-text\">Ethernet \u00fczerinden g\u00fc\u00e7 (POE): 802.3af (s\u0131n\u0131f 3) veya DC g\u00fcc\u00fc (12 V). G\u00fc\u00e7 kaynaklar\u0131 ayr\u0131 sat\u0131l\u0131r.<\/span><\/p>\n<p class=\"hpe-more-information__list-item\"><strong>Wi-Fi anteni<\/strong><span class=\"hpe-product-specification-text\">2,4 GHz\u2019de 3,3 dBi ve 5 GHz\u2019de 5,8 dBi maksimum bireysel anten kazanc\u0131na sahip entegre a\u015fa\u011f\u0131 e\u011fimli, \u00e7ok y\u00f6nl\u00fc antenler<\/span><\/p>\n<p class=\"hpe-more-information__list-item\"><strong>Ba\u011flant\u0131, standart<\/strong><span class=\"hpe-product-specification-text\">IEEE 802.11ac, 802.11n<\/span><\/p>\n<p class=\"hpe-more-information__list-item\"><strong>Ba\u011flant\u0131 Noktalar\u0131<\/strong><span class=\"hpe-product-specification-text\">(1) yukar\u0131 ba\u011flant\u0131 Gigabit Ethernet ba\u011flant\u0131 noktas\u0131, POE giri\u015fi deste\u011fi ile (802.3af)<\/span><\/p>\n<p class=\"hpe-more-information__list-item\"><strong>Takma<\/strong><span class=\"hpe-product-specification-text\">Eri\u015fim noktas\u0131, ask\u0131 tavan raylar\u0131na tak\u0131lmas\u0131 i\u00e7in bir montaj klipsi (siyah) ve sert y\u00fczeylere (duvar\/tavan) tak\u0131lmas\u0131 i\u00e7in bir montaj klipsi (beyaz) ile birlikte g\u00f6nderilir.<\/span><\/p>\n<p class=\"hpe-more-information__list-item\"><strong>Radyo kapsam\u0131<\/strong><span class=\"hpe-product-specification-text\">E\u015f zamanl\u0131 \u00e7ift bantl\u0131 \u00e7al\u0131\u015fma i\u00e7in \u00e7ift radyo. 867 Mbps\u2019ye kadar kablosuz veri h\u0131z\u0131 i\u00e7in 5 GHz 802.11ac 2&#215;2 MIMO, \u00c7ok Kullan\u0131c\u0131l\u0131 MIMO deste\u011fi (Wi-Fi 5) ile. 300 Mbps\u2019ye kadar kablosuz veri h\u0131z\u0131 (Wi-Fi 4) i\u00e7in 2,4 GHz 802.11n 2&#215;2 MIMO.<\/span><\/p>\n<p class=\"hpe-more-information__list-item\"><strong>Garanti<\/strong><span class=\"hpe-product-specification-text\">\u0130lk 90 g\u00fcn boyunca 7\/24 telefon deste\u011fi ve t\u00fcm garanti s\u00fcresi boyunca \u00e7evrimi\u00e7i sohbet deste\u011fi ile Aruba An\u0131nda A\u00e7\u0131lan 2 Y\u0131ll\u0131k garantisi. \u00dcr\u00fcnlere sahip oldu\u011funuz s\u00fcrece topluluk deste\u011fi.<\/span><\/p>\n<p class=\"hpe-more-information__list-item\"><strong>Farkl\u0131la\u015ft\u0131r\u0131c\u0131<\/strong><span class=\"hpe-product-specification-text\">Aruba An\u0131nda A\u00e7\u0131lan AP11 \u0130\u00e7 Mekan Eri\u015fim Noktalar\u0131 perakende ma\u011fazalar\u0131 ya da hukuk veya muhasebe firmalar\u0131na benzer profesyonel ofisler gibi d\u00fc\u015f\u00fck ile orta aras\u0131 yo\u011funlu\u011fa sahip k\u00fc\u00e7\u00fck i\u015fletme ortamlar\u0131 i\u00e7in g\u00fcvenilir, uygun fiyatl\u0131, \u00fcst d\u00fczey Wave 2 802.11ac Wi-Fi deneyimi sunar. Bu giri\u015f d\u00fczeyi eri\u015fim noktas\u0131 1,2 Gbps pik veri h\u0131z\u0131na sahiptir ve ek maliyet ile karma\u015f\u0131kl\u0131k olmadan 25 eri\u015fim noktas\u0131na kadar \u00f6l\u00e7eklendirilebilir. D\u00fcnyadaki di\u011fer \u00fclkelerin d\u00fczenleme etki alan\u0131.<\/span><\/p>\n<p class=\"hpe-more-information__list-item\"><strong>A\u011f\u0131rl\u0131k (\u0130ngiliz \u00f6l\u00e7\u00fc standard\u0131)<\/strong><span class=\"hpe-product-specification-text\">0.4 lb<\/span><\/p>\n<p class=\"hpe-more-information__list-item\"><strong>A\u011f\u0131rl\u0131k (metrik)<\/strong><span class=\"hpe-product-specification-text\">193 g<\/span><\/p>\n<p class=\"hpe-more-information__list-item\"><strong>\u00dcr\u00fcn boyutlar\u0131 (\u0130ngiliz \u00f6l\u00e7\u00fc standard\u0131) (H x B x T)<\/strong><span class=\"hpe-product-specification-text\">1.3 x 6.0 x 6.0 in<\/span><\/p>\n<p class=\"hpe-more-information__list-item\"><strong>\u00dcr\u00fcn boyutlar\u0131 (metrik) (H x B x T)<\/strong><span class=\"hpe-product-specification-text\">34 x 152 x 152 mm<\/span><\/p>\n<div>\n<div class=\"phPart\">\n<p class=\"phHeader\">\n<\/div>\n<div class=\"phPart\">\n<p class=\"phBanner\"><img decoding=\"async\" src=\"https:\/\/www.detayresimler.com\/urun\/R\/R2W96A.jpg\" alt=\"Hp Aruba Instant On R2W96A AP11 Access Point\" \/><\/p>\n<\/div>\n<div class=\"phPart\">\n<div class=\"phLine\"><span class=\"phText\">Yenilikler<\/span><\/div>\n<ul class=\"phList\">\n<li>K\u00fc\u00e7\u00fck ve b\u00fcy\u00fcmekte olan i\u015fletmeler i\u00e7in maliyet a\u00e7\u0131s\u0131ndan duyarl\u0131 bir fiyatta giri\u015f d\u00fczeyi kablosuz eri\u015fim noktalar\u0131.<\/li>\n<li>\u00c7oklu eri\u015fim noktalar\u0131n\u0131n basit da\u011f\u0131t\u0131m\u0131 i\u00e7in entegre bir sanal denetleyici ile sunulur.<\/li>\n<li>Kullan\u0131c\u0131 ba\u015f\u0131na misafir eri\u015fimi i\u00e7in Geli\u015fmi\u015f A\u00e7\u0131k \u00f6zelli\u011fi ile\u00a0WPA2\/WPA3 korumal\u0131 \u00e7al\u0131\u015fan ve misafir oturum a\u00e7ma i\u015flemleri i\u00e7in destek.<\/li>\n<\/ul>\n<div class=\"phLineBreak\"><img decoding=\"async\" src=\"https:\/\/www.detayresimler.com\/urun\/R\/R2W96A_1.jpg\" alt=\"Hp Aruba Instant On R2W96A AP11 Access Point\" \/><\/div>\n<\/div>\n<div class=\"phPart\">\n<div class=\"phLine\"><span class=\"phText\">Da\u011f\u0131t\u0131m\u0131 Basit 802.11ac Wave 2 Eri\u015fim Noktalar\u0131yla H\u0131zl\u0131 Ba\u011flant\u0131<\/span><\/div>\n<ul class=\"phList\">\n<li>Aruba An\u0131nda A\u00e7\u0131lan\u00a0AP11\u00a0\u0130\u00e7 Mekan Eri\u015fim Noktalar\u0131\u00a0kapsad\u0131klar\u0131 kolay kullan\u0131ml\u0131 web GUI ve \u015fablonlar ile eri\u015fim noktalar\u0131n\u0131n dakikalar i\u00e7inde ba\u015flat\u0131l\u0131p \u00e7al\u0131\u015f\u0131r hale gelmesini sa\u011flar.<\/li>\n<li>802.11ac Wave 2 \u00f6zellikleri 2&#215;2:2SSyi ve 80 MHzye kadar bant geni\u015fli\u011fini kapsar.<\/li>\n<li>1,2 Gbpsye kadar karma h\u0131zlar i\u00e7in \u00e7ift bantl\u0131 kablosuz \u00f6zelli\u011fi (2,4 GHz ve 5 GHz) video, ses ve konferans \u00e7\u00f6z\u00fcmleri gibi y\u00fcksek bant geni\u015flikli faaliyetleri destekler.<\/li>\n<li>Aruba An\u0131nda A\u00e7\u0131lan\u00a0AP11\u00a0\u0130\u00e7 Mekan Eri\u015fim Noktalar\u0131 birincil AP yap\u0131land\u0131rmas\u0131ndaki t\u00fcm de\u011fi\u015fikliklerin otomatik olarak ayn\u0131 k\u00fcmedeki her APye y\u00f6nlendirilmesine izin verir.<\/li>\n<li>Birincil APde daima a\u00e7\u0131k Wi-Fi kesintisi ya\u015fanmas\u0131 durumunda ikincil bir AP otomatik olarak devreye girer. \u00c7oklu eri\u015fim noktalar\u0131n\u0131n kolay, hatas\u0131z da\u011f\u0131t\u0131m\u0131n\u0131 sa\u011flay\u0131n.<\/li>\n<\/ul>\n<div class=\"phLineBreak\"><img decoding=\"async\" src=\"https:\/\/www.detayresimler.com\/urun\/R\/R2W96A_2.jpg\" alt=\"Hp Aruba Instant On R2W96A AP11 Access Point\" \/><\/div>\n<\/div>\n<div class=\"phPart\">\n<div class=\"phLine\"><span class=\"phText\">Basitlik, Muhte\u015fem Bir Wi-Fi Deneyiminin Anahtar\u0131d\u0131r<\/span><\/div>\n<ul class=\"phList\">\n<li>Aruba An\u0131nda A\u00e7\u0131lan AP11 \u0130\u00e7 Mekan Eri\u015fim Noktas\u0131, g\u00fcven duyulan bir tedarik\u00e7iden gelirmi\u015f\u00e7esine g\u00fcvenilir olan \u00fcst d\u00fczey donan\u0131m ve yaz\u0131l\u0131m kalitesi ile tasarlanm\u0131\u015ft\u0131r.<\/li>\n<li>Kutudan \u00e7\u0131kar \u00e7\u0131kmaz zahmetsiz kurulumla her \u015fey avcunuzun i\u00e7inde.<\/li>\n<li>Aruba An\u0131nda A\u00e7\u0131lan portf\u00f6y\u00fc \u00e7e\u015fitli esnek y\u00f6netim se\u00e7enekleriyle sunulur: An\u0131nda A\u00e7\u0131lan mobil uygulamas\u0131 size ilk kurulumdan devaml\u0131 y\u00f6netime kadar her safhada ad\u0131m ad\u0131m rehberlik sa\u011flar.<\/li>\n<li>Kafeler, perakende ma\u011fazalar\u0131, profesyonel ofisler ve di\u011fer\u00a0Wi-Fi\u00a0kablosuz eri\u015fim alanlar\u0131 gibi k\u00fc\u00e7\u00fck ve b\u00fcy\u00fcmekte olan i\u015fletmeler i\u00e7in idealdir.<\/li>\n<li>Kolay olu\u015fturulabilen giri\u015f sayfas\u0131 misafir eri\u015fim sayfan\u0131z\u0131 kendi logonuz, kendi markan\u0131z ve kullan\u0131m dili kabul\u00fcyle \u00f6zelle\u015ftirmenize izin verir.<\/li>\n<\/ul>\n<div class=\"phLineBreak\"><\/div>\n<\/div>\n<div class=\"phPart\">\n<p class=\"phBanner\"><img decoding=\"async\" src=\"https:\/\/www.detayresimler.com\/urun\/R\/R2W96A_3.jpg\" alt=\"Hp Aruba Instant On R2W96A AP11 Access Point\" \/><\/p>\n<\/div>\n<div class=\"phPart\">\n<div class=\"phLine\"><span class=\"phText\">Tam \u00d6l\u00e7ekli Kablosuz A\u011f Kapsam\u0131yla Y\u00fcksek Kablolama Maliyetlerini Ortadan Kald\u0131r\u0131r<\/span><\/div>\n<ul class=\"phList\">\n<li>Aruba An\u0131nda A\u00e7\u0131lan AP11 \u0130\u00e7 Mekan Eri\u015fim Noktalar\u0131 Wi-Fi ba\u011flant\u0131s\u0131n\u0131n ek kablolar olmadan, uygun maliyetli bir \u015fekilde geni\u015fletilebilmesi i\u00e7in yerle\u015fik kablosuz a\u011f yetenekleri bar\u0131nd\u0131r\u0131r.<\/li>\n<li>A\u011f\u0131n\u0131z\u0131 kablolaman\u0131n zor oldu\u011fu alanlara kolayca geni\u015fleterek\u00a0Wi-Fi\u00a0\u00f6zelli\u011fini ihtiyac\u0131n\u0131z olan her yerde sunman\u0131z i\u00e7in kesintili ba\u011flant\u0131lar\u0131 ve \u00f6l\u00fc noktalar\u0131 ortadan kald\u0131rabilir.<\/li>\n<\/ul>\n<\/div>\n<div class=\"phPart\">\n<p class=\"phBanner\"><img decoding=\"async\" src=\"https:\/\/www.detayresimler.com\/urun\/R\/R2W96A_4.jpg\" alt=\"Hp Aruba Instant On R2W96A AP11 Access Point\" \/><\/p>\n<\/div>\n<div class=\"phPart\">\n<div class=\"phLine\"><span class=\"phText\">WPA2\/WPA3 ve Geli\u015fmi\u015f A\u00e7\u0131k ile Hassas Verileri Koruyun<\/span><\/div>\n<ul class=\"phList\">\n<li>Aruba An\u0131nda A\u00e7\u0131lan AP11 \u0130\u00e7 Mekan Eri\u015fim Noktalar\u0131, korumal\u0131 kablosuz eri\u015fim i\u00e7in Wi-Fi Alliance WPA2\/WPA3 ve Geli\u015fmi\u015f A\u00e7\u0131k deste\u011fe sahip tek \u00fcst d\u00fczey eri\u015fim noktas\u0131n\u0131 bar\u0131nd\u0131r\u0131r.<\/li>\n<li>\u0130ster webde gezinirken, isterse HR verileri kontrol ederken olsun, verilerinizi g\u00fcvende tutmak i\u00e7in tek bir a\u011f ad\u0131 alt\u0131nda sekiz adede kadar farkl\u0131 SSID olu\u015fturun.<\/li>\n<\/ul>\n<div class=\"phLineBreak\"><\/div>\n<\/div>\n<div class=\"phPart\">\n<p class=\"phBanner\"><img decoding=\"async\" src=\"https:\/\/www.detayresimler.com\/urun\/R\/R2W96A_5.jpg\" alt=\"Hp Aruba Instant On R2W96A AP11 Access Point\" \/><\/p>\n<\/div>\n<\/div>\n<\/div>\n<\/div>\n<\/div>\n<\/div>\n<\/div>\n<\/div>\n","protected":false},"excerpt":{"rendered":"<table border=\"0\" cellspacing=\"0\" cellpadding=\"0\">\n<tbody>\n<tr>\n<td>\n<table class=\"product-detail\" border=\"0\" width=\"100%\" cellspacing=\"0\" cellpadding=\"0\">\n<tbody>\n<tr>\n<td class=\"product-detail-02\" width=\"34%\">Ethernet Portu:<\/td>\n<td width=\"66%\">\u00a01 ADET<\/td>\n<\/tr>\n<tr>\n<td class=\"product-detail-02\" width=\"34%\">Anten:<\/td>\n<td width=\"66%\">\u00a0DAH\u0130L\u0130<\/td>\n<\/tr>\n<tr>\n<td class=\"product-detail-02\" width=\"34%\">Wi-Fi Veri Transfer H\u0131z\u0131:<\/td>\n<td width=\"66%\">\u00a0867 MBPS<\/td>\n<\/tr>\n<tr>\n<td class=\"product-detail-02\" width=\"34%\">Kullan\u0131m Yeri:<\/td>\n<td width=\"66%\">\u00a0TAVAN T\u0130P\u0130<\/td>\n<\/tr>\n<tr>\n<td class=\"product-detail-02\" width=\"34%\">3G\/4G Deste\u011fi:<\/td>\n<td width=\"66%\">\u00a0YOK<\/td>\n<\/tr>\n<\/tbody>\n<\/table>\n<\/td>\n<\/tr>\n<\/tbody>\n<\/table>\n","protected":false},"featured_media":1289,"template":"","meta":{"om_disable_all_campaigns":false,"_monsterinsights_skip_tracking":false,"_monsterinsights_sitenote_active":false,"_monsterinsights_sitenote_note":"","_monsterinsights_sitenote_category":0},"product_cat":[170],"product_tag":[],"class_list":{"0":"post-1288","1":"product","2":"type-product","3":"status-publish","4":"has-post-thumbnail","6":"product_cat-access-point-routerlar","7":"thunk-woo-product-list","8":"opn-qv-enable","9":"top-store-woo-hover-zoom","10":"top-store-single-product-tab-horizontal","11":"top-store-shadow-","12":"top-store-shadow-hover-","14":"first","15":"instock","16":"taxable","17":"shipping-taxable","18":"product-type-simple"},"aioseo_notices":[],"_links":{"self":[{"href":"https:\/\/bilginteknoloji.com\/woo\/wp-json\/wp\/v2\/product\/1288","targetHints":{"allow":["GET"]}}],"collection":[{"href":"https:\/\/bilginteknoloji.com\/woo\/wp-json\/wp\/v2\/product"}],"about":[{"href":"https:\/\/bilginteknoloji.com\/woo\/wp-json\/wp\/v2\/types\/product"}],"wp:featuredmedia":[{"embeddable":true,"href":"https:\/\/bilginteknoloji.com\/woo\/wp-json\/wp\/v2\/media\/1289"}],"wp:attachment":[{"href":"https:\/\/bilginteknoloji.com\/woo\/wp-json\/wp\/v2\/media?parent=1288"}],"wp:term":[{"taxonomy":"product_cat","embeddable":true,"href":"https:\/\/bilginteknoloji.com\/woo\/wp-json\/wp\/v2\/product_cat?post=1288"},{"taxonomy":"product_tag","embeddable":true,"href":"https:\/\/bilginteknoloji.com\/woo\/wp-json\/wp\/v2\/product_tag?post=1288"}],"curies":[{"name":"wp","href":"https:\/\/api.w.org\/{rel}","templated":true}]}}