{"id":1286,"date":"2024-09-07T12:50:15","date_gmt":"2024-09-07T09:50:15","guid":{"rendered":"https:\/\/bilginteknoloji.com\/woo\/?post_type=product&#038;p=1286"},"modified":"2024-09-07T12:50:15","modified_gmt":"2024-09-07T09:50:15","slug":"hp-aruba-jz320a-ap303-300-867mbps-dual-wave2-2x2-mimo-wi-fi-5-wireles-access-point","status":"publish","type":"product","link":"https:\/\/bilginteknoloji.com\/woo\/urun\/hp-aruba-jz320a-ap303-300-867mbps-dual-wave2-2x2-mimo-wi-fi-5-wireles-access-point\/","title":{"rendered":"HP ARUBA JZ320A, AP303, 300-867Mbps, Dual Wave2, 2&#215;2 MIMO, Wi-Fi 5, Wireles, Access Point"},"content":{"rendered":"<div class=\"product-detail-content\">\n<div class=\"phPart\">\n<p class=\"phHeader\">Hp Aruba AP303 JZ320A 867Mbps 2 x 2 MIMO Access Point Genel \u00d6zellikler<\/p>\n<\/div>\n<div class=\"phPart\">\n<p class=\"phBanner\"><img decoding=\"async\" src=\"http:\/\/www.detayresimler.com\/urun\/J\/JZ320A.jpg\" alt=\"\" \/><\/p>\n<\/div>\n<div class=\"phPart\">\n<div class=\"phLine\"><span class=\"phText\">Hp Aruba AP303 JZ320A Access PointAruba 303\u00a0serisi\u00a0Access Point, orta yo\u011funluklu kurumsal ortamlar i\u00e7in\u00a0MU-MIMO (Wave 2)\u00a0teknolojisine sahip y\u00fcksek h\u0131zl\u0131\u00a0802.11ac\u00a0performans\u0131 sunar. Entegre Bluetooth D\u00fc\u015f\u00fck Enerji (BLE) ve 802.3af g\u00fcc\u00fc deste\u011fiyle Aruba 303, i\u015fletmelerin d\u00fc\u015f\u00fck TCO ile i\u015f verimlerini ve \u00fcretkenliklerini geli\u015ftirmelerini sa\u011flar. Kompakt tasar\u0131ma sahip Aruba 303 serisi Access Point,\u00a05 GHz\u00a0band\u0131nda\u00a0867 Mbps\u00a0ve\u00a02,4 GHz\u00a0band\u0131nda\u00a0300 Mbps\u00a0maksimum e\u015f zamanl\u0131 veri h\u0131z\u0131 sunar.<\/span><\/div>\n<div class=\"phLineBreak\"><img loading=\"lazy\" decoding=\"async\" src=\"http:\/\/www.detayresimler.com\/urun\/J\/JZ320A_1.jpg\" alt=\"\" width=\"940\" height=\"20\" \/><\/div>\n<\/div>\n<div class=\"phPart\">\n<p class=\"phBanner\"><img decoding=\"async\" src=\"http:\/\/www.detayresimler.com\/urun\/J\/JZ320A_2.jpg\" alt=\"\" \/><\/p>\n<\/div>\n<div class=\"phPart\"><span class=\"phSpecHeader\">Teknik \u00d6zellikler<\/span><\/p>\n<div class=\"phSpec\">\n<div>Portlar: 1 x RJ45<\/div>\n<div>Montaj: Tavan, duvar, kablo kutusu. Temel montaj aparatlar\u0131 \u00fcr\u00fcn ile birlikte g\u00f6nderilir.<\/div>\n<div>Ba\u011flant\u0131: 10\/100\/1000 BASE-T<\/div>\n<div>Bant Geni\u015fli\u011fi: 2.4GHz \/ 5GHz<\/div>\n<div>Giri\u015f Gerilimi: 48 VDC<\/div>\n<div>G\u00fc\u00e7 T\u00fcketimi: 10.1W PoE veya 8.8W DC, maksimum<\/div>\n<div>WiFi Anteni: \u0130ki dahili dikey polarize, \u00e7ift bant a\u015fa\u011f\u0131 e\u011fimli, \u00e7ok y\u00f6nl\u00fc antenler<\/div>\n<div>Anten Kazanc\u0131: 2.4GHz\u2019de 3.3dBi, 5GHz\u2019de 5.8dBi<\/div>\n<div>Frekans Kapsam\u0131: \u0130\u00e7 mekan, \u00e7ift radyo, 5 GHz 802.11ac 2&#215;2 MIMO ve 2.4 GHz 802.11n 2&#215;2 MIMO<\/div>\n<div>Data Transfer H\u0131z\u0131 (5GHz): 867 Mbps<\/div>\n<div>Data Transfer H\u0131z\u0131 (2.4GHz): 300 Mbps<\/div>\n<div>A\u011f Protokolleri: IEEE 802.11a, IEEE 802.11ac, IEEE 802.11b, IEEE 802.11g, IEEE 802.11n<\/div>\n<div>Sertifikasyonlar: CB \u015eemas\u0131 G\u00fcvenli\u011fi, cTUVus UL2043 plenum s\u0131n\u0131f\u0131 Wi-Fi Alliance sertifikal\u0131 802.11a \/ b \/ g \/ n Wi-Fi SERT\u0130F\u0130KALI ac (dalga 2 \u00f6zellikli)<\/div>\n<div>D\u00fczenlemeler: FCC\/ISED CE Marked RED Directive 2014\/53\/EU EMC Directive 2014\/30\/EU Low Voltage Directive 2014\/35\/EU UL\/IEC\/EN 60950 EN 60601-1-1, EN60601-1-2<\/div>\n<div>Renk: Beyaz<\/div>\n<div>Boyutlar: 35 x 150 x 150 mm<\/div>\n<div>A\u011f\u0131rl\u0131k: 260 g<\/div>\n<div>\u00c7al\u0131\u015fma S\u0131cakl\u0131\u011f\u0131: 0\u00b0C &#8211; 40\u00b0C<\/div>\n<div>Depolama S\u0131cakl\u0131\u011f\u0131: -40\u00b0C &#8211; 70\u00b0C<\/div>\n<div>\u00c7al\u0131\u015fma Nem Aral\u0131\u011f\u0131: %5 &#8211; %93, yo\u011fu\u015fmas\u0131z<\/div>\n<\/div>\n<\/div>\n<\/div>\n<div id=\"ozellikler\" class=\"properties-table\">\n<h2>HP Aruba AP303 JZ320A 867Mbps 2 x 2 MIMO Access Point \u00d6zellikleri<\/h2>\n<ul>\n<li>Arabirim: 1 x RJ-45 Port<\/li>\n<li>Port Say\u0131s\u0131: 1x 10\/100\/1000 Mbps LAN Portu<\/li>\n<li>Anten Tipi: Dahili<\/li>\n<li>Anten Say\u0131s\u0131: 2 x 2 Mimo<\/li>\n<li>Anten G\u00fcc\u00fc: 2.4GHz 3.3dBi \/ 5GHz 5.8dBi<\/li>\n<li>Kablosuz Ba\u011flant\u0131 H\u0131z\u0131: 300 Mbps, 867Mbps<\/li>\n<li>Frekans: 2.4\/5GHz<\/li>\n<li>Kablosuz A\u011f Standartlar\u0131: IEEE 802.11ac, IEEE 802.11a, IEEE 802.11b, IEEE 802.11g, IEEE 802.11n<\/li>\n<li>G\u00fcvenlik Protokolleri: WPA2\/WPA<\/li>\n<li>Sertifikalar: FCC, CE, EMC<\/li>\n<li>Led G\u00f6stergesi: Var<\/li>\n<li>Sistem Gereksinimi: ArubaOS, InstantOS<\/li>\n<li>Boyut: 35 x 150 x 150 mm<\/li>\n<li>Kutu \u0130\u00e7eri\u011fi: Access Point<\/li>\n<li>Garanti: 24 Ay Garanti<\/li>\n<\/ul>\n<\/div>\n","protected":false},"excerpt":{"rendered":"<table class=\"product-detail\" border=\"0\" width=\"100%\" cellspacing=\"0\" cellpadding=\"0\">\n<tbody>\n<tr>\n<td class=\"product-detail-02\" width=\"34%\">Ethernet Portu:<\/td>\n<td width=\"66%\">\u00a01 ADET<\/td>\n<\/tr>\n<tr>\n<td class=\"product-detail-02\" width=\"34%\">Anten:<\/td>\n<td width=\"66%\">\u00a0DAH\u0130L\u0130<\/td>\n<\/tr>\n<tr>\n<td class=\"product-detail-02\" width=\"34%\">Wi-Fi Veri Transfer H\u0131z\u0131:<\/td>\n<td width=\"66%\">\u00a0867 MBPS<\/td>\n<\/tr>\n<tr>\n<td class=\"product-detail-02\" width=\"34%\">Kullan\u0131m Yeri:<\/td>\n<td width=\"66%\">\u00a0TAVAN T\u0130P\u0130<\/td>\n<\/tr>\n<tr>\n<td class=\"product-detail-02\" width=\"34%\">3G\/4G Deste\u011fi:<\/td>\n<td width=\"66%\">\u00a0YOK<\/td>\n<\/tr>\n<tr>\n<td class=\"product-detail-02\"><\/td>\n<td><\/td>\n<\/tr>\n<\/tbody>\n<\/table>\n","protected":false},"featured_media":1287,"template":"","meta":{"om_disable_all_campaigns":false,"_monsterinsights_skip_tracking":false,"_monsterinsights_sitenote_active":false,"_monsterinsights_sitenote_note":"","_monsterinsights_sitenote_category":0},"product_cat":[170],"product_tag":[],"class_list":{"0":"post-1286","1":"product","2":"type-product","3":"status-publish","4":"has-post-thumbnail","6":"product_cat-access-point-routerlar","7":"thunk-woo-product-list","8":"opn-qv-enable","9":"top-store-woo-hover-zoom","10":"top-store-single-product-tab-horizontal","11":"top-store-shadow-","12":"top-store-shadow-hover-","14":"first","15":"instock","16":"taxable","17":"shipping-taxable","18":"product-type-simple"},"aioseo_notices":[],"_links":{"self":[{"href":"https:\/\/bilginteknoloji.com\/woo\/wp-json\/wp\/v2\/product\/1286","targetHints":{"allow":["GET"]}}],"collection":[{"href":"https:\/\/bilginteknoloji.com\/woo\/wp-json\/wp\/v2\/product"}],"about":[{"href":"https:\/\/bilginteknoloji.com\/woo\/wp-json\/wp\/v2\/types\/product"}],"wp:featuredmedia":[{"embeddable":true,"href":"https:\/\/bilginteknoloji.com\/woo\/wp-json\/wp\/v2\/media\/1287"}],"wp:attachment":[{"href":"https:\/\/bilginteknoloji.com\/woo\/wp-json\/wp\/v2\/media?parent=1286"}],"wp:term":[{"taxonomy":"product_cat","embeddable":true,"href":"https:\/\/bilginteknoloji.com\/woo\/wp-json\/wp\/v2\/product_cat?post=1286"},{"taxonomy":"product_tag","embeddable":true,"href":"https:\/\/bilginteknoloji.com\/woo\/wp-json\/wp\/v2\/product_tag?post=1286"}],"curies":[{"name":"wp","href":"https:\/\/api.w.org\/{rel}","templated":true}]}}