{"id":1276,"date":"2024-09-06T11:00:25","date_gmt":"2024-09-06T08:00:25","guid":{"rendered":"https:\/\/bilginteknoloji.com\/woo\/?post_type=product&#038;p=1276"},"modified":"2024-09-06T11:00:25","modified_gmt":"2024-09-06T08:00:25","slug":"dell-pet15011av2_upg-t150-intel-xeon-e-2314-32gb-ecc-udimm-ram-1x1tb-ssd-1x1tb-hdd-1x300w-power-free-dos-tower-server","status":"publish","type":"product","link":"https:\/\/bilginteknoloji.com\/woo\/urun\/dell-pet15011av2_upg-t150-intel-xeon-e-2314-32gb-ecc-udimm-ram-1x1tb-ssd-1x1tb-hdd-1x300w-power-free-dos-tower-server\/","title":{"rendered":"DELL PET15011AV2_UPG, T150, Intel Xeon E-2314, 32Gb ECC UDIMM Ram, 1x1Tb SSD, 1x1Tb HDD, 1x300W Power, Free Dos, TOWER, SERVER"},"content":{"rendered":"<table border=\"0\" width=\"100%\" cellspacing=\"0\" cellpadding=\"0\">\n<tbody>\n<tr>\n<td class=\"urundetayaciklamasi\"><strong>\u00dcr\u00fcn Orjinali 8Gb Ram\/1TB HDD olup, Y\u00fckseltme i\u015flemi ve Testleri taraf\u0131m\u0131zca yap\u0131lm\u0131\u015ft\u0131r<\/strong><\/p>\n<table class=\"table table-bordered ps-table--specification\">\n<tbody>\n<tr>\n<td>\u00dcretici Kodu<\/td>\n<td>PET15011A_V2<\/td>\n<td class=\"text-center\" width=\"50\"><\/td>\n<\/tr>\n<tr>\n<td>Sunucu Tipi<\/td>\n<td>Tower<\/td>\n<td class=\"text-center\" width=\"50\"><\/td>\n<\/tr>\n<tr>\n<td>Sunucu Kasa Tipi<\/td>\n<td>Tower<\/td>\n<td class=\"text-center\" width=\"50\"><\/td>\n<\/tr>\n<tr>\n<td>\u0130\u015flemci<\/td>\n<td>Intel\u00ae Xeon\u00ae E-2314 (4 \u00c7ekirdek\/8MB \u00d6nbellek\/2,80 GHz)<\/td>\n<td class=\"text-center\" width=\"50\"><\/td>\n<\/tr>\n<tr>\n<td>\u0130\u015flemci Say\u0131s\u0131<\/td>\n<td>1\/1<\/td>\n<td class=\"text-center\" width=\"50\"><\/td>\n<\/tr>\n<tr>\n<td>\u0130\u015flemci \u00c7ekirdek Say\u0131s\u0131<\/td>\n<td>4 Core<\/td>\n<td class=\"text-center\" width=\"50\"><\/td>\n<\/tr>\n<tr>\n<td>Bellek Kapasitesi<\/td>\n<td>32 GB<\/td>\n<td class=\"text-center\" width=\"50\"><\/td>\n<\/tr>\n<tr>\n<td>Bellek Deste\u011fi<\/td>\n<td>32 GB UDIMM, 3200MT\/s, ECC (4xUDIMM Maks.128 GB)<\/td>\n<td class=\"text-center\" width=\"50\"><\/td>\n<\/tr>\n<tr>\n<td>Toplam Bellek Yuva<\/td>\n<td>4 Slot<\/td>\n<td class=\"text-center\" width=\"50\"><\/td>\n<\/tr>\n<tr>\n<td>Disk Kapasitesi<\/td>\n<td>1 TB Enterprise SSD + 1 TB HDD<\/td>\n<td class=\"text-center\" width=\"50\"><\/td>\n<\/tr>\n<tr>\n<td>Sabit Disk Yuva Say\u0131s\u0131<\/td>\n<td>4x 3.5\u2033<\/td>\n<td class=\"text-center\" width=\"50\"><\/td>\n<\/tr>\n<tr>\n<td>Disk Arabirim<\/td>\n<td>SATA + SSD<\/td>\n<td class=\"text-center\" width=\"50\"><\/td>\n<\/tr>\n<tr>\n<td>RAID Deste\u011fi<\/td>\n<td>Var (Yaz\u0131l\u0131mla)<\/td>\n<td class=\"text-center\" width=\"50\"><\/td>\n<\/tr>\n<tr>\n<td>RAID Kart\u0131<\/td>\n<td>Yok<\/td>\n<td class=\"text-center\" width=\"50\"><\/td>\n<\/tr>\n<tr>\n<td>Y\u00f6netim Yaz\u0131l\u0131m\u0131<\/td>\n<td>iDRAC9<br \/>\niDRAC Servis Mod\u00fcl\u00fc<br \/>\niDRAC Direct<\/td>\n<td class=\"text-center\" width=\"50\"><\/td>\n<\/tr>\n<tr>\n<td>G\u00fc\u00e7 Kayna\u011f\u0131<\/td>\n<td>300W<\/td>\n<td class=\"text-center\" width=\"50\"><\/td>\n<\/tr>\n<tr>\n<td>G\u00fc\u00e7 Kayna\u011f\u0131 Yuvas\u0131<\/td>\n<td>1\/1 Adet<\/td>\n<td class=\"text-center\" width=\"50\"><\/td>\n<\/tr>\n<tr>\n<td>Geni\u015fleme Yuvalar\u0131<\/td>\n<td>2x 4. Nesil PCIe yuvas\u0131<br \/>\n2x 3. Nesil PCIe yuvas\u0131<\/td>\n<td class=\"text-center\" width=\"50\"><\/td>\n<\/tr>\n<tr>\n<td>Sunucu Ethernet<\/td>\n<td>2x 1GbE LOM<\/td>\n<td class=\"text-center\" width=\"50\"><\/td>\n<\/tr>\n<tr>\n<td>Giri\u015f\/\u00c7\u0131k\u0131\u015f Arabirim<\/td>\n<td>\u00d6n;<br \/>\n1x iDRAC Direct (Micro-AB USB)<br \/>\n1x USB 3.0<\/p>\n<p>Arka;<br \/>\n5x USB 2.0<br \/>\n1x iDRAC ethernet port<br \/>\n1x USB 3.0<br \/>\n1x Serial port<br \/>\n1x VGA<\/td>\n<td class=\"text-center\" width=\"50\"><\/td>\n<\/tr>\n<tr>\n<td>\u0130\u015fletim Sistemi<\/td>\n<td>FreeDOS<\/td>\n<td class=\"text-center\" width=\"50\"><\/td>\n<\/tr>\n<tr>\n<td>Optik S\u00fcr\u00fcc\u00fc<\/td>\n<td>Yok<\/td>\n<td class=\"text-center\" width=\"50\"><\/td>\n<\/tr>\n<tr>\n<td>Boyutlar<\/td>\n<td>360x175x453,75 mm (YxGxD)<\/td>\n<td class=\"text-center\" width=\"50\"><\/td>\n<\/tr>\n<tr>\n<td>\u00dcretici Linki<\/td>\n<td>&#8211;<\/td>\n<td class=\"text-center\" width=\"50\"><\/td>\n<\/tr>\n<tr>\n<td>Garanti<\/td>\n<td>3 Y\u0131l Yerinde Garanti<\/td>\n<\/tr>\n<\/tbody>\n<\/table>\n<\/td>\n<\/tr>\n<tr>\n<td class=\"function\"><\/td>\n<\/tr>\n<\/tbody>\n<\/table>\n","protected":false},"excerpt":{"rendered":"<table class=\"product-detail\" border=\"0\" width=\"100%\" cellspacing=\"0\" cellpadding=\"0\">\n<tbody>\n<tr>\n<td class=\"product-detail-02\" width=\"34%\">\u0130\u015flemci:<\/td>\n<td width=\"66%\">\u00a0INTEL<\/td>\n<\/tr>\n<tr>\n<td class=\"product-detail-02\" width=\"34%\">\u0130\u015flemci Tipi:<\/td>\n<td width=\"66%\">\u00a0XEON E-2314<\/td>\n<\/tr>\n<tr>\n<td class=\"product-detail-02\" width=\"34%\">Bellek:<\/td>\n<td width=\"66%\">\u00a032 GB<\/td>\n<\/tr>\n<tr>\n<td class=\"product-detail-02\" width=\"34%\">Bellek Tipi:<\/td>\n<td width=\"66%\">\u00a0DDR4<\/td>\n<\/tr>\n<tr>\n<td class=\"product-detail-02\" width=\"34%\">Depolama Alan\u0131:<\/td>\n<td width=\"66%\">\u00a01TB SSD + 1Tb HDD<\/td>\n<\/tr>\n<tr>\n<td class=\"product-detail-02\" width=\"34%\">RAID Deste\u011fi:<\/td>\n<td width=\"66%\">\u00a0YAZILIMSAL RAID<\/td>\n<\/tr>\n<tr>\n<td class=\"product-detail-02\" width=\"34%\">Ethernet:<\/td>\n<td width=\"66%\">\u00a02 X GIGABIT<\/td>\n<\/tr>\n<tr>\n<td class=\"product-detail-02\" width=\"34%\">G\u00fc\u00e7 Kayna\u011f\u0131:<\/td>\n<td width=\"66%\">\u00a01 X 400 W<\/td>\n<\/tr>\n<tr>\n<td class=\"product-detail-02\" width=\"34%\">\u0130\u015fletim Sistemi:<\/td>\n<td width=\"66%\">\u00a0YOK<\/td>\n<\/tr>\n<tr>\n<td class=\"product-detail-02\" width=\"34%\">Sunucu Tipi:<\/td>\n<td width=\"66%\">\u00a0TOWER<\/td>\n<\/tr>\n<\/tbody>\n<\/table>\n","protected":false},"featured_media":1277,"template":"","meta":{"om_disable_all_campaigns":false,"_monsterinsights_skip_tracking":false,"_monsterinsights_sitenote_active":false,"_monsterinsights_sitenote_note":"","_monsterinsights_sitenote_category":0},"product_cat":[477],"product_tag":[],"class_list":{"0":"post-1276","1":"product","2":"type-product","3":"status-publish","4":"has-post-thumbnail","6":"product_cat-rackmount-sunucular","7":"thunk-woo-product-list","8":"opn-qv-enable","9":"top-store-woo-hover-zoom","10":"top-store-single-product-tab-horizontal","11":"top-store-shadow-","12":"top-store-shadow-hover-","14":"first","15":"instock","16":"taxable","17":"shipping-taxable","18":"product-type-simple"},"aioseo_notices":[],"_links":{"self":[{"href":"https:\/\/bilginteknoloji.com\/woo\/wp-json\/wp\/v2\/product\/1276","targetHints":{"allow":["GET"]}}],"collection":[{"href":"https:\/\/bilginteknoloji.com\/woo\/wp-json\/wp\/v2\/product"}],"about":[{"href":"https:\/\/bilginteknoloji.com\/woo\/wp-json\/wp\/v2\/types\/product"}],"wp:featuredmedia":[{"embeddable":true,"href":"https:\/\/bilginteknoloji.com\/woo\/wp-json\/wp\/v2\/media\/1277"}],"wp:attachment":[{"href":"https:\/\/bilginteknoloji.com\/woo\/wp-json\/wp\/v2\/media?parent=1276"}],"wp:term":[{"taxonomy":"product_cat","embeddable":true,"href":"https:\/\/bilginteknoloji.com\/woo\/wp-json\/wp\/v2\/product_cat?post=1276"},{"taxonomy":"product_tag","embeddable":true,"href":"https:\/\/bilginteknoloji.com\/woo\/wp-json\/wp\/v2\/product_tag?post=1276"}],"curies":[{"name":"wp","href":"https:\/\/api.w.org\/{rel}","templated":true}]}}