{"id":1266,"date":"2024-09-06T10:47:12","date_gmt":"2024-09-06T07:47:12","guid":{"rendered":"https:\/\/bilginteknoloji.com\/woo\/?post_type=product&#038;p=1266"},"modified":"2024-09-06T10:47:12","modified_gmt":"2024-09-06T07:47:12","slug":"dahua-pkp-wp0b-kablosuz-ekran-paylasim-aparati-2","status":"publish","type":"product","link":"https:\/\/bilginteknoloji.com\/woo\/urun\/dahua-pkp-wp0b-kablosuz-ekran-paylasim-aparati-2\/","title":{"rendered":"Dahua PKP-WP0B Kablosuz Ekran Payla\u015f\u0131m Aparat\u0131"},"content":{"rendered":"<table border=\"0\" width=\"100%\" cellspacing=\"0\" cellpadding=\"0\">\n<tbody>\n<tr>\n<td class=\"urundetayaciklamasi\">\n<table id=\"table001\" class=\"NEW-TABLE TableOverride-1 tab-drag\">\n<tbody>\n<tr>\n<td colspan=\"60\">Donan\u0131m<\/td>\n<\/tr>\n<tr>\n<td colspan=\"18\">Giri\u015f \u00c7\u00f6z\u00fcn\u00fcrl\u00fc\u011f\u00fc<\/td>\n<td colspan=\"42\">1920 \u00d7 1200<\/td>\n<\/tr>\n<tr>\n<td colspan=\"18\">\u00c7\u0131k\u0131\u015f \u00c7\u00f6z\u00fcn\u00fcrl\u00fc\u011f\u00fc<\/td>\n<td colspan=\"42\">1920 \u00d7 1080<\/td>\n<\/tr>\n<tr>\n<td colspan=\"18\">Liman<\/td>\n<td colspan=\"42\">1 \u00d7 USB 2.0<\/td>\n<\/tr>\n<tr>\n<td colspan=\"18\">Giri\u015f gerilimi<\/td>\n<td colspan=\"42\">5 VDC<\/td>\n<\/tr>\n<tr>\n<td colspan=\"18\">G\u00fc\u00e7 t\u00fcketimi<\/td>\n<td colspan=\"42\">2,5W<\/td>\n<\/tr>\n<tr>\n<td colspan=\"60\">Sistem yap\u0131land\u0131rmas\u0131<\/td>\n<\/tr>\n<tr>\n<td colspan=\"18\">\u0130letim Gecikmesi<\/td>\n<td colspan=\"42\"><span lang=\"zh-CN\">&lt;<\/span>\u00a0120 m\/sn<\/td>\n<\/tr>\n<tr>\n<td colspan=\"18\">\u0130\u015fletim sistemi<\/td>\n<td colspan=\"42\">Windows 7, Windows 8 ve Windows 10;\u00a0Mac OS X 10.6, Mac OS X 10.7 ve \u00fczeri<\/td>\n<\/tr>\n<tr>\n<td colspan=\"18\">\u015eifreleme<\/td>\n<td colspan=\"42\">CCMP<\/td>\n<\/tr>\n<tr>\n<td colspan=\"18\">Kimlik Do\u011frulama Protokol\u00fc<\/td>\n<td colspan=\"42\">WPA2-PSK<\/td>\n<\/tr>\n<tr>\n<td colspan=\"18\">Kablosuz \u0130letim Protokol\u00fc<\/td>\n<td colspan=\"42\">IEEE 802.11 a\/g\/n<\/td>\n<\/tr>\n<tr>\n<td colspan=\"18\">Kablosuz Veri H\u0131z\u0131<\/td>\n<td colspan=\"42\">54 Mb\/sn<\/td>\n<\/tr>\n<tr>\n<td colspan=\"18\">Kare h\u0131z\u0131<\/td>\n<td colspan=\"42\">Windows: 1920 \u00d7 1080@25 fps\/1366 \u00d7 768@25 fps<br \/>\nIOS: 1920 \u00d7 1080@30 fps\/1366 \u00d7 768@30 fps<\/td>\n<\/tr>\n<tr>\n<td colspan=\"60\">Yap\u0131<\/td>\n<\/tr>\n<tr>\n<td colspan=\"18\">Net a\u011f\u0131rl\u0131\u011f\u0131<\/td>\n<td colspan=\"42\">63,3 gr (0,14 lb)<\/td>\n<\/tr>\n<tr>\n<td colspan=\"18\">Boyutlar<\/td>\n<td colspan=\"42\">61 mm \u00d7 156 mm \u00d7 17 mm (2,40 \u00d7 6,14&#8243; \u00d7 0,67&#8243;)<\/td>\n<\/tr>\n<tr>\n<td colspan=\"60\">\u00c7evre<\/td>\n<\/tr>\n<tr>\n<td colspan=\"18\">\u00c7al\u0131\u015fma s\u0131cakl\u0131\u011f\u0131<\/td>\n<td colspan=\"42\">5 \u00b0C ila 40 \u00b0C (41 \u00b0F ila +104 \u00b0F)<\/td>\n<\/tr>\n<tr>\n<td colspan=\"18\">\u00c7al\u0131\u015fma Nemi<\/td>\n<td colspan=\"42\">%0\u2013%80 ((yo\u011fu\u015fmas\u0131z)<\/td>\n<\/tr>\n<tr>\n<td colspan=\"18\">\u0130letim Mesafesi<\/td>\n<td colspan=\"42\">Kablosuz projekt\u00f6rler ile ana bilgisayar aras\u0131ndaki mesafe 15 mye kadard\u0131r<\/td>\n<\/tr>\n<tr>\n<td colspan=\"18\">Frekans band\u0131<\/td>\n<td colspan=\"42\">2,4 GHz ve 5 GHz (\u00f6nerilir)<\/td>\n<\/tr>\n<\/tbody>\n<\/table>\n<\/td>\n<\/tr>\n<tr>\n<td class=\"function\"><\/td>\n<\/tr>\n<\/tbody>\n<\/table>\n","protected":false},"excerpt":{"rendered":"<p>Donan\u0131m Giri\u015f \u00c7\u00f6z\u00fcn\u00fcrl\u00fc\u011f\u00fc 1920 \u00d7 1200 \u00c7\u0131k\u0131\u015f \u00c7\u00f6z\u00fcn\u00fcrl\u00fc\u011f\u00fc 1920 \u00d7 1080 Liman 1 \u00d7 USB 2.0 Giri\u015f gerilimi 5 VDC G\u00fc\u00e7 t\u00fcketimi 2,5W Sistem yap\u0131land\u0131rmas\u0131 \u0130letim Gecikmesi &lt;\u00a0120 m\/sn \u0130\u015fletim sistemi Windows 7, Windows 8 ve Windows 10;\u00a0Mac OS X 10.6, Mac OS X 10.7 ve \u00fczeri \u015eifreleme CCMP Kimlik Do\u011frulama Protokol\u00fc WPA2-PSK Kablosuz \u0130letim &hellip;<\/p>\n<p class=\"read-more\"> <a class=\" thunk-readmore button \" href=\"https:\/\/bilginteknoloji.com\/woo\/urun\/dahua-pkp-wp0b-kablosuz-ekran-paylasim-aparati-2\/\"> <span class=\"screen-reader-text\">Dahua PKP-WP0B Kablosuz Ekran Payla\u015f\u0131m Aparat\u0131<\/span>Read More<\/a><\/p>\n","protected":false},"featured_media":1267,"template":"","meta":{"om_disable_all_campaigns":false,"_monsterinsights_skip_tracking":false,"_monsterinsights_sitenote_active":false,"_monsterinsights_sitenote_note":"","_monsterinsights_sitenote_category":0},"product_cat":[213],"product_tag":[],"class_list":{"0":"post-1266","1":"product","2":"type-product","3":"status-publish","4":"has-post-thumbnail","6":"product_cat-interaktif-ekran-video-konferans","7":"thunk-woo-product-list","8":"opn-qv-enable","9":"top-store-woo-hover-zoom","10":"top-store-single-product-tab-horizontal","11":"top-store-shadow-","12":"top-store-shadow-hover-","14":"first","15":"instock","16":"taxable","17":"shipping-taxable","18":"product-type-simple"},"aioseo_notices":[],"_links":{"self":[{"href":"https:\/\/bilginteknoloji.com\/woo\/wp-json\/wp\/v2\/product\/1266","targetHints":{"allow":["GET"]}}],"collection":[{"href":"https:\/\/bilginteknoloji.com\/woo\/wp-json\/wp\/v2\/product"}],"about":[{"href":"https:\/\/bilginteknoloji.com\/woo\/wp-json\/wp\/v2\/types\/product"}],"wp:featuredmedia":[{"embeddable":true,"href":"https:\/\/bilginteknoloji.com\/woo\/wp-json\/wp\/v2\/media\/1267"}],"wp:attachment":[{"href":"https:\/\/bilginteknoloji.com\/woo\/wp-json\/wp\/v2\/media?parent=1266"}],"wp:term":[{"taxonomy":"product_cat","embeddable":true,"href":"https:\/\/bilginteknoloji.com\/woo\/wp-json\/wp\/v2\/product_cat?post=1266"},{"taxonomy":"product_tag","embeddable":true,"href":"https:\/\/bilginteknoloji.com\/woo\/wp-json\/wp\/v2\/product_tag?post=1266"}],"curies":[{"name":"wp","href":"https:\/\/api.w.org\/{rel}","templated":true}]}}