{"id":1261,"date":"2024-09-06T10:37:43","date_gmt":"2024-09-06T07:37:43","guid":{"rendered":"https:\/\/bilginteknoloji.com\/woo\/?post_type=product&#038;p=1261"},"modified":"2024-09-06T10:37:43","modified_gmt":"2024-09-06T07:37:43","slug":"cnet-cvr984rv-4-port-2-4ghz-wifi-300mbps-2x3dbi-dahili-anten-vdsl2-adsl2-modem","status":"publish","type":"product","link":"https:\/\/bilginteknoloji.com\/woo\/urun\/cnet-cvr984rv-4-port-2-4ghz-wifi-300mbps-2x3dbi-dahili-anten-vdsl2-adsl2-modem\/","title":{"rendered":"CNET CVR984RV, 4 Port, 2.4Ghz Wifi, 300Mbps, 2x3dBi Dahili Anten, VDSL2, ADSL2+ MODEM"},"content":{"rendered":"<h2>CNet CVR984RV Modem \u00d6zellikleri<\/h2>\n<div id=\"bilgiler\" class=\"masonry\">\n<div id=\"grup\" class=\"masonry-brick\">\n<h3><img decoding=\"async\" src=\"http:\/\/resim.epey.com\/grup\/teknik-ozellikler-522.png\" alt=\"TEKN\u0130K \u00d6ZELL\u0130KLER\" \/>TEKN\u0130K \u00d6ZELL\u0130KLER<\/h3>\n<ul class=\"grup\">\n<li id=\"id4231\" class=\"cls0\"><strong id=\"cell\" class=\"ozellik4231\">Fonksiyonlar\u00a0<\/strong><span class=\"cell cs1\">Modem<\/span><\/li>\n<li id=\"id4202\" class=\"cls0\"><strong id=\"cell\" class=\"ozellik4202\">Ba\u011flant\u0131 Teknolojisi\u00a0<\/strong><span class=\"cell cs1\">VDSL2<\/span><\/li>\n<\/ul>\n<\/div>\n<div id=\"grup\" class=\"masonry-brick\">\n<h3><img decoding=\"async\" src=\"http:\/\/resim.epey.com\/grup\/kablosuz-baglanti-523.png\" alt=\"KABLOSUZ BA\u011eLANTI\" \/>KABLOSUZ BA\u011eLANTI<\/h3>\n<ul class=\"grup\">\n<li id=\"id4218\" class=\"cls0\"><strong id=\"cell\" class=\"ozellik4218\">Wi-Fi\u00a0<\/strong><span class=\"cell cs1\">Var<\/span><\/li>\n<li id=\"id4157\" class=\"cls0\"><strong id=\"cell\" class=\"ozellik4157\">Wi-Fi Standard\u0131\u00a0<\/strong><span class=\"cell cs1\">Wi-Fi 4 (802.11n)<\/span><\/li>\n<li id=\"id4179\" class=\"cls0\"><strong id=\"cell\" class=\"ozellik4179\">Wi-Fi Yay\u0131n\u0131\u00a0<\/strong><span class=\"cell cs1\">1 Band<\/span><\/li>\n<li id=\"id4150\" class=\"cls0\"><strong id=\"cell\" class=\"ozellik4150\">\u00c7al\u0131\u015fma Frekans\u0131\u00a0<\/strong><span class=\"cell cs1\">2.4 GHz<\/span><\/li>\n<li id=\"id4143\" class=\"cls0\"><strong id=\"cell\" class=\"ozellik4143\">Veri H\u0131z\u0131 (2.4 GHz)\u00a0<\/strong><span class=\"cell cs1\">300 Mbps<\/span><\/li>\n<li id=\"id4216\" class=\"cls0\"><strong id=\"cell\" class=\"ozellik4216\">H\u00fczmeleme\u00a0<\/strong><span class=\"cell cs1\"><span class=\"degerYok\">Yok<\/span><\/span><\/li>\n<li id=\"id4193\" class=\"cls0\"><strong id=\"cell\" class=\"ozellik4193\">MU-MIMO\u00a0<\/strong><span class=\"cell cs1\"><span class=\"degerYok\">Yok<\/span><\/span><\/li>\n<li id=\"id5071\" class=\"cls0\"><strong id=\"cell\" class=\"ozellik5071\">Anten Tipi\u00a0<\/strong><span class=\"cell cs1\">Dahili Anten<\/span><\/li>\n<li id=\"id4208\" class=\"cls0\"><strong id=\"cell\" class=\"ozellik4208\">Dahili H\u00fccresel Veri A\u011f\u0131\u00a0<\/strong><span class=\"cell cs1\"><span class=\"degerYok\">Yok<\/span><\/span><\/li>\n<\/ul>\n<\/div>\n<div id=\"grup\" class=\"masonry-brick\">\n<h3><img decoding=\"async\" src=\"http:\/\/resim.epey.com\/grup\/arayuz-528.png\" alt=\"BA\u011eLANTI\" \/>BA\u011eLANTI<\/h3>\n<ul class=\"grup\">\n<li id=\"id4168\" class=\"cls0\"><strong id=\"cell\" class=\"ozellik4168\">LAN\u00a0<\/strong><span class=\"cell cs1\">Var<\/span><\/li>\n<li id=\"id4171\" class=\"cls0\"><strong id=\"cell\" class=\"ozellik4171\">LAN T\u00fcr\u00fc\u00a0<\/strong><span class=\"cell cs1\">Fast Ethernet<\/span><\/li>\n<li id=\"id4172\" class=\"cls0\"><strong id=\"cell\" class=\"ozellik4172\">LAN Portu Say\u0131s\u0131\u00a0<\/strong><span class=\"cell cs1\">4 Adet<\/span><\/li>\n<li id=\"id4222\" class=\"cls0\"><strong id=\"cell\" class=\"ozellik4222\">Link Birle\u015ftirme\u00a0<\/strong><span class=\"cell cs1\"><span class=\"degerYok\">Yok<\/span><\/span><\/li>\n<li id=\"id4175\" class=\"cls0\"><strong id=\"cell\" class=\"ozellik4175\">WAN\u00a0<\/strong><span class=\"cell cs1\">Yok<\/span><\/li>\n<li id=\"id4176\" class=\"cls0\"><strong id=\"cell\" class=\"ozellik4176\">WAN T\u00fcr\u00fc\u00a0<\/strong><span class=\"cell cs1\">Yok<\/span><\/li>\n<li id=\"id4177\" class=\"cls0\"><strong id=\"cell\" class=\"ozellik4177\">WAN Portu Say\u0131s\u0131\u00a0<\/strong><span class=\"cell cs1\">Yok<\/span><\/li>\n<li id=\"id4167\" class=\"cls0\"><strong id=\"cell\" class=\"ozellik4167\">USB\u00a0<\/strong><span class=\"cell cs1\"><span class=\"degerYok\">Yok<\/span><\/span><\/li>\n<\/ul>\n<\/div>\n<div id=\"grup\" class=\"masonry-brick\">\n<h3><img decoding=\"async\" src=\"http:\/\/resim.epey.com\/grup\/guvenlik-ve-kontrol-524.png\" alt=\"G\u00dcVENL\u0130K ve KONTROL\" \/>G\u00dcVENL\u0130K ve KONTROL<\/h3>\n<ul class=\"grup\">\n<li id=\"id4151\" class=\"cls0\"><strong id=\"cell\" class=\"ozellik4151\">\u015eifreleme T\u00fcrleri\u00a0<\/strong><span class=\"cell cs1\">WPA2-PSKWPA-PSKAESTKIP64-bit WEP128-bit WEP<\/span><\/li>\n<li id=\"id4156\" class=\"cls0\"><strong id=\"cell\" class=\"ozellik4156\">WPS\u00a0<\/strong><span class=\"cell cs1\">Var<\/span><\/li>\n<li id=\"id4160\" class=\"cls0\"><strong id=\"cell\" class=\"ozellik4160\">VPN\u00a0<\/strong><span class=\"cell cs1\">Var<\/span><\/li>\n<li id=\"id4161\" class=\"cls0\"><strong id=\"cell\" class=\"ozellik4161\">VPN Tipi\u00a0<\/strong><span class=\"cell cs1\">IPSecL2TPPPTP<\/span><\/li>\n<\/ul>\n<\/div>\n<div id=\"grup\" class=\"masonry-brick\">\n<h3><img decoding=\"async\" src=\"http:\/\/resim.epey.com\/grup\/genel-ozellikler-526.png\" alt=\"GENEL \u00d6ZELL\u0130KLER\" \/>GENEL \u00d6ZELL\u0130KLER<\/h3>\n<ul class=\"grup\">\n<li id=\"id4220\" class=\"cls0\"><strong id=\"cell\" class=\"ozellik4220\">Uzaktan Y\u00f6netim\u00a0<\/strong><span class=\"cell cs1\">Var<\/span><\/li>\n<li id=\"id4221\" class=\"cls0\"><strong id=\"cell\" class=\"ozellik4221\">Uzaktan Y\u00f6netim T\u00fcr\u00fc\u00a0<\/strong><span class=\"cell cs1\">TelnetSNMPTR-069Web<\/span><\/li>\n<li id=\"id4164\" class=\"cls0\"><strong id=\"cell\" class=\"ozellik4164\">DDNS Deste\u011fi\u00a0<\/strong><span class=\"cell cs1\">Var<\/span><\/li>\n<li id=\"id4198\" class=\"cls0\"><strong id=\"cell\" class=\"ozellik4198\">UPnP (Tak &amp; \u00c7al\u0131\u015ft\u0131r)\u00a0<\/strong><span class=\"cell cs1\">Var<\/span><\/li>\n<li id=\"id4181\" class=\"cls0\"><strong id=\"cell\" class=\"ozellik4181\">Di\u011fer \u00d6zellikler\u00a0<\/strong><span class=\"cell cs1\">QoS Deste\u011fiIGMP Deste\u011fiDHCP Deste\u011fiNAT Deste\u011fiEbeveyn Kontrol\u00fcIPv6Gerilim Korumas\u0131DMZRIP Deste\u011fi<\/span><\/li>\n<\/ul>\n<\/div>\n<div id=\"grup\" class=\"masonry-brick\">\n<h3><img decoding=\"async\" src=\"http:\/\/resim.epey.com\/grup\/guc-527.png\" alt=\"G\u00dc\u00c7\" \/>G\u00dc\u00c7<\/h3>\n<ul class=\"grup\">\n<li id=\"id4153\" class=\"cls0\"><strong id=\"cell\" class=\"ozellik4153\">Giri\u015f Voltaj\u0131\u00a0<\/strong><span class=\"cell cs1\">12 V<\/span><\/li>\n<li id=\"id4154\" class=\"cls0\"><strong id=\"cell\" class=\"ozellik4154\">Ak\u0131m\u00a0<\/strong><span class=\"cell cs1\">1 A<\/span><\/li>\n<\/ul>\n<\/div>\n<div id=\"grup\" class=\"masonry-brick\">\n<h3><img decoding=\"async\" src=\"http:\/\/resim.epey.com\/grup\/tasarim-525.png\" alt=\"TASARIM\" \/>TASARIM<\/h3>\n<ul class=\"grup\">\n<li id=\"id4188\" class=\"cls0\"><strong id=\"cell\" class=\"ozellik4188\">Geni\u015flik\u00a0<\/strong><span class=\"cell cs1\">132 mm<\/span><\/li>\n<li id=\"id4190\" class=\"cls0\"><strong id=\"cell\" class=\"ozellik4190\">Derinlik\u00a0<\/strong><span class=\"cell cs1\">27 mm<\/span><\/li>\n<li id=\"id4189\" class=\"cls0\"><strong id=\"cell\" class=\"ozellik4189\">Y\u00fckseklik\u00a0<\/strong><span class=\"cell cs1\">94 mm<\/span><\/li>\n<\/ul>\n<\/div>\n<\/div>\n<h2 class=\"uni-title\">\u00dcr\u00fcn Detaylar\u0131<\/h2>\n<div>\n<h2 class=\"sub-title\">Cnet CVR984RV 4 Port 300 Mbps Wireless N Vdsl2-Adsl2 Modem Router<\/h2>\n<\/div>\n<div class=\"item\">\n<p>300 Mbps h\u0131za sahip olan modem, \u00f6zellikle evden \u00e7al\u0131\u015fanlar ve g\u00fcn\u00fcn \u00e7o\u011funu bilgisayar ba\u015f\u0131nda ge\u00e7irenler taraf\u0131ndan s\u0131kl\u0131kla tercih edilir. Kolay kurulumla hemen kullanmaya ba\u015flayabilir ve internete ba\u011flanabilirsiniz.<\/p>\n<\/div>\n<div class=\"uni-content\">\n<h2>\n\u00d6NE \u00c7IKAN \u00d6ZELL\u0130KLER<\/h2>\n<ul>\n<li>2 adet dahili antenle geli\u015ftirilir. \u0130nternet eri\u015fimini kablosuz bir \u015fekilde da\u011f\u0131t\u0131r ve bu i\u015flemi \u00e7oklu anten \u00f6zelli\u011fiyle ger\u00e7ekle\u015ftirir.<\/li>\n<li>Fiber ba\u011flant\u0131 \u00f6zelli\u011fine sahip olan \u00fcr\u00fcn, optik kablolar arac\u0131l\u0131\u011f\u0131yla eri\u015fim imkan\u0131 sunar. Fiber ba\u011flant\u0131s\u0131 sayesinde olduk\u00e7a h\u0131zl\u0131 bir internet eri\u015fimi elde edebilirsiniz.<\/li>\n<li>Y\u0131ld\u0131r\u0131m korumas\u0131na sahiptir.<\/li>\n<\/ul>\n<h3 class=\"sub-title\">\nY\u0131ld\u0131r\u0131m Korumas\u0131<\/h3>\n<p>Y\u00fcksek h\u0131z\u0131 sayesinde ayn\u0131 anda birden fazla cihaz\u0131n ba\u011flanabilece\u011fi bir donan\u0131md\u0131r. 4 tane port giri\u015fi bulunan modem, PC ya da TV gibi pek \u00e7ok cihaz i\u00e7in Ethernet ba\u011flant\u0131s\u0131 sa\u011flar. Router \u00f6zelli\u011fi ise ba\u011flanan bilgisayarlar\u0131 kontrol etmeyi kolayla\u015ft\u0131r\u0131r.<\/p>\n<h3 class=\"sub-title\">\nKolay Kurulum<\/h3>\n<p>Ebeveyn kontrol\u00fc \u00f6zelli\u011fine sahip olan modem, ba\u011flant\u0131 ayarland\u0131\u011f\u0131 anda 12 V d\u00fczeyde 1 A ak\u0131m\u0131 ile elektrik ak\u0131\u015f\u0131 sa\u011flar ve minimum d\u00fczeyde elektrik t\u00fcketir. RJ45 priz giri\u015fine yak\u0131n bir yerde ba\u011flant\u0131s\u0131 sa\u011flanan bu cihazla donma ya da tak\u0131lma gibi sorunlar ya\u015famadan h\u0131zl\u0131 bir internet kullanabilirsiniz.<\/p>\n<h3 class=\"sub-title\">\nInternet H\u0131z\u0131<\/h3>\n<p>2. 4 frekans h\u0131z\u0131na sahip olan \u00fcr\u00fcn\u00fcn \u00fcst\u00fcnde, \u00e7e\u015fitli g\u00f6stergeler i\u00e7in \u0131\u015f\u0131k ayd\u0131nlatmas\u0131 bulunur. Bu \u0131\u015f\u0131kl\u0131 g\u00f6stergeler, internet ba\u011flant\u0131s\u0131yla ilgili herhangi bir sorun ya\u015fand\u0131\u011f\u0131nda hata tespitine yard\u0131mc\u0131 olurlar.<\/p>\n<\/div>\n","protected":false},"excerpt":{"rendered":"<table class=\"product-detail\" border=\"0\" width=\"100%\" cellspacing=\"0\" cellpadding=\"0\">\n<tbody>\n<tr>\n<td class=\"product-detail-02\" width=\"34%\">XDSL:<\/td>\n<td width=\"66%\">\u00a0VDSL<\/td>\n<\/tr>\n<tr>\n<td class=\"product-detail-02\" width=\"34%\">3G\/4G Deste\u011fi:<\/td>\n<td width=\"66%\">\u00a0YOK<\/td>\n<\/tr>\n<tr>\n<td class=\"product-detail-02\" width=\"34%\">Firewall \u00d6zelli\u011fi:<\/td>\n<td width=\"66%\">\u00a0YOK<\/td>\n<\/tr>\n<tr>\n<td class=\"product-detail-02\" width=\"34%\">Wi-Fi:<\/td>\n<td width=\"66%\">\u00a0VAR<\/td>\n<\/tr>\n<tr>\n<td class=\"product-detail-02\" width=\"34%\">Ethernet Portu:<\/td>\n<td width=\"66%\">\u00a04 ADET<\/td>\n<\/tr>\n<tr>\n<td class=\"product-detail-02\" width=\"34%\">Anten:<\/td>\n<td width=\"66%\">\u00a0DAH\u0130L\u0130<\/td>\n<\/tr>\n<tr>\n<td class=\"product-detail-02\" width=\"34%\">Wi-Fi Veri Transfer H\u0131z\u0131:<\/td>\n<td width=\"66%\">\u00a0300 MBPS<\/td>\n<\/tr>\n<\/tbody>\n<\/table>\n","protected":false},"featured_media":1263,"template":"","meta":{"om_disable_all_campaigns":false,"_monsterinsights_skip_tracking":false,"_monsterinsights_sitenote_active":false,"_monsterinsights_sitenote_note":"","_monsterinsights_sitenote_category":0},"product_cat":[173],"product_tag":[],"class_list":{"0":"post-1261","1":"product","2":"type-product","3":"status-publish","4":"has-post-thumbnail","6":"product_cat-vdsl-modem","7":"thunk-woo-product-list","8":"opn-qv-enable","9":"top-store-woo-hover-zoom","10":"top-store-single-product-tab-horizontal","11":"top-store-shadow-","12":"top-store-shadow-hover-","14":"first","15":"instock","16":"taxable","17":"shipping-taxable","18":"product-type-simple"},"aioseo_notices":[],"_links":{"self":[{"href":"https:\/\/bilginteknoloji.com\/woo\/wp-json\/wp\/v2\/product\/1261","targetHints":{"allow":["GET"]}}],"collection":[{"href":"https:\/\/bilginteknoloji.com\/woo\/wp-json\/wp\/v2\/product"}],"about":[{"href":"https:\/\/bilginteknoloji.com\/woo\/wp-json\/wp\/v2\/types\/product"}],"wp:featuredmedia":[{"embeddable":true,"href":"https:\/\/bilginteknoloji.com\/woo\/wp-json\/wp\/v2\/media\/1263"}],"wp:attachment":[{"href":"https:\/\/bilginteknoloji.com\/woo\/wp-json\/wp\/v2\/media?parent=1261"}],"wp:term":[{"taxonomy":"product_cat","embeddable":true,"href":"https:\/\/bilginteknoloji.com\/woo\/wp-json\/wp\/v2\/product_cat?post=1261"},{"taxonomy":"product_tag","embeddable":true,"href":"https:\/\/bilginteknoloji.com\/woo\/wp-json\/wp\/v2\/product_tag?post=1261"}],"curies":[{"name":"wp","href":"https:\/\/api.w.org\/{rel}","templated":true}]}}