{"id":1249,"date":"2024-09-04T13:19:04","date_gmt":"2024-09-04T10:19:04","guid":{"rendered":"https:\/\/bilginteknoloji.com\/woo\/?post_type=product&#038;p=1249"},"modified":"2024-09-04T13:19:04","modified_gmt":"2024-09-04T10:19:04","slug":"argox-os-214-plus-barkod-yazici-seri-usb-lpt-2","status":"publish","type":"product","link":"https:\/\/bilginteknoloji.com\/woo\/urun\/argox-os-214-plus-barkod-yazici-seri-usb-lpt-2\/","title":{"rendered":"ARGOX OS-214 PLUS, BARKOD YAZICI (Seri-USB-LPT)"},"content":{"rendered":"<table id=\"table12\" border=\"0\" width=\"100%\" cellspacing=\"1\">\n<tbody>\n<tr>\n<td colspan=\"2\" width=\"99%\" height=\"18\"><strong>\u0130\u015flemsel<\/strong><\/td>\n<\/tr>\n<tr>\n<td bgcolor=\"#C6CBD6\" width=\"26%\" height=\"18\">\u00a0Bask\u0131 metodu<\/td>\n<td bgcolor=\"#DEDFDE\" width=\"73%\" height=\"18\">Direkt termal (Ribonsuz Yazd\u0131rma), Termal transfer (Ribonlu Yazd\u0131rma)<\/td>\n<\/tr>\n<tr>\n<td bgcolor=\"#C6CBD6\" width=\"26%\" height=\"15\">\u00a0Bask\u0131 \u00c7\u00f6z\u00fcn\u00fcrl\u00fc\u011f\u00fc<\/td>\n<td bgcolor=\"#DEDFDE\" width=\"73%\" height=\"15\">203 DPI (8 dots\/mm)<\/td>\n<\/tr>\n<tr>\n<td bgcolor=\"#C6CBD6\" width=\"26%\" height=\"15\">\u00a0Bask\u0131 h\u0131z\u0131 (Maksimum)<\/td>\n<td bgcolor=\"#DEDFDE\" width=\"73%\" height=\"15\">76 mm\/saniye<\/td>\n<\/tr>\n<tr>\n<td bgcolor=\"#C6CBD6\" width=\"26%\" height=\"16\">\u00a0Bask\u0131 uzunlu\u011fu<\/td>\n<td bgcolor=\"#DEDFDE\" width=\"73%\" height=\"16\">13 ~ 1092 mm<\/td>\n<\/tr>\n<tr>\n<td bgcolor=\"#C6CBD6\" width=\"26%\" height=\"16\">\u00a0Bask\u0131 geni\u015fli\u011fi<\/td>\n<td bgcolor=\"#DEDFDE\" width=\"73%\" height=\"16\">25 mm ~ 104 mm<\/td>\n<\/tr>\n<tr>\n<td bgcolor=\"#C6CBD6\" width=\"26%\" height=\"16\">\u00a0Haf\u0131za<\/td>\n<td bgcolor=\"#DEDFDE\" width=\"73%\" height=\"16\">8 MB DRAM, 4 MB Flash ROM<\/td>\n<\/tr>\n<tr>\n<td bgcolor=\"#C6CBD6\" width=\"26%\" height=\"16\">\u00a0\u0130\u015flemci<\/td>\n<td bgcolor=\"#DEDFDE\" width=\"73%\" height=\"16\">32 bit RISC i\u015flemci<\/td>\n<\/tr>\n<tr>\n<td bgcolor=\"#C6CBD6\" width=\"26%\" height=\"16\">\u00a0\u0130\u015flem arabirimleri<\/td>\n<td bgcolor=\"#DEDFDE\" width=\"73%\" height=\"16\">1 adet d\u00fc\u011fme ve 2 adet LED<\/td>\n<\/tr>\n<tr>\n<td bgcolor=\"#C6CBD6\" width=\"26%\" height=\"16\">\u00a0Haberle\u015fme<\/td>\n<td bgcolor=\"#DEDFDE\" width=\"73%\" height=\"16\">LPT, Seri Port (RS-232C) ve USB 2.0<\/td>\n<\/tr>\n<tr>\n<td bgcolor=\"#C6CBD6\" width=\"26%\" height=\"16\">\u00a0Etiket\u00a0alg\u0131lama sens\u00f6r\u00fc<\/td>\n<td bgcolor=\"#DEDFDE\" width=\"73%\" height=\"16\">Yans\u0131tmal\u0131 (Solda ve sabit)<\/td>\n<\/tr>\n<tr>\n<td bgcolor=\"#C6CBD6\" width=\"26%\" height=\"16\">\u00a0Bask\u0131 A\u00e7\u0131s\u0131<\/td>\n<td bgcolor=\"#DEDFDE\" width=\"73%\" height=\"16\">0, 90, 180, 270 derece<\/td>\n<\/tr>\n<tr>\n<td bgcolor=\"#C6CBD6\" width=\"26%\" height=\"16\">\u00a0Sertifikalar<\/td>\n<td bgcolor=\"#DEDFDE\" width=\"73%\" height=\"16\">CE, FCC, UL, CUL, CCC, RoHS<\/td>\n<\/tr>\n<tr>\n<td colspan=\"2\" bgcolor=\"#EAEAEA\" width=\"99%\" height=\"16\"><strong>\u00a0Fiziksel<\/strong><\/td>\n<\/tr>\n<tr>\n<td bgcolor=\"#C6CBD6\" width=\"26%\" height=\"16\">\u00a0Geni\u015flik<\/td>\n<td bgcolor=\"#DEDFDE\" width=\"73%\" height=\"16\">186 mm<\/td>\n<\/tr>\n<tr>\n<td bgcolor=\"#C6CBD6\" width=\"26%\" height=\"16\">\u00a0Y\u00fckseklik<\/td>\n<td bgcolor=\"#DEDFDE\" width=\"73%\" height=\"16\">153 mm<\/td>\n<\/tr>\n<tr>\n<td bgcolor=\"#C6CBD6\" width=\"26%\" height=\"16\">\u00a0Uzunluk<\/td>\n<td bgcolor=\"#DEDFDE\" width=\"73%\" height=\"16\">278 mm<\/td>\n<\/tr>\n<tr>\n<td bgcolor=\"#C6CBD6\" width=\"26%\" height=\"16\">\u00a0A\u011f\u0131rl\u0131k<\/td>\n<td bgcolor=\"#DEDFDE\" width=\"73%\" height=\"16\">2,0 kg<\/td>\n<\/tr>\n<tr>\n<td bgcolor=\"#C6CBD6\" width=\"26%\" height=\"16\">\u00a0Kasa<\/td>\n<td bgcolor=\"#DEDFDE\" width=\"73%\" height=\"16\">ABS Plastik<\/td>\n<\/tr>\n<tr>\n<td colspan=\"2\" bgcolor=\"#EAEAEA\" width=\"99%\" height=\"16\"><strong>\u00a0Elektriksel<\/strong><\/td>\n<\/tr>\n<tr>\n<td bgcolor=\"#C6CBD6\" width=\"26%\" height=\"16\">\u00a0G\u00fc\u00e7 giri\u015f \u015fekli<\/td>\n<td bgcolor=\"#DEDFDE\" width=\"73%\" height=\"16\">Harici elektrik adapt\u00f6r\u00fc<\/td>\n<\/tr>\n<tr>\n<td bgcolor=\"#C6CBD6\" width=\"26%\" height=\"16\">\u00a0G\u00fc\u00e7 kayna\u011f\u0131 (Giri\u015f)<\/td>\n<td bgcolor=\"#DEDFDE\" width=\"73%\" height=\"16\">100V~240V\u00b110%, 1.5A, 50~60Hz<\/td>\n<\/tr>\n<tr>\n<td bgcolor=\"#C6CBD6\" width=\"26%\" height=\"16\">\u00a0G\u00fc\u00e7 kayna\u011f\u0131 (\u00c7\u0131k\u0131\u015f)<\/td>\n<td bgcolor=\"#DEDFDE\" width=\"73%\" height=\"16\">24VDC, 2.4A<\/td>\n<\/tr>\n<tr>\n<td colspan=\"2\" bgcolor=\"#EAEAEA\" width=\"99%\" height=\"16\"><strong>\u00a0\u00c7evresel<\/strong><\/td>\n<\/tr>\n<tr>\n<td bgcolor=\"#C6CBD6\" width=\"26%\" height=\"16\">\u00a0\u00c7al\u0131\u015fma ortam\u0131 s\u0131cakl\u0131\u011f\u0131<\/td>\n<td bgcolor=\"#DEDFDE\" width=\"73%\" height=\"16\">4 \u00b0C ~ 38 \u00b0C<\/td>\n<\/tr>\n<tr>\n<td bgcolor=\"#C6CBD6\" width=\"26%\" height=\"16\">\u00a0Saklama s\u0131cakl\u0131\u011f\u0131<\/td>\n<td bgcolor=\"#DEDFDE\" width=\"73%\" height=\"16\">-20 \u00b0C ~ 50 \u00b0C<\/td>\n<\/tr>\n<tr>\n<td bgcolor=\"#C6CBD6\" width=\"26%\" height=\"16\">\u00a0Saklama ortam\u0131 nem oran\u0131<\/td>\n<td bgcolor=\"#DEDFDE\" width=\"73%\" height=\"16\">%0 ~ %90<\/td>\n<\/tr>\n<tr>\n<td colspan=\"2\" bgcolor=\"#EAEAEA\" width=\"99%\" height=\"16\"><strong>\u00a0Etiket<\/strong><\/td>\n<\/tr>\n<tr>\n<td bgcolor=\"#C6CBD6\" width=\"26%\" height=\"16\">\u00a0Tip<\/td>\n<td bgcolor=\"#DEDFDE\" width=\"73%\" height=\"16\">Ara bo\u015fluklu, S\u00fcrekli form, black mark (siyah \u00e7izgi ile ayr\u0131lm\u0131\u015f)<\/td>\n<\/tr>\n<tr>\n<td bgcolor=\"#C6CBD6\" width=\"26%\" height=\"16\">\u00a0Geni\u015flik<\/td>\n<td bgcolor=\"#DEDFDE\" width=\"73%\" height=\"16\">25,4 mm ~ 108 mm<\/td>\n<\/tr>\n<tr>\n<td bgcolor=\"#C6CBD6\" width=\"26%\" height=\"16\">\u00a0Kal\u0131nl\u0131k<\/td>\n<td bgcolor=\"#DEDFDE\" width=\"73%\" height=\"16\">0.0635 ~ 0.254 mm<\/td>\n<\/tr>\n<tr>\n<td bgcolor=\"#C6CBD6\" width=\"26%\" height=\"16\">\u00a0Kuka i\u00e7 \u00e7ap\u0131<\/td>\n<td bgcolor=\"#DEDFDE\" width=\"73%\" height=\"16\">25,4 mm<\/td>\n<\/tr>\n<tr>\n<td bgcolor=\"#C6CBD6\" width=\"26%\" height=\"16\">\u00a0Etiket d\u0131\u015f \u00e7ap\u0131<\/td>\n<td bgcolor=\"#DEDFDE\" width=\"73%\" height=\"16\">109 mm (En fazla)<\/td>\n<\/tr>\n<tr>\n<td colspan=\"2\" bgcolor=\"#EAEAEA\" width=\"99%\" height=\"16\"><strong>\u00a0Ribon<\/strong><\/td>\n<\/tr>\n<tr>\n<td bgcolor=\"#C6CBD6\" width=\"26%\" height=\"16\">\u00a0Tip<\/td>\n<td bgcolor=\"#DEDFDE\" width=\"73%\" height=\"16\">Wax , Wax\/Resin, Resin<\/td>\n<\/tr>\n<tr>\n<td bgcolor=\"#C6CBD6\" width=\"26%\" height=\"16\">\u00a0Sar\u0131m y\u00f6n\u00fc<\/td>\n<td bgcolor=\"#DEDFDE\" width=\"73%\" height=\"16\">D\u0131\u015f sar\u0131m<\/td>\n<\/tr>\n<tr>\n<td bgcolor=\"#C6CBD6\" width=\"26%\" height=\"16\">\u00a0Uzunluk<\/td>\n<td bgcolor=\"#DEDFDE\" width=\"73%\" height=\"16\">91 metre (En fazla)<\/td>\n<\/tr>\n<tr>\n<td bgcolor=\"#C6CBD6\" width=\"26%\" height=\"16\">\u00a0Geni\u015flik<\/td>\n<td bgcolor=\"#DEDFDE\" width=\"73%\" height=\"16\">25,4 mm ~ 110 mm<\/td>\n<\/tr>\n<tr>\n<td bgcolor=\"#C6CBD6\" width=\"26%\" height=\"16\">\u00a0Kuka i\u00e7 \u00e7ap\u0131<\/td>\n<td bgcolor=\"#DEDFDE\" width=\"73%\" height=\"16\">13 mm<\/td>\n<\/tr>\n<tr>\n<td bgcolor=\"#C6CBD6\" width=\"26%\" height=\"16\">\u00a0Ribon d\u0131\u015f \u00e7ap\u0131<\/td>\n<td bgcolor=\"#DEDFDE\" width=\"73%\" height=\"16\">37 mm<\/td>\n<\/tr>\n<tr>\n<td colspan=\"2\" bgcolor=\"#EAEAEA\" width=\"99%\" height=\"16\"><strong>\u00a0Yaz\u0131l\u0131msal<\/strong><\/td>\n<\/tr>\n<tr>\n<td bgcolor=\"#C6CBD6\" width=\"26%\" height=\"16\">\u00a0Windows s\u00fcr\u00fcc\u00fcleri<\/td>\n<td bgcolor=\"#DEDFDE\" width=\"73%\" height=\"16\">Windows 2000\/XP\/2003\/V\u0130STA\/Windows 7<\/td>\n<\/tr>\n<tr>\n<td bgcolor=\"#C6CBD6\" width=\"26%\" height=\"16\">\u00a0Etiket dizayn program\u0131<\/td>\n<td bgcolor=\"#DEDFDE\" width=\"73%\" height=\"16\">Argobar Lite\/ Pro veya Bartender UltraLite (\u00dccretsiz)<\/td>\n<\/tr>\n<tr>\n<td bgcolor=\"#C6CBD6\" width=\"26%\" height=\"16\">\u00a0Yard\u0131mc\u0131 programlar<\/td>\n<td bgcolor=\"#DEDFDE\" width=\"73%\" height=\"16\">Printer Utility ve Font Utility<\/td>\n<\/tr>\n<tr>\n<td bgcolor=\"#C6CBD6\" width=\"26%\" height=\"16\">\u00a0Desteklenen\u00a0barkod yaz\u0131m dilleri<\/td>\n<td bgcolor=\"#DEDFDE\" width=\"73%\" height=\"16\">PPLA, PPLB<\/td>\n<\/tr>\n<tr>\n<td bgcolor=\"#C6CBD6\" width=\"26%\" height=\"16\">\u00a0Desteklenen grafik bi\u00e7imleri<\/td>\n<td bgcolor=\"#DEDFDE\" width=\"73%\" height=\"16\"><strong>PPLA:\u00a0<\/strong>PCX, BMP, IMG, HEX ,GDI<br \/>\n<strong>PPLB:<\/strong>\u00a0PCX, Binary raster , GDI<\/td>\n<\/tr>\n<tr>\n<td colspan=\"2\" bgcolor=\"#EAEAEA\" width=\"99%\" height=\"16\"><strong>\u00a0Desteklenen Barkod Tipleri<\/strong><\/td>\n<\/tr>\n<tr>\n<td bgcolor=\"#C6CBD6\" width=\"26%\" height=\"16\">\u00a01D<\/td>\n<td bgcolor=\"#DEDFDE\" width=\"73%\" height=\"16\"><strong>PPLA:<\/strong>\u00a0Code 39, Code 93,Code 128\/subset A\/B\/C, Codabar, Interleaved 2 of 5, UPC A\/E\/2\/5 add-on, EAN-13\/8, UCC\/EAN 128, Postnet, Plessey, Interleaved 2 of 5, Interleaved 2 of 5 with a modulo 10 checksum, Interleaved 2 of 5 with a modulo 10 checksum and shipping bearer bars , Code 128, UCC\/EAN Code 128 Random Weight, HBIC, Telepen , FIM<br \/>\n<strong>PPLB:\u00a0<\/strong>Code 39, Code 93, Code 128\/ subset A,B,C, Codabar, Interleaved 2 of 5, Interleaved 2 of 5 with check sum digit, Interleaved 2 of 5 with human readable check digit, Matrix 2 of 5, UPC A\/E 2 and 5 add-on, EAN-8\/13, Code 128UCC, UCC\/EAN, Postnet<\/td>\n<\/tr>\n<tr>\n<td bgcolor=\"#C6CBD6\" width=\"26%\" height=\"16\">\u00a02D<\/td>\n<td bgcolor=\"#DEDFDE\" width=\"73%\" height=\"16\"><strong>PPLA:<\/strong>\u00a0PDF-417, MaxiCode, Data Matrix (ECC200 only) ,QR Code, Composite codes<br \/>\n<strong>PPLB:\u00a0<\/strong>MaxiCode, PDF-417, QR Code, Composite codes<\/td>\n<\/tr>\n<tr>\n<td colspan=\"2\" bgcolor=\"#EAEAEA\" width=\"99%\" height=\"16\"><strong>\u00a0Opsiyonel Se\u00e7enekler<\/strong><\/td>\n<\/tr>\n<tr>\n<td bgcolor=\"#C6CBD6\" width=\"26%\" height=\"16\">\u00a0Opsiyonel\u00a0Se\u00e7enekler<\/td>\n<td bgcolor=\"#DEDFDE\" width=\"73%\" height=\"16\">Kesici \u00fcnitesi<br \/>\nEtiket s\u0131y\u0131rma \u00fcnitesi<br \/>\nRTC (Ger\u00e7ek Zaman Saati) kart\u0131<br \/>\nFont kart\u0131 (\u00c7ince, Korece ve Japonca dilleri i\u00e7in)<br \/>\nHarici etiket kayna\u011f\u0131 \u00fcnitesi<br \/>\nArgokee klavye<br \/>\nArgonet Print server<\/td>\n<\/tr>\n<\/tbody>\n<\/table>\n","protected":false},"excerpt":{"rendered":"<table class=\"product-detail\" border=\"0\" width=\"100%\" cellspacing=\"0\" cellpadding=\"0\">\n<tbody>\n<tr>\n<td class=\"product-detail-02\" width=\"34%\">Termal Bask\u0131:<\/td>\n<td width=\"66%\">\u00a0VAR<\/td>\n<\/tr>\n<tr>\n<td class=\"product-detail-02\" width=\"34%\">Ribon Bask\u0131:<\/td>\n<td width=\"66%\">\u00a0VAR<\/td>\n<\/tr>\n<tr>\n<td class=\"product-detail-02\" width=\"34%\">\u00c7\u00f6z\u00fcn\u00fcrl\u00fck:<\/td>\n<td width=\"66%\">\u00a0203 DPI<\/td>\n<\/tr>\n<tr>\n<td class=\"product-detail-02\" width=\"34%\">Bask\u0131 Geni\u015fli\u011fi:<\/td>\n<td width=\"66%\">\u00a0104 MM<\/td>\n<\/tr>\n<tr>\n<td class=\"product-detail-02\" width=\"34%\">USB:<\/td>\n<td width=\"66%\">\u00a0VAR<\/td>\n<\/tr>\n<tr>\n<td class=\"product-detail-02\" width=\"34%\">Seri:<\/td>\n<td width=\"66%\">\u00a0VAR<\/td>\n<\/tr>\n<tr>\n<td class=\"product-detail-02\" width=\"34%\">Paralel:<\/td>\n<td width=\"66%\">\u00a0VAR<\/td>\n<\/tr>\n<tr>\n<td class=\"product-detail-02\" width=\"34%\">Ethernet (LAN):<\/td>\n<td width=\"66%\">\u00a0YOK<\/td>\n<\/tr>\n<tr>\n<td class=\"product-detail-02\" width=\"34%\">Ka\u011f\u0131t Kesici:<\/td>\n<td width=\"66%\">\u00a0YOK<\/td>\n<\/tr>\n<\/tbody>\n<\/table>\n","protected":false},"featured_media":1250,"template":"","meta":{"om_disable_all_campaigns":false,"_monsterinsights_skip_tracking":false,"_monsterinsights_sitenote_active":false,"_monsterinsights_sitenote_note":"","_monsterinsights_sitenote_category":0},"product_cat":[129],"product_tag":[],"class_list":{"0":"post-1249","1":"product","2":"type-product","3":"status-publish","4":"has-post-thumbnail","6":"product_cat-barkod-yazicilar","7":"thunk-woo-product-list","8":"opn-qv-enable","9":"top-store-woo-hover-zoom","10":"top-store-single-product-tab-horizontal","11":"top-store-shadow-","12":"top-store-shadow-hover-","14":"first","15":"instock","16":"taxable","17":"shipping-taxable","18":"product-type-simple"},"aioseo_notices":[],"_links":{"self":[{"href":"https:\/\/bilginteknoloji.com\/woo\/wp-json\/wp\/v2\/product\/1249","targetHints":{"allow":["GET"]}}],"collection":[{"href":"https:\/\/bilginteknoloji.com\/woo\/wp-json\/wp\/v2\/product"}],"about":[{"href":"https:\/\/bilginteknoloji.com\/woo\/wp-json\/wp\/v2\/types\/product"}],"wp:featuredmedia":[{"embeddable":true,"href":"https:\/\/bilginteknoloji.com\/woo\/wp-json\/wp\/v2\/media\/1250"}],"wp:attachment":[{"href":"https:\/\/bilginteknoloji.com\/woo\/wp-json\/wp\/v2\/media?parent=1249"}],"wp:term":[{"taxonomy":"product_cat","embeddable":true,"href":"https:\/\/bilginteknoloji.com\/woo\/wp-json\/wp\/v2\/product_cat?post=1249"},{"taxonomy":"product_tag","embeddable":true,"href":"https:\/\/bilginteknoloji.com\/woo\/wp-json\/wp\/v2\/product_tag?post=1249"}],"curies":[{"name":"wp","href":"https:\/\/api.w.org\/{rel}","templated":true}]}}