{"id":1241,"date":"2024-09-04T13:08:18","date_gmt":"2024-09-04T10:08:18","guid":{"rendered":"https:\/\/bilginteknoloji.com\/woo\/?post_type=product&#038;p=1241"},"modified":"2024-09-04T13:08:19","modified_gmt":"2024-09-04T10:08:19","slug":"canon-maxify-mb2150-renkli-kartuslu-yazici-tarayici-fotokopi-faks-wifi-orijinal-murekkep","status":"publish","type":"product","link":"https:\/\/bilginteknoloji.com\/woo\/urun\/canon-maxify-mb2150-renkli-kartuslu-yazici-tarayici-fotokopi-faks-wifi-orijinal-murekkep\/","title":{"rendered":"CANON MAXIFY MB2150, Renkli, Kartu\u015flu, Yaz\u0131c\u0131, Taray\u0131c\u0131, Fotokopi, Faks, Wifi, OR\u0130J\u0130NAL M\u00dcREKKEP"},"content":{"rendered":"<h2 class=\"product-specification-detail__main-title canon-section-title--big canon-mb-xm\">Ayr\u0131nt\u0131l\u0131 teknik \u00f6zellikler<\/h2>\n<h3 class=\"product-specification-detail__sub-title canon-section-title--small canon-mb-s\">Genel \u00d6zellikler<\/h3>\n<ul class=\"product-specification-detail__list canon-mb-xm\">\n<li class=\"product-specification-detail__list-line canon-mb-xxs\">\n<div class=\"product-specification-detail__list-key\n\tcanon-paragraph--big\">Model Numaras\u0131<\/div>\n<div class=\"product-specification-detail__value-wrapper\">\n<div class=\"product-specification-detail__list-value canon-paragraph--big\">\n<p>MB2150<\/p>\n<p>\u0130\u015flevler<\/p>\n<\/div>\n<\/div>\n<\/li>\n<li class=\"product-specification-detail__list-line canon-mb-xxs\">\n<div class=\"product-specification-detail__value-wrapper\">\n<div class=\"product-specification-detail__list-value canon-paragraph--big\">\n<p>Bask\u0131, Fotokopi, Tarama, Faks, Wi-Fi + Cloud Link<\/p>\n<\/div>\n<\/div>\n<\/li>\n<\/ul>\n<h3 class=\"product-specification-detail__sub-title canon-section-title--small canon-mb-s\">Yaz\u0131c\u0131 Teknik \u00d6zellikleri<\/h3>\n<ul class=\"product-specification-detail__list canon-mb-xm\">\n<li class=\"product-specification-detail__list-line canon-mb-xxs\">\n<div class=\"product-specification-detail__list-key\n\tcanon-paragraph--big\">Bask\u0131 \u00c7\u00f6z\u00fcn\u00fcrl\u00fc\u011f\u00fc<\/div>\n<div class=\"product-specification-detail__value-wrapper\">\n<div class=\"product-specification-detail__list-value canon-paragraph--big\">\n<p>600 x 1.200 dpi<\/p>\n<\/div>\n<\/div>\n<\/li>\n<li class=\"product-specification-detail__list-line canon-mb-xxs\">\n<div class=\"product-specification-detail__list-key\n\tcanon-paragraph--big\">Bask\u0131 Kenar Bo\u015fluklar\u0131 (min.)<\/div>\n<div class=\"product-specification-detail__value-wrapper\">\n<div class=\"product-specification-detail__list-value canon-paragraph--big\">\n<p>\u00dcst: 3 mm, Alt: 5 mm, Sol ve Sa\u011f: 3,4 mm<\/p>\n<\/div>\n<\/div>\n<\/li>\n<li class=\"product-specification-detail__list-line canon-mb-xxs\">\n<div class=\"product-specification-detail__list-key\n\tcanon-paragraph--big\">Bask\u0131 Teknolojisi<\/div>\n<div class=\"product-specification-detail__value-wrapper\">\n<div class=\"product-specification-detail__list-value canon-paragraph--big\">\n<p>M\u00fcrekkep p\u00fcsk\u00fcrtmeli, FINE bask\u0131 kafas\u0131<\/p>\n<\/div>\n<\/div>\n<\/li>\n<li class=\"product-specification-detail__list-line canon-mb-xxs\">\n<div class=\"product-specification-detail__list-key\n\tcanon-paragraph--big\">Siyah-Beyaz Bask\u0131 H\u0131z\u0131<\/div>\n<div class=\"product-specification-detail__value-wrapper\">\n<div class=\"product-specification-detail__list-value canon-paragraph--big\">19,0 ipm siyah beyaz A4\u00b9<\/div>\n<\/div>\n<\/li>\n<li class=\"product-specification-detail__list-line canon-mb-xxs\">\n<div class=\"product-specification-detail__list-key\n\tcanon-paragraph--big\">Renkli Bask\u0131 H\u0131z\u0131<\/div>\n<div class=\"product-specification-detail__value-wrapper\">\n<div class=\"product-specification-detail__list-value canon-paragraph--big\">13,0 ipm renkli A4\u00b9<\/div>\n<\/div>\n<\/li>\n<li class=\"product-specification-detail__list-line canon-mb-xxs\">\n<div class=\"product-specification-detail__list-key\n\tcanon-paragraph--big\">\u0130lk Bask\u0131 \u00c7\u0131k\u0131\u015f S\u00fcresi<\/div>\n<div class=\"product-specification-detail__value-wrapper\">\n<div class=\"product-specification-detail__list-value canon-paragraph--big\">\n<p>Siyah Beyaz: 6 sn (haz\u0131r) \/ 10 sn (uyku)<\/p>\n<p>Renkli: 7 sn (haz\u0131r) \/ 14 sn (uyku)<\/p>\n<\/div>\n<\/div>\n<\/li>\n<li class=\"product-specification-detail__list-line canon-mb-xxs\">\n<div class=\"product-specification-detail__list-key\n\tcanon-paragraph--big\">\u00c7ift Tarafl\u0131 Bask\u0131<\/div>\n<div class=\"product-specification-detail__value-wrapper\">\n<div class=\"product-specification-detail__list-value canon-paragraph--big\">\n<p>Otomatik (A4, LTR d\u00fcz ka\u011f\u0131t)<\/p>\n<\/div>\n<\/div>\n<\/li>\n<li class=\"product-specification-detail__list-line canon-mb-xxs\">\n<div class=\"product-specification-detail__list-key\n\tcanon-paragraph--big\">Otomatik Belge Besleyici (ADF)<\/div>\n<div class=\"product-specification-detail__value-wrapper\">\n<div class=\"product-specification-detail__list-value canon-paragraph--big\">\n<p>50 sayfaya kadar<\/p>\n<\/div>\n<\/div>\n<\/li>\n<\/ul>\n<h3 class=\"product-specification-detail__sub-title canon-section-title--small canon-mb-s\">Kartu\u015flar ve Verimlilik<\/h3>\n<ul class=\"product-specification-detail__list canon-mb-xm\">\n<li class=\"product-specification-detail__list-line canon-mb-xxs\">\n<div class=\"product-specification-detail__list-key\n\tcanon-paragraph--big\">Standart M\u00fcrekkep Kartu\u015flar\u0131<\/div>\n<div class=\"product-specification-detail__value-wrapper\">\n<div class=\"product-specification-detail__list-value canon-paragraph--big\">\n<p>\u0130ki Kat Dayan\u0131kl\u0131 Y\u00fcksek Yo\u011funlukta m\u00fcrekkep<\/p>\n<p>4 m\u00fcrekkep kartu\u015fu (Siyah [BK], Mavi [C], Macenta [M] ve Sar\u0131 [Y])<\/p>\n<\/div>\n<\/div>\n<\/li>\n<li class=\"product-specification-detail__list-line canon-mb-xxs\">\n<div class=\"product-specification-detail__list-key\n\tcanon-paragraph--big\">Opsiyonel XL M\u00fcrekkep Kartu\u015flar\u0131<\/div>\n<div class=\"product-specification-detail__value-wrapper\">\n<div class=\"product-specification-detail__list-value canon-paragraph--big\">\n<p>PGI-1500XL BK (1200 sayfa)\u00b9<\/p>\n<p>PGI-1500XL C (1020 sayfa)\u00b9<\/p>\n<p>PGI-1500XL M (780 sayfa)\u00b9<\/p>\n<p>PGI-1500XL Y (935 sayfa)\u00b9<\/p>\n<p>Renkli m\u00fcrekkep kartu\u015flar\u0131n\u0131n (CMY) ortalama verimlili\u011fi: 900 sayfa\u00b9<\/p>\n<\/div>\n<\/div>\n<\/li>\n<\/ul>\n<h3 class=\"product-specification-detail__sub-title canon-section-title--small canon-mb-s\">Ka\u011f\u0131t Deste\u011fi<\/h3>\n<ul class=\"product-specification-detail__list canon-mb-xm\">\n<li class=\"product-specification-detail__list-line canon-mb-xxs\">\n<div class=\"product-specification-detail__list-key\n\tcanon-paragraph--big\">Ka\u011f\u0131t T\u00fcrleri<\/div>\n<div class=\"product-specification-detail__value-wrapper\">\n<div class=\"product-specification-detail__list-value canon-paragraph--big\">\n<p>D\u00fcz Ka\u011f\u0131t<\/p>\n<p>Zarflar (DL, COM10, C5, Monarch)<\/p>\n<p>Canon Y\u00fcksek \u00c7\u00f6z\u00fcn\u00fcrl\u00fckl\u00fc Ka\u011f\u0131t (HR-101N)<\/p>\n<p>Canon Matte (MP-101)<\/p>\n<p>Canon Pro Luster (LU-101)<\/p>\n<p>Canon Plus Semi-gloss (SG-201)<\/p>\n<p>Canon Plus Glossy II (PP-201)<\/p>\n<p>Canon Parlak G\u00fcnl\u00fck Kullan\u0131m (GP-501)<\/p>\n<\/div>\n<\/div>\n<\/li>\n<li class=\"product-specification-detail__list-line canon-mb-xxs\">\n<div class=\"product-specification-detail__list-key\n\tcanon-paragraph--big\">Maksimum Ka\u011f\u0131t Giri\u015fi<\/div>\n<div class=\"product-specification-detail__value-wrapper\">\n<div class=\"product-specification-detail__list-value canon-paragraph--big\">\n<p>Kaset: 250 yaprak d\u00fcz ka\u011f\u0131t<\/p>\n<\/div>\n<\/div>\n<\/li>\n<li class=\"product-specification-detail__list-line canon-mb-xxs\">\n<div class=\"product-specification-detail__list-key\n\tcanon-paragraph--big\">Ka\u011f\u0131t Boyutlar\u0131<\/div>\n<div class=\"product-specification-detail__value-wrapper\">\n<div class=\"product-specification-detail__list-value canon-paragraph--big\">\n<p>D\u00fcz ka\u011f\u0131t: A4, A5, B5, LTR, LGL<\/p>\n<p>Foto\u011fraf ka\u011f\u0131d\u0131: A4, LTR, 20&#215;25 cm, 13&#215;18 cm, 10&#215;15 cm<\/p>\n<p>\u00d6zel boyutlar: Geni\u015flik 89-215,9 mm, Uzunluk 127-355,6 mm<\/p>\n<\/div>\n<\/div>\n<\/li>\n<li class=\"product-specification-detail__list-line canon-mb-xxs\">\n<div class=\"product-specification-detail__list-key\n\tcanon-paragraph--big\">Ka\u011f\u0131t A\u011f\u0131rl\u0131\u011f\u0131<\/div>\n<div class=\"product-specification-detail__value-wrapper\">\n<div class=\"product-specification-detail__list-value canon-paragraph--big\">\n<p>D\u00fcz ka\u011f\u0131t: 64 &#8211; 105 g\/m\u00b2<\/p>\n<p>Canon foto\u011fraf ka\u011f\u0131d\u0131: en fazla 275 g\/m\u00b2<\/p>\n<\/div>\n<\/div>\n<\/li>\n<\/ul>\n<h3 class=\"product-specification-detail__sub-title canon-section-title--small canon-mb-s\">Taray\u0131c\u0131 Teknik \u00d6zellikleri<\/h3>\n<ul class=\"product-specification-detail__list canon-mb-xm\">\n<li class=\"product-specification-detail__list-line canon-mb-xxs\">\n<div class=\"product-specification-detail__list-key\n\tcanon-paragraph--big\">Taray\u0131c\u0131 T\u00fcr\u00fc<\/div>\n<div class=\"product-specification-detail__value-wrapper\">\n<div class=\"product-specification-detail__list-value canon-paragraph--big\">\n<p>D\u00fcz Yatak, ADF<\/p>\n<p>CIS renkli taray\u0131c\u0131<\/p>\n<\/div>\n<\/div>\n<\/li>\n<li class=\"product-specification-detail__list-line canon-mb-xxs\">\n<div class=\"product-specification-detail__list-key\n\tcanon-paragraph--big\">Taray\u0131c\u0131 \u00c7\u00f6z\u00fcn\u00fcrl\u00fc\u011f\u00fc (Optik)<\/div>\n<div class=\"product-specification-detail__value-wrapper\">\n<div class=\"product-specification-detail__list-value canon-paragraph--big\">\n<p>1200 x 1200 dpiye kadar\u00b9<\/p>\n<\/div>\n<\/div>\n<\/li>\n<li class=\"product-specification-detail__list-line canon-mb-xxs\">\n<div class=\"product-specification-detail__list-key\n\tcanon-paragraph--big\">Tarama Derinli\u011fi (Giri\u015f \/ \u00c7\u0131k\u0131\u015f)<\/div>\n<div class=\"product-specification-detail__value-wrapper\">\n<div class=\"product-specification-detail__list-value canon-paragraph--big\">\n<p>Renkli: 48 bit \/ 24 bit<\/p>\n<p>Gri Tonlamal\u0131: 16 bit \/ 8 bit<\/p>\n<\/div>\n<\/div>\n<\/li>\n<li class=\"product-specification-detail__list-line canon-mb-xxs\">\n<div class=\"product-specification-detail__list-key\n\tcanon-paragraph--big\">Maksimum Belge Boyutu<\/div>\n<div class=\"product-specification-detail__value-wrapper\">\n<div class=\"product-specification-detail__list-value canon-paragraph--big\">\n<p>D\u00fcz Yatakl\u0131: A4, LTR (216 x 297 mm)<\/p>\n<p>ADF: A4, LTR, LGL<\/p>\n<\/div>\n<\/div>\n<\/li>\n<\/ul>\n<h3 class=\"product-specification-detail__sub-title canon-section-title--small canon-mb-s\">Fotokopi Cihaz\u0131 Teknik \u00d6zellikleri<\/h3>\n<ul class=\"product-specification-detail__list canon-mb-xm\">\n<li class=\"product-specification-detail__list-line canon-mb-xxs\">\n<div class=\"product-specification-detail__list-key\n\tcanon-paragraph--big\">Fotokopi H\u0131z\u0131<\/div>\n<div class=\"product-specification-detail__value-wrapper\">\n<div class=\"product-specification-detail__list-value canon-paragraph--big\">\n<p>ADF renkli: 10 ipm\u00b9<\/p>\n<p>ADF siyah beyaz: 18 ipm\u00b9<\/p>\n<\/div>\n<\/div>\n<\/li>\n<li class=\"product-specification-detail__list-line canon-mb-xxs\">\n<div class=\"product-specification-detail__list-key\n\tcanon-paragraph--big\">Fotokopi Kalitesi<\/div>\n<div class=\"product-specification-detail__value-wrapper\">\n<div class=\"product-specification-detail__list-value canon-paragraph--big\">\n<p>Standart, Y\u00fcksek<\/p>\n<\/div>\n<\/div>\n<\/li>\n<li class=\"product-specification-detail__list-line canon-mb-xxs\">\n<div class=\"product-specification-detail__list-key\n\tcanon-paragraph--big\">\u00c7oklu Fotokopi<\/div>\n<div class=\"product-specification-detail__value-wrapper\">\n<div class=\"product-specification-detail__list-value canon-paragraph--big\">\n<p>99 sayfaya kadar<\/p>\n<\/div>\n<\/div>\n<\/li>\n<li class=\"product-specification-detail__list-line canon-mb-xxs\">\n<div class=\"product-specification-detail__list-key\n\tcanon-paragraph--big\">Fotokopi \u0130\u015flevleri<\/div>\n<div class=\"product-specification-detail__value-wrapper\">\n<div class=\"product-specification-detail__list-value canon-paragraph--big\">\n<p>\u00c7er\u00e7eve Silme, D\u00fczenleme, 1 sayfaya 2 sayfa, 1 sayfa 4 sayfa<\/p>\n<\/div>\n<\/div>\n<\/li>\n<li class=\"product-specification-detail__list-line canon-mb-xxs\">\n<div class=\"product-specification-detail__list-key\n\tcanon-paragraph--big\">Fotokopi Zumu<\/div>\n<div class=\"product-specification-detail__value-wrapper\">\n<div class=\"product-specification-detail__list-value canon-paragraph--big\">\n<p>%25-400, Sayfaya S\u0131\u011fd\u0131rma<\/p>\n<\/div>\n<\/div>\n<\/li>\n<\/ul>\n<h3 class=\"product-specification-detail__sub-title canon-section-title--small canon-mb-s\">Faks Teknik \u00d6zellikleri<\/h3>\n<ul class=\"product-specification-detail__list canon-mb-xm\">\n<li class=\"product-specification-detail__list-line canon-mb-xxs\">\n<div class=\"product-specification-detail__list-key\n\tcanon-paragraph--big\">Faks T\u00fcr\u00fc<\/div>\n<div class=\"product-specification-detail__value-wrapper\">\n<div class=\"product-specification-detail__list-value canon-paragraph--big\">\n<p>S\u00fcper G3 \/ Renkli<\/p>\n<\/div>\n<\/div>\n<\/li>\n<li class=\"product-specification-detail__list-line canon-mb-xxs\">\n<div class=\"product-specification-detail__list-key\n\tcanon-paragraph--big\">Faks \u00c7\u00f6z\u00fcn\u00fcrl\u00fc\u011f\u00fc<\/div>\n<div class=\"product-specification-detail__value-wrapper\">\n<div class=\"product-specification-detail__list-value canon-paragraph--big\">\n<p>Siyah Beyaz: 300 x 300 dpiye kadar<\/p>\n<p>Renkli: 200 x 200 dpi<\/p>\n<\/div>\n<\/div>\n<\/li>\n<li class=\"product-specification-detail__list-line canon-mb-xxs\">\n<div class=\"product-specification-detail__list-key\n\tcanon-paragraph--big\">Faks H\u0131z\u0131<\/div>\n<div class=\"product-specification-detail__value-wrapper\">\n<div class=\"product-specification-detail__list-value canon-paragraph--big\">\n<p>Siyah Beyaz: yakla\u015f\u0131k 3 sn. (33,6 kbps)\u00b9<\/p>\n<p>Renkli: yakla\u015f\u0131k 1 dk. (33,6 kbps)\u00b9<\/p>\n<\/div>\n<\/div>\n<\/li>\n<li class=\"product-specification-detail__list-line canon-mb-xxs\">\n<div class=\"product-specification-detail__list-key\n\tcanon-paragraph--big\">Faks Belle\u011fi<\/div>\n<div class=\"product-specification-detail__value-wrapper\">\n<div class=\"product-specification-detail__list-value canon-paragraph--big\">\n<p>250 sayfaya kadar<\/p>\n<\/div>\n<\/div>\n<\/li>\n<li class=\"product-specification-detail__list-line canon-mb-xxs\">\n<div class=\"product-specification-detail__list-key\n\tcanon-paragraph--big\">Kodlu H\u0131zl\u0131 Arama<\/div>\n<div class=\"product-specification-detail__value-wrapper\">\n<div class=\"product-specification-detail__list-value canon-paragraph--big\">\n<p>Maks. 100 konum<\/p>\n<\/div>\n<\/div>\n<\/li>\n<li class=\"product-specification-detail__list-line canon-mb-xxs\">\n<div class=\"product-specification-detail__list-key\n\tcanon-paragraph--big\">Grup Arama<\/div>\n<div class=\"product-specification-detail__value-wrapper\">\n<div class=\"product-specification-detail__list-value canon-paragraph--big\">\n<p>Maks. 99 konum<\/p>\n<\/div>\n<\/div>\n<\/li>\n<\/ul>\n<h3 class=\"product-specification-detail__sub-title canon-section-title--small canon-mb-s\">Aray\u00fcz<\/h3>\n<ul class=\"product-specification-detail__list canon-mb-xm\">\n<li class=\"product-specification-detail__list-line canon-mb-xxs\">\n<div class=\"product-specification-detail__list-key\n\tcanon-paragraph--big\">Ekran Tipi ve Boyutu<\/div>\n<div class=\"product-specification-detail__value-wrapper\">\n<div class=\"product-specification-detail__list-value canon-paragraph--big\">\n<p>6,2 cm renkli ekran<\/p>\n<\/div>\n<\/div>\n<\/li>\n<\/ul>\n<h3 class=\"product-specification-detail__sub-title canon-section-title--small canon-mb-s\">Ba\u011flant\u0131<\/h3>\n<ul class=\"product-specification-detail__list canon-mb-xm\">\n<li class=\"product-specification-detail__list-line canon-mb-xxs\">\n<div class=\"product-specification-detail__list-key\n\tcanon-paragraph--big\">Kablolu LAN<\/div>\n<div class=\"product-specification-detail__value-wrapper\">\n<div class=\"product-specification-detail__list-value canon-paragraph--big\">\n<p>Y\u00fcksek H\u0131zl\u0131 USB 2.0<\/p>\n<p>USB fla\u015f bellek ba\u011flant\u0131 noktas\u0131 (A tipi)<\/p>\n<\/div>\n<\/div>\n<\/li>\n<li class=\"product-specification-detail__list-line canon-mb-xxs\">\n<div class=\"product-specification-detail__list-key\n\tcanon-paragraph--big\">Kablosuz LAN<\/div>\n<div class=\"product-specification-detail__value-wrapper\">\n<div class=\"product-specification-detail__list-value canon-paragraph--big\">\n<p>Wi-Fi IEEE802.11 b\/g\/n\u00b9<\/p>\n<p>Kablosuz LAN Frekans Band\u0131: 2,4 GHz<\/p>\n<p>Eri\u015fim Noktas\u0131 Modu<\/p>\n<p>Kablosuz LAN\u0131 etkinle\u015ftirme\/devre d\u0131\u015f\u0131 b\u0131rakma talimatlar\u0131 i\u00e7in l\u00fctfen kullan\u0131c\u0131 k\u0131lavuzuna ba\u015fvurun.<\/p>\n<\/div>\n<\/div>\n<\/li>\n<\/ul>\n<h3 class=\"product-specification-detail__sub-title canon-section-title--small canon-mb-s\">Yaz\u0131l\u0131m<\/h3>\n<ul class=\"product-specification-detail__list canon-mb-xm\">\n<li class=\"product-specification-detail__list-line canon-mb-xxs\">\n<div class=\"product-specification-detail__list-key\n\tcanon-paragraph--big\">Desteklenen \u0130\u015fletim Sistemleri<\/div>\n<div class=\"product-specification-detail__value-wrapper\">\n<div class=\"product-specification-detail__list-value canon-paragraph--big\">\n<p>Windows 10 \/ 8.1 \/ 8 \/ 7 \/ 7 SP1 \/ Vista SP2<\/p>\n<p>Windows Server 2008 \/ 2008 R2 \/ 2012 \/ 2012 R2<\/p>\n<p>Mac OS X v10.8.5 veya \u00fczeri<\/p>\n<\/div>\n<\/div>\n<\/li>\n<li class=\"product-specification-detail__list-line canon-mb-xxs\">\n<div class=\"product-specification-detail__list-key\n\tcanon-paragraph--big\">Desteklenen Mobil Sistemler<\/div>\n<div class=\"product-specification-detail__value-wrapper\">\n<div class=\"product-specification-detail__list-value canon-paragraph--big\">\n<p>iOS, Android, Windows RT, Windows 10 Mobile<\/p>\n<\/div>\n<\/div>\n<\/li>\n<li class=\"product-specification-detail__list-line canon-mb-xxs\">\n<div class=\"product-specification-detail__list-key\n\tcanon-paragraph--big\">Minimum Sistem Gereksinimleri<\/div>\n<div class=\"product-specification-detail__value-wrapper\">\n<div class=\"product-specification-detail__list-value canon-paragraph--big\">\n<p>Windows: Internet Explorer 8, internet ba\u011flant\u0131s\u0131 veya CD-ROM<\/p>\n<p>Mac: Safari 5 ve internet ba\u011flant\u0131s\u0131<\/p>\n<p>Ekran: 1024&#215;768 veya \u00fcst\u00fc<\/p>\n<\/div>\n<\/div>\n<\/li>\n<li class=\"product-specification-detail__list-line canon-mb-xxs\">\n<div class=\"product-specification-detail__list-key\n\tcanon-paragraph--big\">Birlikte Verilen Yaz\u0131l\u0131mlar<\/div>\n<div class=\"product-specification-detail__value-wrapper\">\n<div class=\"product-specification-detail__list-value canon-paragraph--big\">\n<p>Yaz\u0131c\u0131 s\u00fcr\u00fcc\u00fcs\u00fc ve faks s\u00fcr\u00fcc\u00fcs\u00fc<\/p>\n<p>Quick Utility Toolbox<\/p>\n<p>IJ Network Device Setup Utility<\/p>\n<p>Easy-WebPrint EX<\/p>\n<\/div>\n<\/div>\n<\/li>\n<\/ul>\n<h3 class=\"product-specification-detail__sub-title canon-section-title--small canon-mb-s\">Fiziksel \u00d6zellikler<\/h3>\n<ul class=\"product-specification-detail__list canon-mb-xm\">\n<li class=\"product-specification-detail__list-line canon-mb-xxs\">\n<div class=\"product-specification-detail__list-key\n\tcanon-paragraph--big\">A\u011f\u0131rl\u0131k<\/div>\n<div class=\"product-specification-detail__value-wrapper\">\n<div class=\"product-specification-detail__list-value canon-paragraph--big\">\n<p>10,6 kg<\/p>\n<\/div>\n<\/div>\n<\/li>\n<li class=\"product-specification-detail__list-line canon-mb-xxs\">\n<div class=\"product-specification-detail__list-key\n\tcanon-paragraph--big\">Boyutlar (G x D x Y)<\/div>\n<div class=\"product-specification-detail__value-wrapper\">\n<div class=\"product-specification-detail__list-value canon-paragraph--big\">\n<p>463 x 389 x 260 mm<\/p>\n<p>463 x 459 x 260 mm (ka\u011f\u0131t yerle\u015ftirilmi\u015f)<\/p>\n<\/div>\n<\/div>\n<\/li>\n<li class=\"product-specification-detail__list-line canon-mb-xxs\">\n<div class=\"product-specification-detail__list-key\n\tcanon-paragraph--big\">Akustik G\u00fcr\u00fclt\u00fc D\u00fczeyleri<\/div>\n<div class=\"product-specification-detail__value-wrapper\">\n<div class=\"product-specification-detail__list-value canon-paragraph--big\">\n<p>Yakla\u015f\u0131k 56 dB (A)\u00b9<\/p>\n<\/div>\n<\/div>\n<\/li>\n<li class=\"product-specification-detail__list-line canon-mb-xxs\">\n<div class=\"product-specification-detail__list-key\n\tcanon-paragraph--big\">\u00d6nerilen \u00c7al\u0131\u015fma Ortam\u0131<\/div>\n<div class=\"product-specification-detail__value-wrapper\">\n<div class=\"product-specification-detail__list-value canon-paragraph--big\">\n<p>S\u0131cakl\u0131k: 15-30\u00b0C<\/p>\n<p>Nem: %10 &#8211; %80 BN (yo\u011fu\u015fmas\u0131z)<\/p>\n<\/div>\n<\/div>\n<\/li>\n<li class=\"product-specification-detail__list-line canon-mb-xxs\">\n<div class=\"product-specification-detail__list-key\n\tcanon-paragraph--big\">G\u00fc\u00e7 Kayna\u011f\u0131<\/div>\n<div class=\"product-specification-detail__value-wrapper\">\n<div class=\"product-specification-detail__list-value canon-paragraph--big\">\n<p>AC 100-240 V, 50\/60 Hz<\/p>\n<\/div>\n<\/div>\n<\/li>\n<li class=\"product-specification-detail__list-line canon-mb-xxs\">\n<div class=\"product-specification-detail__list-key\n\tcanon-paragraph--big\">Ortalama toplam i\u015f hacmi<\/div>\n<div class=\"product-specification-detail__value-wrapper\">\n<div class=\"product-specification-detail__list-value canon-paragraph--big\">\n<p>en fazla 20.000 sayfa\u00b9<\/p>\n<\/div>\n<\/div>\n<\/li>\n<li class=\"product-specification-detail__list-line canon-mb-xxs\">\n<div class=\"product-specification-detail__list-key\n\tcanon-paragraph--big\">G\u00fc\u00e7 T\u00fcketimi<\/div>\n<div class=\"product-specification-detail__value-wrapper\">\n<div class=\"product-specification-detail__list-value canon-paragraph--big\">\n<p>Beklemede (tarama lambas\u0131 kapal\u0131)<\/p>\n<p>USBden PCye ba\u011flant\u0131: Yakla\u015f\u0131k 0,9<\/p>\n<p>Beklemede (t\u00fcm ba\u011flant\u0131 noktalar\u0131 ba\u011fl\u0131, tarama lambas\u0131 kapal\u0131): yakla\u015f\u0131k 1,7 W<\/p>\n<p>Bekleme moduna ge\u00e7me s\u00fcresi: yakla\u015f\u0131k 7 dakika<\/p>\n<p>Kapal\u0131: Yakla\u015f\u0131k 0,2 W<\/p>\n<p>Fotokopi (USBden PCye ba\u011flant\u0131): Yakla\u015f\u0131k 27 W\u00b9<\/p>\n<\/div>\n<\/div>\n<\/li>\n<li class=\"product-specification-detail__list-line canon-mb-xxs\">\n<div class=\"product-specification-detail__list-key\n\tcanon-paragraph--big\">Tipik Elektrik T\u00fcketimi<\/div>\n<div class=\"product-specification-detail__value-wrapper\">\n<div class=\"product-specification-detail__list-value canon-paragraph--big\">\n<p>0,22 kW\/sa\u00b9<\/p>\n<\/div>\n<\/div>\n<\/li>\n<li class=\"product-specification-detail__list-line canon-mb-xxs\">\n<div class=\"product-specification-detail__list-key\n\tcanon-paragraph--big\">\u00d6nerilen Bask\u0131 Hacmi<\/div>\n<div class=\"product-specification-detail__value-wrapper\">\n<div class=\"product-specification-detail__list-value canon-paragraph--big\">\n<p>200-1000 sayfa \/ ayl\u0131k<\/p>\n<\/div>\n<\/div>\n<\/li>\n<\/ul>\n","protected":false},"excerpt":{"rendered":"<table class=\"product-detail\" border=\"0\" width=\"100%\" cellspacing=\"0\" cellpadding=\"0\">\n<tbody>\n<tr>\n<td class=\"product-detail-02\" width=\"34%\">Yaz\u0131c\u0131 Tipi:<\/td>\n<td width=\"66%\">\u00a0\u00c7OK FONKS\u0130YONLU<\/td>\n<\/tr>\n<tr>\n<td class=\"product-detail-02\" width=\"34%\">Bask\u0131 Ebat\u0131:<\/td>\n<td width=\"66%\">\u00a0A4<\/td>\n<\/tr>\n<tr>\n<td class=\"product-detail-02\" width=\"34%\">Ethernet:<\/td>\n<td width=\"66%\">\u00a0YOK<\/td>\n<\/tr>\n<tr>\n<td class=\"product-detail-02\" width=\"34%\">Wi-Fi:<\/td>\n<td width=\"66%\">\u00a0VAR<\/td>\n<\/tr>\n<tr>\n<td class=\"product-detail-02\" width=\"34%\">\u00c7ift Tarafl\u0131 Bask\u0131:<\/td>\n<td width=\"66%\">\u00a0VAR<\/td>\n<\/tr>\n<tr>\n<td class=\"product-detail-02\" width=\"34%\">Fotokopi:<\/td>\n<td width=\"66%\">\u00a0VAR<\/td>\n<\/tr>\n<tr>\n<td class=\"product-detail-02\" width=\"34%\">Taray\u0131c\u0131:<\/td>\n<td width=\"66%\">\u00a0VAR<\/td>\n<\/tr>\n<tr>\n<td class=\"product-detail-02\" width=\"34%\">Fax:<\/td>\n<td width=\"66%\">\u00a0VAR<\/td>\n<\/tr>\n<\/tbody>\n<\/table>\n","protected":false},"featured_media":1242,"template":"","meta":{"om_disable_all_campaigns":false,"_monsterinsights_skip_tracking":false,"_monsterinsights_sitenote_active":false,"_monsterinsights_sitenote_note":"","_monsterinsights_sitenote_category":0},"product_cat":[106],"product_tag":[],"class_list":{"0":"post-1241","1":"product","2":"type-product","3":"status-publish","4":"has-post-thumbnail","6":"product_cat-murekkepli-yazicilar","7":"thunk-woo-product-list","8":"opn-qv-enable","9":"top-store-woo-hover-zoom","10":"top-store-single-product-tab-horizontal","11":"top-store-shadow-","12":"top-store-shadow-hover-","14":"first","15":"instock","16":"taxable","17":"shipping-taxable","18":"product-type-simple"},"aioseo_notices":[],"_links":{"self":[{"href":"https:\/\/bilginteknoloji.com\/woo\/wp-json\/wp\/v2\/product\/1241","targetHints":{"allow":["GET"]}}],"collection":[{"href":"https:\/\/bilginteknoloji.com\/woo\/wp-json\/wp\/v2\/product"}],"about":[{"href":"https:\/\/bilginteknoloji.com\/woo\/wp-json\/wp\/v2\/types\/product"}],"wp:featuredmedia":[{"embeddable":true,"href":"https:\/\/bilginteknoloji.com\/woo\/wp-json\/wp\/v2\/media\/1242"}],"wp:attachment":[{"href":"https:\/\/bilginteknoloji.com\/woo\/wp-json\/wp\/v2\/media?parent=1241"}],"wp:term":[{"taxonomy":"product_cat","embeddable":true,"href":"https:\/\/bilginteknoloji.com\/woo\/wp-json\/wp\/v2\/product_cat?post=1241"},{"taxonomy":"product_tag","embeddable":true,"href":"https:\/\/bilginteknoloji.com\/woo\/wp-json\/wp\/v2\/product_tag?post=1241"}],"curies":[{"name":"wp","href":"https:\/\/api.w.org\/{rel}","templated":true}]}}