{"id":1233,"date":"2024-09-04T13:01:17","date_gmt":"2024-09-04T10:01:17","guid":{"rendered":"https:\/\/bilginteknoloji.com\/woo\/?post_type=product&#038;p=1233"},"modified":"2024-09-04T13:01:18","modified_gmt":"2024-09-04T10:01:18","slug":"canon-pixma-e3440-renkli-kartuslu-yazici-tarayici-fotokopi-usb-wifi-bulut-orijinal-murekkep","status":"publish","type":"product","link":"https:\/\/bilginteknoloji.com\/woo\/urun\/canon-pixma-e3440-renkli-kartuslu-yazici-tarayici-fotokopi-usb-wifi-bulut-orijinal-murekkep\/","title":{"rendered":"CANON PIXMA E3440, Renkli, Kartu\u015flu, Yaz\u0131c\u0131, Taray\u0131c\u0131, Fotokopi, Usb, Wifi, Bulut, OR\u0130J\u0130NAL M\u00dcREKKEP"},"content":{"rendered":"<h3 class=\"product-specification-detail__sub-title canon-section-title--small canon-mb-s\">Genel \u00d6zellikler<\/h3>\n<ul class=\"product-specification-detail__list canon-mb-xm\">\n<li class=\"product-specification-detail__list-line canon-mb-xxs\">\n<div class=\"product-specification-detail__list-key\n\tcanon-paragraph--big\">\u0130\u015flevler<\/div>\n<div class=\"product-specification-detail__value-wrapper\">\n<div class=\"product-specification-detail__list-value canon-paragraph--big\">Wi-Fi, Bask\u0131, Fotokopi, Tarama, Bulut<\/div>\n<\/div>\n<\/li>\n<\/ul>\n<h3 class=\"product-specification-detail__sub-title canon-section-title--small canon-mb-s\">Yaz\u0131c\u0131 Teknik \u00d6zellikleri<\/h3>\n<ul class=\"product-specification-detail__list canon-mb-xm\">\n<li class=\"product-specification-detail__list-line canon-mb-xxs\">\n<div class=\"product-specification-detail__list-key\n\tcanon-paragraph--big\">Bask\u0131 \u00c7\u00f6z\u00fcn\u00fcrl\u00fc\u011f\u00fc<\/div>\n<div class=\"product-specification-detail__value-wrapper\">\n<div class=\"product-specification-detail__list-value canon-paragraph--big\">4800\u00a01\u00a0x 1200 dpiye kadar<\/div>\n<\/div>\n<\/li>\n<li class=\"product-specification-detail__list-line canon-mb-xxs\">\n<div class=\"product-specification-detail__list-key\n\tcanon-paragraph--big\">Bask\u0131 Teknolojisi<\/div>\n<div class=\"product-specification-detail__value-wrapper\">\n<div class=\"product-specification-detail__list-value canon-paragraph--big\">2 Adet FINE Kartu\u015f (Siyah ve Renkli)<\/div>\n<\/div>\n<\/li>\n<li class=\"product-specification-detail__list-line canon-mb-xxs\">\n<div class=\"product-specification-detail__list-key\n\tcanon-paragraph--big\">Siyah-Beyaz Bask\u0131 H\u0131z\u0131<\/div>\n<div class=\"product-specification-detail__value-wrapper\">\n<div class=\"product-specification-detail__list-value canon-paragraph--big\">Yakla\u015f\u0131k 7,7 ipm\u00a02<\/div>\n<\/div>\n<\/li>\n<li class=\"product-specification-detail__list-line canon-mb-xxs\">\n<div class=\"product-specification-detail__list-key\n\tcanon-paragraph--big\">Renkli Bask\u0131 H\u0131z\u0131<\/div>\n<div class=\"product-specification-detail__value-wrapper\">\n<div class=\"product-specification-detail__list-value canon-paragraph--big\">Yakla\u015f\u0131k 4,0 ipm\u00a03<\/div>\n<\/div>\n<\/li>\n<li class=\"product-specification-detail__list-line canon-mb-xxs\">\n<div class=\"product-specification-detail__list-key\n\tcanon-paragraph--big\">Foto\u011fraf Bask\u0131s\u0131 H\u0131z\u0131<\/div>\n<div class=\"product-specification-detail__value-wrapper\">\n<div class=\"product-specification-detail__list-value canon-paragraph--big\">Kenarl\u0131ks\u0131z 10 x 15 cm: Yakla\u015f\u0131k 65 saniye\u00a04<\/div>\n<\/div>\n<\/li>\n<li class=\"product-specification-detail__list-line canon-mb-xxs\">\n<div class=\"product-specification-detail__list-key\n\tcanon-paragraph--big\">Kenarl\u0131ks\u0131z Bask\u0131<\/div>\n<div class=\"product-specification-detail__value-wrapper\">\n<div class=\"product-specification-detail__list-value canon-paragraph--big\">Var (13&#215;18 cm, 10&#215;15 cm, 13&#215;13 cm)<\/div>\n<\/div>\n<\/li>\n<li class=\"product-specification-detail__list-line canon-mb-xxs\">\n<div class=\"product-specification-detail__list-key\n\tcanon-paragraph--big\">\u00c7ift Tarafl\u0131 Bask\u0131<\/div>\n<div class=\"product-specification-detail__value-wrapper\">\n<div class=\"product-specification-detail__list-value canon-paragraph--big\">Manuel kullan\u0131m<\/div>\n<\/div>\n<\/li>\n<\/ul>\n<h3 class=\"product-specification-detail__sub-title canon-section-title--small canon-mb-s\">Kartu\u015flar ve Verimlilik<\/h3>\n<ul class=\"product-specification-detail__list canon-mb-xm\">\n<li class=\"product-specification-detail__list-line canon-mb-xxs\">\n<div class=\"product-specification-detail__list-key\n\tcanon-paragraph--big\">Standart M\u00fcrekkep Kartu\u015flar\u0131<\/div>\n<div class=\"product-specification-detail__value-wrapper\">\n<div class=\"product-specification-detail__list-value canon-paragraph--big\">PG-46 (Siyah)<br \/>\nCL-56 (Renkli)<\/div>\n<\/div>\n<\/li>\n<li class=\"product-specification-detail__list-line canon-mb-xxs\">\n<div class=\"product-specification-detail__list-key\n\tcanon-paragraph--big\">Kartu\u015f Verimlili\u011fi (D\u00fcz Ka\u011f\u0131t)<\/div>\n<div class=\"product-specification-detail__value-wrapper\">\n<div class=\"product-specification-detail__list-value canon-paragraph--big\">A4 renkli belge yazd\u0131rma\u00a05<br \/>\nSiyah: 400 sayfa<br \/>\nRenkli: 300 sayfa<\/div>\n<\/div>\n<\/li>\n<li class=\"product-specification-detail__list-line canon-mb-xxs\">\n<div class=\"product-specification-detail__list-key\n\tcanon-paragraph--big\">Kartu\u015f Verimlili\u011fi (Foto\u011fraf)<\/div>\n<div class=\"product-specification-detail__value-wrapper\">\n<div class=\"product-specification-detail__list-value canon-paragraph--big\">10&#215;15 cm foto\u011fraf\u00a06<br \/>\nSiyah: 3520* foto\u011fraf<br \/>\nRenkli: 90 foto\u011fraf<br \/>\n* Tahmini sarf malzemesi kapasitesi<\/div>\n<\/div>\n<\/li>\n<\/ul>\n<h3 class=\"product-specification-detail__sub-title canon-section-title--small canon-mb-s\">Ka\u011f\u0131t Deste\u011fi<\/h3>\n<ul class=\"product-specification-detail__list canon-mb-xm\">\n<li class=\"product-specification-detail__list-line canon-mb-xxs\">\n<div class=\"product-specification-detail__list-key\n\tcanon-paragraph--big\">Ka\u011f\u0131t T\u00fcrleri<\/div>\n<div class=\"product-specification-detail__value-wrapper\">\n<div class=\"product-specification-detail__list-value canon-paragraph--big\">D\u00fcz Ka\u011f\u0131t<br \/>\nPlus Glossy II Foto\u011fraf Ka\u011f\u0131d\u0131 (PP-201)<br \/>\nFoto\u011fraf Ka\u011f\u0131d\u0131 Parlak &#8220;G\u00fcnl\u00fck Kullan\u0131m&#8221; (GP-501)<br \/>\nM\u0131knat\u0131sl\u0131 Foto\u011fraf Ka\u011f\u0131d\u0131 (MG-101)<br \/>\nYeniden Yap\u0131\u015ft\u0131r\u0131labilir Foto\u011fraf Ka\u011f\u0131d\u0131 (RP-101)<br \/>\nCanon Red Label Superior (WOP111)<br \/>\nCanon Oce Renkli Ofis Ka\u011f\u0131d\u0131 (SAT213)<\/div>\n<\/div>\n<\/li>\n<li class=\"product-specification-detail__list-line canon-mb-xxs\">\n<div class=\"product-specification-detail__list-key\n\tcanon-paragraph--big\">Maksimum Ka\u011f\u0131t Giri\u015fi<\/div>\n<div class=\"product-specification-detail__value-wrapper\">\n<div class=\"product-specification-detail__list-value canon-paragraph--big\">Arka Tepsi: Maks. 60 yaprak (d\u00fcz ka\u011f\u0131t)<\/div>\n<\/div>\n<\/li>\n<li class=\"product-specification-detail__list-line canon-mb-xxs\">\n<div class=\"product-specification-detail__list-key\n\tcanon-paragraph--big\">Ka\u011f\u0131t Boyutlar\u0131<\/div>\n<div class=\"product-specification-detail__value-wrapper\">\n<div class=\"product-specification-detail__list-value canon-paragraph--big\">D\u00fcz ka\u011f\u0131t: A4, A5, B5, Letter, Legal<br \/>\nFoto\u011fraf ka\u011f\u0131d\u0131: 13&#215;18 cm, 10&#215;15 cm, 13&#215;13 cm<\/p>\n<p>[\u00d6zel boyut]<br \/>\ngeni\u015flik 89 mm &#8211; 215,9 mm, uzunluk 127 mm &#8211; 676 mm<\/p><\/div>\n<\/div>\n<\/li>\n<li class=\"product-specification-detail__list-line canon-mb-xxs\">\n<div class=\"product-specification-detail__list-key\n\tcanon-paragraph--big\">Ka\u011f\u0131t A\u011f\u0131rl\u0131\u011f\u0131<\/div>\n<div class=\"product-specification-detail__value-wrapper\">\n<div class=\"product-specification-detail__list-value canon-paragraph--big\">D\u00fcz ka\u011f\u0131t: 64 &#8211; 105 g\/m\u00b2<br \/>\nCanon foto\u011fraf ka\u011f\u0131d\u0131: en fazla 275 g\/m\u00b2<\/div>\n<\/div>\n<\/li>\n<\/ul>\n<h3 class=\"product-specification-detail__sub-title canon-section-title--small canon-mb-s\">Taray\u0131c\u0131 Teknik \u00d6zellikleri<\/h3>\n<ul class=\"product-specification-detail__list canon-mb-xm\">\n<li class=\"product-specification-detail__list-line canon-mb-xxs\">\n<div class=\"product-specification-detail__list-key\n\tcanon-paragraph--big\">Taray\u0131c\u0131 T\u00fcr\u00fc<\/div>\n<div class=\"product-specification-detail__value-wrapper\">\n<div class=\"product-specification-detail__list-value canon-paragraph--big\">CIS d\u00fcz yatakl\u0131 foto\u011fraf ve belge taray\u0131c\u0131<\/div>\n<\/div>\n<\/li>\n<li class=\"product-specification-detail__list-line canon-mb-xxs\">\n<div class=\"product-specification-detail__list-key\n\tcanon-paragraph--big\">Taray\u0131c\u0131 \u00c7\u00f6z\u00fcn\u00fcrl\u00fc\u011f\u00fc (Optik)<\/div>\n<div class=\"product-specification-detail__value-wrapper\">\n<div class=\"product-specification-detail__list-value canon-paragraph--big\">600 x 1200 dpi\u00a07<\/div>\n<\/div>\n<\/li>\n<li class=\"product-specification-detail__list-line canon-mb-xxs\">\n<div class=\"product-specification-detail__list-key\n\tcanon-paragraph--big\">Tarama Derinli\u011fi (Giri\u015f \/ \u00c7\u0131k\u0131\u015f)<\/div>\n<div class=\"product-specification-detail__value-wrapper\">\n<div class=\"product-specification-detail__list-value canon-paragraph--big\">Renk: RGB her biri 16 bit\/8 bit<br \/>\nGri Tonlamal\u0131: 16 bit \/ 8 bit<\/div>\n<\/div>\n<\/li>\n<li class=\"product-specification-detail__list-line canon-mb-xxs\">\n<div class=\"product-specification-detail__list-key\n\tcanon-paragraph--big\">Maksimum Belge Boyutu<\/div>\n<div class=\"product-specification-detail__value-wrapper\">\n<div class=\"product-specification-detail__list-value canon-paragraph--big\">216 x 297 mm<\/div>\n<\/div>\n<\/li>\n<\/ul>\n<h3 class=\"product-specification-detail__sub-title canon-section-title--small canon-mb-s\">Fotokopi Cihaz\u0131 Teknik \u00d6zellikleri<\/h3>\n<ul class=\"product-specification-detail__list canon-mb-xm\">\n<li class=\"product-specification-detail__list-line canon-mb-xxs\">\n<div class=\"product-specification-detail__list-key\n\tcanon-paragraph--big\">Fotokopi H\u0131z\u0131<\/div>\n<div class=\"product-specification-detail__value-wrapper\">\n<div class=\"product-specification-detail__list-value canon-paragraph--big\">sFCOT: Yakla\u015f\u0131k 27 sn.\u00a08\u00a0sESAT: Yakla\u015f\u0131k 3,0 ipm\u00a09<\/div>\n<\/div>\n<\/li>\n<li class=\"product-specification-detail__list-line canon-mb-xxs\">\n<div class=\"product-specification-detail__list-key\n\tcanon-paragraph--big\">\u00c7oklu Fotokopi<\/div>\n<div class=\"product-specification-detail__value-wrapper\">\n<div class=\"product-specification-detail__list-value canon-paragraph--big\">20 kopya (maks.)<\/div>\n<\/div>\n<\/li>\n<li class=\"product-specification-detail__list-line canon-mb-xxs\">\n<div class=\"product-specification-detail__list-key\n\tcanon-paragraph--big\">Fotokopi \u0130\u015flevleri<\/div>\n<div class=\"product-specification-detail__value-wrapper\">\n<div class=\"product-specification-detail__list-value canon-paragraph--big\">Belge fotokopisi, Kenarl\u0131ks\u0131z fotokopi<\/div>\n<\/div>\n<\/li>\n<li class=\"product-specification-detail__list-line canon-mb-xxs\">\n<div class=\"product-specification-detail__list-key\n\tcanon-paragraph--big\">Fotokopi Zumu<\/div>\n<div class=\"product-specification-detail__value-wrapper\">\n<div class=\"product-specification-detail__list-value canon-paragraph--big\">%25 &#8211; 400<br \/>\nSayfaya s\u0131\u011fd\u0131rma\u00a010<\/div>\n<\/div>\n<\/li>\n<li class=\"product-specification-detail__list-line canon-mb-xxs\">\n<div class=\"product-specification-detail__list-key\n\tcanon-paragraph--big\">Belge boyutu<\/div>\n<div class=\"product-specification-detail__value-wrapper\">\n<div class=\"product-specification-detail__list-value canon-paragraph--big\">216 x 297 mm<\/div>\n<\/div>\n<\/li>\n<\/ul>\n<h3 class=\"product-specification-detail__sub-title canon-section-title--small canon-mb-s\">Aray\u00fcz<\/h3>\n<ul class=\"product-specification-detail__list canon-mb-xm\">\n<li class=\"product-specification-detail__list-line canon-mb-xxs\">\n<div class=\"product-specification-detail__list-key\n\tcanon-paragraph--big\">Ekran Tipi ve Boyutu<\/div>\n<div class=\"product-specification-detail__value-wrapper\">\n<div class=\"product-specification-detail__list-value canon-paragraph--big\">3,8 cm LCD segment tek renkli<\/div>\n<\/div>\n<\/li>\n<li class=\"product-specification-detail__list-line canon-mb-xxs\">\n<div class=\"product-specification-detail__list-key\n\tcanon-paragraph--big\">Aray\u00fcz<\/div>\n<div class=\"product-specification-detail__value-wrapper\">\n<div class=\"product-specification-detail__list-value canon-paragraph--big\">Y\u00fcksek H\u0131zl\u0131 USB (B Ba\u011flant\u0131 Noktas\u0131)<br \/>\nWi-Fi: IEEE802.11 b\/g\/n<br \/>\nWi-Fi G\u00fcvenli\u011fi: WPA-PSK, WPA2-PSK, WEP<br \/>\nKablosuz LAN Frekans Band\u0131: 2,4 GHz<\/div>\n<\/div>\n<\/li>\n<li class=\"product-specification-detail__list-line canon-mb-xxs\">\n<div class=\"product-specification-detail__list-key\n\tcanon-paragraph--big\">Bask\u0131 Uygulamalar\u0131 ve Y\u00f6ntemleri<\/div>\n<div class=\"product-specification-detail__value-wrapper\">\n<div class=\"product-specification-detail__list-value canon-paragraph--big\">Canon PRINT Inkjet\/SELPHY uygulamas\u0131<br \/>\nEasy-PhotoPrint Editor<br \/>\nPIXMA Cloud Link<br \/>\nCanon Bask\u0131 Hizmeti Eklentisi (Android)<br \/>\nApple AirPrint<br \/>\nEri\u015fim Noktas\u0131 Modu<br \/>\nWLAN PictBridge<br \/>\nMopria (Android)<\/div>\n<\/div>\n<\/li>\n<\/ul>\n<h3 class=\"product-specification-detail__sub-title canon-section-title--small canon-mb-s\">Yaz\u0131l\u0131m<\/h3>\n<ul class=\"product-specification-detail__list canon-mb-xm\">\n<li class=\"product-specification-detail__list-line canon-mb-xxs\">\n<div class=\"product-specification-detail__list-key\n\tcanon-paragraph--big\">Desteklenen \u0130\u015fletim Sistemleri<\/div>\n<div class=\"product-specification-detail__value-wrapper\">\n<div class=\"product-specification-detail__list-value canon-paragraph--big\">Windows 10, Windows 8.1, Windows 7 SP1<br \/>\nKullan\u0131m, yaln\u0131zca \u00f6nceden Windows 7 veya \u00fczeri s\u00fcr\u00fcm y\u00fcklenmi\u015f bilgisayarlarda garanti edilebilir.<br \/>\nmacOS 10.12. 6 macOS 10.15<\/div>\n<\/div>\n<\/li>\n<li class=\"product-specification-detail__list-line canon-mb-xxs\">\n<div class=\"product-specification-detail__list-key\n\tcanon-paragraph--big\">Desteklenen Mobil Sistemler<\/div>\n<div class=\"product-specification-detail__value-wrapper\">\n<div class=\"product-specification-detail__list-value canon-paragraph--big\">iOS, iPadOS, Android, ChromeOS<\/div>\n<\/div>\n<\/li>\n<li class=\"product-specification-detail__list-line canon-mb-xxs\">\n<div class=\"product-specification-detail__list-key\n\tcanon-paragraph--big\">Minimum Sistem Gereksinimleri<\/div>\n<div class=\"product-specification-detail__value-wrapper\">\n<div class=\"product-specification-detail__list-value canon-paragraph--big\">Ekran: 1024 x 768 XGA<br \/>\nKurulum: \u0130nternet, CD-ROM (Windows)<\/div>\n<\/div>\n<\/li>\n<li class=\"product-specification-detail__list-line canon-mb-xxs\">\n<div class=\"product-specification-detail__list-key\n\tcanon-paragraph--big\">Birlikte Verilen Yaz\u0131l\u0131mlar<\/div>\n<div class=\"product-specification-detail__value-wrapper\">\n<div class=\"product-specification-detail__list-value canon-paragraph--big\">MP S\u00fcr\u00fcc\u00fcs\u00fc ve Tarama Yard\u0131mc\u0131 Program\u0131<br \/>\nEasy-PhotoPrint Editor (indir)<\/div>\n<\/div>\n<\/li>\n<\/ul>\n<h3 class=\"product-specification-detail__sub-title canon-section-title--small canon-mb-s\">Fiziksel \u00d6zellikler<\/h3>\n<ul class=\"product-specification-detail__list canon-mb-xm\">\n<li class=\"product-specification-detail__lst-line canon-mb-xxs\">\n<div class=\"product-specification-detail__list-key\n\tcanon-paragraph--big\">A\u011f\u0131rl\u0131k<\/div>\n<div class=\"product-specification-detail__value-wrapper\">\n<div class=\"product-specification-detail__list-value canon-paragraph--big\">yakla\u015f\u0131k 4 kg<\/div>\n<\/div>\n<\/li>\n<li class=\"product-specification-detail__list-line canon-mb-xxs\">\n<div class=\"product-specification-detail__list-key\n\tcanon-paragraph--big\">Boyutlar (G x D x Y)<\/div>\n<div class=\"product-specification-detail__value-wrapper\">\n<div class=\"product-specification-detail__list-value canon-paragraph--big\">yakla\u015f\u0131k 435 x 327 x 145 mm<\/div>\n<\/div>\n<\/li>\n<li class=\"product-specification-detail__list-line canon-mb-xxs\">\n<div class=\"product-specification-detail__list-key\n\tcanon-paragraph--big\">Akustik G\u00fcr\u00fclt\u00fc D\u00fczeyleri<\/div>\n<div class=\"product-specification-detail__value-wrapper\">\n<div class=\"product-specification-detail__list-value canon-paragraph--big\">yakla\u015f\u0131k 48,0 dB(A)\u00a011<\/div>\n<\/div>\n<\/li>\n<li class=\"product-specification-detail__list-line canon-mb-xxs\">\n<div class=\"product-specification-detail__list-key\n\tcanon-paragraph--big\">\u00d6nerilen \u00c7al\u0131\u015fma Ortam\u0131<\/div>\n<div class=\"product-specification-detail__value-wrapper\">\n<div class=\"product-specification-detail__list-value canon-paragraph--big\">S\u0131cakl\u0131k: 15-30\u00b0C<br \/>\nNem: %10 &#8211; %80 BN (yo\u011fu\u015fmas\u0131z)<\/div>\n<\/div>\n<\/li>\n<li class=\"product-specification-detail__list-line canon-mb-xxs\">\n<div class=\"product-specification-detail__list-key\n\tcanon-paragraph--big\">G\u00fc\u00e7 Kayna\u011f\u0131<\/div>\n<div class=\"product-specification-detail__value-wrapper\">\n<div class=\"product-specification-detail__list-value canon-paragraph--big\">AC 100-240 V, 50\/60 Hz<\/div>\n<\/div>\n<\/li>\n<li class=\"product-specification-detail__list-line canon-mb-xxs\">\n<div class=\"product-specification-detail__list-key\n\tcanon-paragraph--big\">G\u00fc\u00e7 T\u00fcketimi<\/div>\n<div class=\"product-specification-detail__value-wrapper\">\n<div class=\"product-specification-detail__list-value canon-paragraph--big\">Kapal\u0131: Yakla\u015f\u0131k 0,3 W<br \/>\nBeklemede (USB arac\u0131l\u0131\u011f\u0131yla PCye ba\u011fl\u0131yken): Yakla\u015f\u0131k 0,8 W (tarama lambas\u0131 kapal\u0131)<br \/>\nBeklemede (t\u00fcm ba\u011flant\u0131 noktalar\u0131 ba\u011fl\u0131yken): Yakla\u015f\u0131k 1,3 W (tarama lambas\u0131 kapal\u0131)<br \/>\nBekleme moduna ge\u00e7me s\u00fcresi: 10 dakika 01 saniye<br \/>\nFotokopi: Yakla\u015f\u0131k 9 W\u00a012<\/div>\n<\/div>\n<\/li>\n<\/ul>\n","protected":false},"excerpt":{"rendered":"<table class=\"product-detail\" border=\"0\" width=\"100%\" cellspacing=\"0\" cellpadding=\"0\">\n<tbody>\n<tr>\n<td class=\"product-detail-02\" width=\"34%\">Yaz\u0131c\u0131 Tipi:<\/td>\n<td width=\"66%\">\u00a0\u00c7OK FONKS\u0130YONLU<\/td>\n<\/tr>\n<tr>\n<td class=\"product-detail-02\" width=\"34%\">Bask\u0131 Ebat\u0131:<\/td>\n<td width=\"66%\">\u00a0A4<\/td>\n<\/tr>\n<tr>\n<td class=\"product-detail-02\" width=\"34%\">Ethernet:<\/td>\n<td width=\"66%\">\u00a0YOK<\/td>\n<\/tr>\n<tr>\n<td class=\"product-detail-02\" width=\"34%\">Wi-Fi:<\/td>\n<td width=\"66%\">\u00a0VAR<\/td>\n<\/tr>\n<tr>\n<td class=\"product-detail-02\" width=\"34%\">\u00c7ift Tarafl\u0131 Bask\u0131:<\/td>\n<td width=\"66%\">\u00a0Elle<\/td>\n<\/tr>\n<tr>\n<td class=\"product-detail-02\" width=\"34%\">Fotokopi:<\/td>\n<td width=\"66%\">\u00a0VAR<\/td>\n<\/tr>\n<tr>\n<td class=\"product-detail-02\" width=\"34%\">Taray\u0131c\u0131:<\/td>\n<td width=\"66%\">\u00a0VAR<\/td>\n<\/tr>\n<tr>\n<td class=\"product-detail-02\" width=\"34%\">Fax:<\/td>\n<td width=\"66%\">\u00a0YOK<\/td>\n<\/tr>\n<\/tbody>\n<\/table>\n","protected":false},"featured_media":1234,"template":"","meta":{"om_disable_all_campaigns":false,"_monsterinsights_skip_tracking":false,"_monsterinsights_sitenote_active":false,"_monsterinsights_sitenote_note":"","_monsterinsights_sitenote_category":0},"product_cat":[106],"product_tag":[],"class_list":{"0":"post-1233","1":"product","2":"type-product","3":"status-publish","4":"has-post-thumbnail","6":"product_cat-murekkepli-yazicilar","7":"thunk-woo-product-list","8":"opn-qv-enable","9":"top-store-woo-hover-zoom","10":"top-store-single-product-tab-horizontal","11":"top-store-shadow-","12":"top-store-shadow-hover-","14":"first","15":"instock","16":"taxable","17":"shipping-taxable","18":"product-type-simple"},"aioseo_notices":[],"_links":{"self":[{"href":"https:\/\/bilginteknoloji.com\/woo\/wp-json\/wp\/v2\/product\/1233","targetHints":{"allow":["GET"]}}],"collection":[{"href":"https:\/\/bilginteknoloji.com\/woo\/wp-json\/wp\/v2\/product"}],"about":[{"href":"https:\/\/bilginteknoloji.com\/woo\/wp-json\/wp\/v2\/types\/product"}],"wp:featuredmedia":[{"embeddable":true,"href":"https:\/\/bilginteknoloji.com\/woo\/wp-json\/wp\/v2\/media\/1234"}],"wp:attachment":[{"href":"https:\/\/bilginteknoloji.com\/woo\/wp-json\/wp\/v2\/media?parent=1233"}],"wp:term":[{"taxonomy":"product_cat","embeddable":true,"href":"https:\/\/bilginteknoloji.com\/woo\/wp-json\/wp\/v2\/product_cat?post=1233"},{"taxonomy":"product_tag","embeddable":true,"href":"https:\/\/bilginteknoloji.com\/woo\/wp-json\/wp\/v2\/product_tag?post=1233"}],"curies":[{"name":"wp","href":"https:\/\/api.w.org\/{rel}","templated":true}]}}