{"id":1225,"date":"2024-09-04T11:59:50","date_gmt":"2024-09-04T08:59:50","guid":{"rendered":"https:\/\/bilginteknoloji.com\/woo\/?post_type=product&#038;p=1225"},"modified":"2024-09-04T12:27:29","modified_gmt":"2024-09-04T09:27:29","slug":"dell-per250cm1-r250-intel-xeon-e-2314-16gb-ecc-udimm-ram-1x2tb-hdd-1x450w-power-free-dos-1u-kasa-rack-server-5764806","status":"publish","type":"product","link":"https:\/\/bilginteknoloji.com\/woo\/urun\/dell-per250cm1-r250-intel-xeon-e-2314-16gb-ecc-udimm-ram-1x2tb-hdd-1x450w-power-free-dos-1u-kasa-rack-server-5764806\/","title":{"rendered":"DELL PER250CM1 R250, Intel Xeon E-2314, 16Gb ECC UDIMM Ram, 1x2Tb HDD, 1x450W Power, Free Dos, 1U Kasa RACK, SERVER (5764806)"},"content":{"rendered":"<h2>DELL PowerEdge R250 Rack Server E-2314 16GB\/2TB<\/h2>\n<table width=\"492\">\n<tbody>\n<tr>\n<td width=\"113\">Form Fakt\u00f6r<\/td>\n<td width=\"379\">1U Rack<\/td>\n<\/tr>\n<tr>\n<td width=\"113\">\u0130\u015flemci<\/td>\n<td width=\"379\">Intel Xeon E-2314 2.8GHz, 8M Cache, 4C\/4T, Turbo (65W), 3200 MT\/s<\/td>\n<\/tr>\n<tr>\n<td>\u0130\u015flemci Deste\u011fi<\/td>\n<td>1 Soket<\/td>\n<\/tr>\n<tr>\n<td>Bellek<\/td>\n<td>16GB (1x16GB) 3200MHz\u00a0 UDIMM ECC<\/td>\n<\/tr>\n<tr>\n<td>Bellek Deste\u011fi<\/td>\n<td>4 DIMM \/ 128GB<\/td>\n<\/tr>\n<tr>\n<td width=\"113\">Sabit Disk<\/td>\n<td width=\"379\">1 x 2TB Hard Drive SATA 6Gbps 7.2K 512n 3.5in Cabled<\/td>\n<\/tr>\n<tr>\n<td>Sabit Disk Deste\u011fi<\/td>\n<td>4 x 3.5\u2033<\/td>\n<\/tr>\n<tr>\n<td>Sabit Disk Tipi<\/td>\n<td>Cabled, Non-Redundant *SSD TAKILAMAZ<\/td>\n<\/tr>\n<tr>\n<td>G\u00fc\u00e7 Kayna\u011f\u0131<\/td>\n<td>450W<\/td>\n<\/tr>\n<tr>\n<td>G\u00fc\u00e7 Kayna\u011f\u0131 Deste\u011fi<\/td>\n<td>Cabled, Non-Redundant<\/td>\n<\/tr>\n<tr>\n<td>Optik S\u00fcr\u00fcc\u00fc<\/td>\n<td>Optik S\u00fcr\u00fcc\u00fc Deste\u011fi yok<\/td>\n<\/tr>\n<tr>\n<td>Portlar<\/td>\n<td width=\"379\">Front Ports \u2022 1 x USB 2.0 \u2022 1 x iDRAC Direct (Micro-AB USB) port<br \/>\nRear Ports \u2022 1 x USB 2.0 \u2022 1 x iDRAC ethernet port \u2022 1 x USB 3.0 \u2022 1 x VGA \u2022 1 x Serial port<\/td>\n<\/tr>\n<tr>\n<td>Geni\u015fleme Yuvalar\u0131<\/td>\n<td>PCIe Riser with Fan with 1 x16 and 1 x8 Slots<\/td>\n<\/tr>\n<tr>\n<td>Ethernet<\/td>\n<td>On-Board LOM<\/td>\n<\/tr>\n<tr>\n<td width=\"113\">Raid Kart\u0131<\/td>\n<td>No Raid Controller<\/td>\n<\/tr>\n<tr>\n<td>Rack Montaj Kiti<\/td>\n<td>1U\/2U Static Rails for 2-Post &amp; 4-Post Racks<\/td>\n<\/tr>\n<tr>\n<td>\u0130\u015fletim Sistemi<\/td>\n<td>\u0130\u015fletim Sistemi yok<\/td>\n<\/tr>\n<tr>\n<td>Sistem Y\u00f6netimi<\/td>\n<td>iDRAC9, Basic 15G<\/td>\n<\/tr>\n<tr>\n<td>\u0130lave<\/td>\n<td width=\"379\">C13 to C14, PDU Style, 10 AMP, 6.5 Feet (2m), Power Cord<\/td>\n<\/tr>\n<tr>\n<td>Garanti S\u00fcresi<\/td>\n<td>3Y Basic Onsite<\/td>\n<\/tr>\n<\/tbody>\n<\/table>\n","protected":false},"excerpt":{"rendered":"<table class=\"product-detail\" border=\"0\" width=\"100%\" cellspacing=\"0\" cellpadding=\"0\">\n<tbody>\n<tr>\n<td class=\"product-detail-02\" width=\"34%\">\u0130\u015flemci:<\/td>\n<td width=\"66%\">\u00a0INTEL<\/td>\n<\/tr>\n<tr>\n<td class=\"product-detail-02\" width=\"34%\">\u0130\u015flemci Tipi:<\/td>\n<td width=\"66%\">\u00a0XEON E-2314<\/td>\n<\/tr>\n<tr>\n<td class=\"product-detail-02\" width=\"34%\">Bellek:<\/td>\n<td width=\"66%\">\u00a016 GB<\/td>\n<\/tr>\n<tr>\n<td class=\"product-detail-02\" width=\"34%\">Bellek Tipi:<\/td>\n<td width=\"66%\">\u00a0DDR4<\/td>\n<\/tr>\n<tr>\n<td class=\"product-detail-02\" width=\"34%\">Depolama Alan\u0131:<\/td>\n<td width=\"66%\">\u00a01 X 2 TB<\/td>\n<\/tr>\n<tr>\n<td class=\"product-detail-02\" width=\"34%\">RAID Deste\u011fi:<\/td>\n<td width=\"66%\">\u00a0YAZILIMSAL RAID<\/td>\n<\/tr>\n<tr>\n<td class=\"product-detail-02\" width=\"34%\">Ethernet:<\/td>\n<td width=\"66%\">\u00a02 X GIGABIT<\/td>\n<\/tr>\n<tr>\n<td class=\"product-detail-02\" width=\"34%\">G\u00fc\u00e7 Kayna\u011f\u0131:<\/td>\n<td width=\"66%\">\u00a01 X 450 W<\/td>\n<\/tr>\n<tr>\n<td class=\"product-detail-02\" width=\"34%\">\u0130\u015fletim Sistemi:<\/td>\n<td width=\"66%\">\u00a0YOK<\/td>\n<\/tr>\n<tr>\n<td class=\"product-detail-02\" width=\"34%\">Sunucu Tipi:<\/td>\n<td width=\"66%\">\u00a0RACK 1U<\/td>\n<\/tr>\n<\/tbody>\n<\/table>\n","protected":false},"featured_media":1226,"template":"","meta":{"om_disable_all_campaigns":false,"_monsterinsights_skip_tracking":false,"_monsterinsights_sitenote_active":false,"_monsterinsights_sitenote_note":"","_monsterinsights_sitenote_category":0},"product_cat":[477],"product_tag":[],"class_list":{"0":"post-1225","1":"product","2":"type-product","3":"status-publish","4":"has-post-thumbnail","6":"product_cat-rackmount-sunucular","7":"thunk-woo-product-list","8":"opn-qv-enable","9":"top-store-woo-hover-zoom","10":"top-store-single-product-tab-horizontal","11":"top-store-shadow-","12":"top-store-shadow-hover-","14":"first","15":"instock","16":"taxable","17":"shipping-taxable","18":"product-type-simple"},"aioseo_notices":[],"_links":{"self":[{"href":"https:\/\/bilginteknoloji.com\/woo\/wp-json\/wp\/v2\/product\/1225","targetHints":{"allow":["GET"]}}],"collection":[{"href":"https:\/\/bilginteknoloji.com\/woo\/wp-json\/wp\/v2\/product"}],"about":[{"href":"https:\/\/bilginteknoloji.com\/woo\/wp-json\/wp\/v2\/types\/product"}],"wp:featuredmedia":[{"embeddable":true,"href":"https:\/\/bilginteknoloji.com\/woo\/wp-json\/wp\/v2\/media\/1226"}],"wp:attachment":[{"href":"https:\/\/bilginteknoloji.com\/woo\/wp-json\/wp\/v2\/media?parent=1225"}],"wp:term":[{"taxonomy":"product_cat","embeddable":true,"href":"https:\/\/bilginteknoloji.com\/woo\/wp-json\/wp\/v2\/product_cat?post=1225"},{"taxonomy":"product_tag","embeddable":true,"href":"https:\/\/bilginteknoloji.com\/woo\/wp-json\/wp\/v2\/product_tag?post=1225"}],"curies":[{"name":"wp","href":"https:\/\/api.w.org\/{rel}","templated":true}]}}