{"id":1199,"date":"2024-09-04T11:04:01","date_gmt":"2024-09-04T08:04:01","guid":{"rendered":"https:\/\/bilginteknoloji.com\/woo\/?post_type=product&#038;p=1199"},"modified":"2024-09-04T11:04:01","modified_gmt":"2024-09-04T08:04:01","slug":"newland-thimfone-n5000-3g-wifi-gps-android-2d-karekod-el-terminali-kilifsiz","status":"publish","type":"product","link":"https:\/\/bilginteknoloji.com\/woo\/urun\/newland-thimfone-n5000-3g-wifi-gps-android-2d-karekod-el-terminali-kilifsiz\/","title":{"rendered":"NEWLAND ThimFone N5000 3G, WiFi, GPS, Android, 2D Karekod, EL Terminali (K\u0131l\u0131fs\u0131z)"},"content":{"rendered":"<table id=\"table6\" border=\"0\" cellspacing=\"1\">\n<tbody>\n<tr>\n<td colspan=\"3\" width=\"80%\" height=\"21\"><strong>Sistem<\/strong><\/td>\n<\/tr>\n<tr>\n<td bgcolor=\"#C6CBD6\" width=\"21%\" height=\"17\">\u00a0\u0130\u015flemci<\/td>\n<td colspan=\"2\" bgcolor=\"#DEDFDE\" width=\"59%\" height=\"17\">\u00c7ift \u00c7ekirdek 1,2 Ghz Mikro \u0130\u015flemci<\/td>\n<\/tr>\n<tr>\n<td bgcolor=\"#C6CBD6\" width=\"21%\" height=\"16\">\u00a0Bellek<\/td>\n<td colspan=\"2\" bgcolor=\"#DEDFDE\" width=\"59%\" height=\"16\">1 GB DDR RAM, 8 GB Flash ROM<\/td>\n<\/tr>\n<tr>\n<td bgcolor=\"#C6CBD6\" width=\"21%\" height=\"15\">\u00a0\u0130\u015fletim Sistemi<\/td>\n<td colspan=\"2\" bgcolor=\"#DEDFDE\" width=\"59%\" height=\"15\">Android 5.1 (Lollipop)<\/td>\n<\/tr>\n<tr>\n<td bgcolor=\"#C6CBD6\" width=\"21%\" height=\"15\">\u00a0Kamera<\/td>\n<td colspan=\"2\" bgcolor=\"#DEDFDE\" width=\"59%\" height=\"15\">Y\u00fcksek \u00c7\u00f6z\u00fcn\u00fcrl\u00fckl\u00fc (Otomatik Odaklanmal\u0131)<\/td>\n<\/tr>\n<tr>\n<td bgcolor=\"#C6CBD6\" width=\"21%\" height=\"15\">\u00a0GPS<\/td>\n<td colspan=\"2\" bgcolor=\"#DEDFDE\" width=\"59%\" height=\"15\">GPS, AGPS<\/td>\n<\/tr>\n<tr>\n<td bgcolor=\"#C6CBD6\" width=\"21%\" height=\"15\">\u00a0Ses<\/td>\n<td colspan=\"2\" bgcolor=\"#DEDFDE\" width=\"59%\" height=\"15\">3,5 mm Ses Jack\/Portu<\/td>\n<\/tr>\n<tr>\n<td colspan=\"3\" width=\"80%\" height=\"23\"><strong>\u00a0Ekran<\/strong><\/td>\n<\/tr>\n<tr>\n<td bgcolor=\"#C6CBD6\" width=\"21%\" height=\"17\">\u00a0Ekran Tipi<\/td>\n<td colspan=\"2\" bgcolor=\"#DEDFDE\" width=\"59%\" height=\"17\">IPS Tam Dokunmatik Ekran<\/td>\n<\/tr>\n<tr>\n<td bgcolor=\"#C6CBD6\" width=\"21%\" height=\"17\">\u00a0Boyut<\/td>\n<td colspan=\"2\" bgcolor=\"#DEDFDE\" width=\"59%\" height=\"17\">5,0&#8243; (\u0130n\u00e7)<\/td>\n<\/tr>\n<tr>\n<td bgcolor=\"#C6CBD6\" width=\"21%\" height=\"16\">\u00a0\u00c7\u00f6z\u00fcn\u00fcrl\u00fck<\/td>\n<td colspan=\"2\" bgcolor=\"#DEDFDE\" width=\"59%\" height=\"16\">960 x 540\u00a0Piksel<\/td>\n<\/tr>\n<tr>\n<td bgcolor=\"#C6CBD6\" width=\"21%\" height=\"17\">\u00a0Ekran cam\u0131 \u00f6zelli\u011fi<\/td>\n<td colspan=\"2\" bgcolor=\"#DEDFDE\" width=\"59%\" height=\"17\">Multi Point PCAP (Projective Capacitive Touch)<\/td>\n<\/tr>\n<tr>\n<td colspan=\"3\" width=\"80%\" height=\"23\"><strong>\u00a0Barkod Okuyucu<\/strong><\/td>\n<\/tr>\n<tr>\n<td bgcolor=\"#C6CBD6\" width=\"21%\" height=\"17\">\u00a0Desteklenen Barkod Tipleri<\/td>\n<td colspan=\"2\" bgcolor=\"#DEDFDE\" width=\"59%\" height=\"17\">1D (\u00c7izgikod) ve 2D (Karekod)<\/td>\n<\/tr>\n<tr>\n<td bgcolor=\"#C6CBD6\" width=\"21%\" height=\"17\">\u00a0Optik Sistem<\/td>\n<td colspan=\"2\" bgcolor=\"#DEDFDE\" width=\"59%\" height=\"17\">&#8211;<\/td>\n<\/tr>\n<tr>\n<td rowspan=\"2\" bgcolor=\"#C5CAD0\" width=\"21%\" height=\"32\">\u00a0Barkod Tipleri<\/td>\n<td bgcolor=\"#DDDDDD\" width=\"14%\" height=\"16\">1D<\/td>\n<td bgcolor=\"#DDDDDD\" width=\"45%\" height=\"16\">Code39, Codabar, Code128, EAN8, EAN13, UPC-A, UPC-E<\/td>\n<\/tr>\n<tr>\n<td bgcolor=\"#DDDDDD\" width=\"14%\" height=\"16\">2D<\/td>\n<td bgcolor=\"#DDDDDD\" width=\"45%\" height=\"16\">QrCode, PDF417, DataMatrix, MaxiCode<\/td>\n<\/tr>\n<tr>\n<td colspan=\"3\" width=\"80%\" height=\"22\">\u00a0<strong>\u0130leti\u015fim<\/strong><\/td>\n<\/tr>\n<tr>\n<td bgcolor=\"#C6CBD6\" width=\"21%\" height=\"16\">\u00a0USB<\/td>\n<td colspan=\"2\" bgcolor=\"#DEDFDE\" width=\"59%\" height=\"16\">Micro USB<\/td>\n<\/tr>\n<tr>\n<td bgcolor=\"#C6CBD6\" width=\"21%\" height=\"16\">\u00a0WLAN<\/td>\n<td colspan=\"2\" bgcolor=\"#DEDFDE\" width=\"59%\" height=\"16\">IEEE 802.11 b\/g\/n<\/td>\n<\/tr>\n<tr>\n<td bgcolor=\"#C6CBD6\" width=\"21%\" height=\"16\">\u00a0PAN<\/td>\n<td colspan=\"2\" bgcolor=\"#DEDFDE\" width=\"59%\" height=\"16\">Bluetooth 3.0 + HS, BT v2.1 + EDR<\/td>\n<\/tr>\n<tr>\n<td rowspan=\"2\" bgcolor=\"#C6CBD6\" width=\"21%\" height=\"32\">\u00a0WWAN<\/td>\n<td colspan=\"2\" bgcolor=\"#DEDFDE\" width=\"59%\" height=\"16\">WCDMA: 900 MHz, 2100 MHz, GSM: 900 MHz, 1800 MHz, 1900 MHz<\/td>\n<\/tr>\n<tr>\n<td colspan=\"2\" bgcolor=\"#DEDFDE\" width=\"59%\" height=\"16\">SIM Yuvas\u0131: Mini SIM<\/td>\n<\/tr>\n<tr>\n<td bgcolor=\"#C6CBD6\" width=\"21%\" height=\"19\">\u00a0RFID\/NFC<\/td>\n<td colspan=\"2\" bgcolor=\"#DEDFDE\" width=\"59%\" height=\"19\">Opsiyonel<\/td>\n<\/tr>\n<tr>\n<td colspan=\"3\" width=\"80%\" height=\"17\"><strong>\u00a0G\u00fc\u00e7\u00a0Kayna\u011f\u0131<\/strong><\/td>\n<\/tr>\n<tr>\n<td bgcolor=\"#C6CBD6\" width=\"21%\" height=\"17\">\u00a0Ana pil<\/td>\n<td colspan=\"2\" bgcolor=\"#DEDFDE\" width=\"59%\" height=\"17\">2500 mAh<\/td>\n<\/tr>\n<tr>\n<td rowspan=\"2\" bgcolor=\"#C6CBD6\" width=\"21%\" height=\"34\">\u00a0Pil \u00d6mr\u00fc<\/td>\n<td colspan=\"2\" bgcolor=\"#DEDFDE\" width=\"59%\" height=\"17\">Bekleme<span lang=\"en-us\">:\u00a0<\/span>Max. 300 Saat<\/td>\n<\/tr>\n<tr>\n<td colspan=\"2\" bgcolor=\"#DEDFDE\" width=\"59%\" height=\"17\">Konu\u015fma: Max. 20 Saat<\/td>\n<\/tr>\n<tr>\n<td colspan=\"3\" width=\"80%\" height=\"17\">\u00a0<strong>Fiziksel<\/strong><\/td>\n<\/tr>\n<tr>\n<td rowspan=\"3\" bgcolor=\"#C6CBD6\" width=\"21%\" height=\"48\">\u00a0Ebatlar<\/td>\n<td bgcolor=\"#DEDFDE\" width=\"14%\" height=\"16\">Geni\u015flik<\/td>\n<td bgcolor=\"#DEDFDE\" width=\"45%\" height=\"16\">73,9 mm<\/td>\n<\/tr>\n<tr>\n<td bgcolor=\"#DEDFDE\" width=\"14%\" height=\"16\">Y\u00fckseklik<\/td>\n<td bgcolor=\"#DEDFDE\" width=\"45%\" height=\"16\">146,7 mm<\/td>\n<\/tr>\n<tr>\n<td bgcolor=\"#DEDFDE\" width=\"14%\" height=\"16\">Kal\u0131nl\u0131k<\/td>\n<td bgcolor=\"#DEDFDE\" width=\"45%\" height=\"16\">9,3 mm<\/td>\n<\/tr>\n<tr>\n<td colspan=\"3\" width=\"80%\" height=\"17\">\u00a0<strong>\u00c7evresel<\/strong><\/td>\n<\/tr>\n<tr>\n<td bgcolor=\"#C6CBD6\" width=\"21%\" height=\"17\">\u00a0\u00c7al\u0131\u015fma S\u0131cakl\u0131\u011f\u0131<\/td>\n<td colspan=\"2\" bgcolor=\"#DEDFDE\" width=\"59%\" height=\"17\">&#8211;<\/td>\n<\/tr>\n<tr>\n<td bgcolor=\"#C6CBD6\" width=\"21%\" height=\"16\">\u00a0Saklama S\u0131cakl\u0131\u011f\u0131<\/td>\n<td colspan=\"2\" bgcolor=\"#DEDFDE\" width=\"59%\" height=\"16\">&#8211;<\/td>\n<\/tr>\n<tr>\n<td bgcolor=\"#C6CBD6\" width=\"21%\" height=\"16\">\u00a0D\u00fc\u015fme Dayan\u0131kl\u0131l\u0131\u011f\u0131<\/td>\n<td colspan=\"2\" bgcolor=\"#DEDFDE\" width=\"59%\" height=\"16\">&#8211;<\/td>\n<\/tr>\n<tr>\n<td bgcolor=\"#C6CBD6\" width=\"21%\" height=\"16\">\u00a0Koruma Standard\u0131<\/td>\n<td colspan=\"2\" bgcolor=\"#DEDFDE\" width=\"59%\" height=\"16\">IP54<\/td>\n<\/tr>\n<tr>\n<td colspan=\"3\" bgcolor=\"#EAEAEA\" width=\"80%\" height=\"16\"><strong>\u00a0Sertifikalar<\/strong><\/td>\n<\/tr>\n<tr>\n<td bgcolor=\"#C5CAD0\" width=\"21%\" height=\"16\">\u00a0Sertifikalar<\/td>\n<td colspan=\"2\" bgcolor=\"#DDDDDD\" width=\"59%\" height=\"16\">CTA, CCC, CE, RoHS<\/td>\n<\/tr>\n<tr>\n<td colspan=\"3\" width=\"80%\" height=\"17\">\u00a0<strong>Aksesuarlar<\/strong><\/td>\n<\/tr>\n<tr>\n<td rowspan=\"4\" bgcolor=\"#C6CBD6\" width=\"21%\" height=\"48\">Aksesuarlar<\/td>\n<td colspan=\"2\" bgcolor=\"#DEDFDE\" width=\"59%\" height=\"17\">\u015earj\/\u0130leti\u015fim Kablosu<\/td>\n<\/tr>\n<tr>\n<td colspan=\"2\" bgcolor=\"#DEDFDE\" width=\"59%\" height=\"17\">Elektrik Adapt\u00f6r\u00fc<\/td>\n<\/tr>\n<tr>\n<td colspan=\"2\" bgcolor=\"#DEDFDE\" width=\"59%\" height=\"17\">Micro SD Kart (Max. 32 GB Kapasite)<\/td>\n<\/tr>\n<tr>\n<td colspan=\"2\" bgcolor=\"#DEDFDE\" width=\"59%\" height=\"17\">Kutu \u0130\u00e7eri\u011finde k\u0131l\u0131f mevcut de\u011fildir.<\/td>\n<\/tr>\n<\/tbody>\n<\/table>\n","protected":false},"excerpt":{"rendered":"<table class=\"product-detail\" border=\"0\" width=\"100%\" cellspacing=\"0\" cellpadding=\"0\">\n<tbody>\n<tr>\n<td class=\"product-detail-02\" width=\"34%\">Karekod Okuyucu:<\/td>\n<td width=\"66%\">\u00a0VAR<\/td>\n<\/tr>\n<tr>\n<td class=\"product-detail-02\" width=\"34%\">\u0130\u015fletim Sistemi:<\/td>\n<td width=\"66%\">\u00a0ANDROID<\/td>\n<\/tr>\n<tr>\n<td class=\"product-detail-02\" width=\"34%\">Ekran B\u00fcy\u00fckl\u00fc\u011f\u00fc:<\/td>\n<td width=\"66%\">\u00a05,0 in\u00e7<\/td>\n<\/tr>\n<tr>\n<td class=\"product-detail-02\" width=\"34%\">Kamera:<\/td>\n<td width=\"66%\">\u00a0VAR<\/td>\n<\/tr>\n<tr>\n<td class=\"product-detail-02\" width=\"34%\">SIM Kart Yuva:<\/td>\n<td width=\"66%\">\u00a0VAR<\/td>\n<\/tr>\n<tr>\n<td class=\"product-detail-02\"><\/td>\n<td><\/td>\n<\/tr>\n<\/tbody>\n<\/table>\n","protected":false},"featured_media":1201,"template":"","meta":{"om_disable_all_campaigns":false,"_monsterinsights_skip_tracking":false,"_monsterinsights_sitenote_active":false,"_monsterinsights_sitenote_note":"","_monsterinsights_sitenote_category":0},"product_cat":[128],"product_tag":[],"class_list":{"0":"post-1199","1":"product","2":"type-product","3":"status-publish","4":"has-post-thumbnail","6":"product_cat-el-terminalleri","7":"thunk-woo-product-list","8":"opn-qv-enable","9":"top-store-woo-hover-zoom","10":"top-store-single-product-tab-horizontal","11":"top-store-shadow-","12":"top-store-shadow-hover-","14":"first","15":"instock","16":"taxable","17":"shipping-taxable","18":"product-type-simple"},"aioseo_notices":[],"_links":{"self":[{"href":"https:\/\/bilginteknoloji.com\/woo\/wp-json\/wp\/v2\/product\/1199","targetHints":{"allow":["GET"]}}],"collection":[{"href":"https:\/\/bilginteknoloji.com\/woo\/wp-json\/wp\/v2\/product"}],"about":[{"href":"https:\/\/bilginteknoloji.com\/woo\/wp-json\/wp\/v2\/types\/product"}],"wp:featuredmedia":[{"embeddable":true,"href":"https:\/\/bilginteknoloji.com\/woo\/wp-json\/wp\/v2\/media\/1201"}],"wp:attachment":[{"href":"https:\/\/bilginteknoloji.com\/woo\/wp-json\/wp\/v2\/media?parent=1199"}],"wp:term":[{"taxonomy":"product_cat","embeddable":true,"href":"https:\/\/bilginteknoloji.com\/woo\/wp-json\/wp\/v2\/product_cat?post=1199"},{"taxonomy":"product_tag","embeddable":true,"href":"https:\/\/bilginteknoloji.com\/woo\/wp-json\/wp\/v2\/product_tag?post=1199"}],"curies":[{"name":"wp","href":"https:\/\/api.w.org\/{rel}","templated":true}]}}