{"id":1188,"date":"2024-09-04T10:56:01","date_gmt":"2024-09-04T07:56:01","guid":{"rendered":"https:\/\/bilginteknoloji.com\/woo\/?post_type=product&#038;p=1188"},"modified":"2024-09-28T12:07:30","modified_gmt":"2024-09-28T09:07:30","slug":"powergate-pg-dth02-display-port-to-hdmi-cevirici-1-8mt-kablolu","status":"publish","type":"product","link":"https:\/\/bilginteknoloji.com\/woo\/urun\/powergate-pg-dth02-display-port-to-hdmi-cevirici-1-8mt-kablolu\/","title":{"rendered":"POWERGATE PG-DTH02 Display Port To HDMI \u00c7evirici 1.8Mt"},"content":{"rendered":"<p><strong>POWERGATE PG-DTH02 Display Port (DP) To HDMI \u00c7evirici Adapt\u00f6r (1.8Mt Kablolu)<\/strong><\/p>\n<table>\n<tbody>\n<tr>\n<td>A\u00e7\u0131klama<\/td>\n<td>DisplayPort &#8211; HDMI \u00c7evirici Kablo<\/td>\n<\/tr>\n<tr>\n<td>Marka<\/td>\n<td>PowerGate<\/td>\n<\/tr>\n<tr>\n<td>Model<\/td>\n<td>PG-DTH02<\/td>\n<\/tr>\n<tr>\n<td>Renk<\/td>\n<td>Siyah<\/td>\n<\/tr>\n<tr>\n<td>Konnekt\u00f6r<\/td>\n<td>DisplayPort Erkek &#8211; HDMI Erkek Konnekt\u00f6r<\/td>\n<\/tr>\n<tr>\n<td>Giri\u015f<\/td>\n<td>DisplayPort Erkek<\/td>\n<\/tr>\n<tr>\n<td>\u00c7\u0131k\u0131\u015f<\/td>\n<td>HDMI Erkek<\/td>\n<\/tr>\n<tr>\n<td>Uzunluk<\/td>\n<td>1.8 metre<\/td>\n<\/tr>\n<\/tbody>\n<\/table>\n","protected":false},"excerpt":{"rendered":"<table class=\"product-detail\" border=\"0\" width=\"100%\" cellspacing=\"0\" cellpadding=\"0\">\n<tbody>\n<tr>\n<td class=\"product-detail-02\" width=\"34%\">Kullan\u0131m \u015eekli:<\/td>\n<td width=\"66%\">\u00a0DP TO HDMI<\/td>\n<\/tr>\n<\/tbody>\n<\/table>\n","protected":false},"featured_media":1209,"template":"","meta":{"om_disable_all_campaigns":false,"_monsterinsights_skip_tracking":false,"_monsterinsights_sitenote_active":false,"_monsterinsights_sitenote_note":"","_monsterinsights_sitenote_category":0},"product_cat":[228],"product_tag":[],"class_list":{"0":"post-1188","1":"product","2":"type-product","3":"status-publish","4":"has-post-thumbnail","6":"product_cat-ceviriciler","7":"thunk-woo-product-list","8":"opn-qv-enable","9":"top-store-woo-hover-zoom","10":"top-store-single-product-tab-horizontal","11":"top-store-shadow-","12":"top-store-shadow-hover-","14":"first","15":"instock","16":"taxable","17":"shipping-taxable","18":"product-type-simple"},"aioseo_notices":[],"_links":{"self":[{"href":"https:\/\/bilginteknoloji.com\/woo\/wp-json\/wp\/v2\/product\/1188","targetHints":{"allow":["GET"]}}],"collection":[{"href":"https:\/\/bilginteknoloji.com\/woo\/wp-json\/wp\/v2\/product"}],"about":[{"href":"https:\/\/bilginteknoloji.com\/woo\/wp-json\/wp\/v2\/types\/product"}],"wp:featuredmedia":[{"embeddable":true,"href":"https:\/\/bilginteknoloji.com\/woo\/wp-json\/wp\/v2\/media\/1209"}],"wp:attachment":[{"href":"https:\/\/bilginteknoloji.com\/woo\/wp-json\/wp\/v2\/media?parent=1188"}],"wp:term":[{"taxonomy":"product_cat","embeddable":true,"href":"https:\/\/bilginteknoloji.com\/woo\/wp-json\/wp\/v2\/product_cat?post=1188"},{"taxonomy":"product_tag","embeddable":true,"href":"https:\/\/bilginteknoloji.com\/woo\/wp-json\/wp\/v2\/product_tag?post=1188"}],"curies":[{"name":"wp","href":"https:\/\/api.w.org\/{rel}","templated":true}]}}