{"id":1144,"date":"2024-09-02T12:25:43","date_gmt":"2024-09-02T09:25:43","guid":{"rendered":"https:\/\/bilginteknoloji.com\/woo\/?post_type=product&#038;p=1144"},"modified":"2024-09-02T12:25:43","modified_gmt":"2024-09-02T09:25:43","slug":"samsung-mz-v9p2t0cw-990-pro-2tb-7450-6900-gen4-nvme-pcie-m-2-2280-ssd-sogutuculu","status":"publish","type":"product","link":"https:\/\/bilginteknoloji.com\/woo\/urun\/samsung-mz-v9p2t0cw-990-pro-2tb-7450-6900-gen4-nvme-pcie-m-2-2280-ssd-sogutuculu\/","title":{"rendered":"SAMSUNG MZ-V9P2T0CW, 990 PRO, 2TB, 7450\/6900, Gen4, NVMe PCIe M.2 2280, SSD (So\u011futuculu)"},"content":{"rendered":"<div class=\"hidden lg:block prose prose-neutral prose-headings:text-lg prose-a:no-underline prose-em:not-italic prose-headings:font-semibold max-w-none prose-img:mx-auto overflow-hidden\">\n<div class=\"phPart\">\n<p class=\"phHeader\"><strong>Samsung 990 PRO w\/Heatsink MZ-V9P2T0CW 2TB 7450\/6900MB\/s RGB PCIe NVMe M.2 SSD\u00a0Disk Genel \u00d6zellikler<\/strong><\/p>\n<\/div>\n<div class=\"phPart\">\n<p class=\"phBanner\"><img decoding=\"async\" src=\"https:\/\/www.detayresimler.com\/urun\/M\/MZ-V9P2T0CW.jpg\" alt=\"Samsung 990 PRO w\/Heatsink MZ-V9P2T0CW 2TB PCIe NVMe M.2 SSD Disk\" \/><\/p>\n<\/div>\n<div class=\"phPart\">\n<p class=\"phHeader\">\n<\/div>\n<div class=\"phPart\">\n<p class=\"phBanner\"><img decoding=\"async\" src=\"https:\/\/www.detayresimler.com\/urun\/M\/MZ-V9P2T0CW_1.jpg\" alt=\"Samsung 990 PRO w\/Heatsink MZ-V9P2T0CW 2TB PCIe NVMe M.2 SSD Disk\" \/><\/p>\n<\/div>\n<div class=\"phPart\">\n<div class=\"phLine\"><span class=\"phText\">Samsung 990 PRO w\/Heatsink (So\u011futuculu) NVMe M.2\u00a0SSD\u015ea\u015f\u0131rt\u0131c\u0131 h\u0131z, sonsuz zafer<\/span><\/div>\n<ul class=\"phList\">\n<li>Yeni tasarlanm\u0131\u015f dahili kontrolc\u00fc deste\u011fi ile Samsung NVMe\u00a0SSD<\/li>\n<li>7.450 \/ 6.900 MB\/sye kadar s\u0131ral\u0131 okuma\/yazma h\u0131z\u0131<\/li>\n<li>\u00dcst\u00fcn g\u00fc\u00e7 verimlili\u011fi<\/li>\n<li>G\u00fcvenilir \u0131s\u0131 kontrol\u00fc sunan so\u011futucu tasar\u0131m\u0131<\/li>\n<\/ul>\n<div class=\"phLineBreak\"><\/div>\n<\/div>\n<div class=\"phPart\">\n<p class=\"phBanner\"><img decoding=\"async\" src=\"https:\/\/www.detayresimler.com\/urun\/M\/MZ-V9P2T0CW_2.jpg\" alt=\"Samsung 990 PRO w\/Heatsink MZ-V9P2T0CW 2TB PCIe NVMe M.2 SSD Disk\" \/><\/p>\n<\/div>\n<div class=\"phPart\">\n<div class=\"phLine\"><span class=\"phText\">\u00dcst D\u00fczey\u00a0SSD\u00a0Performans\u0131PCIe 4.0 aray\u00fcz\u00fcn\u00fcn g\u00fcc\u00fcn\u00fc kullanan 990 PRO ile maksimum performansa ula\u015f\u0131n. Dahili kontrolc\u00fcn\u00fcn ak\u0131ll\u0131 \u0131s\u0131 kontrol\u00fc, sizi her zaman oyunun zirvesinde tutmak i\u00e7in y\u00fcksek h\u0131z ve performans\u0131 korurken \u00fcst\u00fcn g\u00fc\u00e7 verimlili\u011fi sa\u011flar.<\/span><\/div>\n<div class=\"phLineBreak\"><\/div>\n<\/div>\n<div class=\"phPart\">\n<p class=\"phBanner\"><img decoding=\"async\" src=\"https:\/\/www.detayresimler.com\/urun\/M\/MZ-V9P2T0CW_3.jpg\" alt=\"Samsung 990 PRO w\/Heatsink MZ-V9P2T0CW 2TB PCIe NVMe M.2 SSD Disk\" \/><\/p>\n<\/div>\n<div class=\"phPart\">\n<div class=\"phLine\"><span class=\"phText\">PCIe 4.0 H\u0131z\u0131 Maksimum D\u00fczeye \u00c7\u0131kar\u0131ld\u0131B\u00fcy\u00fck h\u0131z art\u0131\u015f\u0131. PCIe 4.0\u0131n maksimum performans\u0131na yak\u0131n 7,450\/6,900 MB\/s\u2019ye varan s\u0131ral\u0131 okuma\/yazma h\u0131zlar\u0131 ve 1,400K\/1,550K IOPS de\u011ferleri ile 980 PRO\u2019ya k\u0131yasla %40 ve %55 daha h\u0131zl\u0131 rastgele okuma\/yazma h\u0131zlar\u0131.<br \/>\nOyun, video ve 3D d\u00fczenleme, veri analizi ve \u00e7ok daha fazlas\u0131nda y\u00fckseklere u\u00e7un.<\/span><\/div>\n<div class=\"phLineBreak\"><\/div>\n<\/div>\n<div class=\"phPart\">\n<p class=\"phBanner\"><img decoding=\"async\" src=\"https:\/\/www.detayresimler.com\/urun\/M\/MZ-V9P2T0CW_4.jpg\" alt=\"Samsung 990 PRO w\/Heatsink MZ-V9P2T0CW 2TB PCIe NVMe M.2 SSD Disk\" \/><\/p>\n<\/div>\n<div class=\"phPart\">\n<div class=\"phLine\"><span class=\"phText\">\u00c7\u0131\u011f\u0131r A\u00e7an G\u00fc\u00e7 Verimlili\u011fiG\u00fc\u00e7 a\u00e7\u0131s\u0131ndan daha verimli performans. Daha y\u00fcksek performans genellikle daha fazla g\u00fc\u00e7 t\u00fcketir. 990 PRO, 980 PROya g\u00f6re Watt ba\u015f\u0131na %50ye kadar iyile\u015ftirilmi\u015f performansla daha az g\u00fc\u00e7 kullan\u0131r. Bu d\u00fc\u015f\u00fck g\u00fc\u00e7l\u00fc tasar\u0131m, optimum g\u00fc\u00e7 verimlili\u011fi ile maksimum PCIe 4.0 performans\u0131n\u0131 m\u00fcmk\u00fcn k\u0131lar.<\/span><\/div>\n<div class=\"phLineBreak\"><\/div>\n<\/div>\n<div class=\"phPart\">\n<p class=\"phBanner\"><img decoding=\"async\" src=\"https:\/\/www.detayresimler.com\/urun\/M\/MZ-V9P2T0CW_5.jpg\" alt=\"Samsung 990 PRO w\/Heatsink MZ-V9P2T0CW 2TB PCIe NVMe M.2 SSD Disk\" \/><\/p>\n<\/div>\n<div class=\"phPart\">\n<div class=\"phLine\"><span class=\"phText\">Ak\u0131ll\u0131 Is\u0131 \u00c7\u00f6z\u00fcm\u00fc\u0130nce so\u011futucu, a\u015f\u0131r\u0131 \u0131s\u0131nmadan kaynaklanan performans d\u00fc\u015f\u00fc\u015flerini \u00f6nlemek i\u00e7in \u0131s\u0131y\u0131 etkin bir \u015fekilde da\u011f\u0131t\u0131r. 990 PRO ile a\u011f\u0131r grafikli oyunlar i\u00e7in kararl\u0131 \u0131s\u0131 kontrol\u00fc ve minimum fan g\u00fcr\u00fclt\u00fcs\u00fc elde edin. PCI-SIG D8 standard\u0131n\u0131 kar\u015f\u0131layan ince g\u00f6vde tasar\u0131m\u0131, PlayStation 5, masa\u00fcst\u00fc bilgisayarlar ve diz\u00fcst\u00fc\u00a0<strong>bilgisayar<\/strong>lar ile uyumlulu\u011fa sahiptir.<\/span><\/div>\n<div class=\"phLineBreak\"><\/div>\n<\/div>\n<div class=\"phPart\">\n<p class=\"phBanner\"><img decoding=\"async\" src=\"https:\/\/www.detayresimler.com\/urun\/M\/MZ-V9P2T0CW_6.jpg\" alt=\"Samsung 990 PRO w\/Heatsink MZ-V9P2T0CW 2TB PCIe NVMe M.2 SSD Disk\" \/><\/p>\n<\/div>\n<div class=\"phPart\">\n<div class=\"phLine\"><span class=\"phText\">\u015eampiyonlar\u0131n Se\u00e7imiSamsung 990 PRO ile en iyi oyun deneyimini ya\u015fay\u0131n. Rastgele performansta %55ten fazla iyile\u015ftirme, PS5 ve DirectStorage PC oyunlar\u0131nda \u00fcst\u00fcn oyun ger\u00e7ek\u00e7ili\u011fi i\u00e7in daha h\u0131zl\u0131 y\u00fcklemeler sa\u011flar. So\u011futucunun f\u00fct\u00fcristik tasar\u0131m\u0131, \u015fimdi RGB \u0131\u015f\u0131klar\u0131yla \u0131s\u0131 kontrol\u00fcne e\u015fsiz bir tarz katar.<\/span><\/div>\n<div class=\"phLineBreak\"><\/div>\n<\/div>\n<div class=\"phPart\">\n<p class=\"phBanner\"><img decoding=\"async\" src=\"https:\/\/www.detayresimler.com\/urun\/M\/MZ-V9P2T0CW_7.jpg\" alt=\"Samsung 990 PRO w\/Heatsink MZ-V9P2T0CW 2TB PCIe NVMe M.2 SSD Disk\" \/><\/p>\n<\/div>\n<div class=\"phPart\">\n<div class=\"phLine\"><span class=\"phText\">Samsung Magician Yaz\u0131l\u0131m\u0131Samsung Magician\u0131n yeni geli\u015ftirilmi\u015f sezgisel optimizasyon ara\u00e7lar\u0131 ile 990 PRO\u2019nun g\u00fcc\u00fcn\u00fc tamamen ortaya \u00e7\u0131kar\u0131n.\u00a0<strong>SSD<\/strong>\u2019nizden her zaman en iyi performans\u0131 alabilmek i\u00e7in Magician ile s\u00fcr\u00fcc\u00fcn\u00fcn durumunu g\u00f6zlemleyin, performans\u0131n\u0131 optimize edin, de\u011ferli verileri koruyun ve \u00f6nemli g\u00fcncellemeleri al\u0131n, s\u00fcr\u00fcc\u00fc sa\u011fl\u0131\u011f\u0131n\u0131 izleyin ve LED renk kombinasyonlar\u0131n\u0131 ayarlay\u0131n.<\/span><\/div>\n<div class=\"phLineBreak\"><\/div>\n<\/div>\n<div class=\"phPart\">\n<p class=\"phBanner\"><img decoding=\"async\" src=\"https:\/\/www.detayresimler.com\/urun\/M\/MZ-V9P2T0CW_8.jpg\" alt=\"Samsung 990 PRO w\/Heatsink MZ-V9P2T0CW 2TB PCIe NVMe M.2 SSD Disk\" \/><\/p>\n<\/div>\n<div class=\"phPart\">\n<div class=\"phLine\"><span class=\"phText\">D\u00fcnyan\u0131n 1 Numaral\u0131 Flash Belle\u011fi2003\u2019ten beri d\u00fcnyan\u0131n bir numaral\u0131 fla\u015f belle\u011fini \u00fcreten bir markan\u0131n sa\u011flayabilece\u011fi bu rakipsiz \u00fcst\u00fcn performans ve g\u00fcvenilirli\u011fin keyfini \u00e7\u0131kar\u0131n. Samsung\u2019un d\u00fcnyaca \u00fcnl\u00fc DRAM ve NAND teknolojileri de dahil olmak \u00fczere t\u00fcm ayg\u0131t yaz\u0131l\u0131mlar\u0131 ve bile\u015fenleri bizzat Samsung\u2019un kendisi taraf\u0131ndan \u00fcretilmekte, b\u00f6ylece g\u00fcvenebilece\u011finiz bir kalite i\u00e7in ba\u015ftan sonra bir entegrasyon imkan\u0131 sunmaktad\u0131r.<\/span><\/div>\n<div class=\"phLineBreak\"><\/div>\n<\/div>\n<div class=\"phPart\">\n<p class=\"phBanner\"><img decoding=\"async\" src=\"https:\/\/www.detayresimler.com\/urun\/M\/MZ-V9P2T0CW_9.jpg\" alt=\"Samsung 990 PRO w\/Heatsink MZ-V9P2T0CW 2TB PCIe NVMe M.2 SSD Disk\" \/><\/p>\n<\/div>\n<div class=\"phPart\"><span class=\"phSpecHeader\">Teknik \u00d6zellikler<\/span><\/p>\n<div class=\"phSpec\">\n<div>MarkaSamsung<\/div>\n<div>Model Ad\u0131990 PRO w\/Heatsink<\/div>\n<div>Model KoduMZ-V9P2T0CW<\/div>\n<div>Kapasite2 TB<\/div>\n<div>Form Fakt\u00f6r\u00fcM.2 2280<\/div>\n<div>Aray\u00fczPCIe Gen 4.0 x4, NVMe 2.0<\/div>\n<div>Maks. S\u0131ral\u0131 Okuma7.450 MB\/s<\/div>\n<div>Maks. S\u0131ral\u0131 Yazma6.900 MB\/s<\/div>\n<div>Rastgele Okuma (4 KB, QD32)1.400K IOPS<\/div>\n<div>Rastgele Yazma (4 KB, QD32)1.550K IOPS<\/div>\n<div>Depolama Belle\u011fiSamsung V-NAND 3-bit MLC<\/div>\n<div>Kontrolc\u00fcSamsung Dahili Kontrolc\u00fc<\/div>\n<div>\u00d6nbellekSamsung 2GB Low Power DDR4 SDRAM<\/div>\n<div>TRIM Deste\u011fiVar<\/div>\n<div>S.M.A.R.T Deste\u011fiVar<\/div>\n<div>GC (\u00c7\u00f6p Toplama)Otomatik \u00c7\u00f6p Toplama Algoritmas\u0131<\/div>\n<div>\u015eifreleme Deste\u011fiAES 256-bit \u015eifreleme (0 S\u0131n\u0131f\u0131)TCG\/Opal IEEE1667 (\u015eifreli s\u00fcr\u00fcc\u00fc)<\/div>\n<div>WWN Deste\u011fiYok<\/div>\n<div>Cihaz Uyku Modu Deste\u011fiVar<\/div>\n<div>G\u00fc\u00e7 T\u00fcketimi (Aktif)Ortalama: 5.5 W \/ Maksimum: 8.5 W (Burst modu)<\/div>\n<div>G\u00fc\u00e7 T\u00fcketimi (Bo\u015fta)Maks. 55 mW<\/div>\n<div>G\u00fc\u00e7 T\u00fcketimi (Uyku)Maks. 5 mW<\/div>\n<div>Voltaj3.3 V \u00b1 5 %<\/div>\n<div>G\u00fcvenilirlik (MTBF)1.5 Milyon Saat<\/div>\n<div>\u00c7al\u0131\u015fma S\u0131cakl\u0131\u011f\u01310 &#8211; 70<\/div>\n<div>Darbe1.500 G ve 0.5 ms (Yar\u0131m sin\u00fcs)<\/div>\n<div>Y\u00f6netim Yaz\u0131l\u0131m\u0131<strong>SSD<\/strong>\u00a0y\u00f6netimi i\u00e7in Magician Yaz\u0131l\u0131m\u0131<\/div>\n<div>Boyutlar80 x 24.3 x 8.2 mm (so\u011futucu ile)<\/div>\n<div>A\u011f\u0131rl\u0131k28 g<\/div>\n<div>Garanti5 Y\u0131l S\u0131n\u0131rl\u0131 Garanti veya 1200 TBW S\u0131n\u0131rl\u0131 Garanti<\/div>\n<\/div>\n<\/div>\n<\/div>\n<h2 class=\"card-title text-center mt-10 justify-center\">Samsung 990 PRO w\/Heatsink MZ-V9P2T0CW 2TB PCIe NVMe M.2 SSD Disk \u00d6zellikleri<\/h2>\n<div>\n<div class=\"columns-1 md:columns-2 gap-5\">\n<div class=\"mb-7 break-inside-avoid-column text-left\">\n<p class=\"text-xl font-medium mb-1\">Genel \u00d6zellikler<\/p>\n<div class=\"bg-neutral-100 px-1 xl:px-5 py-1 shadow-sm\">\n<table class=\"w-full prose\">\n<tbody>\n<tr>\n<th class=\"text-sm lg:text-base w-28 lg:w-48\">NAND Flash<\/th>\n<td class=\"text-sm lg:text-base break-all\">Samsung V-NAND 3-bit MLC<\/td>\n<\/tr>\n<tr>\n<th class=\"text-sm lg:text-base w-28 lg:w-48\">Disk Boyutu<\/th>\n<td class=\"text-sm lg:text-base break-all\">M.2 2280<\/td>\n<\/tr>\n<tr>\n<th class=\"text-sm lg:text-base w-28 lg:w-48\">\u00d6n Bellek<\/th>\n<td class=\"text-sm lg:text-base break-all\">Samsung 2 GB Low Power DDR4 SDRAM<\/td>\n<\/tr>\n<tr>\n<th class=\"text-sm lg:text-base w-28 lg:w-48\">Trim Deste\u011fi<\/th>\n<td class=\"text-sm lg:text-base break-all\">Destekler<\/td>\n<\/tr>\n<tr>\n<th class=\"text-sm lg:text-base w-28 lg:w-48\">Darbe Dayan\u0131kl\u0131l\u0131\u011f\u0131<\/th>\n<td class=\"text-sm lg:text-base break-all\">1500G\/0.5ms<\/td>\n<\/tr>\n<tr>\n<th class=\"text-sm lg:text-base w-28 lg:w-48\">MTBF<\/th>\n<td class=\"text-sm lg:text-base break-all\">1,500,000 saat<\/td>\n<\/tr>\n<tr>\n<th class=\"text-sm lg:text-base w-28 lg:w-48\">\u00c7al\u0131\u015fma S\u0131cakl\u0131\u011f\u0131<\/th>\n<td class=\"text-sm lg:text-base break-all\">0\u00b0C ~ 70\u00b0C<\/td>\n<\/tr>\n<tr>\n<th class=\"text-sm lg:text-base w-28 lg:w-48\">IOPS<\/th>\n<td class=\"text-sm lg:text-base break-all\">1400K \/ 1550K<\/td>\n<\/tr>\n<tr>\n<th class=\"text-sm lg:text-base w-28 lg:w-48\">Data G\u00fcvenilirli\u011fi<\/th>\n<td class=\"text-sm lg:text-base break-all\">AES 256-bit \u015eifreleme<\/td>\n<\/tr>\n<\/tbody>\n<\/table>\n<\/div>\n<\/div>\n<div class=\"mb-7 break-inside-avoid-column text-left\">\n<p class=\"text-xl font-medium mb-1\">Kapasite Ve H\u0131z<\/p>\n<div class=\"bg-neutral-100 px-1 xl:px-5 py-1 shadow-sm\">\n<table class=\"w-full prose\">\n<tbody>\n<tr>\n<th class=\"text-sm lg:text-base w-28 lg:w-48\">Max Okuma H\u0131z\u0131 \/ MB\/s<\/th>\n<td class=\"text-sm lg:text-base break-all\">7450 MB\/s<\/td>\n<\/tr>\n<tr>\n<th class=\"text-sm lg:text-base w-28 lg:w-48\">Max Yazma H\u0131z\u0131 \/ MB\/s<\/th>\n<td class=\"text-sm lg:text-base break-all\">6900 MB\/s<\/td>\n<\/tr>\n<tr>\n<th class=\"text-sm lg:text-base w-28 lg:w-48\">Bellek Kapasitesi<\/th>\n<td class=\"text-sm lg:text-base break-all\">2 TB<\/td>\n<\/tr>\n<\/tbody>\n<\/table>\n<\/div>\n<\/div>\n<div class=\"mb-7 break-inside-avoid-column text-left\">\n<p class=\"text-xl font-medium mb-1\">Tasar\u0131m<\/p>\n<div class=\"bg-neutral-100 px-1 xl:px-5 py-1 shadow-sm\">\n<table class=\"w-full prose\">\n<tbody>\n<tr>\n<th class=\"text-sm lg:text-base w-28 lg:w-48\">A\u011f\u0131rl\u0131k<\/th>\n<td class=\"text-sm lg:text-base break-all\">28 g<\/td>\n<\/tr>\n<\/tbody>\n<\/table>\n<\/div>\n<\/div>\n<div class=\"mb-7 break-inside-avoid-column text-left\">\n<p class=\"text-xl font-medium mb-1\">Di\u011fer \u00d6zellikler<\/p>\n<div class=\"bg-neutral-100 px-1 xl:px-5 py-1 shadow-sm\">\n<table class=\"w-full prose\">\n<tbody>\n<tr>\n<th class=\"text-sm lg:text-base w-28 lg:w-48\">Di\u011fer \u00d6zellikler<\/th>\n<td class=\"text-sm lg:text-base break-all\">Boyutlar: 80 x 24.3 x 8.2 mm (so\u011futucu ile), PCIe Gen4 x4, RGB Ayd\u0131nlatma<\/td>\n<\/tr>\n<tr>\n<th class=\"text-sm lg:text-base w-28 lg:w-48\">Garanti S\u00fcresi<\/th>\n<td class=\"text-sm lg:text-base break-all\">S\u0131n\u0131rl\u0131 5 y\u0131l garanti<\/td>\n<\/tr>\n<\/tbody>\n<\/table>\n<\/div>\n<\/div>\n<\/div>\n<\/div>\n","protected":false},"excerpt":{"rendered":"<table border=\"0\" cellspacing=\"0\" cellpadding=\"0\">\n<tbody>\n<tr>\n<td>\n<table class=\"product-detail\" border=\"0\" width=\"100%\" cellspacing=\"0\" cellpadding=\"0\">\n<tbody>\n<tr>\n<td class=\"product-detail-02\" width=\"34%\">Okuma H\u0131z\u0131:<\/td>\n<td width=\"66%\">\u00a07000 MB\/S ve \u00fczeri<\/td>\n<\/tr>\n<tr>\n<td class=\"product-detail-02\" width=\"34%\">Kapasite:<\/td>\n<td width=\"66%\">\u00a02TB<\/td>\n<\/tr>\n<tr>\n<td class=\"product-detail-02\" width=\"34%\">Arabirim:<\/td>\n<td width=\"66%\">\u00a0M.2 NVMe<\/td>\n<\/tr>\n<tr>\n<td class=\"product-detail-02\" width=\"34%\">Boyut:<\/td>\n<td width=\"66%\">\u00a0M.2 2280<\/td>\n<\/tr>\n<\/tbody>\n<\/table>\n<\/td>\n<\/tr>\n<\/tbody>\n<\/table>\n","protected":false},"featured_media":1145,"template":"","meta":{"om_disable_all_campaigns":false,"_monsterinsights_skip_tracking":false,"_monsterinsights_sitenote_active":false,"_monsterinsights_sitenote_note":"","_monsterinsights_sitenote_category":0},"product_cat":[82],"product_tag":[],"class_list":{"0":"post-1144","1":"product","2":"type-product","3":"status-publish","4":"has-post-thumbnail","6":"product_cat-nvme-m-2-hddler","7":"thunk-woo-product-list","8":"opn-qv-enable","9":"top-store-woo-hover-zoom","10":"top-store-single-product-tab-horizontal","11":"top-store-shadow-","12":"top-store-shadow-hover-","14":"first","15":"instock","16":"taxable","17":"shipping-taxable","18":"product-type-simple"},"aioseo_notices":[],"_links":{"self":[{"href":"https:\/\/bilginteknoloji.com\/woo\/wp-json\/wp\/v2\/product\/1144","targetHints":{"allow":["GET"]}}],"collection":[{"href":"https:\/\/bilginteknoloji.com\/woo\/wp-json\/wp\/v2\/product"}],"about":[{"href":"https:\/\/bilginteknoloji.com\/woo\/wp-json\/wp\/v2\/types\/product"}],"wp:featuredmedia":[{"embeddable":true,"href":"https:\/\/bilginteknoloji.com\/woo\/wp-json\/wp\/v2\/media\/1145"}],"wp:attachment":[{"href":"https:\/\/bilginteknoloji.com\/woo\/wp-json\/wp\/v2\/media?parent=1144"}],"wp:term":[{"taxonomy":"product_cat","embeddable":true,"href":"https:\/\/bilginteknoloji.com\/woo\/wp-json\/wp\/v2\/product_cat?post=1144"},{"taxonomy":"product_tag","embeddable":true,"href":"https:\/\/bilginteknoloji.com\/woo\/wp-json\/wp\/v2\/product_tag?post=1144"}],"curies":[{"name":"wp","href":"https:\/\/api.w.org\/{rel}","templated":true}]}}