{"id":1136,"date":"2024-09-02T11:16:07","date_gmt":"2024-09-02T08:16:07","guid":{"rendered":"https:\/\/bilginteknoloji.com\/woo\/?post_type=product&#038;p=1136"},"modified":"2024-09-02T11:16:07","modified_gmt":"2024-09-02T08:16:07","slug":"intenso-3812430-128gb-520-500mb-s-2-5-sata3-3d-nand-ssd","status":"publish","type":"product","link":"https:\/\/bilginteknoloji.com\/woo\/urun\/intenso-3812430-128gb-520-500mb-s-2-5-sata3-3d-nand-ssd\/","title":{"rendered":"INTENSO 3812430, 128GB, 520-500Mb\/s, 2.5&#8243; SATA3, 3D NAND, SSD"},"content":{"rendered":"<div class=\"hidden lg:block prose prose-neutral prose-headings:text-lg prose-a:no-underline prose-em:not-italic prose-headings:font-semibold max-w-none prose-img:mx-auto overflow-hidden\">\n<div class=\"phPart\">\n<p class=\"phHeader\">Intenso Top Performance 3812430 128GB 520\/500MB\/s 2.5&#8243; SATA 3 SSD Disk Genel \u00d6zellikler<\/p>\n<\/div>\n<div class=\"phPart\">\n<p class=\"phBanner\"><img decoding=\"async\" src=\"https:\/\/www.detayresimler.com\/urun\/3\/3812430.jpg\" alt=\"Intenso Top Performance 3812430 128GB 2.5\u2033 SATA 3 SSD Disk\" \/><\/p>\n<\/div>\n<div class=\"phPart\">\n<div class=\"phLine\"><span class=\"phText\">Intenso Top Performance\u00a0<\/span><\/div>\n<ul class=\"phList\">\n<li>2.5\u201d SATA 3<\/li>\n<li>520MB\/s okuma, 500MB\/s yazma h\u0131zlar\u0131<\/li>\n<li>128 GB kapasite<\/li>\n<li>SLC \u00f6nbellek<\/li>\n<li>3D NAND<\/li>\n<li>SMART ve TRIM deste\u011fi<\/li>\n<\/ul>\n<div class=\"phLineBreak\"><img decoding=\"async\" src=\"https:\/\/www.detayresimler.com\/urun\/3\/3812430_1.jpg\" alt=\"Intenso Top Performance 3812430 128GB 2.5\u2033 SATA 3 SSD Disk\" \/><\/div>\n<\/div>\n<div class=\"phPart\">\n<p class=\"phBanner\"><img decoding=\"async\" src=\"https:\/\/www.detayresimler.com\/urun\/3\/3812430_2.jpg\" alt=\"Intenso Top Performance 3812430 128GB 2.5\u2033 SATA 3 SSD Disk\" \/><\/p>\n<\/div>\n<div class=\"phPart\">\n<div class=\"phLine\"><span class=\"phText\">Oyun Sisteminizi Y\u00fckseltmek \u0130\u00e7in M\u00fckemmel Se\u00e7imGeleneksel s\u00fcr\u00fcc\u00fclere k\u0131yasla oyunlar\u0131n \u00e7ok daha h\u0131zl\u0131 y\u00fcklenmesini ve a\u00e7\u0131lmas\u0131n\u0131 sa\u011flayan SATA III aray\u00fcz\u00fcn\u00fc ve 3D NAND flash yongas\u0131n\u0131 kullanan Intenso Top Performance 2.5\u201d\u00a0<strong>SSD<\/strong>, oyun\u00a0<strong>bilgisayar<\/strong>\u0131n\u0131z\u0131 y\u00fckseltmeniz i\u00e7in kesinlikle en iyi se\u00e7imdir.<\/span><\/div>\n<div class=\"phLineBreak\"><img decoding=\"async\" src=\"https:\/\/www.detayresimler.com\/urun\/3\/3812430_1.jpg\" alt=\"Intenso Top Performance 3812430 128GB 2.5\u2033 SATA 3 SSD Disk\" \/><\/div>\n<\/div>\n<div class=\"phPart\">\n<p class=\"phBanner\"><img decoding=\"async\" src=\"https:\/\/www.detayresimler.com\/urun\/3\/3812430_3.jpg\" alt=\"Intenso Top Performance 3812430 128GB 2.5\u2033 SATA 3 SSD Disk\" \/><\/p>\n<\/div>\n<div class=\"phPart\">\n<div class=\"phLine\"><span class=\"phText\">2.5\u201d\u00a0SSD\u00a0SATA III Top PerformanceIntenso Top Performance SATA 3\u00a0<strong>SSD<\/strong>, zorlu oyunlar\u0131n yan\u0131 s\u0131ra g\u00fcnl\u00fck kullan\u0131m i\u00e7in de y\u00fcksek h\u0131z ve verimlilik sunar.<\/span><\/div>\n<div class=\"phLineBreak\"><img decoding=\"async\" src=\"https:\/\/www.detayresimler.com\/urun\/3\/3812430_1.jpg\" alt=\"Intenso Top Performance 3812430 128GB 2.5\u2033 SATA 3 SSD Disk\" \/><\/div>\n<\/div>\n<div class=\"phPart\">\n<div class=\"phLine\">\n<div class=\"phImage\"><img decoding=\"async\" src=\"https:\/\/www.detayresimler.com\/urun\/3\/3812430_5.jpg\" alt=\"Intenso Top Performance 3812430 128GB 2.5\u2033 SATA 3 SSD Disk\" \/><\/div>\n<p><span class=\"phText\">Y\u00fcksek H\u0131z, \u00dcst\u00fcn PerformansSATA III 6GB\/s aray\u00fcz\u00fc ile g\u00fc\u00e7lendirilmi\u015f olan Intenso Top Performance 2.5\u201d\u00a0<strong>SSD<\/strong>, 520 MB\/s\u2019ye kadar s\u0131ral\u0131 okuma ve 500 MB\/s\u2019ye kadar s\u0131ral\u0131 yazma oranlar\u0131 ile ola\u011fan\u00fcst\u00fc veri aktar\u0131m h\u0131z\u0131 sunar.<\/span><\/div>\n<div class=\"phLineBreak\"><img decoding=\"async\" src=\"https:\/\/www.detayresimler.com\/urun\/3\/3812430_1.jpg\" alt=\"Intenso Top Performance 3812430 128GB 2.5\u2033 SATA 3 SSD Disk\" \/><\/div>\n<\/div>\n<div class=\"phPart\">\n<div class=\"phLine\"><span class=\"phText\">Darbeye Kar\u015f\u0131 Dayan\u0131kl\u0131SATA III aray\u00fcz\u00fcn\u00fc kullanan Intenso Top Performance\u00a0<strong>SSD<\/strong>, darbeye ve d\u00fc\u015fmeye kar\u015f\u0131 dayan\u0131kl\u0131d\u0131r (1500G\/0.5ms) ve hareketli par\u00e7as\u0131 olmad\u0131\u011f\u0131ndan, titre\u015fimlerden etkilenmez, can s\u0131k\u0131c\u0131 mekanik sesler \u00e7\u0131karmaz.<\/span><\/p>\n<div class=\"phImage\"><img decoding=\"async\" src=\"https:\/\/www.detayresimler.com\/urun\/3\/3812430_6.jpg\" alt=\"Intenso Top Performance 3812430 128GB 2.5\u2033 SATA 3 SSD Disk\" \/><\/div>\n<\/div>\n<div class=\"phLineBreak\"><img decoding=\"async\" src=\"https:\/\/www.detayresimler.com\/urun\/3\/3812430_1.jpg\" alt=\"Intenso Top Performance 3812430 128GB 2.5\u2033 SATA 3 SSD Disk\" \/><\/div>\n<\/div>\n<div class=\"phPart\">\n<p class=\"phBanner\"><img decoding=\"async\" src=\"https:\/\/www.detayresimler.com\/urun\/3\/3812430_9.jpg\" alt=\"Intenso Top Performance 3812430 128GB 2.5\u2033 SATA 3 SSD Disk\" \/><\/p>\n<\/div>\n<div class=\"phPart\">\n<div class=\"phLine\"><span class=\"phText\">Geni\u015f Kapasite Se\u00e7ene\u011fiSistem y\u00fckseltmeleriniz i\u00e7in m\u00fckemmel bir se\u00e7im olan Intenso Top Performance\u00a0<strong>SSD<\/strong>, 128GB, 256GB, 512GB ve 1TB kapasite se\u00e7enekleri ile her kullan\u0131c\u0131n\u0131n ihtiyac\u0131na uygun performans\u0131 sunar.<\/span><\/div>\n<div class=\"phLineBreak\"><img decoding=\"async\" src=\"https:\/\/www.detayresimler.com\/urun\/3\/3812430_1.jpg\" alt=\"Intenso Top Performance 3812430 128GB 2.5\u2033 SATA 3 SSD Disk\" \/><\/div>\n<\/div>\n<div class=\"phPart\">\n<p class=\"phBanner\"><img decoding=\"async\" src=\"https:\/\/www.detayresimler.com\/urun\/3\/3812430_12.jpg\" alt=\"Intenso Top Performance 3812430 128GB 2.5\u2033 SATA 3 SSD Disk\" \/><\/p>\n<\/div>\n<div class=\"phPart\"><span class=\"phSpecHeader\">Teknik \u00d6zellikler<\/span><\/p>\n<div class=\"phSpec\">\n<div>MarkaIntenso<\/div>\n<div>ModelTop Performance<\/div>\n<div>Model Kodu3812430<\/div>\n<div>Kapasite128 GB<\/div>\n<div>Form Fakt\u00f6r\u00fc2.5 in\u00e7<\/div>\n<div>Aray\u00fczSATA 3 (6 Gbps)<\/div>\n<div>S\u0131ral\u0131 Okuma520 MB\/s<\/div>\n<div>S\u0131ral\u0131 Yazma500 MB\/s<\/div>\n<div>IOPS133.120 \/ 128.000 IOPS<\/div>\n<div>D\u00fc\u015f\u00fck G\u00fc\u00e7 T\u00fcketimiEvet<\/div>\n<div>Darbe1500 G \/ 0.5 ms<\/div>\n<div>Sessiz \u00c7al\u0131\u015fma0 dB<\/div>\n<div>SMART Deste\u011fiEvet<\/div>\n<div>TRIM Deste\u011fiEvet<\/div>\n<div>Di\u011fer \u00d6zelliklerSLC \u00d6nbelle\u011fe Alma Teknolojisi \/ 3D NAND<\/div>\n<div>Boyutlar100 x 70 x 7 mm<\/div>\n<div>A\u011f\u0131rl\u0131k33 g<\/div>\n<\/div>\n<\/div>\n<\/div>\n<div>\n<h2 class=\"card-title text-center mt-10 justify-center\">Intenso Top Performance 3812430 128GB 2.5\u2033 SATA 3 SSD Disk \u00d6zellikleri<\/h2>\n<div class=\"columns-1 md:columns-2 gap-5\">\n<div class=\"mb-7 break-inside-avoid-column text-left\">\n<p class=\"text-xl font-medium mb-1\">Genel \u00d6zellikler<\/p>\n<div class=\"bg-neutral-100 px-1 xl:px-5 py-1 shadow-sm\">\n<table class=\"w-full prose\">\n<tbody>\n<tr>\n<th class=\"text-sm lg:text-base w-28 lg:w-48\">NAND Flash<\/th>\n<td class=\"text-sm lg:text-base break-all\">3D NAND Flash<\/td>\n<\/tr>\n<tr>\n<th class=\"text-sm lg:text-base w-28 lg:w-48\">Disk Boyutu<\/th>\n<td class=\"text-sm lg:text-base break-all\">2.5 in\u00e7<\/td>\n<\/tr>\n<tr>\n<th class=\"text-sm lg:text-base w-28 lg:w-48\">Trim Deste\u011fi<\/th>\n<td class=\"text-sm lg:text-base break-all\">Destekler<\/td>\n<\/tr>\n<tr>\n<th class=\"text-sm lg:text-base w-28 lg:w-48\">Darbe Dayan\u0131kl\u0131l\u0131\u011f\u0131<\/th>\n<td class=\"text-sm lg:text-base break-all\">1500G\/0.5ms<\/td>\n<\/tr>\n<tr>\n<th class=\"text-sm lg:text-base w-28 lg:w-48\">IOPS<\/th>\n<td class=\"text-sm lg:text-base break-all\">133K \/ 128K<\/td>\n<\/tr>\n<\/tbody>\n<\/table>\n<\/div>\n<\/div>\n<div class=\"mb-7 break-inside-avoid-column text-left\">\n<p class=\"text-xl font-medium mb-1\">Kapasite Ve H\u0131z<\/p>\n<div class=\"bg-neutral-100 px-1 xl:px-5 py-1 shadow-sm\">\n<table class=\"w-full prose\">\n<tbody>\n<tr>\n<th class=\"text-sm lg:text-base w-28 lg:w-48\">Max Okuma H\u0131z\u0131 \/ MB\/s<\/th>\n<td class=\"text-sm lg:text-base break-all\">520 MB\/s<\/td>\n<\/tr>\n<tr>\n<th class=\"text-sm lg:text-base w-28 lg:w-48\">Max Yazma H\u0131z\u0131 \/ MB\/s<\/th>\n<td class=\"text-sm lg:text-base break-all\">500\/MB\/s<\/td>\n<\/tr>\n<tr>\n<th class=\"text-sm lg:text-base w-28 lg:w-48\">Bellek Kapasitesi<\/th>\n<td class=\"text-sm lg:text-base break-all\">128 GB<\/td>\n<\/tr>\n<\/tbody>\n<\/table>\n<\/div>\n<\/div>\n<div class=\"mb-7 break-inside-avoid-column text-left\">\n<p class=\"text-xl font-medium mb-1\">Tasar\u0131m<\/p>\n<div class=\"bg-neutral-100 px-1 xl:px-5 py-1 shadow-sm\">\n<table class=\"w-full prose\">\n<tbody>\n<tr>\n<th class=\"text-sm lg:text-base w-28 lg:w-48\">A\u011f\u0131rl\u0131k<\/th>\n<td class=\"text-sm lg:text-base break-all\">33 g<\/td>\n<\/tr>\n<\/tbody>\n<\/table>\n<\/div>\n<\/div>\n<div class=\"mb-7 break-inside-avoid-column text-left\">\n<p class=\"text-xl font-medium mb-1\">Di\u011fer \u00d6zellikler<\/p>\n<div class=\"bg-neutral-100 px-1 xl:px-5 py-1 shadow-sm\">\n<table class=\"w-full prose\">\n<tbody>\n<tr>\n<th class=\"text-sm lg:text-base w-28 lg:w-48\">Di\u011fer \u00d6zellikler<\/th>\n<td class=\"text-sm lg:text-base break-all\">Boyutlar: 100 x 70 x 7 mm<\/td>\n<\/tr>\n<tr>\n<th class=\"text-sm lg:text-base w-28 lg:w-48\">Garanti S\u00fcresi<\/th>\n<td class=\"text-sm lg:text-base break-all\">24 Ay Garanti<\/td>\n<\/tr>\n<\/tbody>\n<\/table>\n<\/div>\n<\/div>\n<\/div>\n<\/div>\n","protected":false},"excerpt":{"rendered":"<table class=\"product-detail\" border=\"0\" width=\"100%\" cellspacing=\"0\" cellpadding=\"0\">\n<tbody>\n<tr>\n<td class=\"product-detail-02\" width=\"34%\">Okuma H\u0131z\u0131:<\/td>\n<td width=\"66%\">\u00a0500 MB\/S ve \u00fczeri<\/td>\n<\/tr>\n<tr>\n<td class=\"product-detail-02\" width=\"34%\">Kapasite:<\/td>\n<td width=\"66%\">\u00a0128GB<\/td>\n<\/tr>\n<tr>\n<td class=\"product-detail-02\" width=\"34%\">Arabirim:<\/td>\n<td width=\"66%\">\u00a0SATA<\/td>\n<\/tr>\n<tr>\n<td class=\"product-detail-02\" width=\"34%\">Boyut:<\/td>\n<td width=\"66%\">\u00a02,5 in\u00e7<\/td>\n<\/tr>\n<\/tbody>\n<\/table>\n","protected":false},"featured_media":1134,"template":"","meta":{"om_disable_all_campaigns":false,"_monsterinsights_skip_tracking":false,"_monsterinsights_sitenote_active":false,"_monsterinsights_sitenote_note":"","_monsterinsights_sitenote_category":0},"product_cat":[83],"product_tag":[],"class_list":{"0":"post-1136","1":"product","2":"type-product","3":"status-publish","4":"has-post-thumbnail","6":"product_cat-sata-ssdler","7":"thunk-woo-product-list","8":"opn-qv-enable","9":"top-store-woo-hover-zoom","10":"top-store-single-product-tab-horizontal","11":"top-store-shadow-","12":"top-store-shadow-hover-","14":"first","15":"instock","16":"taxable","17":"shipping-taxable","18":"product-type-simple"},"aioseo_notices":[],"_links":{"self":[{"href":"https:\/\/bilginteknoloji.com\/woo\/wp-json\/wp\/v2\/product\/1136","targetHints":{"allow":["GET"]}}],"collection":[{"href":"https:\/\/bilginteknoloji.com\/woo\/wp-json\/wp\/v2\/product"}],"about":[{"href":"https:\/\/bilginteknoloji.com\/woo\/wp-json\/wp\/v2\/types\/product"}],"wp:featuredmedia":[{"embeddable":true,"href":"https:\/\/bilginteknoloji.com\/woo\/wp-json\/wp\/v2\/media\/1134"}],"wp:attachment":[{"href":"https:\/\/bilginteknoloji.com\/woo\/wp-json\/wp\/v2\/media?parent=1136"}],"wp:term":[{"taxonomy":"product_cat","embeddable":true,"href":"https:\/\/bilginteknoloji.com\/woo\/wp-json\/wp\/v2\/product_cat?post=1136"},{"taxonomy":"product_tag","embeddable":true,"href":"https:\/\/bilginteknoloji.com\/woo\/wp-json\/wp\/v2\/product_tag?post=1136"}],"curies":[{"name":"wp","href":"https:\/\/api.w.org\/{rel}","templated":true}]}}