{"id":1131,"date":"2024-09-02T11:13:49","date_gmt":"2024-09-02T08:13:49","guid":{"rendered":"https:\/\/bilginteknoloji.com\/woo\/?post_type=product&#038;p=1131"},"modified":"2024-09-02T11:13:50","modified_gmt":"2024-09-02T08:13:50","slug":"samsung-mz-77e500bw-870-evo-500gb-560-530-25-sata-ssd","status":"publish","type":"product","link":"https:\/\/bilginteknoloji.com\/woo\/urun\/samsung-mz-77e500bw-870-evo-500gb-560-530-25-sata-ssd\/","title":{"rendered":"SAMSUNG MZ-77E500BW, 870 EVO, 500GB, 560\/530, 2,5&#8243; SATA, SSD"},"content":{"rendered":"<div class=\"product-detail-content\">\n<div class=\"phPart\">\n<p class=\"phHeader\">Samsung 870 EVO MZ-77E500BW 500GB 560\/530MB\/s 2.5&#8243; SATA 3 SSD Disk Genel \u00d6zellikler<\/p>\n<\/div>\n<div class=\"phPart\">\n<p class=\"phBanner\"><img decoding=\"async\" src=\"https:\/\/www.detayresimler.com\/urun\/M\/MZ-77E500BW.jpg\" alt=\"\" \/><\/p>\n<\/div>\n<div class=\"phPart\">\n<div class=\"phLine\"><span class=\"phText\">Samsung 870 EVO 2.5&#8243; SATA 3 SSD Disk<\/span><\/div>\n<ul class=\"phList\">\n<li>D\u00fcnyada en \u00e7ok tercih edilen\u00a0SSD<\/li>\n<li>Muhte\u015fem performans<\/li>\n<li>End\u00fcstri standartlar\u0131n\u0131 belirleyen g\u00fcvenilirlik<\/li>\n<\/ul>\n<div class=\"phLineBreak\"><\/div>\n<\/div>\n<div class=\"phPart\">\n<p class=\"phBanner\"><img decoding=\"async\" src=\"https:\/\/www.detayresimler.com\/urun\/M\/MZ-77E500BW_1.jpg\" alt=\"\" \/><\/p>\n<\/div>\n<div class=\"phPart\">\n<div class=\"phLine\"><span class=\"phText\">D\u00fcnyada En \u00c7ok Tercih Edilen\u00a0SSDD\u00fcnyan\u0131n en \u00e7ok satan\u00a0SSD\u00a0serisinin en son modeli nihayet geldi.\u00a0870 EVO\u00a0miras olarak ald\u0131\u011f\u0131\u00a0Samsung\u2019un \u00e7\u0131\u011f\u0131r a\u00e7an\u00a0SSD\u00a0teknolojisini, artt\u0131r\u0131lm\u0131\u015f \u00fcst d\u00fczey performans\u0131, g\u00fcvenilirli\u011fi ve i\u00e7erik yarat\u0131c\u0131lar\u0131ndan BT profesyonellerine kadar herkesin g\u00fcnl\u00fck ihtiya\u00e7lar\u0131na cevap verebilen bir uyumlulu\u011fu g\u00fcn\u00fcm\u00fcze ta\u015f\u0131yor.<\/span><\/div>\n<div class=\"phLineBreak\"><\/div>\n<\/div>\n<div class=\"phPart\">\n<p class=\"phBanner\"><img decoding=\"async\" src=\"https:\/\/www.detayresimler.com\/urun\/M\/MZ-77E500BW_2.jpg\" alt=\"\" \/><\/p>\n<\/div>\n<div class=\"phPart\">\n<div class=\"phLine\"><span class=\"phText\">Muhte\u015fem Performans870 EVO, SATA aray\u00fcz\u00fcn\u00fcn maksimum s\u0131n\u0131r de\u011ferleri olan\u00a0560\/ 530 MB\/sn\u00a0s\u0131ral\u0131 okuma-yazma h\u0131zlar\u0131na ula\u015f\u0131r. Art\u0131k ki\u015fisel ama\u00e7l\u0131 kullan\u0131c\u0131lar da profesyonel seviyedeki\u00a0SSD\u00a0performans\u0131n\u0131n keyfini ya\u015fayabilir. Daha b\u00fcy\u00fck de\u011fi\u015fken ara belle\u011fe sahip\u00a0Ak\u0131ll\u0131 TurboWrite\u00a0teknolojisi, yazma h\u0131z\u0131n\u0131 artt\u0131r\u0131r ve uzun s\u00fcre y\u00fcksek performans sunar.<\/span><\/div>\n<div class=\"phLineBreak\"><\/div>\n<\/div>\n<div class=\"phPart\">\n<p class=\"phBanner\"><img decoding=\"async\" src=\"https:\/\/www.detayresimler.com\/urun\/M\/MZ-77E500BW_4.jpg\" alt=\"\" \/><\/p>\n<\/div>\n<div class=\"phPart\">\n<div class=\"phLine\"><span class=\"phText\">End\u00fcstri Standartlar\u0131n\u0131 Belirleyen G\u00fcvenilirlik870 EVO, 2.400 TBW\u2019ye kadar varan 5 y\u0131l s\u0131n\u0131rl\u0131 garantisi ile end\u00fcstriye \u00f6nc\u00fcl\u00fck eden g\u00fcvenilirlik standartlar\u0131n\u0131 kar\u015f\u0131lar. En yeni 6. Jenerasyon teknolojisi ile g\u00fcndelik hesaplama i\u015flemlerinden 8K video g\u00f6r\u00fcnt\u00fclerinin i\u015flenmesine pek \u00e7ok farkl\u0131 g\u00f6revin \u00fcstesinden gelebilir. \u0130stikrarl\u0131 bir sunucu deneyimi sa\u011flamak i\u00e7in\u00a0VNAND\u00a0teknolojisine ve\u00a0MKX\u00a0Kontrol \u00dcnitesine sahiptir.<\/span><\/div>\n<div class=\"phLineBreak\"><\/div>\n<\/div>\n<div class=\"phPart\">\n<p class=\"phBanner\"><img decoding=\"async\" src=\"https:\/\/www.detayresimler.com\/urun\/M\/MZ-77E500BW_3.jpg\" alt=\"\" \/><\/p>\n<\/div>\n<div class=\"phPart\">\n<div class=\"phLine\"><span class=\"phText\">Her Zamankinden Daha Uyumlu870 EVO; yonga setlerinin,\u00a0anakartlar\u0131n, NAS ve video kay\u0131t cihazlar\u0131n\u0131n da dahil oldu\u011fu temel sunucu sistemlerinin ve uygulamalar\u0131n uyumluluk testlerini ge\u00e7mi\u015ftir. D\u00fcnya \u00e7ap\u0131nda en \u00e7ok satan\u00a0EVO\u00a0serisine yeni kat\u0131lan\u00a0870 EVO\u2019nun kan\u0131tlanm\u0131\u015f \u00e7ok y\u00f6nl\u00fcl\u00fc\u011f\u00fc her t\u00fcrl\u00fc kullan\u0131c\u0131 sistemi ve g\u00f6revi ile uyumludur.<\/span><\/div>\n<div class=\"phLineBreak\"><\/div>\n<\/div>\n<div class=\"phPart\">\n<p class=\"phBanner\"><img decoding=\"async\" src=\"https:\/\/www.detayresimler.com\/urun\/M\/MZ-77E500BW_7.jpg\" alt=\"\" \/><\/p>\n<\/div>\n<div class=\"phPart\">\n<div class=\"phLine\"><span class=\"phText\">Kolayca Y\u00fckseltinStandart\u00a02.5 in\u00e7\u00a0SATA\u00a0form fakt\u00f6r\u00fcn\u00fc destekleyen bir masa\u00fcst\u00fc veya diz\u00fcst\u00fc bilgisayara sahip olan herkes kolayca\u00a0bilgisayar\u0131n\u0131\u00a0870 EVO\u2019ya y\u00fckseltebilir. Bu harika\u00a0SSDnin keyfini \u00e7\u0131karmak,\u00a0870 EVO\u2019yu bir SATA yuvas\u0131na takmak kadar kolay, geri kalan i\u015fleri yenilenen ge\u00e7i\u015f yaz\u0131l\u0131m\u0131 halledecektir.<\/span><\/div>\n<ul class=\"phList\">\n<li>1. Ad\u0131m &#8211; Yedekleyin: Verilerinizi\u00a0Samsung\u00a0Ge\u00e7i\u015f Yaz\u0131l\u0131m\u0131 ile yedekleyin.<\/li>\n<li>2. Ad\u0131m &#8211; De\u011fi\u015ftirin: Mevcut s\u00fcr\u00fcc\u00fcn\u00fcz\u00fc\u00a0SSD\u00a0ile de\u011fi\u015ftirin. Sistemi yeniden ba\u015flat\u0131n ve\u00a0bilgisayar\u0131n\u0131z\u0131 kullanmaya devam edin.<\/li>\n<\/ul>\n<div class=\"phLineBreak\"><\/div>\n<\/div>\n<div class=\"phPart\">\n<p class=\"phBanner\"><img decoding=\"async\" src=\"https:\/\/www.detayresimler.com\/urun\/M\/MZ-77E500BW_5.jpg\" alt=\"\" \/><\/p>\n<\/div>\n<div class=\"phPart\">\n<div class=\"phLine\"><span class=\"phText\">Samsung\u00a0Magician Yaz\u0131l\u0131m\u0131S\u00fcr\u00fcc\u00fcn\u00fcz\u00fcn adeta sihirli bir g\u00fcc\u00fc varm\u0131\u015f\u00e7as\u0131na \u00e7al\u0131\u015fmas\u0131n\u0131 sa\u011flay\u0131n. Yeni ve geli\u015ftirilmi\u015f\u00a0Samsung\u00a0Magician\u00a0yaz\u0131l\u0131m\u0131,\u00a0SSD\u2019nizi kontrol alt\u0131nda tutacakt\u0131r. En son g\u00fcncellemeleri yakalamak, s\u00fcr\u00fcc\u00fcn\u00fcn sa\u011fl\u0131kl\u0131 \u00e7al\u0131\u015f\u0131p \u00e7al\u0131\u015fmad\u0131\u011f\u0131n\u0131 ve durumunu izlemek, hatta performans\u0131n\u0131 art\u0131rmak i\u00e7in s\u00fcr\u00fcc\u00fcn\u00fcz\u00fc \u00e7ok \u00e7e\u015fitli faydal\u0131 ara\u00e7larla kolayca y\u00f6netebilirsiniz.<\/span><\/div>\n<div class=\"phLineBreak\"><\/div>\n<\/div>\n<div class=\"phPart\">\n<div class=\"phLine\">\n<div class=\"phImage\"><img decoding=\"async\" src=\"https:\/\/www.detayresimler.com\/urun\/M\/MZ-77E500BW_6.jpg\" alt=\"\" \/><\/div>\n<p><span class=\"phText\">D\u00fcnyan\u0131n 1 Numaral\u0131 Flash Belle\u011fi2003\u2019ten beri d\u00fcnyan\u0131n bir numaral\u0131 fla\u015f belle\u011fini \u00fcreten bir markan\u0131n sa\u011flayabilece\u011fi bu rakipsiz \u00fcst\u00fcn performans ve g\u00fcvenilirli\u011fin keyfini \u00e7\u0131kar\u0131n.\u00a0Samsung\u2019un d\u00fcnyaca \u00fcnl\u00fc\u00a0DRAM\u00a0ve\u00a0NAND\u00a0teknolojileri de dahil olmak \u00fczere t\u00fcm ayg\u0131t yaz\u0131l\u0131mlar\u0131 ve bile\u015fenleri bizzat\u00a0Samsung\u2019un kendisi taraf\u0131ndan \u00fcretilmekte, b\u00f6ylece g\u00fcvenebilece\u011finiz bir kalite i\u00e7in ba\u015ftan sonra bir entegrasyon imkan\u0131 sunmaktad\u0131r.<\/span><\/div>\n<div class=\"phLineBreak\"><\/div>\n<\/div>\n<div class=\"phPart\">\n<p class=\"phBanner\"><img decoding=\"async\" src=\"https:\/\/www.detayresimler.com\/urun\/M\/MZ-77E500BW_8.jpg\" alt=\"\" \/><\/p>\n<\/div>\n<div class=\"phPart\"><strong><span class=\"phSpecHeader\">Teknik \u00d6zellikler<\/span><\/strong><\/p>\n<div class=\"phSpec\">\n<div>Marka: Samsung<\/div>\n<div>Model Ad\u0131: 870 EVO<\/div>\n<div>\u00dcr\u00fcn Kodu: MZ-77E500BW<\/div>\n<div>Uygulama: \u0130stemci\u00a0Bilgisayarlar<\/div>\n<div>Kapasite: 500 GB<\/div>\n<div>Tip: 2,5 in\u00e7<\/div>\n<div>Arabirim: SATA 6 Gb\/s Aray\u00fcz\u00fc (SATA 3 Gb\/s &amp; SATA 1,5 Gb\/s aray\u00fcz\u00fcyle uyumlu)<\/div>\n<div>S\u0131ral\u0131 Okuma: 560 MB\/s<\/div>\n<div>S\u0131ral\u0131 Yazma: 530 MB\/s<\/div>\n<div>Rastgele Okuma (4 KB, QD32): 98.000 IOPS<\/div>\n<div>Rastgele Yazma (4 KB, QD32): 88.000 IOPS<\/div>\n<div>Rastgele Okuma (4 KB, QD1): 13.000 IOPS<\/div>\n<div>Rastgele Yazma (4 KB, QD1): 36.000 IOPS<\/div>\n<div>Depolama Belle\u011fi: Samsung\u00a0V-NAND 3bit MLC<\/div>\n<div>Kontrolc\u00fc: Samsung\u00a0MKX Controller<\/div>\n<div>\u00d6n Bellek: Samsung\u00a0512 MB Low Power DDR4 SDRAM<\/div>\n<div>TBW: 300 TBW<\/div>\n<div>TRIM Deste\u011fi: Var<\/div>\n<div>S.M.A.R.T Deste\u011fi: Var<\/div>\n<div>GC (\u00c7\u00f6p Toplama): Otomatik \u00c7\u00f6p Toplama Algoritmas\u0131<\/div>\n<div>\u015eifreleme Deste\u011fi: AES 256-bit \u015eifreleme (0 S\u0131n\u0131f\u0131), TCG\/Opal IEEE1667 (\u015eifreli s\u00fcr\u00fcc\u00fc)<\/div>\n<div>WWN Deste\u011fi: WWN (World Wide Name) deste\u011fi<\/div>\n<div>Cihaz Uyku Modu Deste\u011fi: Var<\/div>\n<div>Y\u00f6netim Yaz\u0131l\u0131m\u0131SSD y\u00f6netimi i\u00e7in Magician Software,\u00a0SSD\u00a0y\u00fckseltmesi i\u00e7in Veri Ge\u00e7i\u015f Yaz\u0131l\u0131m\u0131<\/div>\n<div>Boyutlar: 100 x 69.85 x 6.8 mm<\/div>\n<div>A\u011f\u0131rl\u0131k: 45 g<\/div>\n<\/div>\n<\/div>\n<div class=\"phPart\"><strong><span class=\"phSpecHeader\">\u00c7evresel \u00d6zellikler<\/span><\/strong><\/p>\n<div class=\"phSpec\">\n<div>Ortalama Enerji T\u00fcketimi (sistem seviyesi): Ortalama: 2,2 W, Maksimum: 3,5 W<\/div>\n<div>G\u00fc\u00e7 T\u00fcketimi (Bo\u015ftayken) Maksimum: 30 mW<\/div>\n<div>\u0130zin Verilen Voltaj: 5 V \u00b1 %5 \u0130zin verilebilir voltaj<\/div>\n<div>G\u00fcvenilirlik (MTBF de\u011feri): 1,5 Milyon Saat G\u00fcvenilirlik (MTBF)<\/div>\n<div>Darbe: 1.500 G ve 0,5 ms (Yar\u0131m sin\u00fcs)<\/div>\n<div>Titre\u015fim: 20~2.000Hz \/ 20G<\/div>\n<div>\u00c7al\u0131\u015fma S\u0131cakl\u0131\u011f\u0131: 0 ~ 70<\/div>\n<div>Depolama S\u0131cakl\u0131\u011f\u0131: -40\u00b0C ~ 85\u00b0C<\/div>\n<\/div>\n<\/div>\n<\/div>\n<div id=\"ozellikler\" class=\"properties-table\">\n<h2>Samsung 870 EVO MZ-77E500BW 500GB 560\/530MB\/s 2.5&#8243; SATA 3 SSD Disk \u00d6zellikleri<\/h2>\n<ul>\n<li>NAND Flash: Samsung V-NAND 3bit MLC<\/li>\n<li>Bellek Kapasitesi: 500 GB<\/li>\n<li>Disk Boyutu: 2.5 in\u00e7<\/li>\n<li>A\u011f\u0131rl\u0131k: 45 gr<\/li>\n<li>\u00d6n Bellek: Samsung 512 MB Low Power DDR4 SDRAM<\/li>\n<li>Max Okuma H\u0131z\u0131 \/ MB\/s560 MB\/s<\/li>\n<li>Max Yazma H\u0131z\u0131 \/ MB\/s530 MB\/s<\/li>\n<li>IOPS: 98K \/ 88K<\/li>\n<li>Renk: Siyah<\/li>\n<li>Trim Deste\u011fi: Destekler<\/li>\n<li>Darbe Dayan\u0131kl\u0131l\u0131\u011f\u0131: 1.500 G &amp; 0.5 ms (Yar\u0131m sin\u00fcs)<\/li>\n<li>MTBF: 1,500,000 saat<\/li>\n<li>Titre\u015fim: 20~2.000Hz \/ 20G<\/li>\n<li>\u00c7al\u0131\u015fma S\u0131cakl\u0131\u011f\u0131: 0C ~ 70C<\/li>\n<li>Depolama S\u0131cakl\u0131\u011f\u0131: -40\u00b0C~85\u00b0C<\/li>\n<li>Data G\u00fcvenilirli\u011fi: AES 256-bit \u015eifreleme<\/li>\n<li>Di\u011fer \u00d6zellikler: Boyutlar: 100 x 69.85 x 6.8 mm<\/li>\n<li>Garanti S\u00fcresi: S\u0131n\u0131rl\u0131 5 y\u0131l garanti<\/li>\n<\/ul>\n<\/div>\n","protected":false},"excerpt":{"rendered":"<table class=\"product-detail\" border=\"0\" width=\"100%\" cellspacing=\"0\" cellpadding=\"0\">\n<tbody>\n<tr>\n<td class=\"product-detail-02\" width=\"34%\">Okuma H\u0131z\u0131:<\/td>\n<td width=\"66%\">\u00a0500 MB\/S ve \u00fczeri<\/td>\n<\/tr>\n<tr>\n<td class=\"product-detail-02\" width=\"34%\">Kapasite:<\/td>\n<td width=\"66%\">\u00a0500GB<\/td>\n<\/tr>\n<tr>\n<td class=\"product-detail-02\" width=\"34%\">Arabirim:<\/td>\n<td width=\"66%\">\u00a0SATA<\/td>\n<\/tr>\n<tr>\n<td class=\"product-detail-02\" width=\"34%\">Boyut:<\/td>\n<td width=\"66%\">\u00a02,5 in\u00e7<\/td>\n<\/tr>\n<\/tbody>\n<\/table>\n","protected":false},"featured_media":1132,"template":"","meta":{"om_disable_all_campaigns":false,"_monsterinsights_skip_tracking":false,"_monsterinsights_sitenote_active":false,"_monsterinsights_sitenote_note":"","_monsterinsights_sitenote_category":0},"product_cat":[83],"product_tag":[],"class_list":{"0":"post-1131","1":"product","2":"type-product","3":"status-publish","4":"has-post-thumbnail","6":"product_cat-sata-ssdler","7":"thunk-woo-product-list","8":"opn-qv-enable","9":"top-store-woo-hover-zoom","10":"top-store-single-product-tab-horizontal","11":"top-store-shadow-","12":"top-store-shadow-hover-","14":"first","15":"instock","16":"taxable","17":"shipping-taxable","18":"product-type-simple"},"aioseo_notices":[],"_links":{"self":[{"href":"https:\/\/bilginteknoloji.com\/woo\/wp-json\/wp\/v2\/product\/1131","targetHints":{"allow":["GET"]}}],"collection":[{"href":"https:\/\/bilginteknoloji.com\/woo\/wp-json\/wp\/v2\/product"}],"about":[{"href":"https:\/\/bilginteknoloji.com\/woo\/wp-json\/wp\/v2\/types\/product"}],"wp:featuredmedia":[{"embeddable":true,"href":"https:\/\/bilginteknoloji.com\/woo\/wp-json\/wp\/v2\/media\/1132"}],"wp:attachment":[{"href":"https:\/\/bilginteknoloji.com\/woo\/wp-json\/wp\/v2\/media?parent=1131"}],"wp:term":[{"taxonomy":"product_cat","embeddable":true,"href":"https:\/\/bilginteknoloji.com\/woo\/wp-json\/wp\/v2\/product_cat?post=1131"},{"taxonomy":"product_tag","embeddable":true,"href":"https:\/\/bilginteknoloji.com\/woo\/wp-json\/wp\/v2\/product_tag?post=1131"}],"curies":[{"name":"wp","href":"https:\/\/api.w.org\/{rel}","templated":true}]}}