{"id":1117,"date":"2024-09-02T10:44:49","date_gmt":"2024-09-02T07:44:49","guid":{"rendered":"https:\/\/bilginteknoloji.com\/woo\/?post_type=product&#038;p=1117"},"modified":"2024-09-02T10:44:49","modified_gmt":"2024-09-02T07:44:49","slug":"kingston-sa400s37-480g-a400-480gb-500-450-25-sata-ssd","status":"publish","type":"product","link":"https:\/\/bilginteknoloji.com\/woo\/urun\/kingston-sa400s37-480g-a400-480gb-500-450-25-sata-ssd\/","title":{"rendered":"KINGSTON SA400S37\/480G, A400, 480Gb, 500\/450, 2,5&#8243; SATA, SSD"},"content":{"rendered":"<div id=\"unf-info\" class=\"unf-info\">\n<div class=\"unf-info-context\">\n<h2 class=\"uni-title\">\u00dcr\u00fcn Detaylar\u0131<\/h2>\n<h2 class=\"sub-title\">Kingston Technology A400 SA400S37\/480G 2.5 480 GB SATA 3 SSD<\/h2>\n<div class=\"item center\"><img decoding=\"async\" src=\"http:\/\/www.detayresimler.com\/urun\/S\/SA400S37960.jpg\" alt=\"\" \/><\/p>\n<h3 class=\"sub-title\">\nGeni\u015f Kapasite<\/h3>\n<p>Kingston Technology A400 480 GB\u00a0SSD, sahip oldu\u011fu geni\u015f kapasitesiyle y\u00fcksek bir performans sa\u011flamaktad\u0131r. Her bak\u0131mdan olduk\u00e7a \u00fcst\u00fcn kullan\u0131m rahatl\u0131\u011f\u0131na sahip olan \u00fcr\u00fcn, en zor verilerin dahi en kolay \u015fekilde depolanmas\u0131n\u0131 sa\u011flar. \u00dcr\u00fcn\u00fcn genel kapasitesi 480 GB olup, rahat veri depolamak i\u00e7in son derece uygundur.<\/p>\n<h3 class=\"sub-title\">G\u00fcvenilir Muhafaza<\/h3>\n<p>Depolanan \u00fcr\u00fcnlerin g\u00fcvenli bir \u015fekilde depolanmas\u0131n\u0131 da sa\u011flayan \u00fcr\u00fcn, bu alanda yer alan en kaliteli \u00fcr\u00fcnlerin ba\u015f\u0131nda gelir her a\u00e7\u0131dan kusursuz bir yap\u0131ya sahip olmas\u0131 sayesinde sizlerin en \u00f6nemli verilerinizi dahi kolayl\u0131kla ve uzun s\u00fcreli depolaman\u0131za yard\u0131mc\u0131 olmaktad\u0131r.<\/p>\n<h3 class=\"sub-title\">\nY\u00fcksek Okuma ve Yazma H\u0131z\u0131<\/h3>\n<p>\u0130\u015flem yaparken bekleme olay\u0131n\u0131 en aza indirgeyen y\u00fcksek okuma ve yazma h\u0131z\u0131 sayesinde bekleme yapmadan \u00fcr\u00fcn\u00fc rahatl\u0131kla ve kolayl\u0131kla kullanabilirsiniz. \u00d6zellikle okuman\u0131n aksine s\u0131radan\u00a0SSDlerle\u00a0k\u0131yasland\u0131\u011f\u0131nda \u00fcr\u00fcn olduk\u00e7a y\u00fcksek bir yazma kapasitesine sahiptir.<\/p>\n<div class=\"item center\"><img decoding=\"async\" src=\"http:\/\/www.detayresimler.com\/urun\/S\/SA400S37960_1.jpg\" alt=\"\" \/><\/p>\n<h3 class=\"sub-title\">\u0130deal Boyutlar<\/h3>\n<p>Kingston Technology A400 SATA 3 SSD, sahip oldu\u011fu 2,5 in\u00e7lik boyutlar\u0131yla pek \u00e7ok \u00fcr\u00fcnle uyumlu \u00e7al\u0131\u015f\u0131r.<\/p>\n<h3 class=\"sub-title\">\nUzun S\u00fcreli Kullan\u0131m<\/h3>\n<p>Y\u00fcksek teknolojisi sayesinde kolay bozulmadan uzun s\u00fcreli kullan\u0131mlar i\u00e7in son derece idealdir.<\/p>\n<h3 class=\"sub-title\">\n\u00c7evre Dostu<\/h3>\n<p>Zarars\u0131z materyale sahip olan Kingston Technology A400 SA400S37\/480G 2.5 480 GB SATA 3 SSD tam anlam\u0131yla \u00e7evre dostu bir \u00fcr\u00fcnd\u00fcr.<\/p>\n<p><img decoding=\"async\" src=\"http:\/\/www.detayresimler.com\/urun\/S\/SA400S37960_2.jpg\" alt=\"\" \/><\/div>\n<\/div>\n<\/div>\n<\/div>\n<div id=\"unf-prop\" class=\"unf-prop\">\n<h3 class=\"unf-prop-title\">Teknik \u00d6zellikler<\/h3>\n<div class=\"unf-prop-context\">\n<ul class=\"unf-prop-list\">\n<li class=\"unf-prop-list-item\">\n<p class=\"unf-prop-list-title\">Okuma H\u0131z\u0131: 500 MB\/S<\/p>\n<\/li>\n<li class=\"unf-prop-list-item\">\n<p class=\"unf-prop-list-title\">\u00dcr\u00fcn Tipi: SSD<\/p>\n<\/li>\n<li class=\"unf-prop-list-item\">\n<p class=\"unf-prop-list-title\">Yazma H\u0131z\u0131: 450 MB\/S<\/p>\n<\/li>\n<li class=\"unf-prop-list-item\">\n<p class=\"unf-prop-list-title\">Ba\u011flant\u0131 Aray\u00fcz\u00fc: SATA 3<\/p>\n<\/li>\n<li class=\"unf-prop-list-item\">\n<p class=\"unf-prop-list-title\">Boyut: 2.5&#8243;<\/p>\n<\/li>\n<li class=\"unf-prop-list-item\">\n<p class=\"unf-prop-list-title\">Kapasite: 480 GB<\/p>\n<\/li>\n<li class=\"unf-prop-list-item\">\n<p class=\"unf-prop-list-title\">Marka:\u00a0Kingston<\/p>\n<\/li>\n<li class=\"unf-prop-list-item\">\n<p class=\"unf-prop-list-title\">Garanti: 2Y\u0131l<\/p>\n<\/li>\n<\/ul>\n<\/div>\n<\/div>\n","protected":false},"excerpt":{"rendered":"<table class=\"product-detail\" border=\"0\" width=\"100%\" cellspacing=\"0\" cellpadding=\"0\">\n<tbody>\n<tr>\n<td class=\"product-detail-02\" width=\"34%\">Okuma H\u0131z\u0131:<\/td>\n<td width=\"66%\">\u00a0500 MB\/S ve \u00fczeri<\/td>\n<\/tr>\n<tr>\n<td class=\"product-detail-02\" width=\"34%\">Kapasite:<\/td>\n<td width=\"66%\">\u00a0480GB<\/td>\n<\/tr>\n<tr>\n<td class=\"product-detail-02\" width=\"34%\">Arabirim:<\/td>\n<td width=\"66%\">\u00a0SATA<\/td>\n<\/tr>\n<tr>\n<td class=\"product-detail-02\" width=\"34%\">Boyut:<\/td>\n<td width=\"66%\">\u00a02,5 in\u00e7<\/td>\n<\/tr>\n<\/tbody>\n<\/table>\n","protected":false},"featured_media":1118,"template":"","meta":{"om_disable_all_campaigns":false,"_monsterinsights_skip_tracking":false,"_monsterinsights_sitenote_active":false,"_monsterinsights_sitenote_note":"","_monsterinsights_sitenote_category":0},"product_cat":[83],"product_tag":[],"class_list":{"0":"post-1117","1":"product","2":"type-product","3":"status-publish","4":"has-post-thumbnail","6":"product_cat-sata-ssdler","7":"thunk-woo-product-list","8":"opn-qv-enable","9":"top-store-woo-hover-zoom","10":"top-store-single-product-tab-horizontal","11":"top-store-shadow-","12":"top-store-shadow-hover-","14":"first","15":"instock","16":"taxable","17":"shipping-taxable","18":"product-type-simple"},"aioseo_notices":[],"_links":{"self":[{"href":"https:\/\/bilginteknoloji.com\/woo\/wp-json\/wp\/v2\/product\/1117","targetHints":{"allow":["GET"]}}],"collection":[{"href":"https:\/\/bilginteknoloji.com\/woo\/wp-json\/wp\/v2\/product"}],"about":[{"href":"https:\/\/bilginteknoloji.com\/woo\/wp-json\/wp\/v2\/types\/product"}],"wp:featuredmedia":[{"embeddable":true,"href":"https:\/\/bilginteknoloji.com\/woo\/wp-json\/wp\/v2\/media\/1118"}],"wp:attachment":[{"href":"https:\/\/bilginteknoloji.com\/woo\/wp-json\/wp\/v2\/media?parent=1117"}],"wp:term":[{"taxonomy":"product_cat","embeddable":true,"href":"https:\/\/bilginteknoloji.com\/woo\/wp-json\/wp\/v2\/product_cat?post=1117"},{"taxonomy":"product_tag","embeddable":true,"href":"https:\/\/bilginteknoloji.com\/woo\/wp-json\/wp\/v2\/product_tag?post=1117"}],"curies":[{"name":"wp","href":"https:\/\/api.w.org\/{rel}","templated":true}]}}