{"id":1115,"date":"2024-09-02T10:43:18","date_gmt":"2024-09-02T07:43:18","guid":{"rendered":"https:\/\/bilginteknoloji.com\/woo\/?post_type=product&#038;p=1115"},"modified":"2024-09-02T10:43:19","modified_gmt":"2024-09-02T07:43:19","slug":"wd-red-sa500-wds200t2r0a-2tb-560-530-server-ve-nas-icin-enterprise-25-sata-ssd","status":"publish","type":"product","link":"https:\/\/bilginteknoloji.com\/woo\/urun\/wd-red-sa500-wds200t2r0a-2tb-560-530-server-ve-nas-icin-enterprise-25-sata-ssd\/","title":{"rendered":"WD Red SA500, WDS200T2R0A, 2TB, 560\/530, SERVER ve NAS i\u00e7in Enterprise, 2,5&#8243; SATA, SSD"},"content":{"rendered":"<h2>WD 2TB inceleme<\/h2>\n<p><img decoding=\"async\" class=\"img-fluid\" src=\"https:\/\/www.detayresimler.com\/urun\/R\/R-WDS200T1R0A.jpg\" alt=\"\" \/><\/p>\n<p><img decoding=\"async\" class=\"img-fluid\" src=\"https:\/\/www.detayresimler.com\/urun\/R\/R-WDS200T1R0A_1.jpg\" alt=\"\" \/><\/p>\n<p><img decoding=\"async\" class=\"img-fluid\" src=\"https:\/\/www.detayresimler.com\/urun\/R\/R-WDS200T1R0A_2.jpg\" alt=\"\" \/><\/p>\n<p><img decoding=\"async\" class=\"img-fluid\" src=\"https:\/\/www.detayresimler.com\/urun\/R\/R-WDS200T1R0A_3.jpg\" alt=\"\" \/><\/p>\n<p>&nbsp;<\/p>\n<div class=\"table-responsive\">\n<table class=\"table table-striped\">\n<tbody>\n<tr>\n<td>Marka<\/td>\n<td>WESTERN DIGITAL<\/td>\n<\/tr>\n<tr>\n<td>A\u011f\u0131rl\u0131k<\/td>\n<td>57,9 g<\/td>\n<\/tr>\n<tr>\n<td>Y\u00fckseklik<\/td>\n<td>7 mm<\/td>\n<\/tr>\n<tr>\n<td>Geni\u015flik<\/td>\n<td>69,8 mm<\/td>\n<\/tr>\n<tr>\n<td>Derinlik<\/td>\n<td>100,2 mm<\/td>\n<\/tr>\n<tr>\n<td>Depolama s\u0131cakl\u0131\u011f\u0131 aral\u0131\u011f\u0131 (Celsius)<\/td>\n<td>-55 &#8211; 85 \u00b0C<\/td>\n<\/tr>\n<tr>\n<td>\u00c7al\u0131\u015fma \u0131s\u0131s\u0131 aral\u0131\u011f\u0131<\/td>\n<td>0 &#8211; 70 \u00b0C<\/td>\n<\/tr>\n<tr>\n<td>\u00c7al\u0131\u015fabilir \u015fok d\u00fczeyi<\/td>\n<td>1500 G<\/td>\n<\/tr>\n<tr>\n<td>\u00c7al\u0131\u015fma engelleyici titre\u015fim<\/td>\n<td>4,9 G<\/td>\n<\/tr>\n<tr>\n<td>\u00c7al\u0131\u015fabilir titre\u015fim<\/td>\n<td>5 G<\/td>\n<\/tr>\n<tr>\n<td>G\u00fc\u00e7 t\u00fcketimi (uyku modu)<\/td>\n<td>0,012 W<\/td>\n<\/tr>\n<tr>\n<td>\u00c7al\u0131\u015fma voltaj\u0131<\/td>\n<td>5 V<\/td>\n<\/tr>\n<tr>\n<td>Enerji t\u00fcketimi (okuma)<\/td>\n<td>3 W<\/td>\n<\/tr>\n<tr>\n<td>Enerji t\u00fcketimi (yazma)<\/td>\n<td>3,8 W<\/td>\n<\/tr>\n<tr>\n<td>Standart ba\u011flant\u0131<\/td>\n<td>Serial SATA III<\/td>\n<\/tr>\n<tr>\n<td>Sertifikalar, uygunluk bildirimleri<\/td>\n<td>FCC, UL, TUV, KC, BSMI, VCCI<\/td>\n<\/tr>\n<tr>\n<td>MTBF aral\u0131\u011f\u0131<\/td>\n<td>1750000 Saat<\/td>\n<\/tr>\n<tr>\n<td>Haf\u0131za tipi<\/td>\n<td>3D NAND<\/td>\n<\/tr>\n<tr>\n<td>Veri aktar\u0131m h\u0131z\u0131<\/td>\n<td>6 Gbit\/s<\/td>\n<\/tr>\n<tr>\n<td>Okuma h\u0131z\u0131, ortam<\/td>\n<td>530 MB\/s<\/td>\n<\/tr>\n<tr>\n<td>Yazma h\u0131z\u0131, ortam<\/td>\n<td>560 MB\/s<\/td>\n<\/tr>\n<tr>\n<td>Sert durum disk s\u00fcr\u00fcc\u00fc, kapasite<\/td>\n<td>2000 GB<\/td>\n<\/tr>\n<tr>\n<td>Rastgele yaz (4KB)<\/td>\n<td>85000 IOPS<\/td>\n<\/tr>\n<tr>\n<td>Rastgele oku (4KB)<\/td>\n<td>95000 IOPS<\/td>\n<\/tr>\n<tr>\n<td>Nerede Kullan\u0131l\u0131r<\/td>\n<td>Bilgisayar \/ Notebook \/ NAS \/ SERVER \/ DVR \/ NVR<\/td>\n<\/tr>\n<tr>\n<td>D\u00fczeltilemez Bit Hatas\u0131 H\u0131z\u0131<\/td>\n<td>&lt;1 sector per 10^17 bits read<\/td>\n<\/tr>\n<tr>\n<td>Donan\u0131m \u015fifreleme<\/td>\n<td>Hay\u0131r<\/td>\n<\/tr>\n<tr>\n<td>TBW s\u0131n\u0131f\u0131<\/td>\n<td>1300<\/td>\n<\/tr>\n<tr>\n<td>SSD form fakt\u00f6r\u00fc<\/td>\n<td>2.5&#8243;<\/td>\n<\/tr>\n<tr>\n<td>NVMe<\/td>\n<td>Hay\u0131r<\/td>\n<\/tr>\n<\/tbody>\n<\/table>\n<\/div>\n","protected":false},"excerpt":{"rendered":"<table border=\"0\" cellspacing=\"0\" cellpadding=\"0\">\n<tbody>\n<tr>\n<td>\n<table border=\"0\" width=\"100%\" cellspacing=\"0\" cellpadding=\"0\">\n<tbody>\n<tr>\n<td valign=\"top\" width=\"10\"><\/td>\n<\/tr>\n<\/tbody>\n<\/table>\n<\/td>\n<\/tr>\n<tr>\n<td class=\"hr-15\"><\/td>\n<\/tr>\n<tr>\n<td>\n<table class=\"product-detail\" border=\"0\" width=\"100%\" cellspacing=\"0\" cellpadding=\"0\">\n<tbody>\n<tr>\n<td class=\"product-detail-02\" width=\"34%\">Okuma H\u0131z\u0131:<\/td>\n<td width=\"66%\">\u00a0500 MB\/S ve \u00fczeri<\/td>\n<\/tr>\n<tr>\n<td class=\"product-detail-02\" width=\"34%\">Kapasite:<\/td>\n<td width=\"66%\">\u00a02TB<\/td>\n<\/tr>\n<tr>\n<td class=\"product-detail-02\" width=\"34%\">Arabirim:<\/td>\n<td width=\"66%\">\u00a0SATA<\/td>\n<\/tr>\n<tr>\n<td class=\"product-detail-02\" width=\"34%\">Boyut:<\/td>\n<td width=\"66%\">\u00a02,5 in\u00e7<\/td>\n<\/tr>\n<\/tbody>\n<\/table>\n<\/td>\n<\/tr>\n<\/tbody>\n<\/table>\n","protected":false},"featured_media":1116,"template":"","meta":{"om_disable_all_campaigns":false,"_monsterinsights_skip_tracking":false,"_monsterinsights_sitenote_active":false,"_monsterinsights_sitenote_note":"","_monsterinsights_sitenote_category":0},"product_cat":[83],"product_tag":[],"class_list":{"0":"post-1115","1":"product","2":"type-product","3":"status-publish","4":"has-post-thumbnail","6":"product_cat-sata-ssdler","7":"thunk-woo-product-list","8":"opn-qv-enable","9":"top-store-woo-hover-zoom","10":"top-store-single-product-tab-horizontal","11":"top-store-shadow-","12":"top-store-shadow-hover-","14":"first","15":"instock","16":"taxable","17":"shipping-taxable","18":"product-type-simple"},"aioseo_notices":[],"_links":{"self":[{"href":"https:\/\/bilginteknoloji.com\/woo\/wp-json\/wp\/v2\/product\/1115","targetHints":{"allow":["GET"]}}],"collection":[{"href":"https:\/\/bilginteknoloji.com\/woo\/wp-json\/wp\/v2\/product"}],"about":[{"href":"https:\/\/bilginteknoloji.com\/woo\/wp-json\/wp\/v2\/types\/product"}],"wp:featuredmedia":[{"embeddable":true,"href":"https:\/\/bilginteknoloji.com\/woo\/wp-json\/wp\/v2\/media\/1116"}],"wp:attachment":[{"href":"https:\/\/bilginteknoloji.com\/woo\/wp-json\/wp\/v2\/media?parent=1115"}],"wp:term":[{"taxonomy":"product_cat","embeddable":true,"href":"https:\/\/bilginteknoloji.com\/woo\/wp-json\/wp\/v2\/product_cat?post=1115"},{"taxonomy":"product_tag","embeddable":true,"href":"https:\/\/bilginteknoloji.com\/woo\/wp-json\/wp\/v2\/product_tag?post=1115"}],"curies":[{"name":"wp","href":"https:\/\/api.w.org\/{rel}","templated":true}]}}