{"id":1111,"date":"2024-09-02T10:34:45","date_gmt":"2024-09-02T07:34:45","guid":{"rendered":"https:\/\/bilginteknoloji.com\/woo\/?post_type=product&#038;p=1111"},"modified":"2024-09-02T10:34:45","modified_gmt":"2024-09-02T07:34:45","slug":"kioxia-exceria-ltc10z480gg8-480gb-555-540-25-sata-ssd","status":"publish","type":"product","link":"https:\/\/bilginteknoloji.com\/woo\/urun\/kioxia-exceria-ltc10z480gg8-480gb-555-540-25-sata-ssd\/","title":{"rendered":"KIOXIA EXCERIA, LTC10Z480GG8, 480GB, 555\/540, 2,5&#8243; SATA, SSD"},"content":{"rendered":"<div class=\"product-detail-content\">\n<div class=\"phPart\">\n<p class=\"phHeader\">Toshiba Kioxia Exceria LTC10Z480GG8 480GB 555\/540MB\/s 2.5&#8243; SATA3 SSD Harddisk Genel \u00d6zellikler<\/p>\n<\/div>\n<div class=\"phPart\">\n<p class=\"phHeader\">Toshiba Memory ve OCZ Markalar\u0131 Art\u0131k Yeni \u0130smi Kioxia ile Kar\u015f\u0131n\u0131zda<\/p>\n<\/div>\n<div class=\"phPart\">\n<p class=\"phBanner\"><img decoding=\"async\" src=\"https:\/\/www.detayresimler.com\/urun\/L\/LTC10Z480GG8.jpg\" alt=\"\" \/><\/p>\n<\/div>\n<div class=\"phPart\">\n<div class=\"phLine\"><span class=\"phText\">Kioxia Exceria SATA\u00a0SSD<\/span><\/div>\n<ul class=\"phList\">\n<li>BiCS Flash<\/li>\n<li>Darbeye Kar\u015f\u0131 Dayan\u0131kl\u0131<\/li>\n<li>7mm\u00a0Y\u00fcksekli\u011fe Sahip\u00a02.5\u201d\u00a0Form Fakt\u00f6r\u00fc<\/li>\n<li>SSD\u00a0Yard\u0131mc\u0131 Program\u0131 Y\u00f6netim Yaz\u0131l\u0131m\u0131<\/li>\n<\/ul>\n<div class=\"phLineBreak\"><img loading=\"lazy\" decoding=\"async\" src=\"https:\/\/www.detayresimler.com\/urun\/L\/LTC10Z480GG8_1.jpg\" alt=\"\" width=\"940\" height=\"20\" \/><\/div>\n<\/div>\n<div class=\"phPart\">\n<div class=\"phLine\">\n<div class=\"phImage\"><img decoding=\"async\" src=\"https:\/\/www.detayresimler.com\/urun\/L\/LTC10Z480GG8_2.jpg\" alt=\"\" \/><\/div>\n<p><span class=\"phText\">Gelece\u011fin Standartlar\u0131na Eri\u015finBir sabit disk s\u00fcr\u00fcc\u00fcden (HDD) y\u00fckseltme yapmak kolay ve b\u00fct\u00e7eye uygun olmal\u0131d\u0131r, EXCERIA SATA\u00a0SSD\u00a0serisi de i\u015fte tam bu noktada devreye girer. Klasik HDD\u2019ler ile \u00e7al\u0131\u015fan masa\u00fcst\u00fc bilgisayar\u0131n\u0131z\u0131n veya diz\u00fcst\u00fc\u00a0bilgisayar\u0131n\u0131z\u0131n h\u0131z\u0131n\u0131 art\u0131rmak i\u00e7in tasarlanm\u0131\u015f\u00a0EXCERIA SATA\u00a0SSD\u00a0serisi, dengeli performans, g\u00fcvenilirlik ve masa\u00fcst\u00fc\u00a0bilgisayar\u0131n\u0131z\u0131 veya mobil sisteminizi d\u00f6n\u00fc\u015ft\u00fcrecek bir de\u011fer sunmak i\u00e7in\u00a0BiCS FLASH\u2019tan faydalan\u0131r.<\/span><\/div>\n<div class=\"phLineBreak\"><img loading=\"lazy\" decoding=\"async\" src=\"https:\/\/www.detayresimler.com\/urun\/L\/LTC10Z480GG8_1.jpg\" alt=\"\" width=\"940\" height=\"20\" \/><\/div>\n<\/div>\n<div class=\"phPart\">\n<div class=\"phLine\"><span class=\"phText\">An\u0131nda Performans Y\u00fckseltmeEXCERIA SATA\u00a0SSD\u00a0serisi ile verimlili\u011finizi art\u0131r\u0131n ve daha h\u0131zl\u0131 \u00f6n y\u00fckleme, dosya aktar\u0131m\u0131 ve sistem yan\u0131t h\u0131z\u0131n\u0131n keyfini s\u00fcr\u00fcn. Sabit s\u00fcr\u00fcc\u00fc gecikmelerine elveda deyin ve de\u011ferli zaman\u0131n\u0131z i\u00e7in hak etti\u011finiz bilgi i\u015flem deneyimini ya\u015fay\u0131n.<\/span><\/p>\n<div class=\"phImage\"><img decoding=\"async\" src=\"https:\/\/www.detayresimler.com\/urun\/L\/LTC10Z480GG8_4.jpg\" alt=\"\" \/><\/div>\n<\/div>\n<div class=\"phLineBreak\"><img loading=\"lazy\" decoding=\"async\" src=\"https:\/\/www.detayresimler.com\/urun\/L\/LTC10Z480GG8_1.jpg\" alt=\"\" width=\"940\" height=\"20\" \/><\/div>\n<\/div>\n<div class=\"phPart\">\n<p class=\"phBanner\"><img decoding=\"async\" src=\"https:\/\/www.detayresimler.com\/urun\/L\/LTC10Z480GG8_6.jpg\" alt=\"\" \/><\/p>\n<\/div>\n<div class=\"phPart\">\n<div class=\"phLine\"><span class=\"phText\">Uygun Fiyatl\u0131 PerformansKlasik bir HDD\u2019den bir\u00a0SSD\u2019ye y\u00fckseltme yapmak, sizde tamamen yeni bir sistem sat\u0131n alm\u0131\u015f hissi uyand\u0131rabilir.\u00a0EXCERIA SATA\u00a0SSD\u00a0serisi, ba\u015fka \u015feyler i\u00e7in de b\u00fct\u00e7e ay\u0131rabilmeniz i\u00e7in\u00a0fiyat-performans\u00a0dengesi sa\u011fl\u0131yor.<\/span><\/div>\n<div class=\"phLineBreak\"><img loading=\"lazy\" decoding=\"async\" src=\"https:\/\/www.detayresimler.com\/urun\/L\/LTC10Z480GG8_1.jpg\" alt=\"\" width=\"940\" height=\"20\" \/><\/div>\n<\/div>\n<div class=\"phPart\">\n<p class=\"phBanner\"><img decoding=\"async\" src=\"https:\/\/www.detayresimler.com\/urun\/L\/LTC10Z480GG8_5.jpg\" alt=\"\" \/><\/p>\n<\/div>\n<div class=\"phPart\">\n<div class=\"phLine\"><span class=\"phText\">Hareket Halinde Kullan\u0131m \u0130\u00e7in Geli\u015ftirildiEXCERIA SATA\u00a0SSD\u00a0serisi, sabit s\u00fcr\u00fcc\u00fclere k\u0131yasla i\u015finizi daha uzun s\u00fcre yapman\u0131z\u0131 sa\u011flayacak daha uzun pil \u00f6mr\u00fc anlam\u0131na da gelebilecek iyile\u015ftirilmi\u015f dayan\u0131kl\u0131l\u0131k ve g\u00fc\u00e7 t\u00fcketimi sunar.<\/span><\/div>\n<div class=\"phLineBreak\"><img loading=\"lazy\" decoding=\"async\" src=\"https:\/\/www.detayresimler.com\/urun\/L\/LTC10Z480GG8_1.jpg\" alt=\"\" width=\"940\" height=\"20\" \/><\/div>\n<\/div>\n<div class=\"phPart\">\n<div class=\"phLine\">\n<div class=\"phImage\"><img decoding=\"async\" src=\"https:\/\/www.detayresimler.com\/urun\/L\/LTC10Z480GG8_10.jpg\" alt=\"\" \/><\/div>\n<p><span class=\"phText\">Son Teknoloji 3D Flash BellekHer\u00a0EXCERIA\u00a0SSD,\u00a0BiCS FLASH\u00a0ve dikey istiflenmi\u015f h\u00fccre yap\u0131s\u0131 ile \u00fcretilmi\u015ftir ve son teknoloji bir depolama deneyimi sunar.<\/span><\/div>\n<div class=\"phLineBreak\"><img loading=\"lazy\" decoding=\"async\" src=\"https:\/\/www.detayresimler.com\/urun\/L\/LTC10Z480GG8_1.jpg\" alt=\"\" width=\"940\" height=\"20\" \/><\/div>\n<\/div>\n<div class=\"phPart\">\n<div class=\"phLine\"><span class=\"phText\">SSD\u00a0Yard\u0131mc\u0131 Program\u0131 Y\u00f6netim Yaz\u0131l\u0131m\u0131SSD\u00a0Yard\u0131mc\u0131 Program\u0131 Y\u00f6netim Yaz\u0131l\u0131m\u0131, Kioxia s\u00fcr\u00fcc\u00fcn\u00fcz\u00fc geli\u015ftirmeye yard\u0131mc\u0131 olmak i\u00e7in tasarlanm\u0131\u015ft\u0131r ve bak\u0131m, izleme,\u00a0SSD\u00a0ayarlar\u0131 ve daha fazlas\u0131 i\u00e7in kontrol\u00fcn sizde olmas\u0131na olanak sa\u011flar.<\/span><\/p>\n<div class=\"phImage\"><img decoding=\"async\" src=\"https:\/\/www.detayresimler.com\/urun\/L\/LTC10Z480GG8_7.jpg\" alt=\"\" \/><\/div>\n<\/div>\n<div class=\"phLineBreak\"><img loading=\"lazy\" decoding=\"async\" src=\"https:\/\/www.detayresimler.com\/urun\/L\/LTC10Z480GG8_1.jpg\" alt=\"\" width=\"940\" height=\"20\" \/><\/div>\n<\/div>\n<div class=\"phPart\">\n<p class=\"phBanner\"><img decoding=\"async\" src=\"https:\/\/www.detayresimler.com\/urun\/L\/LTC10Z480GG8_8.jpg\" alt=\"\" \/><\/p>\n<\/div>\n<div class=\"phPart\"><span class=\"phSpecHeader\">Genel \u00d6zellikler<\/span><\/p>\n<div class=\"phSpec\">\n<div>Model KoduLTC10Z480GG8<\/div>\n<div>Kullan\u0131m Alan\u0131Masa\u00fcst\u00fc ve Diz\u00fcst\u00fc\u00a0Bilgisayarlar<\/div>\n<div>Kapasite480 GB<\/div>\n<div>Aray\u00fczSerial ATA (SATA)<\/div>\n<div>Aray\u00fcz KomutuATA\/ATAPI Command Set-3 (ACS-3)<\/div>\n<div>Aray\u00fcz Maks. H\u0131z6 Gbit\/s<\/div>\n<div>Form Fakt\u00f6r\u00fc2.5 in\u00e7, 7mm (y\u00fckseklik)<\/div>\n<div>Flash Bellek TipiBiCS FLASH TLC<\/div>\n<div>Boyutlar (LxWxH)100.45 x 70.10 x 7.20 mm<\/div>\n<div>A\u011f\u0131rl\u0131k45.6 g<\/div>\n<\/div>\n<\/div>\n<div class=\"phPart\"><span class=\"phSpecHeader\">Performans \u00d6zellikleri<\/span><\/p>\n<div class=\"phSpec\">\n<div>Maks. S\u0131ral\u0131 Okuma H\u0131z\u0131555 MB\/s<\/div>\n<div>Maks. S\u0131ral\u0131 Yazma H\u0131z\u0131540 MB\/s<\/div>\n<div>Maks. Rastgele Okuma H\u0131z\u013182.000 IOPS<\/div>\n<div>Maks. Rastgele Yazma H\u0131z\u013188.000 IOPS<\/div>\n<div>TBW (Yaz\u0131lan Toplam Bayt)120 TB<\/div>\n<div>MTTF1.5 milyon saat<\/div>\n<div>Performans OptimizasyonuTRIM, Bo\u015fta Kalma S\u00fcresinde \u00c7\u00f6p Toplama<\/div>\n<\/div>\n<\/div>\n<div class=\"phPart\"><span class=\"phSpecHeader\">\u00c7evresel \u00d6zellikler<\/span><\/p>\n<div class=\"phSpec\">\n<div>\u00c7al\u0131\u015fma S\u0131cakl\u0131\u011f\u01310\u00b0C &#8211; 65\u00b0C<\/div>\n<div>Depolama S\u0131cakl\u0131\u011f\u0131-40\u00b0C &#8211; 85\u00b0C<\/div>\n<div>Darbe Korumas\u013114.7 km\/s2 {1500 G} 0.5 ms yar\u0131m sin\u00fcs dalgas\u0131<\/div>\n<div>Titre\u015fim196 m\/s2 {20 G} Tepe, 10~2000 Hz, (20 dak \/ Eksen) x 3 Eksen<\/div>\n<div>Besleme Gerilimi5 V \u00b15 %<\/div>\n<div>G\u00fc\u00e7 T\u00fcketimi (Aktif)1.6 W (tipik)<\/div>\n<div>G\u00fc\u00e7 T\u00fcketimi (Bo\u015fta)100 mW (tipik)<\/div>\n<div>G\u00fc\u00e7 T\u00fcketimi (DevSleep)Maks. 10 mW<\/div>\n<\/div>\n<\/div>\n<\/div>\n<div id=\"ozellikler\" class=\"properties-table\">\n<h2>Toshiba Kioxia Exceria LTC10Z480GG8 480GB 555\/540MB\/s 2.5&#8243; SATA3 SSD Harddisk \u00d6zellikleri<\/h2>\n<ul>\n<li>NAND FlashBiCS FLASH TLC<\/li>\n<li>Bellek Kapasitesi480 GB<\/li>\n<li>Disk Boyutu2.5 in\u00e7<\/li>\n<li>A\u011f\u0131rl\u0131k45.6 Gr<\/li>\n<li>Max Okuma H\u0131z\u0131 \/ MB\/s555MB\/s<\/li>\n<li>Max Yazma H\u0131z\u0131 \/ MB\/s540 MB\/s<\/li>\n<li>IOPS82K \/ 88K<\/li>\n<li>RenkSiyah<\/li>\n<li>Trim Deste\u011fiDestekler<\/li>\n<li>D\u00fc\u015f\u00fck G\u00fc\u00e7 HarcamaAktif: 1.6W \/ Bo\u015fta: 100mW \/ DevSleep: 10mW<\/li>\n<li>Darbe Dayan\u0131kl\u0131l\u0131\u011f\u013114.7 km\/s2 {1500 G} 0.5 ms yar\u0131m sin\u00fcs dalgas\u0131<\/li>\n<li>MTBF1,500.000 saat<\/li>\n<li>Titre\u015fim196 m\/s2 {20 Grms} (Peak 10 to 2 000 Hz)<\/li>\n<li>Y\u00fckseklik7 mm<\/li>\n<li>\u00c7al\u0131\u015fma S\u0131cakl\u0131\u011f\u01310\u00b0C &#8211; 65\u00b0C<\/li>\n<li>Depolama S\u0131cakl\u0131\u011f\u0131-40\u00b0C &#8211; 85\u00b0C<\/li>\n<li>Di\u011fer \u00d6zelliklerBoyutlar: 100.45 x 70.10 x 7.20 mm<\/li>\n<li>Garanti S\u00fcresi3 Y\u0131l<\/li>\n<\/ul>\n<\/div>\n","protected":false},"excerpt":{"rendered":"<table class=\"product-detail\" border=\"0\" width=\"100%\" cellspacing=\"0\" cellpadding=\"0\">\n<tbody>\n<tr>\n<td class=\"product-detail-02\" width=\"34%\">Okuma H\u0131z\u0131:<\/td>\n<td width=\"66%\">\u00a0500 MB\/S ve \u00fczeri<\/td>\n<\/tr>\n<tr>\n<td class=\"product-detail-02\" width=\"34%\">Kapasite:<\/td>\n<td width=\"66%\">\u00a0480GB<\/td>\n<\/tr>\n<tr>\n<td class=\"product-detail-02\" width=\"34%\">Arabirim:<\/td>\n<td width=\"66%\">\u00a0SATA<\/td>\n<\/tr>\n<tr>\n<td class=\"product-detail-02\" width=\"34%\">Boyut:<\/td>\n<td width=\"66%\">\u00a02,5 in\u00e7<\/td>\n<\/tr>\n<tr>\n<td class=\"product-detail-02\"><\/td>\n<td><\/td>\n<\/tr>\n<\/tbody>\n<\/table>\n","protected":false},"featured_media":1112,"template":"","meta":{"om_disable_all_campaigns":false,"_monsterinsights_skip_tracking":false,"_monsterinsights_sitenote_active":false,"_monsterinsights_sitenote_note":"","_monsterinsights_sitenote_category":0},"product_cat":[83],"product_tag":[],"class_list":{"0":"post-1111","1":"product","2":"type-product","3":"status-publish","4":"has-post-thumbnail","6":"product_cat-sata-ssdler","7":"thunk-woo-product-list","8":"opn-qv-enable","9":"top-store-woo-hover-zoom","10":"top-store-single-product-tab-horizontal","11":"top-store-shadow-","12":"top-store-shadow-hover-","14":"first","15":"instock","16":"taxable","17":"shipping-taxable","18":"product-type-simple"},"aioseo_notices":[],"_links":{"self":[{"href":"https:\/\/bilginteknoloji.com\/woo\/wp-json\/wp\/v2\/product\/1111","targetHints":{"allow":["GET"]}}],"collection":[{"href":"https:\/\/bilginteknoloji.com\/woo\/wp-json\/wp\/v2\/product"}],"about":[{"href":"https:\/\/bilginteknoloji.com\/woo\/wp-json\/wp\/v2\/types\/product"}],"wp:featuredmedia":[{"embeddable":true,"href":"https:\/\/bilginteknoloji.com\/woo\/wp-json\/wp\/v2\/media\/1112"}],"wp:attachment":[{"href":"https:\/\/bilginteknoloji.com\/woo\/wp-json\/wp\/v2\/media?parent=1111"}],"wp:term":[{"taxonomy":"product_cat","embeddable":true,"href":"https:\/\/bilginteknoloji.com\/woo\/wp-json\/wp\/v2\/product_cat?post=1111"},{"taxonomy":"product_tag","embeddable":true,"href":"https:\/\/bilginteknoloji.com\/woo\/wp-json\/wp\/v2\/product_tag?post=1111"}],"curies":[{"name":"wp","href":"https:\/\/api.w.org\/{rel}","templated":true}]}}