{"id":1093,"date":"2024-09-02T10:13:01","date_gmt":"2024-09-02T07:13:01","guid":{"rendered":"https:\/\/bilginteknoloji.com\/woo\/?post_type=product&#038;p=1093"},"modified":"2024-09-02T10:14:47","modified_gmt":"2024-09-02T07:14:47","slug":"adata-sm2p41c3-256gc2-256gb-2000-1000-gen4-nvme-pcie-m-2-2230-ssd-bulk-kutusuz","status":"publish","type":"product","link":"https:\/\/bilginteknoloji.com\/woo\/urun\/adata-sm2p41c3-256gc2-256gb-2000-1000-gen4-nvme-pcie-m-2-2230-ssd-bulk-kutusuz\/","title":{"rendered":"ADATA SM2P41C3-256GC2, 256GB, 2000\/1000, Gen4, NVME PCIe M.2 2230, SSD (Bulk-Kutusuz)"},"content":{"rendered":"<p>\u00dcr\u00fcn Detaylar\u0131<\/p>\n<p>&nbsp;<\/p>\n<h2 class=\"sub-title\">Adata SM2P41C3-256GC2 256 GB M.2 NVMe SSD<\/h2>\n<div class=\"item right\"><img decoding=\"async\" src=\"https:\/\/www.detayresimler.com\/urun\/S\/SM2P41C3-AD1.jpg\" alt=\"\" \/><strong>\u0130\u015flemlerin H\u0131z\u0131nda Art\u0131\u015f<\/strong><br \/>\nBilgisayar\u0131n\u0131zda i\u015flem yaparken saatlerce beklemek istemiyorsan\u0131z, bu SSD beklentinizi kar\u015f\u0131lar i\u015flemleri en h\u0131zl\u0131 \u015fekilde yapmaya \u00f6zen g\u00f6sterir. Okuma ve yazma h\u0131z\u0131 sayesinde, dosya aktar\u0131mlar\u0131n\u0131z \u00e7ok daha kolay bir hale gelir.<strong>G\u00fc\u00e7l\u00fc ve Dayan\u0131kl\u0131d\u0131r<\/strong><br \/>\nSSD kart\u0131n\u0131z\u0131n g\u00fc\u00e7l\u00fc olmas\u0131 bilgisayar\u0131n\u0131z i\u00e7in art\u0131 \u00f6zellikler aras\u0131nda yer al\u0131r. Hem g\u00fc\u00e7l\u00fc hem de dayan\u0131kl\u0131 olmas\u0131na ba\u011fl\u0131 olarak, uzun y\u0131llar kullan\u0131lmaya uygundur. Ayr\u0131ca dayan\u0131kl\u0131 yap\u0131s\u0131n\u0131n avantajlar\u0131ndan birisi, y\u00fcksek s\u0131cakl\u0131klarda da \u00e7al\u0131\u015fmas\u0131n\u0131 sa\u011flamakt\u0131r. Is\u0131dan kolay kolay etkilenmeden \u00e7al\u0131\u015fmaya devam eder.<\/p>\n<p><strong>G\u00fcvenli Depolama Alan\u0131<\/strong><br \/>\nVerilerinizi saklamak i\u00e7in g\u00fcvenli bir alan ihtiyac\u0131n\u0131z varsa, bir\u00e7ok dosyaya yetecek ve ayn\u0131 zamanda bunlar\u0131 g\u00fcvenli bir \u015fekilde saklayabilir. Size istedi\u011finizden fazlas\u0131n\u0131 verebilir.<\/p>\n<p><strong>Bilgisayar Performans\u0131n\u0131 Artt\u0131r\u0131r<\/strong><br \/>\nBilgisayar performans\u0131n\u0131z\u0131 artt\u0131rmak ve daha sa\u011fl\u0131kl\u0131 bir \u015fekilde \u00e7al\u0131\u015fmak istiyorsan\u0131z, arad\u0131\u011f\u0131n\u0131z \u015fey olabilir. Bilgisayar\u0131n\u0131z\u0131 depolama alan\u0131 deste\u011fi sunarak performans\u0131n\u0131 artt\u0131r\u0131r ve ayn\u0131 zamanda i\u015flemlerinizi h\u0131zl\u0131 bir \u015fekilde ger\u00e7ekle\u015ftirmenize ba\u011fl\u0131 olarak i\u015flerinizi kolayla\u015ft\u0131r\u0131r.<\/p>\n<p><strong>Esnek Kullan\u0131m \u0130mkan\u0131<\/strong><br \/>\nVeri depolamas\u0131 konusunda sorun ya\u015f\u0131yorsan\u0131z, bu anlamda bilgisayar\u0131n\u0131z\u0131n yerden tasarruf etmesini sa\u011flar. Bu sayede depolama alan\u0131 konusunda esnek bir kullan\u0131m sunar.<br \/>\n\u00d6zellikler b\u00f6lgeye\/modele g\u00f6re de\u011fi\u015fiklik g\u00f6sterebilir.<\/p>\n<p><strong>Teknik \u00f6zellikler<\/strong><br \/>\nMarka \u2022 Adata<br \/>\nKapasite \u2022 256 GB<br \/>\nMaks. S\u0131ral\u0131 Okuma \u2022 \u00b12000 MB\/s<br \/>\nMaks. S\u0131ral\u0131 Yazma \u2022 \u00b11000 MB\/s<br \/>\nBa\u011flant\u0131 Aray\u00fcz\u00fc \u2022 NVMe PCIe<br \/>\nBoyut \u2022 M.2 2230<\/p>\n<\/div>\n","protected":false},"excerpt":{"rendered":"<table class=\"product-detail\" border=\"0\" width=\"100%\" cellspacing=\"0\" cellpadding=\"0\">\n<tbody>\n<tr>\n<td class=\"product-detail-02\" width=\"34%\">Okuma H\u0131z\u0131:<\/td>\n<td width=\"66%\">\u00a02000 MB\/S ve \u00fczeri<\/td>\n<\/tr>\n<tr>\n<td class=\"product-detail-02\" width=\"34%\">Kapasite:<\/td>\n<td width=\"66%\">\u00a0256GB<\/td>\n<\/tr>\n<tr>\n<td class=\"product-detail-02\" width=\"34%\">Arabirim:<\/td>\n<td width=\"66%\">\u00a0M.2 NVMe<\/td>\n<\/tr>\n<tr>\n<td class=\"product-detail-02\" width=\"34%\">Boyut:<\/td>\n<td width=\"66%\">\u00a0M.2 2230<\/td>\n<\/tr>\n<\/tbody>\n<\/table>\n","protected":false},"featured_media":1094,"template":"","meta":{"om_disable_all_campaigns":false,"_monsterinsights_skip_tracking":false,"_monsterinsights_sitenote_active":false,"_monsterinsights_sitenote_note":"","_monsterinsights_sitenote_category":0},"product_cat":[82],"product_tag":[],"class_list":{"0":"post-1093","1":"product","2":"type-product","3":"status-publish","4":"has-post-thumbnail","6":"product_cat-nvme-m-2-hddler","7":"thunk-woo-product-list","8":"opn-qv-enable","9":"top-store-woo-hover-zoom","10":"top-store-single-product-tab-horizontal","11":"top-store-shadow-","12":"top-store-shadow-hover-","14":"first","15":"instock","16":"taxable","17":"shipping-taxable","18":"product-type-simple"},"aioseo_notices":[],"_links":{"self":[{"href":"https:\/\/bilginteknoloji.com\/woo\/wp-json\/wp\/v2\/product\/1093","targetHints":{"allow":["GET"]}}],"collection":[{"href":"https:\/\/bilginteknoloji.com\/woo\/wp-json\/wp\/v2\/product"}],"about":[{"href":"https:\/\/bilginteknoloji.com\/woo\/wp-json\/wp\/v2\/types\/product"}],"wp:featuredmedia":[{"embeddable":true,"href":"https:\/\/bilginteknoloji.com\/woo\/wp-json\/wp\/v2\/media\/1094"}],"wp:attachment":[{"href":"https:\/\/bilginteknoloji.com\/woo\/wp-json\/wp\/v2\/media?parent=1093"}],"wp:term":[{"taxonomy":"product_cat","embeddable":true,"href":"https:\/\/bilginteknoloji.com\/woo\/wp-json\/wp\/v2\/product_cat?post=1093"},{"taxonomy":"product_tag","embeddable":true,"href":"https:\/\/bilginteknoloji.com\/woo\/wp-json\/wp\/v2\/product_tag?post=1093"}],"curies":[{"name":"wp","href":"https:\/\/api.w.org\/{rel}","templated":true}]}}