{"id":1077,"date":"2024-09-02T10:01:08","date_gmt":"2024-09-02T07:01:08","guid":{"rendered":"https:\/\/bilginteknoloji.com\/woo\/?post_type=product&#038;p=1077"},"modified":"2024-09-02T11:06:09","modified_gmt":"2024-09-02T08:06:09","slug":"argox-ix4-240-barkod-yazici-usb-seri-ethernet-2","status":"publish","type":"product","link":"https:\/\/bilginteknoloji.com\/woo\/urun\/argox-ix4-240-barkod-yazici-usb-seri-ethernet-2\/","title":{"rendered":"ARGOX IX4-240 Barkod Yaz\u0131c\u0131 (USB-Seri-Ethernet)"},"content":{"rendered":"<table border=\"0\" width=\"100%\" cellspacing=\"0\" cellpadding=\"0\">\n<tbody>\n<tr>\n<td>\n<table border=\"0\" width=\"100%\" cellspacing=\"0\" cellpadding=\"0\">\n<tbody>\n<tr>\n<td class=\"title-product\">\n<h1>ARGOX IX4-240 Barkod Yaz\u0131c\u0131 (USB-Seri-Ethernet)<\/h1>\n<\/td>\n<\/tr>\n<tr>\n<td height=\"10\"><\/td>\n<\/tr>\n<tr>\n<td>\n<div id=\"jquery-image-zoom\">\n<table border=\"0\" width=\"100%\" cellspacing=\"0\" cellpadding=\"0\">\n<tbody>\n<tr>\n<td valign=\"top\" width=\"250\">\n<table border=\"0\" width=\"100%\" cellspacing=\"0\" cellpadding=\"0\">\n<tbody>\n<tr>\n<td align=\"center\" valign=\"top\" height=\"240\">\n<table border=\"0\" width=\"250\" cellspacing=\"0\" cellpadding=\"0\">\n<tbody>\n<tr>\n<td align=\"center\" bgcolor=\"#FFFFFF\" height=\"200\"><a class=\"urunresmi\" title=\"ARGOX IX4-240 Barkod Yaz\u0131c\u0131 (USB-Seri-Ethernet) \" href=\"https:\/\/www.reserbayi.com\/urun_resimleri.php?w=500&amp;urun_kodu=IX4-240&amp;jpg.jpg\"><img decoding=\"async\" src=\"https:\/\/www.reserbayi.com\/urun_resimleri.php?w=240&amp;urun_kodu=IX4-240\" \/><\/a><\/td>\n<\/tr>\n<tr>\n<td><a class=\"urunresmi\" href=\"https:\/\/www.reserbayi.com\/urun_resimleri.php?w=500&amp;urun_kodu=IX4-240&amp;sorted=2&amp;jpg.jpg\"><img decoding=\"async\" src=\"https:\/\/www.reserbayi.com\/urun_resimleri.php?w=40&amp;urun_kodu=IX4-240&amp;sorted=2\" alt=\"ARGOX IX4-240 Barkod Yaz\u0131c\u0131 (USB-Seri-Ethernet) \" \/><\/a><\/td>\n<\/tr>\n<\/tbody>\n<\/table>\n<\/td>\n<\/tr>\n<tr>\n<td><\/td>\n<\/tr>\n<tr>\n<td>\n<table border=\"0\" width=\"100%\" cellspacing=\"0\" cellpadding=\"0\">\n<tbody>\n<tr>\n<td align=\"right\" height=\"16\"><a><strong>Fiyatlar\u0131 Gizli \/ G\u00f6ster<\/strong><\/a><\/td>\n<\/tr>\n<\/tbody>\n<\/table>\n<table id=\"detay_fiyatlar\" class=\"product-price\" border=\"0\" width=\"250\" cellspacing=\"0\" cellpadding=\"0\">\n<tbody>\n<tr>\n<td align=\"right\" nowrap=\"nowrap\">Bayi<\/td>\n<td class=\"product-price-02\"><strong>$398.60<\/strong><\/td>\n<\/tr>\n<tr>\n<td align=\"right\" nowrap=\"nowrap\" width=\"113\">Size \u00d6zel<\/td>\n<td class=\"product-price-02\" width=\"137\">&lt;strongstyle=&#8221;color:red&#8221;&gt;$387.00&lt;\/strongstyle=&#8221;color:red&#8221;&gt;<\/td>\n<\/tr>\n<tr>\n<td align=\"right\" nowrap=\"nowrap\">T.E.S.K.F<\/td>\n<td class=\"product-price-02\"><strong>$445.00<\/strong><\/td>\n<\/tr>\n<tr>\n<td align=\"right\" nowrap=\"nowrap\">Stok Durumu<\/td>\n<td class=\"product-price-02\"><strong>2<\/strong><\/td>\n<\/tr>\n<tr>\n<td colspan=\"2\" align=\"right\">Bursa Depo<\/td>\n<\/tr>\n<\/tbody>\n<\/table>\n<\/td>\n<\/tr>\n<\/tbody>\n<\/table>\n<\/td>\n<td width=\"15\"><\/td>\n<td valign=\"top\">\n<table border=\"0\" cellspacing=\"0\" cellpadding=\"0\">\n<tbody>\n<tr>\n<td>\n<table border=\"0\" width=\"100%\" cellspacing=\"0\" cellpadding=\"0\">\n<tbody>\n<tr>\n<td class=\"resertitle\">Teknik \u00d6zellikler<\/td>\n<td valign=\"top\" width=\"10\"><img decoding=\"async\" src=\"https:\/\/www.reserbayi.com\/reser\/images\/title-right.png\" alt=\"\" \/><\/td>\n<\/tr>\n<\/tbody>\n<\/table>\n<\/td>\n<\/tr>\n<tr>\n<td class=\"hr-15\"><\/td>\n<\/tr>\n<tr>\n<td>\n<table class=\"product-detail\" border=\"0\" width=\"100%\" cellspacing=\"0\" cellpadding=\"0\">\n<tbody>\n<tr>\n<td class=\"product-detail-02\" width=\"34%\">Termal Bask\u0131:<\/td>\n<td width=\"66%\">\u00a0VAR<\/td>\n<\/tr>\n<tr>\n<td class=\"product-detail-02\" width=\"34%\">Ribon Bask\u0131:<\/td>\n<td width=\"66%\">\u00a0VAR<\/td>\n<\/tr>\n<tr>\n<td class=\"product-detail-02\" width=\"34%\">\u00c7\u00f6z\u00fcn\u00fcrl\u00fck:<\/td>\n<td width=\"66%\">\u00a0203 DPI<\/td>\n<\/tr>\n<tr>\n<td class=\"product-detail-02\" width=\"34%\">Bask\u0131 Geni\u015fli\u011fi:<\/td>\n<td width=\"66%\">\u00a0108 MM<\/td>\n<\/tr>\n<tr>\n<td class=\"product-detail-02\" width=\"34%\">USB:<\/td>\n<td width=\"66%\">\u00a0VAR<\/td>\n<\/tr>\n<tr>\n<td class=\"product-detail-02\" width=\"34%\">Seri:<\/td>\n<td width=\"66%\">\u00a0VAR<\/td>\n<\/tr>\n<tr>\n<td class=\"product-detail-02\" width=\"34%\">Paralel:<\/td>\n<td width=\"66%\">\u00a0YOK<\/td>\n<\/tr>\n<tr>\n<td class=\"product-detail-02\" width=\"34%\">Ethernet (LAN):<\/td>\n<td width=\"66%\">\u00a0VAR<\/td>\n<\/tr>\n<tr>\n<td class=\"product-detail-02\" width=\"34%\">Ka\u011f\u0131t Kesici:<\/td>\n<td width=\"66%\">\u00a0OPSIYONEL<\/td>\n<\/tr>\n<tr>\n<td class=\"product-detail-02\"><\/td>\n<td><\/td>\n<\/tr>\n<tr>\n<td colspan=\"2\" bgcolor=\"#FFFFFF\"><\/td>\n<\/tr>\n<\/tbody>\n<\/table>\n<\/td>\n<\/tr>\n<\/tbody>\n<\/table>\n<\/td>\n<\/tr>\n<\/tbody>\n<\/table>\n<\/div>\n<\/td>\n<\/tr>\n<tr>\n<td class=\"hr-21\"><\/td>\n<\/tr>\n<tr>\n<td>\n<table border=\"0\" width=\"100%\" cellspacing=\"0\" cellpadding=\"0\">\n<tbody>\n<tr>\n<td class=\"resertitle\">\u00dcr\u00fcn Detay<\/td>\n<td valign=\"top\" width=\"10\"><img decoding=\"async\" src=\"https:\/\/www.reserbayi.com\/reser\/images\/title-right.png\" alt=\"\" \/><\/td>\n<\/tr>\n<\/tbody>\n<\/table>\n<\/td>\n<\/tr>\n<tr>\n<td class=\"urundetayaciklamasi\">203 DPI Bask\u0131 \u00c7\u00f6z\u00fcn\u00fcrl\u00fc\u011f\u00fc<br \/>\nDirek Termal \/ Termal Transfer Bask\u0131<br \/>\nMax. 108 mm Bask\u0131 Geni\u015fli\u011fi<br \/>\nMax. 2540 mm Bask\u0131 Uzunlu\u011fu<br \/>\nMax. 152 mm \/ Saniye Bask\u0131 H\u0131z\u0131<br \/>\n32 MB SDRAM, 16 MB Flash Bellek<br \/>\nEthernet, RS-232C, USB ve \u00c7ift USB Host Port<br \/>\nPPLA, PPLB ve PPLZ Barkod Yaz\u0131m Dili Deste\u011fi<br \/>\nWindows ve Linux Driver Deste\u011fi<\/p>\n<table id=\"table15\" border=\"0\" width=\"100%\" cellspacing=\"1\">\n<tbody>\n<tr>\n<td colspan=\"2\" width=\"99%\" height=\"18\"><strong>\u0130\u015flemsel<\/strong><\/td>\n<\/tr>\n<tr>\n<td bgcolor=\"#C6CBD6\" width=\"28%\" height=\"18\">\u00a0Bask\u0131 metodu<\/td>\n<td bgcolor=\"#DEDFDE\" width=\"71%\" height=\"18\">Direkt Termal \/ Termal Transfer Bask\u0131<\/td>\n<\/tr>\n<tr>\n<td bgcolor=\"#C6CBD6\" width=\"28%\" height=\"15\">\u00a0Bask\u0131 \u00c7\u00f6z\u00fcn\u00fcrl\u00fc\u011f\u00fc<\/td>\n<td bgcolor=\"#DEDFDE\" width=\"71%\" height=\"15\">203 DPI (8 dots\/mm)<\/td>\n<\/tr>\n<tr>\n<td bgcolor=\"#C6CBD6\" width=\"28%\" height=\"15\">\u00a0Bask\u0131 h\u0131z\u0131 (Maksimum)<\/td>\n<td bgcolor=\"#DEDFDE\" width=\"71%\" height=\"15\">152 mm\/saniye<\/td>\n<\/tr>\n<tr>\n<td bgcolor=\"#C6CBD6\" width=\"28%\" height=\"16\">\u00a0Bask\u0131 uzunlu\u011fu<\/td>\n<td bgcolor=\"#DEDFDE\" width=\"71%\" height=\"16\">5 mm ~ 2.540 mm<\/td>\n<\/tr>\n<tr>\n<td bgcolor=\"#C6CBD6\" width=\"28%\" height=\"16\">\u00a0Bask\u0131 geni\u015fli\u011fi<\/td>\n<td bgcolor=\"#DEDFDE\" width=\"71%\" height=\"16\">25,4 mm ~ 108 mm<\/td>\n<\/tr>\n<tr>\n<td bgcolor=\"#C6CBD6\" width=\"28%\" height=\"16\">\u00a0Haf\u0131za<\/td>\n<td bgcolor=\"#DEDFDE\" width=\"71%\" height=\"16\">32 MB SDRAM, 16 MB Flash ROM<\/td>\n<\/tr>\n<tr>\n<td bgcolor=\"#C6CBD6\" width=\"28%\" height=\"16\">\u00a0\u0130\u015flemci<\/td>\n<td bgcolor=\"#DEDFDE\" width=\"71%\" height=\"16\">32 bit RISC i\u015flemci<\/td>\n<\/tr>\n<tr>\n<td bgcolor=\"#C6CBD6\" width=\"28%\" height=\"16\">\u00a0\u0130\u015flem arabirimleri<\/td>\n<td bgcolor=\"#DEDFDE\" width=\"71%\" height=\"16\">3 adet d\u00fc\u011fme ve 3 adet LED<\/td>\n<\/tr>\n<tr>\n<td rowspan=\"2\" bgcolor=\"#C6CBD6\" width=\"28%\" height=\"32\">\u00a0Haberle\u015fme<\/td>\n<td bgcolor=\"#DEDFDE\" width=\"71%\" height=\"16\">Standart: Ethernet, \u00c7ift USB Host, USB ve RS-232C<\/td>\n<\/tr>\n<tr>\n<td bgcolor=\"#DEDFDE\" width=\"71%\" height=\"16\">Opsiyenel: Wifi (IEEE 802.11 b\/g\/n), GPIO, LPT ve Buzzer<\/td>\n<\/tr>\n<tr>\n<td rowspan=\"3\" bgcolor=\"#C6CBD6\" width=\"28%\" height=\"48\">\u00a0Sens\u00f6rler<\/td>\n<td bgcolor=\"#DEDFDE\" width=\"71%\" height=\"16\">Yans\u0131tmal\u0131 veya birbirini g\u00f6rmeli (Hareketli) etiket sens\u00f6r\u00fc<\/td>\n<\/tr>\n<tr>\n<td bgcolor=\"#DEDFDE\" width=\"71%\" height=\"16\">Termal Kafa a\u00e7\u0131kl\u0131k kontrol sens\u00f6r\u00fc<\/td>\n<\/tr>\n<tr>\n<td bgcolor=\"#DEDFDE\" width=\"71%\" height=\"16\">Ribon sonu sens\u00f6r\u00fc<\/td>\n<\/tr>\n<tr>\n<td bgcolor=\"#C6CBD6\" width=\"28%\" height=\"16\">\u00a0Sertifikalar<\/td>\n<td bgcolor=\"#DEDFDE\" width=\"71%\" height=\"16\">CE, CB, cULus, FCC, ICES, Energy Star, RoHS, BSMI<\/td>\n<\/tr>\n<tr>\n<td colspan=\"2\" width=\"99%\" height=\"16\"><strong>\u00a0Fiziksel<\/strong><\/td>\n<\/tr>\n<tr>\n<td bgcolor=\"#C6CBD6\" width=\"28%\" height=\"16\">\u00a0Geni\u015flik<\/td>\n<td bgcolor=\"#DEDFDE\" width=\"71%\" height=\"16\">250 mm<\/td>\n<\/tr>\n<tr>\n<td bgcolor=\"#C6CBD6\" width=\"28%\" height=\"16\">\u00a0Y\u00fckseklik<\/td>\n<td bgcolor=\"#DEDFDE\" width=\"71%\" height=\"16\">263 mm<\/td>\n<\/tr>\n<tr>\n<td bgcolor=\"#C6CBD6\" width=\"28%\" height=\"16\">\u00a0Uzunluk<\/td>\n<td bgcolor=\"#DEDFDE\" width=\"71%\" height=\"16\">418 mm<\/td>\n<\/tr>\n<tr>\n<td bgcolor=\"#C6CBD6\" width=\"28%\" height=\"16\">\u00a0A\u011f\u0131rl\u0131k<\/td>\n<td bgcolor=\"#DEDFDE\" width=\"71%\" height=\"16\">11 kg<\/td>\n<\/tr>\n<tr>\n<td bgcolor=\"#C6CBD6\" width=\"28%\" height=\"16\">\u00a0Kasa<\/td>\n<td bgcolor=\"#DEDFDE\" width=\"71%\" height=\"16\">Metal<\/td>\n<\/tr>\n<tr>\n<td colspan=\"2\" width=\"99%\" height=\"16\"><strong>\u00a0Elektriksel<\/strong><\/td>\n<\/tr>\n<tr>\n<td bgcolor=\"#C6CBD6\" width=\"28%\" height=\"16\">\u00a0G\u00fc\u00e7 giri\u015f \u015fekli<\/td>\n<td bgcolor=\"#DEDFDE\" width=\"71%\" height=\"16\">Elektrik kablosu<\/td>\n<\/tr>\n<tr>\n<td bgcolor=\"#C6CBD6\" width=\"28%\" height=\"16\">\u00a0G\u00fc\u00e7 kayna\u011f\u0131 (Giri\u015f)<\/td>\n<td bgcolor=\"#DEDFDE\" width=\"71%\" height=\"16\">100 ~ 240 VAC, 5A, 50\/60 HZ<\/td>\n<\/tr>\n<tr>\n<td colspan=\"2\" width=\"99%\" height=\"16\"><strong>\u00a0\u00c7evresel<\/strong><\/td>\n<\/tr>\n<tr>\n<td bgcolor=\"#C6CBD6\" width=\"28%\" height=\"16\">\u00a0\u00c7al\u0131\u015fma ortam\u0131 s\u0131cakl\u0131\u011f\u0131<\/td>\n<td bgcolor=\"#DEDFDE\" width=\"71%\" height=\"16\">4 \u00b0C ~ 38 \u00b0C<\/td>\n<\/tr>\n<tr>\n<td bgcolor=\"#C6CBD6\" width=\"28%\" height=\"16\">\u00a0Saklama s\u0131cakl\u0131\u011f\u0131<\/td>\n<td bgcolor=\"#DEDFDE\" width=\"71%\" height=\"16\">-20 \u00b0C ~ 50 \u00b0C<\/td>\n<\/tr>\n<tr>\n<td bgcolor=\"#C6CBD6\" width=\"28%\" height=\"16\">\u00a0Nem oran\u0131<\/td>\n<td bgcolor=\"#DEDFDE\" width=\"71%\" height=\"16\">%10 ~ %90 (Yo\u011fu\u015fmas\u0131z)<\/td>\n<\/tr>\n<tr>\n<td colspan=\"2\" width=\"99%\" height=\"16\"><strong>\u00a0Etiket<\/strong><\/td>\n<\/tr>\n<tr>\n<td bgcolor=\"#C6CBD6\" width=\"28%\" height=\"16\">\u00a0Tip<\/td>\n<td bgcolor=\"#DEDFDE\" width=\"71%\" height=\"16\">Ara\u00a0<span lang=\"en-us\">B<\/span>o\u015fluklu, S\u00fcrekli\u00a0<span lang=\"en-us\">F<\/span>orm,\u00a0<span lang=\"en-us\">B<\/span>lack\u00a0<span lang=\"en-us\">M<\/span>ark (<span lang=\"en-us\">S<\/span>iyah\u00a0<span lang=\"en-us\">\u00c7<\/span>izgi\u00a0<span lang=\"en-us\">\u0130<\/span>le\u00a0<span lang=\"en-us\">A<\/span>yr\u0131lm\u0131\u015f)<\/td>\n<\/tr>\n<tr>\n<td bgcolor=\"#C6CBD6\" width=\"28%\" height=\"16\">\u00a0Geni\u015flik<\/td>\n<td bgcolor=\"#DEDFDE\" width=\"71%\" height=\"16\">25,4 mm ~ 114 mm<\/td>\n<\/tr>\n<tr>\n<td bgcolor=\"#C6CBD6\" width=\"28%\" height=\"16\">\u00a0Kal\u0131nl\u0131k<\/td>\n<td bgcolor=\"#DEDFDE\" width=\"71%\" height=\"16\">0.0635 ~ 0.254 mm<\/td>\n<\/tr>\n<tr>\n<td bgcolor=\"#C6CBD6\" width=\"28%\" height=\"16\">\u00a0Kuka i\u00e7 \u00e7ap\u0131<\/td>\n<td bgcolor=\"#DEDFDE\" width=\"71%\" height=\"16\">38 ~ 76 mm<\/td>\n<\/tr>\n<tr>\n<td rowspan=\"2\" bgcolor=\"#C6CBD6\" width=\"28%\" height=\"32\">\u00a0Etiket d\u0131\u015f \u00e7ap\u0131<\/td>\n<td bgcolor=\"#DEDFDE\" width=\"71%\" height=\"16\">Max. 177,8 mm (38 mm i\u00e7 \u00e7apta)<\/td>\n<\/tr>\n<tr>\n<td bgcolor=\"#DEDFDE\" width=\"71%\" height=\"16\">Max. 210 mm (76 mm i\u00e7 \u00e7apta)<\/td>\n<\/tr>\n<tr>\n<td colspan=\"2\" width=\"99%\" height=\"16\"><strong>\u00a0Ribon<\/strong><\/td>\n<\/tr>\n<tr>\n<td bgcolor=\"#C6CBD6\" width=\"28%\" height=\"16\">\u00a0Tip<\/td>\n<td bgcolor=\"#DEDFDE\" width=\"71%\" height=\"16\">Wax , Wax\/Resin, Resin<\/td>\n<\/tr>\n<tr>\n<td bgcolor=\"#C6CBD6\" width=\"28%\" height=\"16\">\u00a0Sar\u0131m y\u00f6n\u00fc<\/td>\n<td bgcolor=\"#DEDFDE\" width=\"71%\" height=\"16\">\u0130\u00e7 veya D\u0131\u015f sar\u0131m (Otomatik Tan\u0131ma)<\/td>\n<\/tr>\n<tr>\n<td bgcolor=\"#C6CBD6\" width=\"28%\" height=\"16\">\u00a0Uzunluk<\/td>\n<td bgcolor=\"#DEDFDE\" width=\"71%\" height=\"16\">450 metre (En fazla)<\/td>\n<\/tr>\n<tr>\n<td bgcolor=\"#C6CBD6\" width=\"28%\" height=\"16\">\u00a0Geni\u015flik<\/td>\n<td bgcolor=\"#DEDFDE\" width=\"71%\" height=\"16\">25,4 mm ~ 112 mm<\/td>\n<\/tr>\n<tr>\n<td bgcolor=\"#C6CBD6\" width=\"28%\" height=\"16\">\u00a0Kuka i\u00e7 \u00e7ap\u0131<\/td>\n<td bgcolor=\"#DEDFDE\" width=\"71%\" height=\"16\">25,4 mm<\/td>\n<\/tr>\n<tr>\n<td bgcolor=\"#C6CBD6\" width=\"28%\" height=\"16\">\u00a0Ribon d\u0131\u015f \u00e7ap\u0131<\/td>\n<td bgcolor=\"#DEDFDE\" width=\"71%\" height=\"16\">81,3 mm<\/td>\n<\/tr>\n<tr>\n<td colspan=\"2\" width=\"99%\" height=\"16\"><strong>\u00a0Yaz\u0131l\u0131msal<\/strong><\/td>\n<\/tr>\n<tr>\n<td bgcolor=\"#C6CBD6\" width=\"28%\" height=\"16\">\u00a0Windows s\u00fcr\u00fcc\u00fcleri<\/td>\n<td bgcolor=\"#DEDFDE\" width=\"71%\" height=\"16\">Win XP \/ Vista \/ 7 \/ 8 \/ 8.1 \/ Win 10, Windows Server 2003 \/ 2008 \/ 2012 (32 Bit &amp; 64 Bit)<\/td>\n<\/tr>\n<tr>\n<td bgcolor=\"#C6CBD6\" width=\"28%\" height=\"16\">\u00a0Linux s\u00fcr\u00fcc\u00fcleri<\/td>\n<td bgcolor=\"#DEDFDE\" width=\"71%\" height=\"16\">Destekleniyor<\/td>\n<\/tr>\n<tr>\n<td bgcolor=\"#C6CBD6\" width=\"28%\" height=\"16\">\u00a0Etiket dizayn program\u0131<\/td>\n<td bgcolor=\"#DEDFDE\" width=\"71%\" height=\"16\">Bartender UltraLite (\u00dccretsiz)<\/td>\n<\/tr>\n<tr>\n<td bgcolor=\"#C6CBD6\" width=\"28%\" height=\"16\">\u00a0Yard\u0131mc\u0131 programlar<\/td>\n<td bgcolor=\"#DEDFDE\" width=\"71%\" height=\"16\">Printer Utility ve Font Utility<\/td>\n<\/tr>\n<tr>\n<td bgcolor=\"#C6CBD6\" width=\"28%\" height=\"16\">\u00a0Desteklenen\u00a0barkod yaz\u0131m dilleri<\/td>\n<td bgcolor=\"#DEDFDE\" width=\"71%\" height=\"16\">PPLA, PPLB ve PPLZ<\/td>\n<\/tr>\n<tr>\n<td bgcolor=\"#C6CBD6\" width=\"28%\" height=\"16\">\u00a0Desteklenen grafik bi\u00e7imleri<\/td>\n<td bgcolor=\"#DEDFDE\" width=\"71%\" height=\"16\"><strong>PPLA:\u00a0<\/strong>PCX, BMP, IMG, HEX ve GDI formatlar\u0131<br \/>\n<strong>PPLB:\u00a0<\/strong>PCX, BMP, Binary raster ve GDI formatlar\u0131<br \/>\n<strong>PPLZ:\u00a0<\/strong>GRF, Hex ve GDI formatlar\u0131<\/td>\n<\/tr>\n<tr>\n<td colspan=\"2\" width=\"99%\" height=\"16\"><strong>\u00a0Desteklenen Barkod Tipleri<\/strong><\/td>\n<\/tr>\n<tr>\n<td bgcolor=\"#C6CBD6\" width=\"28%\" height=\"16\">\u00a01D<\/td>\n<td bgcolor=\"#DEDFDE\" width=\"71%\" height=\"16\">UPC-A, UPC-E, JAN\/EAN, CODE39, CODE93, CODE128, GS1-128 (UCC\/EAN128), CODABAR (NW-7), ITF, Industrial 2of5, MSI, UPCadd-on code, POSTNET, GS1 DataBar Omnidirectional, GS1 DataBar Truncated, GS1 DataBar Stacked, GS1 DataBar Stacked Omnidirectional, GS1DataBar Limited, GS1 DataBar Expanded, GS1DataBar Expanded Stacked<\/td>\n<\/tr>\n<tr>\n<td bgcolor=\"#C6CBD6\" width=\"28%\" height=\"16\">\u00a02D<\/td>\n<td bgcolor=\"#DEDFDE\" width=\"71%\" height=\"16\">QR Code, PDF417 (includingMicroPDF), DataMatrix (ECC200), GS1 DataMatrix, MaxiCode<\/td>\n<\/tr>\n<tr>\n<td colspan=\"2\" width=\"99%\" height=\"16\"><strong>\u00a0Opsiyonel Aksesuarlar<\/strong><\/td>\n<\/tr>\n<tr>\n<td rowspan=\"5\" bgcolor=\"#C6CBD6\" width=\"28%\" height=\"80\">\u00a0Opsiyonel Aksesuarlar<\/td>\n<td bgcolor=\"#DEDFDE\" width=\"71%\" height=\"16\">Giyotin Kesici (Tam veya Par\u00e7a Kesme \u00d6zellikli)<\/td>\n<\/tr>\n<tr>\n<td bgcolor=\"#DEDFDE\" width=\"71%\" height=\"16\">Kesici \u00dcnitesi (D\u00f6nerek Kesme \u00d6zellikli)<\/td>\n<\/tr>\n<tr>\n<td bgcolor=\"#DEDFDE\" width=\"71%\" height=\"16\">Etiket S\u0131y\u0131r\u0131c\u0131 \u00dcnitesi<\/td>\n<\/tr>\n<tr>\n<td bgcolor=\"#DEDFDE\" width=\"71%\" height=\"16\">WLAN \u00dcnitesi<\/td>\n<\/tr>\n<tr>\n<td bgcolor=\"#DEDFDE\" width=\"71%\" height=\"16\">Harici Etiket Kayna\u011f\u0131 \u00dcnitesi<\/td>\n<\/tr>\n<\/tbody>\n<\/table>\n<\/td>\n<\/tr>\n<\/tbody>\n<\/table>\n<\/td>\n<\/tr>\n<\/tbody>\n<\/table>\n","protected":false},"excerpt":{"rendered":"<table class=\"product-detail\" border=\"0\" width=\"100%\" cellspacing=\"0\" cellpadding=\"0\">\n<tbody>\n<tr>\n<td class=\"product-detail-02\" width=\"34%\">Termal Bask\u0131:<\/td>\n<td width=\"66%\">\u00a0VAR<\/td>\n<\/tr>\n<tr>\n<td class=\"product-detail-02\" width=\"34%\">Ribon Bask\u0131:<\/td>\n<td width=\"66%\">\u00a0VAR<\/td>\n<\/tr>\n<tr>\n<td class=\"product-detail-02\" width=\"34%\">\u00c7\u00f6z\u00fcn\u00fcrl\u00fck:<\/td>\n<td width=\"66%\">\u00a0203 DPI<\/td>\n<\/tr>\n<tr>\n<td class=\"product-detail-02\" width=\"34%\">Bask\u0131 Geni\u015fli\u011fi:<\/td>\n<td width=\"66%\">\u00a0108 MM<\/td>\n<\/tr>\n<tr>\n<td class=\"product-detail-02\" width=\"34%\">USB:<\/td>\n<td width=\"66%\">\u00a0VAR<\/td>\n<\/tr>\n<tr>\n<td class=\"product-detail-02\" width=\"34%\">Seri:<\/td>\n<td width=\"66%\">\u00a0VAR<\/td>\n<\/tr>\n<tr>\n<td class=\"product-detail-02\" width=\"34%\">Paralel:<\/td>\n<td width=\"66%\">\u00a0YOK<\/td>\n<\/tr>\n<tr>\n<td class=\"product-detail-02\" width=\"34%\">Ethernet (LAN):<\/td>\n<td width=\"66%\">\u00a0VAR<\/td>\n<\/tr>\n<tr>\n<td class=\"product-detail-02\" width=\"34%\">Ka\u011f\u0131t Kesici:<\/td>\n<td width=\"66%\">\u00a0OPSIYONEL<\/td>\n<\/tr>\n<\/tbody>\n<\/table>\n","protected":false},"featured_media":1083,"template":"","meta":{"om_disable_all_campaigns":false,"_monsterinsights_skip_tracking":false,"_monsterinsights_sitenote_active":false,"_monsterinsights_sitenote_note":"","_monsterinsights_sitenote_category":0},"product_cat":[129],"product_tag":[],"class_list":{"0":"post-1077","1":"product","2":"type-product","3":"status-publish","4":"has-post-thumbnail","6":"product_cat-barkod-yazicilar","7":"thunk-woo-product-list","8":"opn-qv-enable","9":"top-store-woo-hover-zoom","10":"top-store-single-product-tab-horizontal","11":"top-store-shadow-","12":"top-store-shadow-hover-","14":"first","15":"instock","16":"taxable","17":"shipping-taxable","18":"product-type-simple"},"aioseo_notices":[],"_links":{"self":[{"href":"https:\/\/bilginteknoloji.com\/woo\/wp-json\/wp\/v2\/product\/1077","targetHints":{"allow":["GET"]}}],"collection":[{"href":"https:\/\/bilginteknoloji.com\/woo\/wp-json\/wp\/v2\/product"}],"about":[{"href":"https:\/\/bilginteknoloji.com\/woo\/wp-json\/wp\/v2\/types\/product"}],"wp:featuredmedia":[{"embeddable":true,"href":"https:\/\/bilginteknoloji.com\/woo\/wp-json\/wp\/v2\/media\/1083"}],"wp:attachment":[{"href":"https:\/\/bilginteknoloji.com\/woo\/wp-json\/wp\/v2\/media?parent=1077"}],"wp:term":[{"taxonomy":"product_cat","embeddable":true,"href":"https:\/\/bilginteknoloji.com\/woo\/wp-json\/wp\/v2\/product_cat?post=1077"},{"taxonomy":"product_tag","embeddable":true,"href":"https:\/\/bilginteknoloji.com\/woo\/wp-json\/wp\/v2\/product_tag?post=1077"}],"curies":[{"name":"wp","href":"https:\/\/api.w.org\/{rel}","templated":true}]}}