{"id":1075,"date":"2024-08-29T12:12:01","date_gmt":"2024-08-29T09:12:01","guid":{"rendered":"https:\/\/bilginteknoloji.com\/woo\/?post_type=product&#038;p=1075"},"modified":"2024-08-29T12:12:01","modified_gmt":"2024-08-29T09:12:01","slug":"argox-cp-3140ex-barkod-yazici","status":"publish","type":"product","link":"https:\/\/bilginteknoloji.com\/woo\/urun\/argox-cp-3140ex-barkod-yazici\/","title":{"rendered":"ARGOX CP-3140EX BARKOD YAZICI"},"content":{"rendered":"<div class=\"product-detail-content\">\n<div class=\"phPart\">\n<p class=\"phHeader\">Argox CP-3140EX USB+Seri+Ethernet Barkod\u00a0<a href=\"https:\/\/www.incehesap.com\/renkli-laser-yazici-fiyatlari\/\" rel=\"nofollow\">Yaz\u0131c\u0131<\/a>\u00a0Genel \u00d6zellikler<\/p>\n<\/div>\n<div class=\"phPart\">\n<p class=\"phBanner\"><img decoding=\"async\" src=\"https:\/\/www.detayresimler.com\/urun\/C\/CP-3140EX.jpg\" alt=\"\" \/><\/p>\n<\/div>\n<div class=\"phPart\">\n<div class=\"phLine\"><span class=\"phText\">Argox CP-3140EX Barkod\u00a0<a href=\"https:\/\/www.incehesap.com\/renkli-laser-yazici-fiyatlari\/\" rel=\"nofollow\">Yaz\u0131c\u0131<\/a>Yeni nesil CP-3140EX masa\u00fcst\u00fc yaz\u0131c\u0131 sahip oldu\u011fu \u00f6zelliklerle zamandan ve paradan tasarruf etmenizi sa\u011flar. Zengin \u00f6zelliklere sahip bu\u00a0<a href=\"https:\/\/www.incehesap.com\/renkli-laser-yazici-fiyatlari\/\" rel=\"nofollow\">yaz\u0131c\u0131<\/a>yla g\u00fcnl\u00fck i\u015flerinizi basitle\u015ftirin, hayat\u0131n\u0131z\u0131 kolayla\u015ft\u0131r\u0131n.<\/span><\/div>\n<ul class=\"phList\">\n<li>Kolay y\u00fckleme ortam\u0131<\/li>\n<li>Uzun \u00f6m\u00fcrl\u00fc kullan\u0131m<\/li>\n<li>Performans art\u0131\u015f\u0131<\/li>\n<\/ul>\n<div class=\"phLineBreak\"><\/div>\n<\/div>\n<div class=\"phPart\">\n<div class=\"phLine\"><span class=\"phText\">Argox CP-3140EX Barkod\u00a0<a href=\"https:\/\/www.incehesap.com\/renkli-laser-yazici-fiyatlari\/\" rel=\"nofollow\">Yaz\u0131c\u0131<\/a>Argox CP-3140EX Barkod\u00a0<a href=\"https:\/\/www.incehesap.com\/renkli-laser-yazici-fiyatlari\/\" rel=\"nofollow\">Yaz\u0131c\u0131<\/a>n\u0131n tasar\u0131m\u0131ndaki aray\u00fcz \u00e7at\u0131 \u00f6zelli\u011fi \u00fcr\u00fcn\u00fc su s\u0131zmas\u0131 gibi tehlikelere kar\u015f\u0131 korur. Ayr\u0131ca, \u00fcr\u00fcn\u00fc duvara yak\u0131n konumland\u0131rarak alandan tasarruf edebilirsiniz. Kaplumba\u011fa ruhunu miras alan entegre yap\u0131, CP-EX Serisini sa\u011flam k\u0131lar, b\u00f6ylece \u00fcr\u00fcn\u00fc uzun s\u00fcre kullanabilirsiniz.<\/span><\/p>\n<div class=\"phImage\"><img decoding=\"async\" src=\"https:\/\/www.detayresimler.com\/urun\/C\/CP-3140EX_1.jpg\" alt=\"\" \/><\/div>\n<\/div>\n<div class=\"phLineBreak\"><\/div>\n<\/div>\n<div class=\"phPart\">\n<div class=\"phLine\">\n<div class=\"phImage\"><img decoding=\"async\" src=\"https:\/\/www.detayresimler.com\/urun\/C\/CP-3140EX_2.jpg\" alt=\"\" \/><\/div>\n<p><span class=\"phText\">Geli\u015ftirilmi\u015f performansCP-3140EX Barkod\u00a0<a href=\"https:\/\/www.incehesap.com\/renkli-laser-yazici-fiyatlari\/\" rel=\"nofollow\">Yaz\u0131c\u0131<\/a>n\u0131n geni\u015f y\u00fckleme alan\u0131, medya ve \u015ferit kurulumuna yard\u0131mc\u0131 olur. Geli\u015ftirilmi\u015f performans\u0131 sayesinde geni\u015fletilmi\u015f SDRAM ve Flash ROM daha fazla yaz\u0131 tipi, form ve grafik depolayabilir.<\/span><\/div>\n<div class=\"phLineBreak\"><\/div>\n<\/div>\n<div class=\"phPart\"><span class=\"phSpecHeader\">Teknik \u00d6zellikler<\/span><\/p>\n<div class=\"phSpec\">\n<div>Bask\u0131 Y\u00f6ntemiDirekt Termal ve Termal Transfer<\/div>\n<div>Bask\u0131 \u00c7\u00f6z\u00fcn\u00fcrl\u00fc\u011f\u00fc300 dpi (12 nokta \/ mm)<\/div>\n<div>Bask\u0131 H\u0131z\u0131Max. 4 ips<\/div>\n<div>Bask\u0131 Uzunlu\u011fuMax. 50\u201d(1270mm)<\/div>\n<div>Bask\u0131 Geni\u015fli\u011fiMax. 4.16\u201d(105.7mm)<\/div>\n<div>Haf\u0131za32 MB SDRAM, 16MB Flash ROM<\/div>\n<div>CPU Tipi32 bit RISC mikroi\u015flemci<\/div>\n<div>Sens\u00f6rlerYans\u0131t\u0131c\u0131 sens\u00f6r x 1 (hareketli) ve Aktar\u0131c\u0131 sens\u00f6r x 1 (Merkez sabit)<\/div>\n<div>Operasyon Aray\u00fcz\u00fcLED G\u00f6stergesi x 2, Tu\u015f (Besleme) x 1<\/div>\n<div>\u0130leti\u015fim Aray\u00fcz\u00fcEthernet, USB cihaz\u0131, RS-232, USB ana\u00a0<a href=\"https:\/\/www.incehesap.com\/hazir-sistemler-fiyatlari\/\" rel=\"nofollow\">bilgisayar<\/a><\/div>\n<div>Yaz\u0131 tipleriDahili karakter setleri standart, 0,049 \u201dH ~ 0,23\u201d H (1,25 mm ~ 6,0 mm) aras\u0131nda 5 alfasay\u0131sal yaz\u0131 tipi, Dahili yaz\u0131 tipleri 24&#215;24 4 y\u00f6n 0 ~ 270 d\u00f6n\u00fc\u015fe kadar geni\u015fletilebilir, Yaz\u0131l\u0131m yaz\u0131 tipleri indirilebilir, Herhangi bir Windows yazd\u0131rabilme \u00f6zelli\u011fi Do\u011fru, yaz\u0131 tipini kolayca yaz\u0131n. \u00d6l\u00e7eklenebilir yaz\u0131 tipini destekleyin<\/div>\n<div>1D BarkodlarUPC-A, UPC-E, JAN\/EAN, CODE39, CODE93, CODE128, GS1-128 (UCC\/EAN128), CODABAR (NW-7), ITF, Industrial 2of5, MSI, U<a href=\"https:\/\/www.incehesap.com\/pc-toplama-sihirbazi\/\" rel=\"nofollow\">PC<\/a>add-on code, POSTNET, GS1 DataBar Omnidirectional, GS1 DataBar Truncated, GS1 DataBar Stacked, GS1 DataBar Stacked Omnidirecional, GS1DataBar Limited, GS1 DataBar Expanded, GS1DataBar Expanded Stacked<\/div>\n<div>2D BarkodlarQR Code, PDF417 (includingMicroPDF), DataMatrix (ECC200), GS1 DataMatrix, MaxiCode<\/div>\n<div>GrafiklerPPLA: PCX, BMP, IMG, HEX, GDI, PPLB:\u00a0<a href=\"https:\/\/www.incehesap.com\/pc-toplama-sihirbazi\/\" rel=\"nofollow\">PC<\/a>X, BMP, \u0130kili tarama, GDI, PPLZ: GRF, Hex, GDI<\/div>\n<div>Em\u00fclasyonPPLA, PPLB, PPLZ (\u0130ste\u011fe ba\u011fl\u0131)<\/div>\n<div>Yaz\u0131l\u0131m etiketi d\u00fczenlemeSeaguall Scientificten BarTender\u00ae, Argobar Pro ODBC Veritaban\u0131 Ba\u011flant\u0131s\u0131n\u0131 destekler: Excel, CSV, MS Access, MS SQL, Oracle MySQL, dBASE<\/div>\n<div>Yaz\u0131l\u0131m yard\u0131mc\u0131 program\u0131<a href=\"https:\/\/www.incehesap.com\/renkli-laser-yazici-fiyatlari\/\" rel=\"nofollow\">Yaz\u0131c\u0131<\/a>\u00a0Arac\u0131<\/div>\n<div>S\u00fcr\u00fcc\u00fc ara\u00e7lar\u0131Argox Seaguall S\u00fcr\u00fcc\u00fcs\u00fc (Windows Vista \/ Win7 \/ Win8 \/ Win10), Argox Linux Yaz\u0131c\u0131 S\u00fcr\u00fcc\u00fcs\u00fc, Argox macOS Yaz\u0131c\u0131 S\u00fcr\u00fcc\u00fcs\u00fc, Argox RPi\u00a0<a href=\"https:\/\/www.incehesap.com\/renkli-laser-yazici-fiyatlari\/\" rel=\"nofollow\">Yaz\u0131c\u0131<\/a>\u00a0S\u00fcr\u00fcc\u00fcs\u00fc<\/div>\n<div>Ortam t\u00fcr\u00fcRulo besleme, kal\u0131p kesim, s\u00fcrekli, yelpaze k\u0131vr\u0131ml\u0131, siyah i\u015faret, etiketler, termal ka\u011f\u0131t veya d\u00fcz ka\u011f\u0131tta bilet<\/div>\n<div>MedyaMaks. Alan say\u0131s\u0131 geni\u015flik: 4,65 \u201d(118 mm). Min. geni\u015flik: 0,8 \u201d(20 mm). Kal\u0131nl\u0131k: 0,0024 \u201d~ 0,008\u201d (0,06 mm ~ 0,2 mm), Maks. rulo kapasitesi (OD): 5<\/div>\n<div>\u015eerit\u015eerit geni\u015fli\u011fi: 1 \u201d~ 4.33\u201d (25.4 mm ~ 110 mm), \u015eerit uzunlu\u011fu: Maks. 300m., \u00c7ekirdek boyutu kimli\u011fi: 1 \u201d(25,4 mm), iste\u011fe ba\u011fl\u0131: 0,5\u201d (12,7 mm), \u00c7ekirdek geni\u015fli\u011fi: 2,6 \u201d(67 mm), Balmumu, Balmumu \/ Re\u00e7ine, Re\u00e7ine (\u015eerit sar\u0131l\u0131 m\u00fcrekkep taraf\u0131 d\u0131\u015far\u0131da veya m\u00fcrekkep taraf\u0131 in: otomatik alg\u0131lama)<\/div>\n<div><a href=\"https:\/\/www.incehesap.com\/renkli-laser-yazici-fiyatlari\/\" rel=\"nofollow\">Yaz\u0131c\u0131<\/a>\u00a0Boyutlar\u0131G 226mm x Y 188mm x D 276mm<\/div>\n<div><a href=\"https:\/\/www.incehesap.com\/renkli-laser-yazici-fiyatlari\/\" rel=\"nofollow\">Yaz\u0131c\u0131<\/a>\u00a0A\u011f\u0131rl\u0131\u011f\u01314.6 lbs (2.1 kg)<\/div>\n<div>G\u00fc\u00e7 kayna\u011f\u0131Evrensel Anahtarlama G\u00fc\u00e7 kayna\u011f\u0131. AC giri\u015f voltaj\u0131: 100 ~ 240V, 50 ~ 60Hz. DC \u00c7\u0131k\u0131\u015f\u0131: 24V, 2.4A<\/div>\n<div>Operasyon Ortam\u0131\u00c7al\u0131\u015fma S\u0131cakl\u0131\u011f\u0131: 40 \u00b0 F ~ 100 \u00b0 F (4 \u00b0 C ~ 38 \u00b0 C),% 10 ~% 90 yo\u011fu\u015fmas\u0131z, Depolama S\u0131cakl\u0131\u011f\u0131: -4 \u00b0 F ~ 122 \u00b0 F (-20 \u00b0 C ~ 50 \u00b0 C)<\/div>\n<div>Temsilci ListesiCE, FCC, cULus, CCC, RoHS, BIS, BSMI, KC<\/div>\n<\/div>\n<\/div>\n<\/div>\n<div id=\"ozellikler\" class=\"properties-table\">\n<h2>Argox CP-3140EX USB+Seri+Ethernet Barkod Yaz\u0131c\u0131 \u00d6zellikleri<\/h2>\n<ul>\n<li>Bask\u0131 T\u00fcr\u00fcDirekt Termal<\/li>\n<li>Bask\u0131 H\u0131z\u013150-102 mm<\/li>\n<li>\u00c7\u00f6z\u00fcn\u00fcrl\u00fck300 Dpi<\/li>\n<li>Bask\u0131 Geni\u015fli\u011fi105.7 mm<\/li>\n<li>Ba\u011flant\u0131 \u00d6zellikleriEthernet, Seri, USB<\/li>\n<li>Bellek32 MB DRAM 16 MB Flash Bellek<\/li>\n<li>A\u011f\u0131rl\u0131k2.1 Kg<\/li>\n<li>Garanti24 AY<\/li>\n<\/ul>\n<\/div>\n","protected":false},"excerpt":{"rendered":"<table class=\"product-detail\" border=\"0\" width=\"100%\" cellspacing=\"0\" cellpadding=\"0\">\n<tbody>\n<tr>\n<td class=\"product-detail-02\" width=\"34%\">Termal Bask\u0131:<\/td>\n<td width=\"66%\">\u00a0VAR<\/td>\n<\/tr>\n<tr>\n<td class=\"product-detail-02\" width=\"34%\">Ribon Bask\u0131:<\/td>\n<td width=\"66%\">\u00a0VAR<\/td>\n<\/tr>\n<tr>\n<td class=\"product-detail-02\" width=\"34%\">\u00c7\u00f6z\u00fcn\u00fcrl\u00fck:<\/td>\n<td width=\"66%\">\u00a0300 DPI<\/td>\n<\/tr>\n<tr>\n<td class=\"product-detail-02\" width=\"34%\">Bask\u0131 Geni\u015fli\u011fi:<\/td>\n<td width=\"66%\">\u00a0105,7 MM<\/td>\n<\/tr>\n<tr>\n<td class=\"product-detail-02\" width=\"34%\">USB:<\/td>\n<td width=\"66%\">\u00a0VAR<\/td>\n<\/tr>\n<tr>\n<td class=\"product-detail-02\" width=\"34%\">Seri:<\/td>\n<td width=\"66%\">\u00a0VAR<\/td>\n<\/tr>\n<tr>\n<td class=\"product-detail-02\" width=\"34%\">Paralel:<\/td>\n<td width=\"66%\">\u00a0YOK<\/td>\n<\/tr>\n<tr>\n<td class=\"product-detail-02\" width=\"34%\">Ethernet (LAN):<\/td>\n<td width=\"66%\">\u00a0VAR<\/td>\n<\/tr>\n<tr>\n<td class=\"product-detail-02\" width=\"34%\">Ka\u011f\u0131t Kesici:<\/td>\n<td width=\"66%\">\u00a0YOK<\/td>\n<\/tr>\n<\/tbody>\n<\/table>\n","protected":false},"featured_media":1076,"template":"","meta":{"om_disable_all_campaigns":false,"_monsterinsights_skip_tracking":false,"_monsterinsights_sitenote_active":false,"_monsterinsights_sitenote_note":"","_monsterinsights_sitenote_category":0},"product_cat":[129],"product_tag":[],"class_list":{"0":"post-1075","1":"product","2":"type-product","3":"status-publish","4":"has-post-thumbnail","6":"product_cat-barkod-yazicilar","7":"thunk-woo-product-list","8":"opn-qv-enable","9":"top-store-woo-hover-zoom","10":"top-store-single-product-tab-horizontal","11":"top-store-shadow-","12":"top-store-shadow-hover-","14":"first","15":"instock","16":"taxable","17":"shipping-taxable","18":"product-type-simple"},"aioseo_notices":[],"_links":{"self":[{"href":"https:\/\/bilginteknoloji.com\/woo\/wp-json\/wp\/v2\/product\/1075","targetHints":{"allow":["GET"]}}],"collection":[{"href":"https:\/\/bilginteknoloji.com\/woo\/wp-json\/wp\/v2\/product"}],"about":[{"href":"https:\/\/bilginteknoloji.com\/woo\/wp-json\/wp\/v2\/types\/product"}],"wp:featuredmedia":[{"embeddable":true,"href":"https:\/\/bilginteknoloji.com\/woo\/wp-json\/wp\/v2\/media\/1076"}],"wp:attachment":[{"href":"https:\/\/bilginteknoloji.com\/woo\/wp-json\/wp\/v2\/media?parent=1075"}],"wp:term":[{"taxonomy":"product_cat","embeddable":true,"href":"https:\/\/bilginteknoloji.com\/woo\/wp-json\/wp\/v2\/product_cat?post=1075"},{"taxonomy":"product_tag","embeddable":true,"href":"https:\/\/bilginteknoloji.com\/woo\/wp-json\/wp\/v2\/product_tag?post=1075"}],"curies":[{"name":"wp","href":"https:\/\/api.w.org\/{rel}","templated":true}]}}