{"id":1073,"date":"2024-08-29T12:10:00","date_gmt":"2024-08-29T09:10:00","guid":{"rendered":"https:\/\/bilginteknoloji.com\/woo\/?post_type=product&#038;p=1073"},"modified":"2024-08-29T12:10:00","modified_gmt":"2024-08-29T09:10:00","slug":"palmx-txp-400-barkod-yazici-usb-seri-ethernet","status":"publish","type":"product","link":"https:\/\/bilginteknoloji.com\/woo\/urun\/palmx-txp-400-barkod-yazici-usb-seri-ethernet\/","title":{"rendered":"PALMX TXP-400 Barkod Yaz\u0131c\u0131 (USB-Seri-Ethernet)"},"content":{"rendered":"<table id=\"table13\" border=\"0\" width=\"100%\" cellspacing=\"1\">\n<tbody>\n<tr>\n<td colspan=\"2\" width=\"99%\" height=\"18\"><strong>Yazd\u0131rma<\/strong><\/td>\n<\/tr>\n<tr>\n<td bgcolor=\"#C6CBD6\" width=\"27%\" height=\"18\">\u00a0Bask\u0131 metodu<\/td>\n<td bgcolor=\"#DEDFDE\" width=\"72%\" height=\"18\">Direkt termal (Ribonsuz Yazd\u0131rma), Termal transfer (Ribonlu Yazd\u0131rma)<\/td>\n<\/tr>\n<tr>\n<td bgcolor=\"#C6CBD6\" width=\"27%\" height=\"15\">\u00a0Bask\u0131 \u00c7\u00f6z\u00fcn\u00fcrl\u00fc\u011f\u00fc<\/td>\n<td bgcolor=\"#DEDFDE\" width=\"72%\" height=\"15\">203 DPI (8 dots\/mm)<\/td>\n<\/tr>\n<tr>\n<td bgcolor=\"#C6CBD6\" width=\"27%\" height=\"15\">\u00a0Bask\u0131 h\u0131z\u0131 (Maksimum)<\/td>\n<td bgcolor=\"#DEDFDE\" width=\"72%\" height=\"15\">127 mm\/saniye<\/td>\n<\/tr>\n<tr>\n<td bgcolor=\"#C6CBD6\" width=\"27%\" height=\"16\">\u00a0Bask\u0131 uzunlu\u011fu<\/td>\n<td bgcolor=\"#DEDFDE\" width=\"72%\" height=\"16\"><span lang=\"en-us\">Max. 1.778 mm<\/span><\/td>\n<\/tr>\n<tr>\n<td bgcolor=\"#C6CBD6\" width=\"27%\" height=\"16\">\u00a0Bask\u0131 geni\u015fli\u011fi<\/td>\n<td bgcolor=\"#DEDFDE\" width=\"72%\" height=\"16\">Max. 104 mm<\/td>\n<\/tr>\n<tr>\n<td rowspan=\"4\" bgcolor=\"#C6CBD6\" width=\"27%\" height=\"48\">\u00a0Sens\u00f6rler<\/td>\n<td bgcolor=\"#DEDFDE\" width=\"72%\" height=\"16\">1 Adet Ara Bo\u015fluklu Etiket Sens\u00f6r\u00fc<\/td>\n<\/tr>\n<tr>\n<td bgcolor=\"#DEDFDE\" width=\"72%\" height=\"16\">1 Adet Black Mark Ka\u011f\u0131t Sens\u00f6r\u00fc<\/td>\n<\/tr>\n<tr>\n<td bgcolor=\"#DEDFDE\" width=\"72%\" height=\"16\">1 Adet Termal Kafa A\u00e7\u0131kl\u0131k Kontrol Sens\u00f6r\u00fc<\/td>\n<\/tr>\n<tr>\n<td bgcolor=\"#DEDFDE\" width=\"72%\" height=\"16\">1 Adet Ribon Sens\u00f6r\u00fc<\/td>\n<\/tr>\n<tr>\n<td colspan=\"2\" width=\"99%\" height=\"16\"><strong>\u00a0Etiket<\/strong><\/td>\n<\/tr>\n<tr>\n<td bgcolor=\"#C6CBD6\" width=\"27%\" height=\"16\">\u00a0Tip<\/td>\n<td bgcolor=\"#DEDFDE\" width=\"72%\" height=\"16\">Ara Bo\u015fluklu, \u00c7entikli, Katlamal\u0131, S\u00fcrekli Form, Alttan Siyah \u00c7izgi \u0130le Ayr\u0131lm\u0131\u015f (Black Mark)<\/td>\n<\/tr>\n<tr>\n<td bgcolor=\"#C6CBD6\" width=\"27%\" height=\"16\">\u00a0Geni\u015flik<\/td>\n<td bgcolor=\"#DEDFDE\" width=\"72%\" height=\"16\">25,4 mm ~ 118 mm<\/td>\n<\/tr>\n<tr>\n<td bgcolor=\"#C6CBD6\" width=\"27%\" height=\"16\">\u00a0Kal\u0131nl\u0131k<\/td>\n<td bgcolor=\"#DEDFDE\" width=\"72%\" height=\"16\">0,06 ~ 0,254 mm<\/td>\n<\/tr>\n<tr>\n<td bgcolor=\"#C6CBD6\" width=\"27%\" height=\"16\">\u00a0Rulo \u0130\u00e7 \u00c7ap\u0131<\/td>\n<td bgcolor=\"#DEDFDE\" width=\"72%\" height=\"16\">25,4 mm ~ 76,2 mm<\/td>\n<\/tr>\n<tr>\n<td bgcolor=\"#C6CBD6\" width=\"27%\" height=\"16\">\u00a0Rulo D\u0131\u015f \u00c7ap\u0131<\/td>\n<td bgcolor=\"#DEDFDE\" width=\"72%\" height=\"16\">Max. 127 mm<\/td>\n<\/tr>\n<tr>\n<td colspan=\"2\" width=\"99%\" height=\"16\"><strong>\u00a0Ribon<\/strong><\/td>\n<\/tr>\n<tr>\n<td bgcolor=\"#C6CBD6\" width=\"27%\" height=\"16\">\u00a0Tip<\/td>\n<td bgcolor=\"#DEDFDE\" width=\"72%\" height=\"16\">Wax , Wax\/Resin, Resin<\/td>\n<\/tr>\n<tr>\n<td bgcolor=\"#C6CBD6\" width=\"27%\" height=\"16\">\u00a0M\u00fcrekkepli Y\u00fczey<\/td>\n<td bgcolor=\"#DEDFDE\" width=\"72%\" height=\"16\">D\u0131\u015f Y\u00fczey<\/td>\n<\/tr>\n<tr>\n<td bgcolor=\"#C6CBD6\" width=\"27%\" height=\"16\">\u00a0Uzunluk<\/td>\n<td bgcolor=\"#DEDFDE\" width=\"72%\" height=\"16\">300 metre (En fazla)<\/td>\n<\/tr>\n<tr>\n<td bgcolor=\"#C6CBD6\" width=\"27%\" height=\"16\">\u00a0Geni\u015flik<\/td>\n<td bgcolor=\"#DEDFDE\" width=\"72%\" height=\"16\">Max. 110 mm<\/td>\n<\/tr>\n<tr>\n<td bgcolor=\"#C6CBD6\" width=\"27%\" height=\"16\">\u00a0Rulo \u0130\u00e7 \u00c7ap\u0131<\/td>\n<td bgcolor=\"#DEDFDE\" width=\"72%\" height=\"16\">25,4 mm<\/td>\n<\/tr>\n<tr>\n<td colspan=\"2\" width=\"99%\" height=\"18\"><strong>Performans<\/strong><\/td>\n<\/tr>\n<tr>\n<td bgcolor=\"#C6CBD6\" width=\"27%\" height=\"16\">\u00a0\u0130\u015flemci<\/td>\n<td bgcolor=\"#DEDFDE\" width=\"72%\" height=\"16\">32 Bit CPU<\/td>\n<\/tr>\n<tr>\n<td bgcolor=\"#C6CBD6\" width=\"27%\" height=\"16\">\u00a0Haf\u0131za<\/td>\n<td bgcolor=\"#DEDFDE\" width=\"72%\" height=\"16\">8 MB SDRAM, 8 MB Flash ROM (Opsiyonel: 4 GB a kadar geni\u015fletilebilir)<\/td>\n<\/tr>\n<tr>\n<td bgcolor=\"#C6CBD6\" width=\"27%\" height=\"16\">\u00a0Ger\u00e7ek Zaman Saati<\/td>\n<td bgcolor=\"#DEDFDE\" width=\"72%\" height=\"16\">Desteklenmiyor<\/td>\n<\/tr>\n<tr>\n<td bgcolor=\"#C6CBD6\" width=\"27%\" height=\"16\">\u00a0Haberle\u015fme<\/td>\n<td bgcolor=\"#DEDFDE\" width=\"72%\" height=\"16\">RS-232C, USB ve Ethernet<\/td>\n<\/tr>\n<tr>\n<td colspan=\"2\" width=\"99%\" height=\"16\"><strong>\u00a0Fiziksel<\/strong><\/td>\n<\/tr>\n<tr>\n<td bgcolor=\"#C6CBD6\" width=\"27%\" height=\"16\">\u00a0Geni\u015flik<\/td>\n<td bgcolor=\"#DEDFDE\" width=\"72%\" height=\"16\">282 mm<\/td>\n<\/tr>\n<tr>\n<td bgcolor=\"#C6CBD6\" width=\"27%\" height=\"16\">\u00a0Y\u00fckseklik<\/td>\n<td bgcolor=\"#DEDFDE\" width=\"72%\" height=\"16\">232 mm<\/td>\n<\/tr>\n<tr>\n<td bgcolor=\"#C6CBD6\" width=\"27%\" height=\"16\">\u00a0Derinlik<\/td>\n<td bgcolor=\"#DEDFDE\" width=\"72%\" height=\"16\">171 mm<\/td>\n<\/tr>\n<tr>\n<td bgcolor=\"#C6CBD6\" width=\"27%\" height=\"16\">\u00a0A\u011f\u0131rl\u0131k<\/td>\n<td bgcolor=\"#DEDFDE\" width=\"72%\" height=\"16\">2,56 kg<\/td>\n<\/tr>\n<tr>\n<td colspan=\"2\" width=\"99%\" height=\"16\"><strong>\u00a0Elektriksel<\/strong><\/td>\n<\/tr>\n<tr>\n<td bgcolor=\"#C6CBD6\" width=\"27%\" height=\"16\">\u00a0G\u00fc\u00e7 giri\u015f \u015fekli<\/td>\n<td bgcolor=\"#DEDFDE\" width=\"72%\" height=\"16\">Harici elektrik adapt\u00f6r\u00fc (EnergyStar Sertifiikal\u0131)<\/td>\n<\/tr>\n<tr>\n<td bgcolor=\"#C6CBD6\" width=\"27%\" height=\"16\">\u00a0G\u00fc\u00e7 kayna\u011f\u0131 (Giri\u015f)<\/td>\n<td bgcolor=\"#DEDFDE\" width=\"72%\" height=\"16\">110 ~ 240V, 50 ~ 60 Hz, 1.8A<\/td>\n<\/tr>\n<tr>\n<td bgcolor=\"#C6CBD6\" width=\"27%\" height=\"16\">\u00a0G\u00fc\u00e7 kayna\u011f\u0131 (\u00c7\u0131k\u0131\u015f)<\/td>\n<td bgcolor=\"#DEDFDE\" width=\"72%\" height=\"16\">DC24V, 2.5A, 60W<\/td>\n<\/tr>\n<tr>\n<td colspan=\"2\" width=\"99%\" height=\"16\"><strong>\u00a0\u00c7evresel<\/strong><\/td>\n<\/tr>\n<tr>\n<td rowspan=\"2\" bgcolor=\"#C6CBD6\" width=\"27%\" height=\"32\">\u00a0Ortam S\u0131cakl\u0131\u011f\u0131<\/td>\n<td bgcolor=\"#DEDFDE\" width=\"72%\" height=\"16\">\u00c7al\u0131\u015fma: 5\u00b0C ~ 40\u00b0C<\/td>\n<\/tr>\n<tr>\n<td bgcolor=\"#DEDFDE\" width=\"72%\" height=\"16\">Saklama: -40\u00b0C ~ 60\u00b0C<\/td>\n<\/tr>\n<tr>\n<td rowspan=\"2\" bgcolor=\"#C6CBD6\" width=\"27%\" height=\"32\">\u00a0Nem Oran\u0131<\/td>\n<td bgcolor=\"#DEDFDE\" width=\"72%\" height=\"16\">\u00c7al\u0131\u015fma: %25 ~ %85 (Yo\u011fu\u015fmas\u0131z)<\/td>\n<\/tr>\n<tr>\n<td bgcolor=\"#DEDFDE\" width=\"72%\" height=\"16\">Saklama: %10 ~ %90 (Yo\u011fu\u015fmas\u0131z)<\/td>\n<\/tr>\n<tr>\n<td colspan=\"2\" width=\"99%\" height=\"16\"><strong>\u00a0Yaz\u0131l\u0131msal<\/strong><\/td>\n<\/tr>\n<tr>\n<td bgcolor=\"#C6CBD6\" width=\"27%\" height=\"16\">\u00a0Em\u00fclasyon<\/td>\n<td bgcolor=\"#DEDFDE\" width=\"72%\" height=\"16\">TSPL, EPL, ZPL, DPL<\/td>\n<\/tr>\n<tr>\n<td rowspan=\"7\" bgcolor=\"#C6CBD6\" width=\"27%\" height=\"112\"><span lang=\"en-us\">\u00a0<\/span>S\u00fcr\u00fcc\u00fcler<br \/>\n<span lang=\"en-us\">\u00a0<\/span>Ara\u00e7lar<br \/>\n<span lang=\"en-us\">\u00a0<\/span>Programlar<\/td>\n<td bgcolor=\"#DEDFDE\" width=\"72%\" height=\"16\">Windows Driver<\/td>\n<\/tr>\n<tr>\n<td bgcolor=\"#DEDFDE\" width=\"72%\" height=\"16\">Linux \/ Mac CUPS Driver<\/td>\n<\/tr>\n<tr>\n<td bgcolor=\"#DEDFDE\" width=\"72%\" height=\"16\">Virtual COM USB\/Ethernet Driver<\/td>\n<\/tr>\n<tr>\n<td bgcolor=\"#DEDFDE\" width=\"72%\" height=\"16\">Utility Program<\/td>\n<\/tr>\n<tr>\n<td bgcolor=\"#DEDFDE\" width=\"72%\" height=\"16\">&#8211;<\/td>\n<\/tr>\n<tr>\n<td bgcolor=\"#DEDFDE\" width=\"72%\" height=\"16\">&#8211;<\/td>\n<\/tr>\n<tr>\n<td bgcolor=\"#DEDFDE\" width=\"72%\" height=\"16\">&#8211;<\/td>\n<\/tr>\n<tr>\n<td rowspan=\"2\" bgcolor=\"#C6CBD6\" width=\"27%\" height=\"32\">\u00a0SDK<\/td>\n<td bgcolor=\"#DEDFDE\" width=\"72%\" height=\"16\">Windows SDK<\/td>\n<\/tr>\n<tr>\n<td bgcolor=\"#DEDFDE\" width=\"72%\" height=\"16\">Linux SDK<\/td>\n<\/tr>\n<tr>\n<td colspan=\"2\" width=\"99%\" height=\"16\"><strong>\u00a0Yaz\u0131 Tipleri &amp; Grafik &amp; Barkod Tipleri<\/strong><\/td>\n<\/tr>\n<tr>\n<td rowspan=\"2\" bgcolor=\"#C6CBD6\" width=\"27%\" height=\"32\">\u00a0Yaz\u0131 Tipleri<\/td>\n<td bgcolor=\"#DEDFDE\" width=\"72%\" height=\"16\">8 alfa-say\u0131sal bit e\u015flem yaz\u0131 tipi<\/td>\n<\/tr>\n<tr>\n<td bgcolor=\"#DEDFDE\" width=\"72%\" height=\"16\">Windows yaz\u0131 tipleri yaz\u0131l\u0131mla y\u00fcklenebilir<\/td>\n<\/tr>\n<tr>\n<td rowspan=\"2\" bgcolor=\"#C6CBD6\" width=\"27%\" height=\"32\">\u00a0Barkod Tipleri<\/td>\n<td bgcolor=\"#DEDFDE\" width=\"72%\" height=\"16\"><strong>1D:<\/strong>\u00a0Code 39,Code 93,Code 128UCC,Code 128 Alt Tip A-B-C,Codabar,Interleaved 2 of 5,EAN-8,EAN-13,EAN-128,UPC-A,UPC-E,EAN ve UPC Ek 2\/5 hane,MSI,MSI PLESSEY,POSTNET,China POST,GS1 DataBar, Code 11<\/td>\n<\/tr>\n<tr>\n<td bgcolor=\"#DEDFDE\" width=\"72%\" height=\"16\"><strong>2D:<\/strong>\u00a0sPDF417,Maxicode,DataMatrix,QR Code, Aztec<\/td>\n<\/tr>\n<tr>\n<td colspan=\"2\" width=\"99%\" height=\"16\"><strong>\u00a0Opsiyonel Se\u00e7enekler<\/strong><\/td>\n<\/tr>\n<tr>\n<td rowspan=\"3\" bgcolor=\"#C6CBD6\" width=\"27%\" height=\"15\">Opsiyonel\u00a0Se\u00e7enekler<\/td>\n<td bgcolor=\"#DEDFDE\" width=\"72%\" height=\"16\">Kesici \u00dcnitesi<\/td>\n<\/tr>\n<tr>\n<td bgcolor=\"#DEDFDE\" width=\"72%\" height=\"16\">S\u0131y\u0131r\u0131c\u0131 \u00dcnitesi<\/td>\n<\/tr>\n<tr>\n<td bgcolor=\"#DEDFDE\" width=\"72%\" height=\"16\">Harici etiket kayna\u011f\u0131 \u00fcnitesi<\/td>\n<\/tr>\n<\/tbody>\n<\/table>\n","protected":false},"excerpt":{"rendered":"<table class=\"product-detail\" border=\"0\" width=\"100%\" cellspacing=\"0\" cellpadding=\"0\">\n<tbody>\n<tr>\n<td class=\"product-detail-02\" width=\"34%\">Termal Bask\u0131:<\/td>\n<td width=\"66%\">\u00a0VAR<\/td>\n<\/tr>\n<tr>\n<td class=\"product-detail-02\" width=\"34%\">Ribon Bask\u0131:<\/td>\n<td width=\"66%\">\u00a0VAR<\/td>\n<\/tr>\n<tr>\n<td class=\"product-detail-02\" width=\"34%\">\u00c7\u00f6z\u00fcn\u00fcrl\u00fck:<\/td>\n<td width=\"66%\">\u00a0203 DPI<\/td>\n<\/tr>\n<tr>\n<td class=\"product-detail-02\" width=\"34%\">Bask\u0131 Geni\u015fli\u011fi:<\/td>\n<td width=\"66%\">\u00a0104 MM<\/td>\n<\/tr>\n<tr>\n<td class=\"product-detail-02\" width=\"34%\">USB:<\/td>\n<td width=\"66%\">\u00a0VAR<\/td>\n<\/tr>\n<tr>\n<td class=\"product-detail-02\" width=\"34%\">Seri:<\/td>\n<td width=\"66%\">\u00a0VAR<\/td>\n<\/tr>\n<tr>\n<td class=\"product-detail-02\" width=\"34%\">Paralel:<\/td>\n<td width=\"66%\">\u00a0YOK<\/td>\n<\/tr>\n<tr>\n<td class=\"product-detail-02\" width=\"34%\">Ethernet (LAN):<\/td>\n<td width=\"66%\">\u00a0VAR<\/td>\n<\/tr>\n<tr>\n<td class=\"product-detail-02\" width=\"34%\">Ka\u011f\u0131t Kesici:<\/td>\n<td width=\"66%\">\u00a0YOK<\/td>\n<\/tr>\n<\/tbody>\n<\/table>\n","protected":false},"featured_media":1074,"template":"","meta":{"om_disable_all_campaigns":false,"_monsterinsights_skip_tracking":false,"_monsterinsights_sitenote_active":false,"_monsterinsights_sitenote_note":"","_monsterinsights_sitenote_category":0},"product_cat":[129],"product_tag":[],"class_list":{"0":"post-1073","1":"product","2":"type-product","3":"status-publish","4":"has-post-thumbnail","6":"product_cat-barkod-yazicilar","7":"thunk-woo-product-list","8":"opn-qv-enable","9":"top-store-woo-hover-zoom","10":"top-store-single-product-tab-horizontal","11":"top-store-shadow-","12":"top-store-shadow-hover-","14":"first","15":"instock","16":"taxable","17":"shipping-taxable","18":"product-type-simple"},"aioseo_notices":[],"_links":{"self":[{"href":"https:\/\/bilginteknoloji.com\/woo\/wp-json\/wp\/v2\/product\/1073","targetHints":{"allow":["GET"]}}],"collection":[{"href":"https:\/\/bilginteknoloji.com\/woo\/wp-json\/wp\/v2\/product"}],"about":[{"href":"https:\/\/bilginteknoloji.com\/woo\/wp-json\/wp\/v2\/types\/product"}],"wp:featuredmedia":[{"embeddable":true,"href":"https:\/\/bilginteknoloji.com\/woo\/wp-json\/wp\/v2\/media\/1074"}],"wp:attachment":[{"href":"https:\/\/bilginteknoloji.com\/woo\/wp-json\/wp\/v2\/media?parent=1073"}],"wp:term":[{"taxonomy":"product_cat","embeddable":true,"href":"https:\/\/bilginteknoloji.com\/woo\/wp-json\/wp\/v2\/product_cat?post=1073"},{"taxonomy":"product_tag","embeddable":true,"href":"https:\/\/bilginteknoloji.com\/woo\/wp-json\/wp\/v2\/product_tag?post=1073"}],"curies":[{"name":"wp","href":"https:\/\/api.w.org\/{rel}","templated":true}]}}