{"id":1063,"date":"2024-08-27T11:14:26","date_gmt":"2024-08-27T08:14:26","guid":{"rendered":"https:\/\/bilginteknoloji.com\/woo\/?post_type=product&#038;p=1063"},"modified":"2024-08-27T12:58:47","modified_gmt":"2024-08-27T09:58:47","slug":"dahua-xvr5432l-i3-32kanal-5mpix-h265-4-hdd-destegi-5in1-dvr-cihazi","status":"publish","type":"product","link":"https:\/\/bilginteknoloji.com\/woo\/urun\/dahua-xvr5432l-i3-32kanal-5mpix-h265-4-hdd-destegi-5in1-dvr-cihazi\/","title":{"rendered":"DAHUA XVR5432L-I3, 32Kanal, 5Mpix, H265+, 4 HDD Deste\u011fi, 5in1 DVR Cihaz\u0131"},"content":{"rendered":"<h3>DAHUA XVR5432L-I3<\/h3>\n<h3 class=\"title\"><strong>XVR5432L-I3<\/strong><\/h3>\n<p class=\"text\">32 Kanal Penta-brid 5M-N\/1080P 1.5U 4HDDs WizSense Dijital Video Kaydedici<\/p>\n<div>&gt; H.265+\/H.265 \u00e7ift ak\u0131\u015fl\u0131 video s\u0131k\u0131\u015ft\u0131rma.<br \/>\n&gt; 16 kanall\u0131 AI Kodlamay\u0131 destekler.<br \/>\n&gt; HDCVI\/AHD\/TVI\/CVBS\/IP video giri\u015flerini destekler.<br \/>\n&gt; Maksimum 32 kanal IP kamera giri\u015fi, her kanal 8MPye kadar;\u00a0Maksimum 128 Mbps gelen bant geni\u015fli\u011fi.<br \/>\n&gt; 8 kanala kadar video ak\u0131\u015f\u0131 (analog kanal) \u00e7evre korumas\u0131.<br \/>\n&gt; 16 kanala kadar video ak\u0131\u015f\u0131 (analog kanal) SMD plus.<br \/>\n&gt; 2 kanala kadar video ak\u0131\u015f\u0131 (analog kanal) insan y\u00fcz\u00fc tan\u0131ma.<br \/>\n&gt; Nesnelerin \u0130nterneti ve POS i\u015flevleri.<\/div>\n<div><\/div>\n<div><\/div>\n<table id=\"table001\" class=\"NEW-TABLE TableOverride-1 tab-drag\">\n<tbody>\n<tr>\n<td colspan=\"60\"><strong>S\u0130STEM<\/strong><\/td>\n<\/tr>\n<tr>\n<td colspan=\"18\">Ana \u0130\u015flemci<\/td>\n<td colspan=\"42\">End\u00fcstriyel s\u0131n\u0131f i\u015flemci<\/td>\n<\/tr>\n<tr>\n<td colspan=\"18\">\u0130\u015fletim sistemi<\/td>\n<td colspan=\"42\">G\u00f6m\u00fcl\u00fc Linux<\/td>\n<\/tr>\n<tr>\n<td colspan=\"18\">\u0130\u015fletim Aray\u00fcz\u00fc<\/td>\n<td colspan=\"42\">A\u011f;\u00a0Yerel GUI<\/td>\n<\/tr>\n<tr>\n<td colspan=\"60\"><strong>\u00c7evre Korumas\u0131<\/strong><\/td>\n<\/tr>\n<tr>\n<td colspan=\"18\">Kaydediciye G\u00f6re \u00c7evre Performans\u0131 AI (Kanal Say\u0131s\u0131)<\/td>\n<td colspan=\"42\">Geli\u015fmi\u015f Model: 2 kanal, her kanal i\u00e7in 10 IVS<br \/>\nGenel Model: 8 kanal, her kanal i\u00e7in 10 IVS<\/td>\n<\/tr>\n<tr>\n<td colspan=\"60\"><strong>Y\u00fcz tan\u0131ma<\/strong><\/td>\n<\/tr>\n<tr>\n<td colspan=\"18\">Y\u00fcz Nitelikleri<\/td>\n<td colspan=\"42\">Cinsiyet;\u00a0ya\u015f grubu;\u00a0g\u00f6zl\u00fck;\u00a0ifade;\u00a0y\u00fcz maskesi;\u00a0sakal<\/td>\n<\/tr>\n<tr>\n<td colspan=\"18\">Yapay Zekan\u0131n Kaydediciye G\u00f6re Y\u00fcz Alg\u0131lama Performans\u0131 (Kanal Say\u0131s\u0131)<\/td>\n<td colspan=\"42\">2 kanal (en fazla 12 y\u00fcz g\u00f6r\u00fcnt\u00fcs\u00fc\/sn)<\/td>\n<\/tr>\n<tr>\n<td colspan=\"60\"><strong>Y\u00fcz tan\u0131ma<\/strong><\/td>\n<\/tr>\n<tr>\n<td colspan=\"18\">Y\u00fcz Veritaban\u0131 Kapasitesi<\/td>\n<td colspan=\"42\">Toplamda 10.000 y\u00fcz g\u00f6r\u00fcnt\u00fcs\u00fc i\u00e7eren 10 adede kadar y\u00fcz veritaban\u0131.\u00a0Her y\u00fcz g\u00f6r\u00fcnt\u00fcs\u00fcne ad, cinsiyet, do\u011fum g\u00fcn\u00fc, adres, sertifika t\u00fcr\u00fc, sertifika No., \u00fclkeler ve b\u00f6lgeler ve eyalet eklenebilir<\/td>\n<\/tr>\n<tr>\n<td colspan=\"18\">Kaydediciye G\u00f6re Yapay Zekan\u0131n Y\u00fcz Tan\u0131ma Performans\u0131 (Kanal Say\u0131s\u0131)<\/td>\n<td colspan=\"42\">2 kanal<\/td>\n<\/tr>\n<tr>\n<td colspan=\"60\"><strong>SMD<\/strong><\/td>\n<\/tr>\n<tr>\n<td colspan=\"18\">Kaydedici ile SMD Plus<\/td>\n<td colspan=\"42\">16 kanal: \u0130nsan ve motorlu ara\u00e7 SMD Plus i\u00e7in ikincil filtreleme, yapraklar, ya\u011fmur ve \u0131\u015f\u0131k durumu de\u011fi\u015fikli\u011finden kaynaklanan yanl\u0131\u015f alarmlar\u0131 azalt\u0131r<\/td>\n<\/tr>\n<tr>\n<td colspan=\"60\"><strong>Ses ve video<\/strong><\/td>\n<\/tr>\n<tr>\n<td colspan=\"18\">Analog Kamera Giri\u015fi<\/td>\n<td colspan=\"42\">32 BNC ba\u011flant\u0131 noktas\u0131, HDCVI\/AHD\/TVI\/CVBS otomatik alg\u0131lamay\u0131 destekler<\/td>\n<\/tr>\n<tr>\n<td colspan=\"18\">Kamera Giri\u015fi<\/td>\n<td colspan=\"42\">1. CVI: 5 MP, 4 MP, 1080p@25\/30 fps, 720p@50\/60 fps;\u00a0720p@25\/30 fps.<br \/>\n2. TVI: 5 MP, 4 MP, 1080p@25\/30 fps;\u00a0720p@25\/30 fps.<br \/>\n3. AHD: 5 MP, 4 MP, 1080p@25\/30 fps;\u00a0720p@25\/30 fps.<\/td>\n<\/tr>\n<tr>\n<td colspan=\"18\">IP Kamera Giri\u015fi<\/td>\n<td colspan=\"42\">32 kanala kadar IPC eri\u015fimi<br \/>\n32 kanal (analog kanallar IP kanallar\u0131na d\u00f6n\u00fc\u015ft\u00fcr\u00fcl\u00fcr)<br \/>\ngelen bant geni\u015fli\u011fi: 128 Mbps, kay\u0131t bant geni\u015fli\u011fi: 128 Mbps ve giden bant geni\u015fli\u011fi: 128 Mbps<\/td>\n<\/tr>\n<tr>\n<td colspan=\"18\">Kodlama Kapasitesi<\/td>\n<td colspan=\"42\">Ana ak\u0131\u015f: 5M-N@(1fps\u201310fps);\u00a04M-N, 1080p@ (1fps\u201315fps);\u00a01080N, 720p, 960H<br \/>\nD1, CIF@(1fps\u201325\/30fps)<br \/>\nAlt ak\u0131\u015f: D1,CIF@(1fps\u201315fps)<\/td>\n<\/tr>\n<tr>\n<td colspan=\"18\">\u00e7ift ak\u0131\u015f<\/td>\n<td colspan=\"42\">Evet<\/td>\n<\/tr>\n<tr>\n<td colspan=\"18\">Video Bit H\u0131z\u0131<\/td>\n<td colspan=\"42\">32 kbps\u20136144 kbps<\/td>\n<\/tr>\n<tr>\n<td colspan=\"18\">Ses \u00d6rnekleme<\/td>\n<td colspan=\"42\">8 kHz, 16 bit<\/td>\n<\/tr>\n<tr>\n<td colspan=\"18\">Ses Bit H\u0131z\u0131<\/td>\n<td colspan=\"42\">64 kbps<\/td>\n<\/tr>\n<tr>\n<td colspan=\"18\">Video \u00e7\u0131k\u0131\u015f\u0131<\/td>\n<td colspan=\"42\">2 HDMI, 1 VGA, 1 TV<br \/>\n\u00c7\u00f6z\u00fcn\u00fcrl\u00fck<br \/>\nVGA\/HDMI2: 1920 \u00d7 1080, 1280 \u00d7 1024, 1280 \u00d7 720<br \/>\nHDMI1: 3840 \u00d7 2160, 1920 \u00d7 1080, 1280 \u00d7 1024, 1280 \u00d7 720<br \/>\n*HDMI2 i\u00e7in heterojen video kaynaklar\u0131 \u00e7\u0131k\u0131\u015f\u0131 yap\u0131land\u0131r\u0131labilir .<\/td>\n<\/tr>\n<tr>\n<td colspan=\"18\">\u00c7oklu Ekran<\/td>\n<td colspan=\"42\">1\/4\/8\/9\/16\/25\/36<\/td>\n<\/tr>\n<tr>\n<td colspan=\"18\">\u00dc\u00e7\u00fcnc\u00fc Taraf Kamera Eri\u015fimi<\/td>\n<td colspan=\"42\">ONVIF;\u00a0Panasonic;\u00a0sony;\u00a0eksen;\u00a0Kontak;\u00a0Pelco;\u00a0kanon;\u00a0SAMSUNG<\/td>\n<\/tr>\n<tr>\n<td colspan=\"60\"><strong>S\u0131k\u0131\u015ft\u0131rma Standard\u0131<\/strong><\/td>\n<\/tr>\n<tr>\n<td colspan=\"18\">Video s\u0131k\u0131\u015ft\u0131rma<\/td>\n<td colspan=\"42\">AI Kodlama;\u00a0H.265+;\u00a0H.265;\u00a0H.264+;\u00a0H.264<\/td>\n<\/tr>\n<tr>\n<td colspan=\"18\">Ses S\u0131k\u0131\u015ft\u0131rma<\/td>\n<td colspan=\"42\">G.711a;\u00a0G.711u;\u00a0PCM<\/td>\n<\/tr>\n<tr>\n<td colspan=\"60\"><strong>A\u011f<\/strong><\/td>\n<\/tr>\n<tr>\n<td colspan=\"18\">A\u011f Protokol\u00fc<\/td>\n<td colspan=\"42\">HTTP;\u00a0HTTPS;\u00a0TCP\/IP;\u00a0IPv4;\u00a0RTSP;\u00a0UDP;\u00a0SMTP;\u00a0NTP;\u00a0DHCP;\u00a0DNS;\u00a0DDNS;\u00a0P2P<\/td>\n<\/tr>\n<tr>\n<td colspan=\"18\">Cep Telefonu Eri\u015fimi<\/td>\n<td colspan=\"42\">iOS;\u00a0Android<\/td>\n<\/tr>\n<tr>\n<td colspan=\"18\">birlikte \u00e7al\u0131\u015fabilirlik<\/td>\n<td colspan=\"42\">ONVIF 21.12;\u00a0CGI<\/td>\n<\/tr>\n<tr>\n<td colspan=\"18\">Taray\u0131c\u0131<\/td>\n<td colspan=\"42\">Chrome, IE9 veya \u00fcst\u00fc, Firefox<\/td>\n<\/tr>\n<tr>\n<td colspan=\"18\">A\u011f Modu<\/td>\n<td colspan=\"42\">Tek adres modu<\/td>\n<\/tr>\n<tr>\n<td colspan=\"60\"><strong>Kay\u0131t Oynatma<\/strong><\/td>\n<\/tr>\n<tr>\n<td colspan=\"18\">Kay\u0131t modu<\/td>\n<td colspan=\"42\">Genel, hareket alg\u0131lama;\u00a0zeki;\u00a0alarm;\u00a0sat\u0131\u015f noktas\u0131<\/td>\n<\/tr>\n<tr>\n<td colspan=\"18\">Kay\u0131t Oynatma<\/td>\n<td colspan=\"42\">1\/4\/9\/16<\/td>\n<\/tr>\n<tr>\n<td colspan=\"18\">Yedekleme Y\u00f6ntemi<\/td>\n<td colspan=\"42\">USB cihaz\u0131 ve a\u011f<\/td>\n<\/tr>\n<tr>\n<td colspan=\"18\">Oynatma Modu<\/td>\n<td colspan=\"42\">An\u0131nda oynatma, genel ynatma, olay oynatma, etiket oynatma, ak\u0131ll\u0131 oynatma (y\u00fcz ve hareket alg\u0131lama)<\/td>\n<\/tr>\n<tr>\n<td colspan=\"60\"><strong>Depolamak<\/strong><\/td>\n<\/tr>\n<tr>\n<td colspan=\"18\">Disk Grubu<\/td>\n<td colspan=\"42\">Evet<\/td>\n<\/tr>\n<tr>\n<td colspan=\"60\"><strong>Alarm<\/strong><\/td>\n<\/tr>\n<tr>\n<td colspan=\"18\">Genel Alarm<\/td>\n<td colspan=\"42\">Hareket alg\u0131lama;\u00a0g\u00f6r\u00fcnt\u00fc kayb\u0131;\u00a0kurcalama;\u00a0yerel alarm<\/td>\n<\/tr>\n<tr>\n<td colspan=\"18\">Anormallik Alarm\u0131<\/td>\n<td colspan=\"42\">Disk yok;\u00a0depolama hatas\u0131;\u00a0disk dolu;\u00a0kamera \u00e7evrimd\u0131\u015f\u0131;\u00a0IP \u00e7ak\u0131\u015fmas\u0131;\u00a0MAC \u00e7ak\u0131\u015fmas\u0131<\/td>\n<\/tr>\n<tr>\n<td colspan=\"18\">Ak\u0131ll\u0131 Alarm<\/td>\n<td colspan=\"42\">Y\u00fcz tan\u0131ma;\u00a0y\u00fcz tan\u0131ma;\u00a0\u00e7evre korumas\u0131<\/td>\n<\/tr>\n<tr>\n<td colspan=\"18\">Alarm Ba\u011flant\u0131s\u0131<\/td>\n<td colspan=\"42\">Kay\u0131t;\u00a0anl\u0131k g\u00f6r\u00fcnt\u00fc (panoramik);\u00a0IPC harici alarm \u00e7\u0131k\u0131\u015f\u0131;\u00a0eri\u015fim denetleyicisi;\u00a0ses komutu;\u00a0zil;\u00a0kay\u0131t;\u00a0\u00f6n ayar;\u00a0e-posta<\/td>\n<\/tr>\n<tr>\n<td colspan=\"60\"><strong>\u00c7IKI\u015eLAR<\/strong><\/td>\n<\/tr>\n<tr>\n<td colspan=\"18\">Televizyon \u00c7\u0131k\u0131\u015f\u0131<\/td>\n<td colspan=\"42\">Evet<\/td>\n<\/tr>\n<tr>\n<td colspan=\"18\">Ses giri\u015fi<\/td>\n<td colspan=\"42\">4 kanall\u0131 BNC (harici)<br \/>\n32 kanall\u0131 BNC (koaksiyel ses)<\/td>\n<\/tr>\n<tr>\n<td colspan=\"18\">Ses \u00e7\u0131k\u0131\u015f\u0131<\/td>\n<td colspan=\"42\">1 kanall\u0131 BNC<\/td>\n<\/tr>\n<tr>\n<td colspan=\"18\">\u0130ki y\u00f6nl\u00fc Konu\u015fma<\/td>\n<td colspan=\"42\">1 kanall\u0131 BNC<\/td>\n<\/tr>\n<tr>\n<td colspan=\"18\">Alarm Giri\u015fi<\/td>\n<td colspan=\"42\">16 kanal<\/td>\n<\/tr>\n<tr>\n<td colspan=\"18\">Alarm \u00c7\u0131k\u0131\u015f\u0131<\/td>\n<td colspan=\"42\">6 kanal<\/td>\n<\/tr>\n<tr>\n<td colspan=\"18\">HDD Aray\u00fcz\u00fc<\/td>\n<td colspan=\"42\">4 SATA ba\u011flant\u0131 noktas\u0131, tek bir HDD i\u00e7in 16 TBa kadar, maksimum HDD kapasitesi ortam s\u0131cakl\u0131\u011f\u0131na g\u00f6re de\u011fi\u015fir<\/td>\n<\/tr>\n<tr>\n<td colspan=\"18\">eSATA<\/td>\n<td colspan=\"42\">1<\/td>\n<\/tr>\n<tr>\n<td colspan=\"18\">RS-232<\/td>\n<td colspan=\"42\">PC \u0130leti\u015fimi ve Klavye i\u00e7in 1 ba\u011flant\u0131 noktas\u0131<\/td>\n<\/tr>\n<tr>\n<td colspan=\"18\">RS-485<\/td>\n<td colspan=\"42\">PTZ kontrol\u00fc i\u00e7in 1 ba\u011flant\u0131 noktas\u0131<\/td>\n<\/tr>\n<tr>\n<td colspan=\"18\">USB<\/td>\n<td colspan=\"42\">3 (1 \u00f6n USB 2.0 ba\u011flant\u0131 noktas\u0131, 2 arka USB 3.0 ba\u011flant\u0131 noktas\u0131)<\/td>\n<\/tr>\n<tr>\n<td colspan=\"18\">HDMI<\/td>\n<td colspan=\"42\">2<\/td>\n<\/tr>\n<tr>\n<td colspan=\"18\">VGA<\/td>\n<td colspan=\"42\">1<\/td>\n<\/tr>\n<tr>\n<td colspan=\"18\">A\u011f ba\u011flant\u0131 noktas\u0131<\/td>\n<td colspan=\"42\">1 (10\/100\/1000 Mbps Ethernet ba\u011flant\u0131 noktas\u0131, RJ-45)<\/td>\n<\/tr>\n<tr>\n<td colspan=\"60\"><strong>Genel<\/strong><\/td>\n<\/tr>\n<tr>\n<td colspan=\"18\">G\u00fc\u00e7 kayna\u011f\u0131<\/td>\n<td colspan=\"42\">100-240 VAC, 50\/60 Hz<\/td>\n<\/tr>\n<tr>\n<td colspan=\"18\">G\u00fc\u00e7 t\u00fcketimi<\/td>\n<td colspan=\"42\">&lt;22 W<\/td>\n<\/tr>\n<tr>\n<td colspan=\"18\">Net a\u011f\u0131rl\u0131\u011f\u0131<\/td>\n<td colspan=\"42\">4,8 kg (10,58 lb)<\/td>\n<\/tr>\n<tr>\n<td colspan=\"18\">Br\u00fct a\u011f\u0131rl\u0131k<\/td>\n<td colspan=\"42\">7,1 kg (15,65 lb)<\/td>\n<\/tr>\n<tr>\n<td colspan=\"18\">\u00dcr\u00fcn Boyutlar\u0131<\/td>\n<td colspan=\"42\">1,5U, 440,0 mm \u00d7 420,2 mm \u00d7 76,0 mm<br \/>\n(17,32&#8243; \u00d7 16,54&#8243; \u00d7 2,99&#8243;) (G \u00d7 D \u00d7 Y)<\/td>\n<\/tr>\n<tr>\n<td colspan=\"18\">Ambalaj Boyutlar\u0131<\/td>\n<td colspan=\"42\">529,0 mm \u00d7 499,0 mm \u00d7 211,0 mm<br \/>\n20,83&#8243; \u00d7 19,65&#8243; \u00d7 8,31&#8243; (G \u00d7 D \u00d7 Y)<\/td>\n<\/tr>\n<tr>\n<td colspan=\"18\">\u00c7al\u0131\u015fma s\u0131cakl\u0131\u011f\u0131<\/td>\n<td colspan=\"42\">\u201310 \u00b0C &#8211; +55 \u00b0C (14 \u00b0F &#8211; +131 \u00b0F)<\/td>\n<\/tr>\n<tr>\n<td colspan=\"18\">\u00c7al\u0131\u015fma Nemi<\/td>\n<td colspan=\"42\">%10\u2013%90 (BN)<\/td>\n<\/tr>\n<tr>\n<td colspan=\"18\">Kurulum<\/td>\n<td colspan=\"42\">Raf veya masa\u00fcst\u00fc<\/td>\n<\/tr>\n<tr>\n<td colspan=\"18\">sertifikalar<\/td>\n<td colspan=\"42\">CE: CE-LVD: EN 60950-1\/IEC 60950-1<br \/>\nCE-EMC: EN 61000-3-2, EN 61000-3-3, EN 55032, EN 50130, EN 55024<br \/>\nFCC: B\u00f6l\u00fcm 15 Alt B\u00f6l\u00fcm B<\/td>\n<\/tr>\n<\/tbody>\n<\/table>\n","protected":false},"excerpt":{"rendered":"<table class=\"product-detail\" border=\"0\" width=\"100%\" cellspacing=\"0\" cellpadding=\"0\">\n<tbody>\n<tr>\n<td class=\"product-detail-02\" width=\"34%\">\u0130zleme \u00c7\u00f6z\u00fcn\u00fcrl\u00fc\u011f\u00fc:<\/td>\n<td width=\"66%\">\u00a05MP 1944P<\/td>\n<\/tr>\n<tr>\n<td class=\"product-detail-02\" width=\"34%\">Kay\u0131t \u00c7\u00f6z\u00fcn\u00fcrl\u00fc\u011f\u00fc:<\/td>\n<td width=\"66%\">\u00a02MP 1080P<\/td>\n<\/tr>\n<tr>\n<td class=\"product-detail-02\" width=\"34%\">HDD Deste\u011fi:<\/td>\n<td width=\"66%\">\u00a04 ADET<\/td>\n<\/tr>\n<tr>\n<td class=\"product-detail-02\" width=\"34%\">Video Giri\u015f:<\/td>\n<td width=\"66%\">\u00a032 KANAL<\/td>\n<\/tr>\n<\/tbody>\n<\/table>\n","protected":false},"featured_media":1064,"template":"","meta":{"om_disable_all_campaigns":false,"_monsterinsights_skip_tracking":false,"_monsterinsights_sitenote_active":false,"_monsterinsights_sitenote_note":"","_monsterinsights_sitenote_category":0},"product_cat":[56],"product_tag":[],"class_list":{"0":"post-1063","1":"product","2":"type-product","3":"status-publish","4":"has-post-thumbnail","6":"product_cat-xvr-kayit-cihazlari","7":"thunk-woo-product-list","8":"opn-qv-enable","9":"top-store-woo-hover-zoom","10":"top-store-single-product-tab-horizontal","11":"top-store-shadow-","12":"top-store-shadow-hover-","14":"first","15":"instock","16":"taxable","17":"shipping-taxable","18":"product-type-simple"},"aioseo_notices":[],"_links":{"self":[{"href":"https:\/\/bilginteknoloji.com\/woo\/wp-json\/wp\/v2\/product\/1063","targetHints":{"allow":["GET"]}}],"collection":[{"href":"https:\/\/bilginteknoloji.com\/woo\/wp-json\/wp\/v2\/product"}],"about":[{"href":"https:\/\/bilginteknoloji.com\/woo\/wp-json\/wp\/v2\/types\/product"}],"wp:featuredmedia":[{"embeddable":true,"href":"https:\/\/bilginteknoloji.com\/woo\/wp-json\/wp\/v2\/media\/1064"}],"wp:attachment":[{"href":"https:\/\/bilginteknoloji.com\/woo\/wp-json\/wp\/v2\/media?parent=1063"}],"wp:term":[{"taxonomy":"product_cat","embeddable":true,"href":"https:\/\/bilginteknoloji.com\/woo\/wp-json\/wp\/v2\/product_cat?post=1063"},{"taxonomy":"product_tag","embeddable":true,"href":"https:\/\/bilginteknoloji.com\/woo\/wp-json\/wp\/v2\/product_tag?post=1063"}],"curies":[{"name":"wp","href":"https:\/\/api.w.org\/{rel}","templated":true}]}}