{"id":1061,"date":"2024-08-27T11:09:05","date_gmt":"2024-08-27T08:09:05","guid":{"rendered":"https:\/\/bilginteknoloji.com\/woo\/?post_type=product&#038;p=1061"},"modified":"2024-08-27T11:09:06","modified_gmt":"2024-08-27T08:09:06","slug":"hikvision-ds-7104hqhi-k1-4kanal-4mpix-h265-1-hdd-destegi-5in1-dvr-cihazi","status":"publish","type":"product","link":"https:\/\/bilginteknoloji.com\/woo\/urun\/hikvision-ds-7104hqhi-k1-4kanal-4mpix-h265-1-hdd-destegi-5in1-dvr-cihazi\/","title":{"rendered":"HIKVISION DS-7104HQHI-K1, 4Kanal, 4Mpix, H265+, 1 HDD Deste\u011fi, 5in1 DVR Cihaz\u0131"},"content":{"rendered":"<h1 class=\"prod_name\">4 CH 1080P Mini 1U H.265 DVR<\/h1>\n<ul class=\"product_description_item-list\">\n<li class=\"product_description_item\">4 kanal ve 1 HDD mini boyutlu DVR<\/li>\n<li class=\"product_description_item\">Verimli H.265 pro + s\u0131k\u0131\u015ft\u0131rma teknolojisi<\/li>\n<li class=\"product_description_item\">15 fpsde 1080pye kadar kodlama yetene\u011fi<\/li>\n<li class=\"product_description_item\">5 sinyal uyarlamal\u0131 giri\u015f (HDTVI \/ AHD \/ CVI \/ CVBS \/ IP)<\/li>\n<li class=\"product_description_item\">6 adede kadar a\u011f kameras\u0131 ba\u011flanabilir<\/li>\n<\/ul>\n<ul class=\"product_description_Thumbnail-list\">\n<li class=\"prodcuct_description_item\">\n<div class=\"product_description_circle\"><img decoding=\"async\" src=\"https:\/\/www.detayresimler.com\/urun\/7\/7104HQHI-K1.jpg\" alt=\"\" \/><img decoding=\"async\" src=\"https:\/\/www.detayresimler.com\/urun\/7\/7104HQHI-K1_1.jpg\" alt=\"\" \/><img decoding=\"async\" src=\"https:\/\/www.detayresimler.com\/urun\/7\/7104HQHI-K1_2.jpg\" alt=\"\" \/><img decoding=\"async\" src=\"https:\/\/www.detayresimler.com\/urun\/7\/7104HQHI-K1_3.jpg\" alt=\"\" \/><img decoding=\"async\" src=\"https:\/\/www.detayresimler.com\/urun\/7\/7104HQHI-K1_4.jpg\" alt=\"\" \/><\/div>\n<\/li>\n<\/ul>\n<p>&nbsp;<\/p>\n<p>&nbsp;<\/p>\n<ul class=\"tech-specs-items-description\">\n<li class=\"tech-specs-items-description-list\"><span class=\"tech-specs-items-description__title--heading\">Kay\u0131t<\/span><\/li>\n<li class=\"tech-specs-items-description-list\"><span class=\"tech-specs-items-description__title\">Video S\u0131k\u0131\u015ft\u0131rma<\/span><span class=\"tech-specs-items-description__title-details\">H.265 Pro + \/ H.265 Pro \/ H.265 \/ H.264 + \/ H.264<\/span><\/li>\n<li class=\"tech-specs-items-description-list\"><span class=\"tech-specs-items-description__title\">Kodlama \u00c7\u00f6z\u00fcn\u00fcrl\u00fc\u011f\u00fc<\/span><span class=\"tech-specs-items-description__title-details\">1080p Lite modu etkinle\u015ftirilmedi\u011finde: 4 MP lite \/ 3 MP \/ 1080p \/ 720p \/ VGA \/ WD1 \/ 4CIF \/ CIF;, 1080p Lite modu etkinle\u015ftirildi\u011finde: 4 MP lite \/ 3 MP \/ 1080p lite \/ 720p lite \/ VGA \/ WD1 \/ 4CIF \/ CIF<\/span><\/li>\n<li class=\"tech-specs-items-description-list\"><span class=\"tech-specs-items-description__title\">Kare H\u0131z\u0131<\/span><span class=\"tech-specs-items-description__title-details\">Ana ak\u0131\u015f:, 1080p Lite modu etkinle\u015ftirilmedi\u011finde:, 4 MP ak\u0131\u015f eri\u015fimi i\u00e7in:, 4 MP lite @ 15fps;\u00a01080p lite \/ 720p \/ WD1 \/ 4CIF \/ VGA \/ CIF @ 25fps (P) \/ 30fps (N), 3 MP ak\u0131\u015f eri\u015fimi i\u00e7in: 3 MP \/ 1080p \/ 720p \/ VGA \/ WD1 \/ 4CIF \/ CIF @ 15fps, 1080p ak\u0131\u015f eri\u015fimi i\u00e7in :, 1080p \/ 720p @ 15fps;\u00a0VGA \/ WD1 \/ 4CIF \/ CIF @ 25fps (P) \/ 30fps (N), 720p ak\u0131\u015f eri\u015fimi i\u00e7in: 720p \/ VGA \/ WD1 \/ 4CIF \/ CIF @ 25fps (P) \/ 30fps (N), 1080p Lite modu etkinle\u015ftirildi\u011finde:, 4 MP lite \/ 3 MP @ 15fps;\u00a01080p lite \/ 720p lite \/ VGA \/ WD1 \/ 4CIF \/ CIF @ 25fps, (P) \/ 30fps (N), Alt ak\u0131\u015f:, WD1 \/ 4CIF @ 12fps;\u00a0CIF @ 25fps (P) \/ 30fps (N),<\/span><\/li>\n<li class=\"tech-specs-items-description-list\"><span class=\"tech-specs-items-description__title\">Video Bit H\u0131z\u0131<\/span><span class=\"tech-specs-items-description__title-details\">32 Kbps &#8211; 6 Mbps<\/span><\/li>\n<li class=\"tech-specs-items-description-list\"><span class=\"tech-specs-items-description__title\">\u00c7ift Ak\u0131\u015f<\/span><span class=\"tech-specs-items-description__title-details\">Deste\u011fi<\/span><\/li>\n<li class=\"tech-specs-items-description-list\"><span class=\"tech-specs-items-description__title\">Ak\u0131\u015f Tipi<\/span><span class=\"tech-specs-items-description__title-details\">Video, Video ve Ses<\/span><\/li>\n<li class=\"tech-specs-items-description-list\"><span class=\"tech-specs-items-description__title\">Ses S\u0131k\u0131\u015ft\u0131rma<\/span><span class=\"tech-specs-items-description__title-details\">G.711u<\/span><\/li>\n<li class=\"tech-specs-items-description-list\"><span class=\"tech-specs-items-description__title\">Ses Bit H\u0131z\u0131<\/span><span class=\"tech-specs-items-description__title-details\">64 Kbps<\/span><\/li>\n<\/ul>\n<ul class=\"tech-specs-items-description\">\n<li class=\"tech-specs-items-description-list\"><span class=\"tech-specs-items-description__title--heading\">Video Ve Ses<\/span><\/li>\n<li class=\"tech-specs-items-description-list\"><span class=\"tech-specs-items-description__title\">IP Video Giri\u015fi<\/span><span class=\"tech-specs-items-description__title-details\">2 kanal (6 kanala kadar) 6 MP \u00e7\u00f6z\u00fcn\u00fcrl\u00fc\u011fe kadar H.265 + \/ H.265 \/ H.264 + \/ H.264 IP kameralar\u0131 destekler<\/span><\/li>\n<li class=\"tech-specs-items-description-list\"><span class=\"tech-specs-items-description__title\">Analog Video Giri\u015fi<\/span><span class=\"tech-specs-items-description__title-details\">4 kanall\u0131 BNC aray\u00fcz\u00fc (1.0 Vp-p, 75 \u03a9), koaksitron ba\u011flant\u0131s\u0131n\u0131 destekler<\/span><\/li>\n<li class=\"tech-specs-items-description-list\"><span class=\"tech-specs-items-description__title\">AHD Giri\u015fi<\/span><span class=\"tech-specs-items-description__title-details\">4 MP, 1080p25, 1080p30, 720p25, 720p30<\/span><\/li>\n<li class=\"tech-specs-items-description-list\"><span class=\"tech-specs-items-description__title\">HDCVI Giri\u015fi<\/span><span class=\"tech-specs-items-description__title-details\">1080p25,<\/span><span class=\"tech-specs-items-description__title\">1080p30<\/span><span class=\"tech-specs-items-description__title-details\">, 720p25, 720p30<\/span><\/li>\n<li class=\"tech-specs-items-description-list\"><span class=\"tech-specs-items-description__title\">CVBS Giri\u015f<\/span><span class=\"tech-specs-items-description__title-details\">deste\u011fi<\/span><\/li>\n<li class=\"tech-specs-items-description-list\"><span class=\"tech-specs-items-description__title\">Ses Giri\u015fi<\/span><span class=\"tech-specs-items-description__title-details\">1 kanal, RCA (2,0 Vp-p, 1 K\u03a9)<\/span><\/li>\n<li class=\"tech-specs-items-description-list\"><span class=\"tech-specs-items-description__title\">Ses \u00c7\u0131k\u0131\u015f\u0131<\/span><span class=\"tech-specs-items-description__title-details\">1 kanal, RCA (Do\u011frusal, 1 K\u03a9)<\/span><\/li>\n<li class=\"tech-specs-items-description-list\"><span class=\"tech-specs-items-description__title\">\u0130ki Y\u00f6nl\u00fc Ses<\/span><span class=\"tech-specs-items-description__title-details\">1 kanal, RCA (2.0 Vp-p, 1 K\u03a9) (ilk ses giri\u015fini kullanarak)<\/span><\/li>\n<li class=\"tech-specs-items-description-list\"><span class=\"tech-specs-items-description__title\">Senkron Oynatma<\/span><span class=\"tech-specs-items-description__title-details\">4 kanal<\/span><\/li>\n<li class=\"tech-specs-items-description-list\"><span class=\"tech-specs-items-description__title\">HDTVI Giri\u015fi<\/span><span class=\"tech-specs-items-description__title-details\">4 MP, 3 MP, 1080p25, 1080p30, 720p25, 720p30, 720p50, 720p60, *: 3 MP sinyal giri\u015fi yaln\u0131zca DS-7104HQHI-K1 kanal 1, DS-7108HQHI-K1 kanal 1\/2 i\u00e7in kullan\u0131labilir ve DS-7116HQHI-K1in 1\/2\/3\/4 kanal\u0131n\u0131 i\u00e7erir.<\/span><\/li>\n<li class=\"tech-specs-items-description-list\"><span class=\"tech-specs-items-description__title\">VGA \/ HDMI \u00c7\u0131k\u0131\u015f\u0131<\/span><span class=\"tech-specs-items-description__title-details\">1 kanal, 1920 \u00d7 1080 \/ 60Hz, 1280 \u00d7 1024 \/ 60Hz, 1280 \u00d7 720 \/ 60Hz, 1024 \u00d7 768 \/ 60Hz<\/span><\/li>\n<\/ul>\n<ul class=\"tech-specs-items-description\">\n<li class=\"tech-specs-items-description-list\"><span class=\"tech-specs-items-description__title--heading\">A\u011f<\/span><\/li>\n<li class=\"tech-specs-items-description-list\"><span class=\"tech-specs-items-description__title\">Uzaktan Ba\u011flant\u0131lar<\/span><span class=\"tech-specs-items-description__title-details\">32<\/span><\/li>\n<li class=\"tech-specs-items-description-list\"><span class=\"tech-specs-items-description__title\">A\u011f Protokolleri<\/span><span class=\"tech-specs-items-description__title-details\">TCP \/ IP, PPPoE, DHCP, Hik-Connect, DNS, DDNS, NTP, SADP, NFS, iSCSI, UPnP \u2122, HTTPS, ONVIF<\/span><\/li>\n<li class=\"tech-specs-items-description-list\"><span class=\"tech-specs-items-description__title\">A\u011f Arabirimi<\/span><span class=\"tech-specs-items-description__title-details\">1, RJ45 10M \/ 100M kendinden uyarlamal\u0131 Ethernet arabirimi<\/span><\/li>\n<\/ul>\n<ul class=\"tech-specs-items-description\">\n<li class=\"tech-specs-items-description-list\"><span class=\"tech-specs-items-description__title--heading\">Yard\u0131mc\u0131 Aray\u00fcz<\/span><\/li>\n<li class=\"tech-specs-items-description-list\"><span class=\"tech-specs-items-description__title\">SATA<\/span><span class=\"tech-specs-items-description__title-details\">1 SATA aray\u00fcz\u00fc<\/span><\/li>\n<li class=\"tech-specs-items-description-list\"><span class=\"tech-specs-items-description__title\">Kapasite<\/span><span class=\"tech-specs-items-description__title-details\">Her disk i\u00e7in 6 TBa kadar kapasite<\/span><\/li>\n<li class=\"tech-specs-items-description-list\"><span class=\"tech-specs-items-description__title\">Alarm Giri\u015fi \/ \u00c7\u0131k\u0131\u015f\u0131<\/span><span class=\"tech-specs-items-description__title-details\">Yok<\/span><\/li>\n<li class=\"tech-specs-items-description-list\"><span class=\"tech-specs-items-description__title\">USB Aray\u00fcz\u00fc<\/span><span class=\"tech-specs-items-description__title-details\">Ger\u00e7ek panel: 2 \u00d7 USB 2.0<\/span><\/li>\n<\/ul>\n<ul class=\"tech-specs-items-description\">\n<li class=\"tech-specs-items-description-list\"><span class=\"tech-specs-items-description__title--heading\">Genel<\/span><\/li>\n<li class=\"tech-specs-items-description-list\"><span class=\"tech-specs-items-description__title\">G\u00fc\u00e7 Kayna\u011f\u0131<\/span><span class=\"tech-specs-items-description__title-details\">12 VDC<\/span><\/li>\n<li class=\"tech-specs-items-description-list\"><span class=\"tech-specs-items-description__title\">T\u00fcketim (HDD Olmadan)<\/span><span class=\"tech-specs-items-description__title-details\">\u2264 8 W<\/span><\/li>\n<li class=\"tech-specs-items-description-list\"><span class=\"tech-specs-items-description__title\">\u00c7al\u0131\u015fma S\u0131cakl\u0131\u011f\u0131<\/span><span class=\"tech-specs-items-description__title-details\">-10 \u00b0 C ila +55 \u00b0 C (+14 \u00b0 F ila +131 \u00b0 F)<\/span><\/li>\n<li class=\"tech-specs-items-description-list\"><span class=\"tech-specs-items-description__title\">\u00c7al\u0131\u015fma Nemi<\/span><span class=\"tech-specs-items-description__title-details\">% 10 -% 90<\/span><\/li>\n<li class=\"tech-specs-items-description-list\"><span class=\"tech-specs-items-description__title\">Boyutlar (G \u00d7 D \u00d7 Y)<\/span><span class=\"tech-specs-items-description__title-details\">200 \u00d7 200 \u00d7 45 mm (7,9 \u00d7 7,9 \u00d7 1,8 in\u00e7)<\/span><\/li>\n<li class=\"tech-specs-items-description-list\"><span class=\"tech-specs-items-description__title\">A\u011f\u0131rl\u0131klar (HDD Olmadan)<\/span><span class=\"tech-specs-items-description__title-details\">\u2264 1 kg (2,2 lb)<\/span><\/li>\n<\/ul>\n","protected":false},"excerpt":{"rendered":"<table class=\"product-detail\" border=\"0\" width=\"100%\" cellspacing=\"0\" cellpadding=\"0\">\n<tbody>\n<tr>\n<td class=\"product-detail-02\" width=\"34%\">\u0130zleme \u00c7\u00f6z\u00fcn\u00fcrl\u00fc\u011f\u00fc:<\/td>\n<td width=\"66%\">\u00a04MP 1520P<\/td>\n<\/tr>\n<tr>\n<td class=\"product-detail-02\" width=\"34%\">Kay\u0131t \u00c7\u00f6z\u00fcn\u00fcrl\u00fc\u011f\u00fc:<\/td>\n<td width=\"66%\">\u00a02MP 1080N<\/td>\n<\/tr>\n<tr>\n<td class=\"product-detail-02\" width=\"34%\">HDD Deste\u011fi:<\/td>\n<td width=\"66%\">\u00a01 ADET<\/td>\n<\/tr>\n<tr>\n<td class=\"product-detail-02\" width=\"34%\">Video Giri\u015f:<\/td>\n<td width=\"66%\">\u00a04 KANAL<\/td>\n<\/tr>\n<\/tbody>\n<\/table>\n","protected":false},"featured_media":1062,"template":"","meta":{"om_disable_all_campaigns":false,"_monsterinsights_skip_tracking":false,"_monsterinsights_sitenote_active":false,"_monsterinsights_sitenote_note":"","_monsterinsights_sitenote_category":0},"product_cat":[56],"product_tag":[],"class_list":{"0":"post-1061","1":"product","2":"type-product","3":"status-publish","4":"has-post-thumbnail","6":"product_cat-xvr-kayit-cihazlari","7":"thunk-woo-product-list","8":"opn-qv-enable","9":"top-store-woo-hover-zoom","10":"top-store-single-product-tab-horizontal","11":"top-store-shadow-","12":"top-store-shadow-hover-","14":"first","15":"instock","16":"taxable","17":"shipping-taxable","18":"product-type-simple"},"aioseo_notices":[],"_links":{"self":[{"href":"https:\/\/bilginteknoloji.com\/woo\/wp-json\/wp\/v2\/product\/1061","targetHints":{"allow":["GET"]}}],"collection":[{"href":"https:\/\/bilginteknoloji.com\/woo\/wp-json\/wp\/v2\/product"}],"about":[{"href":"https:\/\/bilginteknoloji.com\/woo\/wp-json\/wp\/v2\/types\/product"}],"wp:featuredmedia":[{"embeddable":true,"href":"https:\/\/bilginteknoloji.com\/woo\/wp-json\/wp\/v2\/media\/1062"}],"wp:attachment":[{"href":"https:\/\/bilginteknoloji.com\/woo\/wp-json\/wp\/v2\/media?parent=1061"}],"wp:term":[{"taxonomy":"product_cat","embeddable":true,"href":"https:\/\/bilginteknoloji.com\/woo\/wp-json\/wp\/v2\/product_cat?post=1061"},{"taxonomy":"product_tag","embeddable":true,"href":"https:\/\/bilginteknoloji.com\/woo\/wp-json\/wp\/v2\/product_tag?post=1061"}],"curies":[{"name":"wp","href":"https:\/\/api.w.org\/{rel}","templated":true}]}}