{"id":1045,"date":"2024-08-26T13:13:40","date_gmt":"2024-08-26T10:13:40","guid":{"rendered":"https:\/\/bilginteknoloji.com\/woo\/?post_type=product&#038;p=1045"},"modified":"2024-08-26T13:13:40","modified_gmt":"2024-08-26T10:13:40","slug":"boost-bst-atx400r-reel-400w-sata-12cm-fan-box-psu","status":"publish","type":"product","link":"https:\/\/bilginteknoloji.com\/woo\/urun\/boost-bst-atx400r-reel-400w-sata-12cm-fan-box-psu\/","title":{"rendered":"BOOST BST-ATX400R Reel 400W, Sata, 12cm Fan, BOX PSU"},"content":{"rendered":"<h2>PowerBoost 400W inceleme<\/h2>\n<div class=\"table-responsive\">\n<table class=\"table table-striped\">\n<tbody>\n<tr>\n<td>Marka<\/td>\n<td>Power Boost 400w Siyah 12cm KIRMIZI fanl\u0131 ATX POWER SUPPLY (Retail Box)<\/td>\n<\/tr>\n<tr>\n<td>Model<\/td>\n<td>400 watt PSU, Siyah kasa, 12cm Siyah Fan, 20 + 4 pin, 1xCPU 4 pin, 1xPCI-E 6 pin, 3 x SATA, 3 x HDD, CE (EMC&amp;LVD), On\/Off switch, 50cm Length kablo<\/td>\n<\/tr>\n<tr>\n<td>\u00dcr\u00fcn Kodu<\/td>\n<td>BST-ATX400R<\/td>\n<\/tr>\n<tr>\n<td>G\u00fc\u00e7 de\u011feri<\/td>\n<td>400W<\/td>\n<\/tr>\n<tr>\n<td>Kablo yap\u0131s\u0131<\/td>\n<td>Sabit Kablo<\/td>\n<\/tr>\n<tr>\n<td>Sertifikalar<\/td>\n<td>Standart<\/td>\n<\/tr>\n<tr>\n<td>Ba\u011flant\u0131lar<\/td>\n<td>20 + 4 pin, 1xCPU 4 pin, 1xPCI-E 6 pin, 3 x SATA, 3 x HDD (50 cm kablo uzunlu\u011fu)<\/td>\n<\/tr>\n<tr>\n<td>On\/Off d\u00fc\u011fmesi<\/td>\n<td>ATX Lojik on-off g\u00fc\u00e7 anahtar\u0131<\/td>\n<\/tr>\n<tr>\n<td>Renk<\/td>\n<td>Siyah<\/td>\n<\/tr>\n<tr>\n<td>So\u011futma<\/td>\n<td>12 cm sessiz k\u0131rm\u0131z\u0131 grill Fan<br \/>\n+12V @ 18 A<br \/>\n+3.3V @ 13 A<\/td>\n<\/tr>\n<tr>\n<td>Amper De\u011feri<\/td>\n<td>+5V @ 15 A<br \/>\n+5VSB @ 2 A<br \/>\n-12V @ 0.5 A<\/td>\n<\/tr>\n<tr>\n<td>Giri\u015f De\u011ferleri<\/td>\n<td>220V AC,5A, 50Hz<\/td>\n<\/tr>\n<tr>\n<td>Boyutlar<\/td>\n<td>140x150x86 mm<\/td>\n<\/tr>\n<\/tbody>\n<\/table>\n<\/div>\n","protected":false},"excerpt":{"rendered":"<table class=\"product-detail\" border=\"0\" width=\"100%\" cellspacing=\"0\" cellpadding=\"0\">\n<tbody>\n<tr>\n<td class=\"product-detail-02\" width=\"34%\">G\u00fc\u00e7:<\/td>\n<td width=\"66%\">\u00a0400 W<\/td>\n<\/tr>\n<tr>\n<td class=\"product-detail-02\" width=\"34%\">Fan Ebat\u0131:<\/td>\n<td width=\"66%\">\u00a012 CM<\/td>\n<\/tr>\n<tr>\n<td class=\"product-detail-02\" width=\"34%\">Power Form:<\/td>\n<td width=\"66%\">\u00a0ATX<\/td>\n<\/tr>\n<tr>\n<td class=\"product-detail-02\" width=\"34%\">PFC:<\/td>\n<td width=\"66%\">\u00a0YOK<\/td>\n<\/tr>\n<tr>\n<td class=\"product-detail-02\" width=\"34%\">Verimlilik:<\/td>\n<td width=\"66%\">\u00a0Y\u00dcKSEK<\/td>\n<\/tr>\n<\/tbody>\n<\/table>\n","protected":false},"featured_media":1046,"template":"","meta":{"om_disable_all_campaigns":false,"_monsterinsights_skip_tracking":false,"_monsterinsights_sitenote_active":false,"_monsterinsights_sitenote_note":"","_monsterinsights_sitenote_category":0},"product_cat":[103],"product_tag":[],"class_list":{"0":"post-1045","1":"product","2":"type-product","3":"status-publish","4":"has-post-thumbnail","6":"product_cat-power-supply","7":"thunk-woo-product-list","8":"opn-qv-enable","9":"top-store-woo-hover-zoom","10":"top-store-single-product-tab-horizontal","11":"top-store-shadow-","12":"top-store-shadow-hover-","14":"first","15":"instock","16":"taxable","17":"shipping-taxable","18":"product-type-simple"},"aioseo_notices":[],"_links":{"self":[{"href":"https:\/\/bilginteknoloji.com\/woo\/wp-json\/wp\/v2\/product\/1045","targetHints":{"allow":["GET"]}}],"collection":[{"href":"https:\/\/bilginteknoloji.com\/woo\/wp-json\/wp\/v2\/product"}],"about":[{"href":"https:\/\/bilginteknoloji.com\/woo\/wp-json\/wp\/v2\/types\/product"}],"wp:featuredmedia":[{"embeddable":true,"href":"https:\/\/bilginteknoloji.com\/woo\/wp-json\/wp\/v2\/media\/1046"}],"wp:attachment":[{"href":"https:\/\/bilginteknoloji.com\/woo\/wp-json\/wp\/v2\/media?parent=1045"}],"wp:term":[{"taxonomy":"product_cat","embeddable":true,"href":"https:\/\/bilginteknoloji.com\/woo\/wp-json\/wp\/v2\/product_cat?post=1045"},{"taxonomy":"product_tag","embeddable":true,"href":"https:\/\/bilginteknoloji.com\/woo\/wp-json\/wp\/v2\/product_tag?post=1045"}],"curies":[{"name":"wp","href":"https:\/\/api.w.org\/{rel}","templated":true}]}}