{"id":1036,"date":"2024-09-04T11:24:02","date_gmt":"2024-09-04T08:24:02","guid":{"rendered":"https:\/\/bilginteknoloji.com\/woo\/?post_type=product&#038;p=1036"},"modified":"2024-09-04T11:24:03","modified_gmt":"2024-09-04T08:24:03","slug":"arktek-cyclops-akn730d3s2gl1-gt730-2gb-gddr3-128bit-1xd-sub-1xdvi-1xhdmi-ekran-karti","status":"publish","type":"product","link":"https:\/\/bilginteknoloji.com\/woo\/urun\/arktek-cyclops-akn730d3s2gl1-gt730-2gb-gddr3-128bit-1xd-sub-1xdvi-1xhdmi-ekran-karti\/","title":{"rendered":"ARKTEK CYCLOPS, AKN730D3S2GL1, GT730, 2Gb, GDDR3, 128Bit, 1xD-Sub, 1xDVI, 1xHDMI Ekran Kart\u0131"},"content":{"rendered":"<table id=\"footable_4449\" class=\"foo-table ninja_footable foo_table_4449 ninja_table_unique_id_540325168_4449 table nt_type_legacy_table ninja_custom_color inverted footable-paging-center ninja_table_search_disabled ninja_table_pro footable footable-1 footable-paging breakpoint-lg\">\n<thead>\n<tr class=\"footable-header\">\n<th class=\"ninja_column_2 ninja_clmn_nm_nvidiageforcertx27 footable-last-visible\" scope=\"col\">GT730 2GB 128B\u0130T<\/th>\n<\/tr>\n<\/thead>\n<tbody>\n<tr class=\"ninja_table_row_0 nt_row_id_888\">\n<td class=\"ninja_column_0 ninja_clmn_nm_ninja_column_1 footable-first-visible\">GPU Motor \u00d6zellikleri:<\/td>\n<td class=\"ninja_column_1 ninja_clmn_nm_ninja_column_2\">GPU<\/td>\n<td class=\"ninja_column_2 ninja_clmn_nm_nvidiageforcertx27 footable-last-visible\">NVIDIA Geforce GT730<\/td>\n<\/tr>\n<tr class=\"ninja_table_row_1 nt_row_id_889\">\n<td class=\"ninja_column_0 ninja_clmn_nm_ninja_column_1 footable-first-visible\"><\/td>\n<td class=\"ninja_column_1 ninja_clmn_nm_ninja_column_2\">GPU KODU<\/td>\n<td class=\"ninja_column_2 ninja_clmn_nm_nvidiageforcertx27 footable-last-visible\">GF108-400-A1<\/td>\n<\/tr>\n<tr class=\"ninja_table_row_2 nt_row_id_890\">\n<td class=\"ninja_column_0 ninja_clmn_nm_ninja_column_1 footable-first-visible\"><\/td>\n<td class=\"ninja_column_1 ninja_clmn_nm_ninja_column_2\">Ak\u0131\u015f \u0130\u015flemcileri<\/td>\n<td class=\"ninja_column_2 ninja_clmn_nm_nvidiageforcertx27 footable-last-visible\">96SP<\/td>\n<\/tr>\n<tr class=\"ninja_table_row_3 nt_row_id_891\">\n<td class=\"ninja_column_0 ninja_clmn_nm_ninja_column_1 footable-first-visible\"><\/td>\n<td class=\"ninja_column_1 ninja_clmn_nm_ninja_column_2\">Motor Saati<\/td>\n<td class=\"ninja_column_2 ninja_clmn_nm_nvidiageforcertx27 footable-last-visible\">700MHz<\/td>\n<\/tr>\n<tr class=\"ninja_table_row_4 nt_row_id_907\">\n<td class=\"ninja_column_0 ninja_clmn_nm_ninja_column_1 footable-first-visible\"><span class=\"mysep\">\u00a0<\/span><\/td>\n<td class=\"ninja_column_1 ninja_clmn_nm_ninja_column_2\"><\/td>\n<td class=\"ninja_column_2 ninja_clmn_nm_nvidiageforcertx27 footable-last-visible\"><\/td>\n<\/tr>\n<tr class=\"ninja_table_row_5 nt_row_id_892\">\n<td class=\"ninja_column_0 ninja_clmn_nm_ninja_column_1 footable-first-visible\">Bellek \u00d6zellikleri:<\/td>\n<td class=\"ninja_column_1 ninja_clmn_nm_ninja_column_2\">Video belle\u011fi<\/td>\n<td class=\"ninja_column_2 ninja_clmn_nm_nvidiageforcertx27 footable-last-visible\">2 GB DDR3<\/td>\n<\/tr>\n<tr class=\"ninja_table_row_6 nt_row_id_893\">\n<td class=\"ninja_column_0 ninja_clmn_nm_ninja_column_1 footable-first-visible\"><\/td>\n<td class=\"ninja_column_1 ninja_clmn_nm_ninja_column_2\">Bellek Veriyolu<\/td>\n<td class=\"ninja_column_2 ninja_clmn_nm_nvidiageforcertx27 footable-last-visible\">128-Bit<\/td>\n<\/tr>\n<tr class=\"ninja_table_row_7 nt_row_id_894\">\n<td class=\"ninja_column_0 ninja_clmn_nm_ninja_column_1 footable-first-visible\"><\/td>\n<td class=\"ninja_column_1 ninja_clmn_nm_ninja_column_2\">Haf\u0131za saati<\/td>\n<td class=\"ninja_column_2 ninja_clmn_nm_nvidiageforcertx27 footable-last-visible\">1333MHz<\/td>\n<\/tr>\n<tr class=\"ninja_table_row_8 nt_row_id_908\">\n<td class=\"ninja_column_0 ninja_clmn_nm_ninja_column_1 footable-first-visible\"><span class=\"mysep\">\u00a0<\/span><\/td>\n<td class=\"ninja_column_1 ninja_clmn_nm_ninja_column_2\"><\/td>\n<td class=\"ninja_column_2 ninja_clmn_nm_nvidiageforcertx27 footable-last-visible\"><\/td>\n<\/tr>\n<tr class=\"ninja_table_row_9 nt_row_id_895\">\n<td class=\"ninja_column_0 ninja_clmn_nm_ninja_column_1 footable-first-visible\">Teknoloji Deste\u011fi:<\/td>\n<td class=\"ninja_column_1 ninja_clmn_nm_ninja_column_2\">PCI Ekspres<\/td>\n<td class=\"ninja_column_2 ninja_clmn_nm_nvidiageforcertx27 footable-last-visible\">2<\/td>\n<\/tr>\n<tr class=\"ninja_table_row_10 nt_row_id_896\">\n<td class=\"ninja_column_0 ninja_clmn_nm_ninja_column_1 footable-first-visible\"><\/td>\n<td class=\"ninja_column_1 ninja_clmn_nm_ninja_column_2\">DirectX Deste\u011fi<\/td>\n<td class=\"ninja_column_2 ninja_clmn_nm_nvidiageforcertx27 footable-last-visible\">DirectX 11.2<\/td>\n<\/tr>\n<tr class=\"ninja_table_row_11 nt_row_id_897\">\n<td class=\"ninja_column_0 ninja_clmn_nm_ninja_column_1 footable-first-visible\"><\/td>\n<td class=\"ninja_column_1 ninja_clmn_nm_ninja_column_2\">OpenGL<\/td>\n<td class=\"ninja_column_2 ninja_clmn_nm_nvidiageforcertx27 footable-last-visible\">4.3<\/td>\n<\/tr>\n<tr class=\"ninja_table_row_12 nt_row_id_898\">\n<td class=\"ninja_column_0 ninja_clmn_nm_ninja_column_1 footable-first-visible\"><\/td>\n<td class=\"ninja_column_1 ninja_clmn_nm_ninja_column_2\">Ekran \u00c7\u0131k\u0131\u015flar\u0131<\/td>\n<td class=\"ninja_column_2 ninja_clmn_nm_nvidiageforcertx27 footable-last-visible\">1 x HDMI 1 x DVI 1 x VGA<\/td>\n<\/tr>\n<tr class=\"ninja_table_row_13 nt_row_id_899\">\n<td class=\"ninja_column_0 ninja_clmn_nm_ninja_column_1 footable-first-visible\"><\/td>\n<td class=\"ninja_column_1 ninja_clmn_nm_ninja_column_2\">HDCP Deste\u011fi<\/td>\n<td class=\"ninja_column_2 ninja_clmn_nm_nvidiageforcertx27 footable-last-visible\">Evet<\/td>\n<\/tr>\n<tr class=\"ninja_table_row_14 nt_row_id_900\">\n<td class=\"ninja_column_0 ninja_clmn_nm_ninja_column_1 footable-first-visible\"><\/td>\n<td class=\"ninja_column_1 ninja_clmn_nm_ninja_column_2\">Maksimum Dijital \u00c7\u00f6z\u00fcn\u00fcrl\u00fck<\/td>\n<td class=\"ninja_column_2 ninja_clmn_nm_nvidiageforcertx27 footable-last-visible\">2048 x 1536 D-sub \u00c7\u00f6z\u00fcn\u00fcrl\u00fck 3840 x 2160 Dijital \u00c7\u00f6z\u00fcn\u00fcrl\u00fck<\/td>\n<\/tr>\n<tr class=\"ninja_table_row_15 nt_row_id_901\">\n<td class=\"ninja_column_0 ninja_clmn_nm_ninja_column_1 footable-first-visible\"><\/td>\n<td class=\"ninja_column_1 ninja_clmn_nm_ninja_column_2\">G\u00fc\u00e7 Kayna\u011f\u0131n\u0131 \u00d6nerin<\/td>\n<td class=\"ninja_column_2 ninja_clmn_nm_nvidiageforcertx27 footable-last-visible\">300W<\/td>\n<\/tr>\n<tr class=\"ninja_table_row_16 nt_row_id_902\">\n<td class=\"ninja_column_0 ninja_clmn_nm_ninja_column_1 footable-first-visible\"><\/td>\n<td class=\"ninja_column_1 ninja_clmn_nm_ninja_column_2\">G\u00fc\u00e7 t\u00fcketimi<\/td>\n<td class=\"ninja_column_2 ninja_clmn_nm_nvidiageforcertx27 footable-last-visible\">49W<\/td>\n<\/tr>\n<tr class=\"ninja_table_row_17 nt_row_id_903\">\n<td class=\"ninja_column_0 ninja_clmn_nm_ninja_column_1 footable-first-visible\"><\/td>\n<td class=\"ninja_column_1 ninja_clmn_nm_ninja_column_2\">G\u00fc\u00e7 giri\u015fi<\/td>\n<td class=\"ninja_column_2 ninja_clmn_nm_nvidiageforcertx27 footable-last-visible\">Hi\u00e7biri<\/td>\n<\/tr>\n<tr class=\"ninja_table_row_18 nt_row_id_904\">\n<td class=\"ninja_column_0 ninja_clmn_nm_ninja_column_1 footable-first-visible\"><\/td>\n<td class=\"ninja_column_1 ninja_clmn_nm_ninja_column_2\">Maksimum s\u0131cakl\u0131k<\/td>\n<td class=\"ninja_column_2 ninja_clmn_nm_nvidiageforcertx27 footable-last-visible\">98C<\/td>\n<\/tr>\n<tr class=\"ninja_table_row_19 nt_row_id_905\">\n<td class=\"ninja_column_0 ninja_clmn_nm_ninja_column_1 footable-first-visible\"><\/td>\n<td class=\"ninja_column_1 ninja_clmn_nm_ninja_column_2\">\u0130\u015fletim Sistemini Destekleyin<\/td>\n<td class=\"ninja_column_2 ninja_clmn_nm_nvidiageforcertx27 footable-last-visible\">10\/8\/7 kazan<\/td>\n<\/tr>\n<tr class=\"ninja_table_row_20 nt_row_id_906\">\n<td class=\"ninja_column_0 ninja_clmn_nm_ninja_column_1 footable-first-visible\"><\/td>\n<td class=\"ninja_column_1 ninja_clmn_nm_ninja_column_2\">Aksesuarlar<\/td>\n<td class=\"ninja_column_2 ninja_clmn_nm_nvidiageforcertx27 footable-last-visible\">1 x S\u00fcr\u00fcc\u00fc CDsi 1 x Kullan\u0131m K\u0131lavuzu<\/td>\n<\/tr>\n<\/tbody>\n<\/table>\n","protected":false},"excerpt":{"rendered":"<table class=\"product-detail\" border=\"0\" width=\"100%\" cellspacing=\"0\" cellpadding=\"0\">\n<tbody>\n<tr>\n<td class=\"product-detail-02\" width=\"34%\">GPU:<\/td>\n<td width=\"66%\">\u00a0NVIDIA<\/td>\n<\/tr>\n<tr>\n<td class=\"product-detail-02\" width=\"34%\">Grafik \u0130\u015flemci:<\/td>\n<td width=\"66%\">\u00a0NVIDIA GT730<\/td>\n<\/tr>\n<tr>\n<td class=\"product-detail-02\" width=\"34%\">Ram Tipi:<\/td>\n<td width=\"66%\">\u00a0DDR3<\/td>\n<\/tr>\n<tr>\n<td class=\"product-detail-02\" width=\"34%\">Grafik Ram:<\/td>\n<td width=\"66%\">\u00a02 GB<\/td>\n<\/tr>\n<tr>\n<td class=\"product-detail-02\" width=\"34%\">Bit H\u0131z\u0131:<\/td>\n<td width=\"66%\">\u00a0128 BIT<\/td>\n<\/tr>\n<tr>\n<td class=\"product-detail-02\" width=\"34%\">HDMI:<\/td>\n<td width=\"66%\">\u00a01 ADET<\/td>\n<\/tr>\n<tr>\n<td class=\"product-detail-02\" width=\"34%\">Display Port (DP):<\/td>\n<td width=\"66%\">\u00a0YOK<\/td>\n<\/tr>\n<tr>\n<td class=\"product-detail-02\" width=\"34%\">DVI:<\/td>\n<td width=\"66%\">\u00a01 ADET<\/td>\n<\/tr>\n<tr>\n<td class=\"product-detail-02\" width=\"34%\">Analog (D-Sub):<\/td>\n<td width=\"66%\">\u00a0VAR<\/td>\n<\/tr>\n<\/tbody>\n<\/table>\n","protected":false},"featured_media":1216,"template":"","meta":{"om_disable_all_campaigns":false,"_monsterinsights_skip_tracking":false,"_monsterinsights_sitenote_active":false,"_monsterinsights_sitenote_note":"","_monsterinsights_sitenote_category":0},"product_cat":[92],"product_tag":[],"class_list":{"0":"post-1036","1":"product","2":"type-product","3":"status-publish","4":"has-post-thumbnail","6":"product_cat-nvidia-ekran-kartlari","7":"thunk-woo-product-list","8":"opn-qv-enable","9":"top-store-woo-hover-zoom","10":"top-store-single-product-tab-horizontal","11":"top-store-shadow-","12":"top-store-shadow-hover-","14":"first","15":"instock","16":"taxable","17":"shipping-taxable","18":"product-type-simple"},"aioseo_notices":[],"_links":{"self":[{"href":"https:\/\/bilginteknoloji.com\/woo\/wp-json\/wp\/v2\/product\/1036","targetHints":{"allow":["GET"]}}],"collection":[{"href":"https:\/\/bilginteknoloji.com\/woo\/wp-json\/wp\/v2\/product"}],"about":[{"href":"https:\/\/bilginteknoloji.com\/woo\/wp-json\/wp\/v2\/types\/product"}],"wp:featuredmedia":[{"embeddable":true,"href":"https:\/\/bilginteknoloji.com\/woo\/wp-json\/wp\/v2\/media\/1216"}],"wp:attachment":[{"href":"https:\/\/bilginteknoloji.com\/woo\/wp-json\/wp\/v2\/media?parent=1036"}],"wp:term":[{"taxonomy":"product_cat","embeddable":true,"href":"https:\/\/bilginteknoloji.com\/woo\/wp-json\/wp\/v2\/product_cat?post=1036"},{"taxonomy":"product_tag","embeddable":true,"href":"https:\/\/bilginteknoloji.com\/woo\/wp-json\/wp\/v2\/product_tag?post=1036"}],"curies":[{"name":"wp","href":"https:\/\/api.w.org\/{rel}","templated":true}]}}