{"id":1034,"date":"2024-08-17T14:14:35","date_gmt":"2024-08-17T11:14:35","guid":{"rendered":"https:\/\/bilginteknoloji.com\/woo\/?post_type=product&#038;p=1034"},"modified":"2024-08-26T11:26:22","modified_gmt":"2024-08-26T08:26:22","slug":"arktek-cyclops-akn740d3s4gl1-gt740-4gb-gddr3-128bit-1xd-sub-1xdvi-1xhdmi-ekran-karti","status":"publish","type":"product","link":"https:\/\/bilginteknoloji.com\/woo\/urun\/arktek-cyclops-akn740d3s4gl1-gt740-4gb-gddr3-128bit-1xd-sub-1xdvi-1xhdmi-ekran-karti\/","title":{"rendered":"ARKTEK CYCLOPS, AKN740D3S4GL1, GT740, 4Gb, GDDR3, 128Bit, 1xD-Sub, 1xDVI, 1xHDMI Ekran Kart\u0131"},"content":{"rendered":"<div class=\"avia_textblock av_inherit_color \">\n<p><span style=\"vertical-align: inherit;\"><span style=\"vertical-align: inherit;\">GT740 4 GB GDDR3 128 bit HDMI\/DVI\/VGA<\/span><\/span><\/p>\n<p>GT 740, entegre grafiklere g\u00f6re 4 kat daha h\u0131zl\u0131 oyun performans\u0131 sunarken ayn\u0131 zamanda son derece sa\u011flam g\u00fcvenilirlik ve kararl\u0131l\u0131k sunar.<\/p>\n<\/div>\n<div class=\"avia_textblock av_inherit_color \">\n<p>Genel Bak\u0131\u015f<\/p>\n<p>\u2013 NVIDIA GeForce GT740 GPU<br \/>\n\u2013 1080p \u00e7\u0131k\u0131\u015f destekli HDMI<br \/>\n\u2013 NVIDIA PureVideo HD Teknolojisini Destekleyin<br \/>\n\u2013 NVIDIA PhyX ve CUDA Teknolojisini Destekleyin<br \/>\n\u2013 NVIDIA \u00c7evresel Teknolojiyi Destekleyin<br \/>\n\u2013 NVIDIA FXAA Teknolojisi<br \/>\n\u2013 NVIDIA\u00ae TXAA Teknolojisi<br \/>\n\u2013 NVIDIA 3D Vision haz\u0131r<br \/>\n\u2013 Windows 11,10,7 i\u00e7in \u0130\u015fletim Sistemi Sertifikal\u0131, Windows 8,<br \/>\nWindows Vista, XP<br \/>\n\u2013 PCI-E 3.0 deste\u011fi<\/p>\n<table id=\"footable_4449\" class=\"foo-table ninja_footable foo_table_4449 ninja_table_unique_id_540325168_4449 table nt_type_legacy_table ninja_custom_color inverted footable-paging-center ninja_table_search_disabled ninja_table_pro footable footable-1 footable-paging breakpoint-lg\">\n<thead>\n<tr class=\"footable-header\">\n<th class=\"ninja_column_2 ninja_clmn_nm_nvidiageforcertx27 footable-last-visible\" scope=\"col\"><span style=\"vertical-align: inherit;\"><span style=\"vertical-align: inherit;\">GT740 4GB 128B\u0130T<\/span><\/span><\/th>\n<\/tr>\n<\/thead>\n<tbody>\n<tr class=\"ninja_table_row_0 nt_row_id_888\">\n<td class=\"ninja_column_0 ninja_clmn_nm_ninja_column_1 footable-first-visible\">GPU Motor \u00d6zellikleri:<\/td>\n<td class=\"ninja_column_1 ninja_clmn_nm_ninja_column_2\"><span style=\"vertical-align: inherit;\"><span style=\"vertical-align: inherit;\">Grafik i\u015flemcisi<\/span><\/span><\/td>\n<td class=\"ninja_column_2 ninja_clmn_nm_nvidiageforcertx27 footable-last-visible\"><span style=\"vertical-align: inherit;\"><span style=\"vertical-align: inherit;\">NVIDIA Geforce GT740<\/span><\/span><\/td>\n<\/tr>\n<tr class=\"ninja_table_row_1 nt_row_id_889\">\n<td class=\"ninja_column_0 ninja_clmn_nm_ninja_column_1 footable-first-visible\"><\/td>\n<td class=\"ninja_column_1 ninja_clmn_nm_ninja_column_2\"><span style=\"vertical-align: inherit;\"><span style=\"vertical-align: inherit;\">GPU ANA SAYFA<\/span><\/span><\/td>\n<td class=\"ninja_column_2 ninja_clmn_nm_nvidiageforcertx27 footable-last-visible\"><span style=\"vertical-align: inherit;\"><span style=\"vertical-align: inherit;\">GF107-450-A2<\/span><\/span><\/td>\n<\/tr>\n<tr class=\"ninja_table_row_2 nt_row_id_890\">\n<td class=\"ninja_column_0 ninja_clmn_nm_ninja_column_1 footable-first-visible\"><\/td>\n<td class=\"ninja_column_1 ninja_clmn_nm_ninja_column_2\">Ak\u0131\u015f \u0130\u015flemcileri<\/td>\n<td class=\"ninja_column_2 ninja_clmn_nm_nvidiageforcertx27 footable-last-visible\"><span style=\"vertical-align: inherit;\"><span style=\"vertical-align: inherit;\">384SP<\/span><\/span><\/td>\n<\/tr>\n<tr class=\"ninja_table_row_3 nt_row_id_891\">\n<td class=\"ninja_column_0 ninja_clmn_nm_ninja_column_1 footable-first-visible\"><\/td>\n<td class=\"ninja_column_1 ninja_clmn_nm_ninja_column_2\">Motor Saati<\/td>\n<td class=\"ninja_column_2 ninja_clmn_nm_nvidiageforcertx27 footable-last-visible\"><span style=\"vertical-align: inherit;\"><span style=\"vertical-align: inherit;\">993MHz<\/span><\/span><\/td>\n<\/tr>\n<tr class=\"ninja_table_row_4 nt_row_id_907\">\n<td class=\"ninja_column_0 ninja_clmn_nm_ninja_column_1 footable-first-visible\"><span class=\"mysep\">\u00a0<\/span><\/td>\n<td class=\"ninja_column_1 ninja_clmn_nm_ninja_column_2\"><\/td>\n<td class=\"ninja_column_2 ninja_clmn_nm_nvidiageforcertx27 footable-last-visible\"><\/td>\n<\/tr>\n<tr class=\"ninja_table_row_5 nt_row_id_892\">\n<td class=\"ninja_column_0 ninja_clmn_nm_ninja_column_1 footable-first-visible\">Bellek \u00d6zellikleri:<\/td>\n<td class=\"ninja_column_1 ninja_clmn_nm_ninja_column_2\">Video belle\u011fi<\/td>\n<td class=\"ninja_column_2 ninja_clmn_nm_nvidiageforcertx27 footable-last-visible\"><span style=\"vertical-align: inherit;\"><span style=\"vertical-align: inherit;\">4 GB DDR3<\/span><\/span><\/td>\n<\/tr>\n<tr class=\"ninja_table_row_6 nt_row_id_893\">\n<td class=\"ninja_column_0 ninja_clmn_nm_ninja_column_1 footable-first-visible\"><\/td>\n<td class=\"ninja_column_1 ninja_clmn_nm_ninja_column_2\">Bellek Veriyolu<\/td>\n<td class=\"ninja_column_2 ninja_clmn_nm_nvidiageforcertx27 footable-last-visible\"><span style=\"vertical-align: inherit;\"><span style=\"vertical-align: inherit;\">128-Bit<\/span><\/span><\/td>\n<\/tr>\n<tr class=\"ninja_table_row_7 nt_row_id_894\">\n<td class=\"ninja_column_0 ninja_clmn_nm_ninja_column_1 footable-first-visible\"><\/td>\n<td class=\"ninja_column_1 ninja_clmn_nm_ninja_column_2\">Haf\u0131za saati<\/td>\n<td class=\"ninja_column_2 ninja_clmn_nm_nvidiageforcertx27 footable-last-visible\"><span style=\"vertical-align: inherit;\"><span style=\"vertical-align: inherit;\">1333MHz<\/span><\/span><\/td>\n<\/tr>\n<tr class=\"ninja_table_row_8 nt_row_id_908\">\n<td class=\"ninja_column_0 ninja_clmn_nm_ninja_column_1 footable-first-visible\"><span class=\"mysep\">\u00a0<\/span><\/td>\n<td class=\"ninja_column_1 ninja_clmn_nm_ninja_column_2\"><\/td>\n<td class=\"ninja_column_2 ninja_clmn_nm_nvidiageforcertx27 footable-last-visible\"><\/td>\n<\/tr>\n<tr class=\"ninja_table_row_9 nt_row_id_895\">\n<td class=\"ninja_column_0 ninja_clmn_nm_ninja_column_1 footable-first-visible\">Teknoloji Deste\u011fi:<\/td>\n<td class=\"ninja_column_1 ninja_clmn_nm_ninja_column_2\"><span style=\"vertical-align: inherit;\"><span style=\"vertical-align: inherit;\">PCI Ekspres<\/span><\/span><\/td>\n<td class=\"ninja_column_2 ninja_clmn_nm_nvidiageforcertx27 footable-last-visible\"><span style=\"vertical-align: inherit;\"><span style=\"vertical-align: inherit;\">Gen3<\/span><\/span><\/td>\n<\/tr>\n<tr class=\"ninja_table_row_10 nt_row_id_896\">\n<td class=\"ninja_column_0 ninja_clmn_nm_ninja_column_1 footable-first-visible\"><\/td>\n<td class=\"ninja_column_1 ninja_clmn_nm_ninja_column_2\">DirectX Deste\u011fi<\/td>\n<td class=\"ninja_column_2 ninja_clmn_nm_nvidiageforcertx27 footable-last-visible\"><span style=\"vertical-align: inherit;\"><span style=\"vertical-align: inherit;\">DirectX 12<\/span><\/span><\/td>\n<\/tr>\n<tr class=\"ninja_table_row_11 nt_row_id_897\">\n<td class=\"ninja_column_0 ninja_clmn_nm_ninja_column_1 footable-first-visible\"><\/td>\n<td class=\"ninja_column_1 ninja_clmn_nm_ninja_column_2\"><span style=\"vertical-align: inherit;\"><span style=\"vertical-align: inherit;\">OpenGL<\/span><\/span><\/td>\n<td class=\"ninja_column_2 ninja_clmn_nm_nvidiageforcertx27 footable-last-visible\"><span style=\"vertical-align: inherit;\"><span style=\"vertical-align: inherit;\">4.4<\/span><\/span><\/td>\n<\/tr>\n<tr class=\"ninja_table_row_12 nt_row_id_898\">\n<td class=\"ninja_column_0 ninja_clmn_nm_ninja_column_1 footable-first-visible\"><\/td>\n<td class=\"ninja_column_1 ninja_clmn_nm_ninja_column_2\">Ekran \u00c7\u0131k\u0131\u015flar\u0131<\/td>\n<td class=\"ninja_column_2 ninja_clmn_nm_nvidiageforcertx27 footable-last-visible\"><span style=\"vertical-align: inherit;\"><span style=\"vertical-align: inherit;\">1 x HDMI 1 x DVI 1 x VGA<\/span><\/span><\/td>\n<\/tr>\n<tr class=\"ninja_table_row_13 nt_row_id_899\">\n<td class=\"ninja_column_0 ninja_clmn_nm_ninja_column_1 footable-first-visible\"><\/td>\n<td class=\"ninja_column_1 ninja_clmn_nm_ninja_column_2\">HDCP Deste\u011fi<\/td>\n<td class=\"ninja_column_2 ninja_clmn_nm_nvidiageforcertx27 footable-last-visible\">Evet<\/td>\n<\/tr>\n<tr class=\"ninja_table_row_14 nt_row_id_900\">\n<td class=\"ninja_column_0 ninja_clmn_nm_ninja_column_1 footable-first-visible\"><\/td>\n<td class=\"ninja_column_1 ninja_clmn_nm_ninja_column_2\">Maksimum Dijital \u00c7\u00f6z\u00fcn\u00fcrl\u00fck<\/td>\n<td class=\"ninja_column_2 ninja_clmn_nm_nvidiageforcertx27 footable-last-visible\">2048 x 1536 D-sub \u00c7\u00f6z\u00fcn\u00fcrl\u00fck 4096 x 2160 Dijital \u00c7\u00f6z\u00fcn\u00fcrl\u00fck<\/td>\n<\/tr>\n<tr class=\"ninja_table_row_15 nt_row_id_901\">\n<td class=\"ninja_column_0 ninja_clmn_nm_ninja_column_1 footable-first-visible\"><\/td>\n<td class=\"ninja_column_1 ninja_clmn_nm_ninja_column_2\">G\u00fc\u00e7 Kayna\u011f\u0131n\u0131 \u00d6nerin<\/td>\n<td class=\"ninja_column_2 ninja_clmn_nm_nvidiageforcertx27 footable-last-visible\"><span style=\"vertical-align: inherit;\"><span style=\"vertical-align: inherit;\">400W<\/span><\/span><\/td>\n<\/tr>\n<tr class=\"ninja_table_row_16 nt_row_id_902\">\n<td class=\"ninja_column_0 ninja_clmn_nm_ninja_column_1 footable-first-visible\"><\/td>\n<td class=\"ninja_column_1 ninja_clmn_nm_ninja_column_2\">G\u00fc\u00e7 t\u00fcketimi<\/td>\n<td class=\"ninja_column_2 ninja_clmn_nm_nvidiageforcertx27 footable-last-visible\"><span style=\"vertical-align: inherit;\"><span style=\"vertical-align: inherit;\">64W<\/span><\/span><\/td>\n<\/tr>\n<tr class=\"ninja_table_row_17 nt_row_id_903\">\n<td class=\"ninja_column_0 ninja_clmn_nm_ninja_column_1 footable-first-visible\"><\/td>\n<td class=\"ninja_column_1 ninja_clmn_nm_ninja_column_2\">G\u00fc\u00e7 giri\u015fi<\/td>\n<td class=\"ninja_column_2 ninja_clmn_nm_nvidiageforcertx27 footable-last-visible\">Hi\u00e7biri<\/td>\n<\/tr>\n<tr class=\"ninja_table_row_18 nt_row_id_904\">\n<td class=\"ninja_column_0 ninja_clmn_nm_ninja_column_1 footable-first-visible\"><\/td>\n<td class=\"ninja_column_1 ninja_clmn_nm_ninja_column_2\">Maksimum s\u0131cakl\u0131k<\/td>\n<td class=\"ninja_column_2 ninja_clmn_nm_nvidiageforcertx27 footable-last-visible\"><span style=\"vertical-align: inherit;\"><span style=\"vertical-align: inherit;\">95C<\/span><\/span><\/td>\n<\/tr>\n<tr class=\"ninja_table_row_19 nt_row_id_905\">\n<td class=\"ninja_column_0 ninja_clmn_nm_ninja_column_1 footable-first-visible\"><\/td>\n<td class=\"ninja_column_1 ninja_clmn_nm_ninja_column_2\">\u0130\u015fletim Sistemini Destekleyin<\/td>\n<td class=\"ninja_column_2 ninja_clmn_nm_nvidiageforcertx27 footable-last-visible\"><span style=\"vertical-align: inherit;\"><span style=\"vertical-align: inherit;\">Win 11\/10\/8\/7, Linux T\u00dcM\u00dc<\/span><\/span><\/td>\n<\/tr>\n<tr class=\"ninja_table_row_20 nt_row_id_906\">\n<td class=\"ninja_column_0 ninja_clmn_nm_ninja_column_1 footable-first-visible\"><\/td>\n<td class=\"ninja_column_1 ninja_clmn_nm_ninja_column_2\">Aksesuarlar<\/td>\n<td class=\"ninja_column_2 ninja_clmn_nm_nvidiageforcertx27 footable-last-visible\">1 x S\u00fcr\u00fcc\u00fc CDsi 1 x Kullan\u0131m K\u0131lavuzu<\/td>\n<\/tr>\n<\/tbody>\n<\/table>\n<\/div>\n<div class=\"flex_column_table av-equal-height-column-flextable -flextable\">\n<div class=\"flex_column av_one_fifth no_margin flex_column_table_cell av-equal-height-column av-align-middle av-zero-column-padding first avia-builder-el-28 el_after_av_hr el_before_av_four_fifth \">\n<div class=\"avia-image-container av-styling- avia-builder-el-29 avia-builder-el-no-sibling avia-align-center \">\n<div class=\"avia-image-container-inner\">\n<div class=\"avia-image-overlay-wrap\"><img loading=\"lazy\" decoding=\"async\" class=\"wp-image-3833 avia-img-lazy-loading-not-3833 avia_image\" title=\"isimsiz\" src=\"https:\/\/www.arktekco.com\/wp-content\/uploads\/2021\/02\/unnamed.png\" alt=\"isimsiz\" width=\"80\" height=\"46\" \/><br \/>\nNVIDIA\u00ae GPU Boost<br \/>\nGPU Boost, grafik kartlar\u0131ndan bilgi i\u015flem g\u00fcc\u00fcn\u00fcn her zerresinin al\u0131nmas\u0131na yard\u0131mc\u0131 olarak her oyunda kare h\u0131zlar\u0131n\u0131 en \u00fcst d\u00fczeye \u00e7\u0131kar\u0131r.<\/div>\n<\/div>\n<\/div>\n<\/div>\n<\/div>\n<div class=\"flex_column_table av-equal-height-column-flextable -flextable\">\n<div class=\"flex_column av_one_fifth no_margin flex_column_table_cell av-equal-height-column av-align-middle av-zero-column-padding first avia-builder-el-32 el_after_av_four_fifth el_before_av_four_fifth \">\n<div class=\"avia-image-container av-styling- avia-builder-el-33 avia-builder-el-no-sibling avia-align-center \">\n<div class=\"avia-image-container-inner\">\n<div class=\"avia-image-overlay-wrap\"><img loading=\"lazy\" decoding=\"async\" class=\"wp-image-3832 avia-img-lazy-loading-not-3832 avia_image\" title=\"kayd\u0131r\" src=\"https:\/\/www.arktekco.com\/wp-content\/uploads\/2021\/02\/sli.png\" alt=\"kayd\u0131r\" width=\"80\" height=\"77\" \/><\/div>\n<\/div>\n<\/div>\n<\/div>\n<div class=\"flex_column av_four_fifth no_margin flex_column_table_cell av-equal-height-column av-align-middle avia-builder-el-34 el_after_av_one_fifth el_before_av_one_fifth \">\n<div class=\"avia_textblock av_inherit_color \">\n<p>NVIDIA\u00ae SLI\u2122<br \/>\n4 GPUya kadar \u00e7oklu GPU teknolojisini destekler.<\/p>\n<\/div>\n<\/div>\n<\/div>\n<div class=\"flex_column_table av-equal-height-column-flextable -flextable\">\n<div class=\"flex_column av_one_fifth no_margin flex_column_table_cell av-equal-height-column av-align-middle av-zero-column-padding first avia-builder-el-36 el_after_av_four_fifth el_before_av_four_fifth \">\n<div class=\"avia-image-container av-styling- avia-builder-el-37 avia-builder-el-no-sibling avia-align-center \">\n<div class=\"avia-image-container-inner\">\n<div class=\"avia-image-overlay-wrap\"><img loading=\"lazy\" decoding=\"async\" class=\"wp-image-3834 avia-img-lazy-loading-not-3834 avia_image\" title=\"isimsiz3\" src=\"https:\/\/www.arktekco.com\/wp-content\/uploads\/2021\/02\/unnamed3.png\" alt=\"isimsiz3\" width=\"80\" height=\"39\" \/><\/div>\n<\/div>\n<\/div>\n<\/div>\n<div class=\"flex_column av_four_fifth no_margin flex_column_table_cell av-equal-height-column av-align-middle avia-builder-el-38 el_after_av_one_fifth el_before_av_one_fifth \">\n<div class=\"avia_textblock av_inherit_color \">\n<p>NVIDIA\u00ae Adaptive V-Sync<br \/>\nAdaptive VSync, NVIDIA Kontrol Paneli yaz\u0131l\u0131m\u0131n\u0131 kullanarak kareleri i\u015flemenin daha ak\u0131ll\u0131 bir yoludur.<\/p>\n<\/div>\n<\/div>\n<\/div>\n<div class=\"flex_column_table av-equal-height-column-flextable -flextable\">\n<div class=\"flex_column av_one_fifth no_margin flex_column_table_cell av-equal-height-column av-align-middle av-zero-column-padding first avia-builder-el-40 el_after_av_four_fifth el_before_av_four_fifth \">\n<div class=\"avia-image-container av-styling- avia-builder-el-41 avia-builder-el-no-sibling avia-align-center \">\n<div class=\"avia-image-container-inner\">\n<div class=\"avia-image-overlay-wrap\"><img loading=\"lazy\" decoding=\"async\" class=\"wp-image-3835 avia-img-lazy-loading-not-3835 avia_image\" title=\"isimsiz4\" src=\"https:\/\/www.arktekco.com\/wp-content\/uploads\/2021\/02\/unnamed4.png\" alt=\"isimsiz4\" width=\"80\" height=\"28\" \/><\/div>\n<\/div>\n<\/div>\n<\/div>\n<div class=\"flex_column av_four_fifth no_margin flex_column_table_cell av-equal-height-column av-align-middle avia-builder-el-42 el_after_av_one_fifth el_before_av_one_fifth \">\n<div class=\"avia_textblock av_inherit_color \">\n<p>NVIDIA\u00ae PhysX\u00ae Ready<br \/>\nDinamik y\u0131k\u0131m, par\u00e7ac\u0131k bazl\u0131 ak\u0131\u015fkanlar ve ger\u00e7e\u011fe yak\u0131n animasyonlarla dolu inan\u0131lmaz efektler ve sahneler yarat\u0131n.<\/p>\n<\/div>\n<\/div>\n<\/div>\n<div class=\"flex_column_table av-equal-height-column-flextable -flextable\">\n<div class=\"flex_column av_one_fifth no_margin flex_column_table_cell av-equal-height-column av-align-middle av-zero-column-padding first avia-builder-el-44 el_after_av_four_fifth el_before_av_four_fifth \">\n<div class=\"avia-image-container av-styling- avia-builder-el-45 avia-builder-el-no-sibling avia-align-center \">\n<div class=\"avia-image-container-inner\">\n<div class=\"avia-image-overlay-wrap\"><img loading=\"lazy\" decoding=\"async\" class=\"wp-image-3836 avia-img-lazy-loading-not-3836 avia_image\" title=\"isimsiz5\" src=\"https:\/\/www.arktekco.com\/wp-content\/uploads\/2021\/02\/unnamed5.png\" alt=\"isimsiz5\" width=\"80\" height=\"33\" \/><\/div>\n<\/div>\n<\/div>\n<\/div>\n<div class=\"flex_column av_four_fifth no_margin flex_column_table_cell av-equal-height-column av-align-middle avia-builder-el-46 el_after_av_one_fifth el_before_av_one_fifth \">\n<div class=\"avia_textblock av_inherit_color \">\n<p>NVIDIA\u00ae 3D Vision\u2122<br \/>\nOyuncular, film severler ve foto\u011fraf tutkunlar\u0131 i\u00e7in stereoskopik 3D g\u00f6r\u00fcnt\u00fcler sunar.<\/p>\n<\/div>\n<\/div>\n<\/div>\n<div class=\"flex_column_table av-equal-height-column-flextable -flextable\">\n<div class=\"flex_column av_one_fifth no_margin flex_column_table_cell av-equal-height-column av-align-middle av-zero-column-padding first avia-builder-el-48 el_after_av_four_fifth el_before_av_four_fifth \">\n<div class=\"avia-image-container av-styling- avia-builder-el-49 avia-builder-el-no-sibling avia-align-center \">\n<div class=\"avia-image-container-inner\">\n<div class=\"avia-image-overlay-wrap\"><img loading=\"lazy\" decoding=\"async\" class=\"wp-image-3831 avia-img-lazy-loading-not-3831 avia_image\" title=\"nvidia cuda\" src=\"https:\/\/www.arktekco.com\/wp-content\/uploads\/2021\/02\/nvidia-cuda.png\" alt=\"nvidia cuda\" width=\"80\" height=\"36\" \/><\/div>\n<\/div>\n<\/div>\n<\/div>\n<div class=\"flex_column av_four_fifth no_margin flex_column_table_cell av-equal-height-column av-align-middle avia-builder-el-50 el_after_av_one_fifth el_before_av_one_fifth \">\n<div class=\"avia_textblock av_inherit_color \">\n<p>NVIDIA\u00ae CUDA<br \/>\nGrafik i\u015flem biriminin (GPU) g\u00fcc\u00fcnden yararlanarak bilgi i\u015flem performans\u0131nda \u00f6nemli art\u0131\u015flar sa\u011flar.<\/p>\n<\/div>\n<\/div>\n<\/div>\n<div class=\"flex_column_table av-equal-height-column-flextable -flextable\">\n<div class=\"flex_column av_one_fifth no_margin flex_column_table_cell av-equal-height-column av-align-middle av-zero-column-padding first avia-builder-el-52 el_after_av_four_fifth el_before_av_four_fifth \">\n<div class=\"avia-image-container av-styling- avia-builder-el-53 avia-builder-el-no-sibling avia-align-center \">\n<div class=\"avia-image-container-inner\">\n<div class=\"avia-image-overlay-wrap\"><img loading=\"lazy\" decoding=\"async\" class=\"wp-image-3837 avia-img-lazy-loading-not-3837 avia_image\" title=\"isimsiz6\" src=\"https:\/\/www.arktekco.com\/wp-content\/uploads\/2021\/02\/unnamed6.png\" alt=\"isimsiz6\" width=\"80\" height=\"43\" \/><\/div>\n<\/div>\n<\/div>\n<\/div>\n<div class=\"flex_column av_four_fifth no_margin flex_column_table_cell av-equal-height-column av-align-middle avia-builder-el-54 el_after_av_one_fifth avia-builder-el-last \">\n<div class=\"avia_textblock av_inherit_color \">\n<p>NVIDIA\u00ae PureVideo\u00ae HD Teknolojisi<br \/>\nFilmler ve videolar i\u00e7in etkileyici resim netli\u011fi, ak\u0131c\u0131 video, do\u011fru renk ve hassas g\u00f6r\u00fcnt\u00fc \u00f6l\u00e7ekleme sunar.<\/p>\n<\/div>\n<\/div>\n<\/div>\n","protected":false},"excerpt":{"rendered":"<table class=\"product-detail\" border=\"0\" width=\"100%\" cellspacing=\"0\" cellpadding=\"0\">\n<tbody>\n<tr>\n<td class=\"product-detail-02\" width=\"34%\"><span style=\"vertical-align: inherit;\"><span style=\"vertical-align: inherit;\">Ekran Kart\u0131:<\/span><\/span><\/td>\n<td width=\"66%\"><span style=\"vertical-align: inherit;\"><span style=\"vertical-align: inherit;\">\u00a0NVIDIA<\/span><\/span><\/td>\n<\/tr>\n<tr>\n<td class=\"product-detail-02\" width=\"34%\">Grafik \u0130\u015flemci:<\/td>\n<td width=\"66%\"><span style=\"vertical-align: inherit;\"><span style=\"vertical-align: inherit;\">\u00a0NVIDIA GT740<\/span><\/span><\/td>\n<\/tr>\n<tr>\n<td class=\"product-detail-02\" width=\"34%\"><span style=\"vertical-align: inherit;\"><span style=\"vertical-align: inherit;\">Ram Tipi:<\/span><\/span><\/td>\n<td width=\"66%\"><span style=\"vertical-align: inherit;\"><span style=\"vertical-align: inherit;\">\u00a0DDR3<\/span><\/span><\/td>\n<\/tr>\n<tr>\n<td class=\"product-detail-02\" width=\"34%\"><span style=\"vertical-align: inherit;\"><span style=\"vertical-align: inherit;\">Grafik \u00c7er\u00e7evesi:<\/span><\/span><\/td>\n<td width=\"66%\"><span style=\"vertical-align: inherit;\"><span style=\"vertical-align: inherit;\">\u00a04 C\u0130GABAYT<\/span><\/span><\/td>\n<\/tr>\n<tr>\n<td class=\"product-detail-02\" width=\"34%\">Bit H\u0131z\u0131:<\/td>\n<td width=\"66%\"><span style=\"vertical-align: inherit;\"><span style=\"vertical-align: inherit;\">\u00a0128 B\u0130T<\/span><\/span><\/td>\n<\/tr>\n<tr>\n<td class=\"product-detail-02\" width=\"34%\"><span style=\"vertical-align: inherit;\"><span style=\"vertical-align: inherit;\">HDMI:<\/span><\/span><\/td>\n<td width=\"66%\">\u00a01 ADET<\/td>\n<\/tr>\n<tr>\n<td class=\"product-detail-02\" width=\"34%\"><span style=\"vertical-align: inherit;\"><span style=\"vertical-align: inherit;\">Ekran Ba\u011flant\u0131 Noktas\u0131 (DP):<\/span><\/span><\/td>\n<td width=\"66%\">\u00a0YOK<\/td>\n<\/tr>\n<tr>\n<td class=\"product-detail-02\" width=\"34%\"><span style=\"vertical-align: inherit;\"><span style=\"vertical-align: inherit;\">\u0130K\u0130:<\/span><\/span><\/td>\n<td width=\"66%\"><span style=\"vertical-align: inherit;\"><span style=\"vertical-align: inherit;\">\u00a01 ADET<\/span><\/span><\/td>\n<\/tr>\n<tr>\n<td class=\"product-detail-02\" width=\"34%\"><span style=\"vertical-align: inherit;\"><span style=\"vertical-align: inherit;\">Analog (D-Alt):<\/span><\/span><\/td>\n<td width=\"66%\"><span style=\"vertical-align: inherit;\"><span style=\"vertical-align: inherit;\">\u00a0OLDU<\/span><\/span><\/td>\n<\/tr>\n<tr>\n<td class=\"product-detail-02\"><\/td>\n<td><\/td>\n<\/tr>\n<\/tbody>\n<\/table>\n","protected":false},"featured_media":1035,"template":"","meta":{"om_disable_all_campaigns":false,"_monsterinsights_skip_tracking":false,"_monsterinsights_sitenote_active":false,"_monsterinsights_sitenote_note":"","_monsterinsights_sitenote_category":0},"product_cat":[92],"product_tag":[],"class_list":{"0":"post-1034","1":"product","2":"type-product","3":"status-publish","4":"has-post-thumbnail","6":"product_cat-nvidia-ekran-kartlari","7":"thunk-woo-product-list","8":"opn-qv-enable","9":"top-store-woo-hover-zoom","10":"top-store-single-product-tab-horizontal","11":"top-store-shadow-","12":"top-store-shadow-hover-","14":"first","15":"instock","16":"taxable","17":"shipping-taxable","18":"product-type-simple"},"aioseo_notices":[],"_links":{"self":[{"href":"https:\/\/bilginteknoloji.com\/woo\/wp-json\/wp\/v2\/product\/1034","targetHints":{"allow":["GET"]}}],"collection":[{"href":"https:\/\/bilginteknoloji.com\/woo\/wp-json\/wp\/v2\/product"}],"about":[{"href":"https:\/\/bilginteknoloji.com\/woo\/wp-json\/wp\/v2\/types\/product"}],"wp:featuredmedia":[{"embeddable":true,"href":"https:\/\/bilginteknoloji.com\/woo\/wp-json\/wp\/v2\/media\/1035"}],"wp:attachment":[{"href":"https:\/\/bilginteknoloji.com\/woo\/wp-json\/wp\/v2\/media?parent=1034"}],"wp:term":[{"taxonomy":"product_cat","embeddable":true,"href":"https:\/\/bilginteknoloji.com\/woo\/wp-json\/wp\/v2\/product_cat?post=1034"},{"taxonomy":"product_tag","embeddable":true,"href":"https:\/\/bilginteknoloji.com\/woo\/wp-json\/wp\/v2\/product_tag?post=1034"}],"curies":[{"name":"wp","href":"https:\/\/api.w.org\/{rel}","templated":true}]}}