{"id":1032,"date":"2024-08-17T14:12:40","date_gmt":"2024-08-17T11:12:40","guid":{"rendered":"https:\/\/bilginteknoloji.com\/woo\/?post_type=product&#038;p=1032"},"modified":"2024-08-17T14:12:41","modified_gmt":"2024-08-17T11:12:41","slug":"arktek-matrix-akn1650d6s4gh1-gtx1650-4gb-gddr6-128bit-1xdvi-1xhdmi-1xdp-gaming-ekran-karti","status":"publish","type":"product","link":"https:\/\/bilginteknoloji.com\/woo\/urun\/arktek-matrix-akn1650d6s4gh1-gtx1650-4gb-gddr6-128bit-1xdvi-1xhdmi-1xdp-gaming-ekran-karti\/","title":{"rendered":"ARKTEK MATRIX, AKN1650D6S4GH1, GTX1650, 4Gb, GDDR6, 128BIT, 1xDVI, 1xHDMI, 1xDP GAMING Ekran Kart\u0131"},"content":{"rendered":"<div class=\"phPart\">\n<p class=\"phHeader\"><strong>ARKTEK MATRIX, AKN1650D6S4GH1, GTX1650, 4Gb, GDDR6, 128BIT, 1xDVI, 1xHDMI, 1xDP GAMING Ekran Kart\u0131<\/strong><\/p>\n<\/div>\n<div class=\"phPart\">\n<p class=\"phBanner\"><img decoding=\"async\" src=\"https:\/\/www.detayresimler.com\/urun\/1\/1650D6S4GH1.jpg\" alt=\"\" \/><\/p>\n<div class=\"phLine\"><span class=\"phText\">ARKTEK NVIDIA Geforce GTX1650\u00a0<\/span><\/div>\n<ul class=\"phList\">\n<li>\u00d6d\u00fcll\u00fc NVIDIA Turing\u2122 mimarisiyle \u00fcretilen ARKTEK MATRIX\u00ae GTX 1650 en sevdi\u011finiz oyunlara g\u00fc\u00e7 veriyor.<\/li>\n<li>GeForce GTX 950\u2019den iki kat, GTX 1050\u2019den ise %70 daha h\u0131zl\u0131 performansla oyunlara haz\u0131r olun.<\/li>\n<li>GeForce Experience ile videolar ve ekran g\u00f6r\u00fcnt\u00fcleri \u00e7ekin, canl\u0131 yay\u0131nlar yap\u0131n ve bunlar\u0131 arkada\u015flar\u0131n\u0131zla payla\u015f\u0131n. Ayr\u0131ca GeForce s\u00fcr\u00fcc\u00fclerini g\u00fcncelleyebilir, oyun i\u00e7i ayarlar\u0131n\u0131z\u0131 en uygun hale getirebilirsiniz.<\/li>\n<li>IP5X standard\u0131nda toz ge\u00e7irmezlik ile par\u00e7ac\u0131k girmesi engelleniyor ve daha y\u00fcksek dayan\u0131kl\u0131l\u0131k elde ediliyor.<\/li>\n<li>Auto-Extreme Teknolojisi, g\u00fcvenilirli\u011fi art\u0131rmak i\u00e7in otomasyondan yararlan\u0131yor.<\/li>\n<li>144-Saatlik Onay Program\u0131, en yeni oyunlara uyum sa\u011fland\u0131\u011f\u0131ndan emin olmak i\u00e7in kartlar\u0131 bir dizi zorlu testten ge\u00e7iriyor.<\/li>\n<\/ul>\n<div class=\"phLine\"><span class=\"phText\">\u00a0<\/span><\/div>\n<\/div>\n<div class=\"phPart\">\n<div class=\"phLine\"><span class=\"phText\">\u00a0<\/span><\/div>\n<\/div>\n<div class=\"phPart\">\n<p class=\"phBanner\"><img decoding=\"async\" src=\"https:\/\/www.detayresimler.com\/urun\/1\/1650D6S4GH1_1.jpg\" alt=\"\" \/><br \/>\n\u00c7ift Fan. \u00c7ift E\u011flence.<\/p>\n<p class=\"phBanner\">\u00a0En yeni\u00a0NVIDIA\u00a0\u00a0oyun deneyimini en saf haliyle sunan\u00a0ARKTEK MATRIX NVIDIA Geforce GTX1650, performans ve sadeli\u011fi benzersiz bir \u015fekilde birle\u015ftiriyor. Amiral gemisi ekran kartlar\u0131ndaki geli\u015fmi\u015f so\u011futma teknolojilerinden yararlanan\u00a0ARKTEK NVIDIA Geforce GTX1650, stilden \u00e7ok malzeme kalitesine \u00f6nem vererek dengeli bir sistem i\u00e7in m\u00fckemmel bir tercih sunuyor. Kemerlerinizi ba\u011flay\u0131n ve son teknoloji oyun performans\u0131na kavu\u015fun.<\/p>\n<\/div>\n<p class=\"phPart\"><img decoding=\"async\" src=\"https:\/\/www.detayresimler.com\/urun\/1\/1650D6S4GH1_2.jpg\" alt=\"\" \/><\/p>\n<div class=\"phPart\">\n<p class=\"phLine\"><span class=\"phText\">Daha \u0130yi, Daha H\u0131zl\u0131, Daha G\u00fc\u00e7l\u00fc So\u011futma\u00dcst seviye ekran kartlar\u0131n\u0131n yeni nesli i\u00e7in tasarlanan\u00a0Fanlar, daha uzun kanatlara sahip olmak i\u00e7in daha k\u00fc\u00e7\u00fck yuvalar kullan\u0131yor ve a\u015fa\u011f\u0131 y\u00f6nl\u00fc hava bas\u0131nc\u0131n\u0131 art\u0131rmak i\u00e7in bir bariyer halkas\u0131ndan yararlan\u0131yor.<\/span><\/p>\n<\/div>\n<div class=\"phPart\">\n<div class=\"phLine\">\n<div class=\"phImage\">\n<img decoding=\"async\" src=\"https:\/\/www.detayresimler.com\/urun\/N\/N2060D6S6GH1_13.jpg\" alt=\"Asus DUAL-RTX2060-6G-EVO Gaming Ekran Kart\u0131\" \/><\/div>\n<p><span class=\"phText\">Sessiz Fanlar\u00a0Oyunlar\u0131 daha rahat ve tamamen sessiz bir \u015fekilde oynayabiliyorsunuz. S\u0131cakl\u0131k y\u00fckseldi\u011finde fanlar otomatik olarak \u00e7al\u0131\u015fmaya ba\u015fl\u0131yor.<\/span><\/div>\n<\/div>\n<div class=\"phPart\">\n<p class=\"phBanner\">\n<\/div>\n<div class=\"phPart\">\n<p class=\"phBanner\">\n<img decoding=\"async\" src=\"https:\/\/www.detayresimler.com\/urun\/1\/1650D6S4GH1_3.jpg\" alt=\"\" \/><\/p>\n<\/div>\n<div class=\"phPart\"><span class=\"phSpecHeader\">Teknik \u00d6zellikler<\/span><\/p>\n<div class=\"phSpec\">\n<div>Grafik \u0130\u015flemciNVIDIA Geforce GTX1650<\/div>\n<div>Bus Veri Standard\u0131PCI Express Gen3<\/div>\n<div>OpenGLOpenGL 4.6<\/div>\n<div>Video Belle\u011fiGDDR6 4GB<\/div>\n<div>Saat H\u0131z\u0131GPU Boost Clock: 1785 MHz, GPU Base Clock: 1530 MHz<\/div>\n<div><\/div>\n<div>Bellek H\u0131z\u013112Gb\/sn<\/div>\n<div>Bellek Aray\u00fcz\u00fc128-bit<\/div>\n<div>Dijital Maks. \u00c7\u00f6z\u00fcn\u00fcrl\u00fck7680x4320<\/div>\n<div>DVIVar x 1 (DVI-D)<\/div>\n<div>HDMIVar x 1 (HDMI )<\/div>\n<div>DisplayPortVar x 1 (DisplayPort)<\/div>\n<div>HDCP Deste\u011fiVar<\/div>\n<div>Maks. G\u00f6r\u00fcnt\u00fc \u00c7\u0131k\u0131\u015f Deste\u011fi: 33<\/div>\n<div>NVlink\/ Crossfire Deste\u011fiYok<\/div>\n<div>Tavsiye Edilen PSU300W<\/div>\n<\/div>\n<\/div>\n","protected":false},"excerpt":{"rendered":"<table class=\"product-detail\" border=\"0\" width=\"100%\" cellspacing=\"0\" cellpadding=\"0\">\n<tbody>\n<tr>\n<td class=\"product-detail-02\" width=\"34%\">GPU:<\/td>\n<td width=\"66%\">\u00a0NVIDIA<\/td>\n<\/tr>\n<tr>\n<td class=\"product-detail-02\" width=\"34%\">Grafik \u0130\u015flemci:<\/td>\n<td width=\"66%\">\u00a0NVIDIA GTX1650<\/td>\n<\/tr>\n<tr>\n<td class=\"product-detail-02\" width=\"34%\">Ram Tipi:<\/td>\n<td width=\"66%\">\u00a0DDR6<\/td>\n<\/tr>\n<tr>\n<td class=\"product-detail-02\" width=\"34%\">Grafik Ram:<\/td>\n<td width=\"66%\">\u00a04 GB<\/td>\n<\/tr>\n<tr>\n<td class=\"product-detail-02\" width=\"34%\">Bit H\u0131z\u0131:<\/td>\n<td width=\"66%\">\u00a0128 BIT<\/td>\n<\/tr>\n<tr>\n<td class=\"product-detail-02\" width=\"34%\">HDMI:<\/td>\n<td width=\"66%\">\u00a01 ADET<\/td>\n<\/tr>\n<tr>\n<td class=\"product-detail-02\" width=\"34%\">Display Port (DP):<\/td>\n<td width=\"66%\">\u00a01 ADET<\/td>\n<\/tr>\n<tr>\n<td class=\"product-detail-02\" width=\"34%\">DVI:<\/td>\n<td width=\"66%\">\u00a01 ADET<\/td>\n<\/tr>\n<tr>\n<td class=\"product-detail-02\" width=\"34%\">Analog (D-Sub):<\/td>\n<td width=\"66%\">\u00a0YOK<\/td>\n<\/tr>\n<\/tbody>\n<\/table>\n","protected":false},"featured_media":1033,"template":"","meta":{"om_disable_all_campaigns":false,"_monsterinsights_skip_tracking":false,"_monsterinsights_sitenote_active":false,"_monsterinsights_sitenote_note":"","_monsterinsights_sitenote_category":0},"product_cat":[92],"product_tag":[],"class_list":{"0":"post-1032","1":"product","2":"type-product","3":"status-publish","4":"has-post-thumbnail","6":"product_cat-nvidia-ekran-kartlari","7":"thunk-woo-product-list","8":"opn-qv-enable","9":"top-store-woo-hover-zoom","10":"top-store-single-product-tab-horizontal","11":"top-store-shadow-","12":"top-store-shadow-hover-","14":"first","15":"instock","16":"taxable","17":"shipping-taxable","18":"product-type-simple"},"aioseo_notices":[],"_links":{"self":[{"href":"https:\/\/bilginteknoloji.com\/woo\/wp-json\/wp\/v2\/product\/1032","targetHints":{"allow":["GET"]}}],"collection":[{"href":"https:\/\/bilginteknoloji.com\/woo\/wp-json\/wp\/v2\/product"}],"about":[{"href":"https:\/\/bilginteknoloji.com\/woo\/wp-json\/wp\/v2\/types\/product"}],"wp:featuredmedia":[{"embeddable":true,"href":"https:\/\/bilginteknoloji.com\/woo\/wp-json\/wp\/v2\/media\/1033"}],"wp:attachment":[{"href":"https:\/\/bilginteknoloji.com\/woo\/wp-json\/wp\/v2\/media?parent=1032"}],"wp:term":[{"taxonomy":"product_cat","embeddable":true,"href":"https:\/\/bilginteknoloji.com\/woo\/wp-json\/wp\/v2\/product_cat?post=1032"},{"taxonomy":"product_tag","embeddable":true,"href":"https:\/\/bilginteknoloji.com\/woo\/wp-json\/wp\/v2\/product_tag?post=1032"}],"curies":[{"name":"wp","href":"https:\/\/api.w.org\/{rel}","templated":true}]}}