{"id":1008,"date":"2024-08-16T17:03:47","date_gmt":"2024-08-16T14:03:47","guid":{"rendered":"https:\/\/bilginteknoloji.com\/woo\/?post_type=product&#038;p=1008"},"modified":"2024-08-16T17:04:55","modified_gmt":"2024-08-16T14:04:55","slug":"fsp-h3-450-hyper-pro-450w-aktif-pfc-80-power-supply","status":"publish","type":"product","link":"https:\/\/bilginteknoloji.com\/woo\/urun\/fsp-h3-450-hyper-pro-450w-aktif-pfc-80-power-supply\/","title":{"rendered":"FSP H3-450 HYPER PRO 450W AKTIF PFC 80+ POWER SUPPLY"},"content":{"rendered":"<p><img decoding=\"async\" class=\"img-fluid\" src=\"https:\/\/www.detayresimler.com\/urun\/9\/9PA450A402.jpg\" alt=\"\" \/><\/p>\n<p>Yeni HYPER 80+ Pro PSUlar, ATX 12 v2.52 standard\u0131na ve en son g\u00fcvenlik 62368 y\u00f6netmeli\u011fine tam olarak uygundur ve t\u00fcm siyah ve y\u00fcksek kaliteli \u015ferit kablolara sahip \u00f6zellikler, PCnize parlak bir g\u00f6r\u00fcn\u00fcm kazand\u0131racakt\u0131r. HYPER 80+ Pro serisi, en zorlu bile\u015fenler i\u00e7in s\u00fcrekli olarak maksimum performans sa\u011flayan g\u00fc\u00e7l\u00fc bir tek + 12V ray tasar\u0131m\u0131 ile karakterize edilirken, FSPnin \u00f6zel DC-DC tasar\u0131m\u0131 g\u00fcvenlik ve g\u00fc\u00e7 verimlili\u011fi sa\u011flar. 230V 80 Plus \u2122 derecesine sahip her iki model, termal kontrol fan\u0131 tasar\u0131m\u0131 sayesinde% 85in \u00fczerinde y\u00fcksek verimlilik ve d\u00fc\u015f\u00fck g\u00fcr\u00fclt\u00fc seviyeleri sunar; burada b\u00fcy\u00fck bir 120 mm fan gerekti\u011finde so\u011futma g\u00f6revlerini \u00fcstlenir ve hassas durumlar i\u00e7in m\u00fckemmel hale getirir. boyut ve g\u00fcr\u00fclt\u00fc.<\/p>\n<ul>\n<li>ATX12V V2.52 ve EPS12 v2.92 ile uyumludur<\/li>\n<li>Verimlilik \u2265% 85 @ tipik y\u00fck<\/li>\n<li>Aktif PFC \u2265 0.9<\/li>\n<li>Bekleme s\u00fcresi&gt; 17ms @% 80 y\u00fck<\/li>\n<li>Uzun bir \u00fcr\u00fcn ya\u015fam d\u00f6ng\u00fcs\u00fc i\u00e7in 450V, 105 \u00b0 C kapasit\u00f6rler<\/li>\n<li>+ 12V tek rayl\u0131 tasar\u0131m<\/li>\n<li>+ 5V ve 3.3V DC &#8211; DC mod\u00fcl tasar\u0131m\u0131<\/li>\n<li>120 mm sessiz ve uzun \u00f6m\u00fcrl\u00fc fan<\/li>\n<li>Tamamen siyah yuvarlak kablolar<\/li>\n<li>Tam koruma: OCP \/ OVP \/ OPP \/ SCP<\/li>\n<\/ul>\n<p><img decoding=\"async\" class=\"img-fluid\" src=\"https:\/\/www.detayresimler.com\/urun\/9\/9PA450A402_1.jpg\" alt=\"\" \/><\/p>\n<p>80 Plus\u00ae 230V EU White Sertifikas\u0131<\/p>\n<p>HYPER 80+ PRO serisi, 80 PLUS\u00ae 230V EU White sertifikal\u0131,% 82ye varan y\u00fcksek verimi ile enerji tasarrufu sa\u011flar ve% 85e varan y\u00fcksek verimi ile standard\u0131 a\u015far.<\/p>\n<p><img decoding=\"async\" class=\"img-fluid\" src=\"https:\/\/www.detayresimler.com\/urun\/9\/9PA450A402_2.jpg\" alt=\"\" \/><\/p>\n<p>DC Mod\u00fcl Tasar\u0131m\u0131<\/p>\n<p>12V SR devresi ve DCden DCye yap\u0131s\u0131 ile HYPER 80+ PRO serisi, size ola\u011fan\u00fcst\u00fc d\u00f6n\u00fc\u015f\u00fcm verimlili\u011fi sa\u011flar ve kararl\u0131 \u00e7\u0131k\u0131\u015f voltaj\u0131 sa\u011flar.<\/p>\n<p><img decoding=\"async\" class=\"img-fluid\" src=\"https:\/\/www.detayresimler.com\/urun\/9\/9PA450A402_3.jpg\" alt=\"\" \/><\/p>\n<p>450V 105C, A\u011f\u0131r hizmet tipi kondansat\u00f6r<\/p>\n<p>\u0130\u00e7erideki toplu kondansat\u00f6r, y\u00fcksek s\u0131cakl\u0131klar, tepe voltaj dalgalanmalar\u0131 gibi son derece sert bir ortamda \u00e7al\u0131\u015fmay\u0131 desteklemeye hizmet eder. Sisteminizin g\u00fcvenebilece\u011fi y\u00fcksek g\u00fcvenilirlik i\u00e7in performans\u0131 dengeler.<\/p>\n<p><img decoding=\"async\" class=\"img-fluid\" src=\"https:\/\/www.detayresimler.com\/urun\/9\/9PA450A402_4.jpg\" alt=\"\" \/><\/p>\n<p>Enerji \u0130le \u0130lgili ErP \/ Eup 2013<\/p>\n<p>Ye\u015fil g\u00fc\u00e7! Modern sistemler i\u00e7in yeni AB Y\u00f6netmeli\u011fi ErP 2013\u00fc desteklemek i\u00e7in, tamamlanan sistemin toplam AC g\u00fc\u00e7 t\u00fcketimi 5Vsb ray\u0131ndan daha azd\u0131r.<\/p>\n<p><img decoding=\"async\" class=\"img-fluid\" src=\"https:\/\/www.detayresimler.com\/urun\/9\/9PA450A402_6.jpg\" alt=\"\" \/><\/p>\n<p>Uyumluluk<\/p>\n<p>FSP Group, tasar\u0131mlar\u0131 de\u011fi\u015fen y\u00f6netmeliklerin \u00f6n\u00fcnde tutmak i\u00e7in eksiksiz bir ek g\u00fcvenlik onay\u0131 sa\u011flar. FSP, oyun sistemleriniz i\u00e7in g\u00fc\u00e7 kaynaklar\u0131n\u0131n \u00e7o\u011funu yeni IEC 62368 standard\u0131na y\u00fckseltti.<\/p>\n<p><img decoding=\"async\" class=\"img-fluid\" src=\"https:\/\/www.detayresimler.com\/urun\/9\/9PA450A402_5.jpg\" alt=\"\" \/><\/p>\n<p>Ak\u0131ll\u0131 Fan H\u0131z\u0131 Kontrol\u00fc!<\/p>\n<p>Geli\u015fmi\u015f bir termal kontrol fan\u0131, optimum so\u011futma sa\u011flar ve maksimum \u00e7al\u0131\u015fma alt\u0131nda g\u00fcr\u00fclt\u00fcy\u00fc azalt\u0131r.<\/p>\n<p><img decoding=\"async\" class=\"img-fluid\" src=\"https:\/\/www.detayresimler.com\/urun\/9\/9PA450A402_8.jpg\" alt=\"\" \/><\/p>\n<p>Sessizce d\u00f6nmesi ve maksimum \u00e7al\u0131\u015fma alt\u0131nda so\u011fumaya devam etmesi i\u00e7in 120 mm fan ve \u0131s\u0131 da\u011f\u0131l\u0131m\u0131 tasar\u0131m\u0131.<\/p>\n<p><img decoding=\"async\" class=\"img-fluid\" src=\"https:\/\/www.detayresimler.com\/urun\/9\/9PA450A402_7.jpg\" alt=\"\" \/><\/p>\n<p>Tamam\u0131 Siyah Yuvarlak Kablolar<\/p>\n<p>Tamamen siyah kaplama yuvarlak kablolar, sisteminize \u00e7ok say\u0131da giri\u015f seviyesi g\u00fc\u00e7 kayna\u011f\u0131 gibi \u00fcst\u00fcn bir g\u00f6r\u00fcn\u00fcm kazand\u0131r\u0131r.<\/p>\n<p>Oyun merakl\u0131lar\u0131 i\u00e7in HYPER 80+ PRO serisi, y\u00fcksek kaliteli anakart\u0131 desteklemek ve CPU kararl\u0131 g\u00fcc\u00fc sa\u011flamak i\u00e7in \u00e7ift CPU g\u00fc\u00e7 konekt\u00f6rlerine sahiptir.<\/p>\n<div class=\"table-responsive\">\n<table class=\"table table-striped\">\n<tbody>\n<tr>\n<td>Modeli<\/td>\n<td>H3-450<\/td>\n<\/tr>\n<tr>\n<td>Nominal \u00c7\u0131k\u0131\u015f G\u00fcc\u00fc<\/td>\n<td>450 W<\/td>\n<\/tr>\n<tr>\n<td>Form fakt\u00f6r\u00fc<\/td>\n<td>ATX<\/td>\n<\/tr>\n<tr>\n<td>Giri\u015f gerilimi<\/td>\n<td>200-240V<\/td>\n<\/tr>\n<tr>\n<td>Giri\u015f Ak\u0131m\u0131<\/td>\n<td>3 A<\/td>\n<\/tr>\n<tr>\n<td>Giri\u015f Frekans\u0131<\/td>\n<td>50-60Hz<\/td>\n<\/tr>\n<tr>\n<td>PFC<\/td>\n<td>Aktif PFC<\/td>\n<\/tr>\n<tr>\n<td>Verimlilik<\/td>\n<td>% 85<\/td>\n<\/tr>\n<tr>\n<td>Fan Tipi<\/td>\n<td>Kollu Fan, 120 mm<\/td>\n<\/tr>\n<tr>\n<td>Boyutlar (U x G x Y)<\/td>\n<td>150 x 140 x 86 mm<\/td>\n<\/tr>\n<tr>\n<td>A\u011f\u0131rl\u0131k<\/td>\n<td>1.238 kg<\/td>\n<\/tr>\n<tr>\n<td>Koruma<\/td>\n<td>OCP, OVP, OPP, SCP<\/td>\n<\/tr>\n<\/tbody>\n<\/table>\n<\/div>\n","protected":false},"excerpt":{"rendered":"<table class=\"product-detail\" border=\"0\" width=\"100%\" cellspacing=\"0\" cellpadding=\"0\">\n<tbody>\n<tr>\n<td class=\"product-detail-02\" width=\"34%\">G\u00fc\u00e7:<\/td>\n<td width=\"66%\">\u00a0450 W<\/td>\n<\/tr>\n<tr>\n<td class=\"product-detail-02\" width=\"34%\">Fan Ebat\u0131:<\/td>\n<td width=\"66%\">\u00a012 CM<\/td>\n<\/tr>\n<tr>\n<td class=\"product-detail-02\" width=\"34%\">Power Form:<\/td>\n<td width=\"66%\">\u00a0ATX<\/td>\n<\/tr>\n<tr>\n<td class=\"product-detail-02\" width=\"34%\">PFC:<\/td>\n<td width=\"66%\">\u00a0AKT\u0130F PFC<\/td>\n<\/tr>\n<tr>\n<td class=\"product-detail-02\" width=\"34%\">Verimlilik:<\/td>\n<td width=\"66%\">\u00a080 PLUS<\/td>\n<\/tr>\n<\/tbody>\n<\/table>\n","protected":false},"featured_media":1009,"template":"","meta":{"om_disable_all_campaigns":false,"_monsterinsights_skip_tracking":false,"_monsterinsights_sitenote_active":false,"_monsterinsights_sitenote_note":"","_monsterinsights_sitenote_category":0},"product_cat":[103],"product_tag":[],"class_list":{"0":"post-1008","1":"product","2":"type-product","3":"status-publish","4":"has-post-thumbnail","6":"product_cat-power-supply","7":"thunk-woo-product-list","8":"opn-qv-enable","9":"top-store-woo-hover-zoom","10":"top-store-single-product-tab-horizontal","11":"top-store-shadow-","12":"top-store-shadow-hover-","14":"first","15":"instock","16":"taxable","17":"shipping-taxable","18":"product-type-simple"},"aioseo_notices":[],"_links":{"self":[{"href":"https:\/\/bilginteknoloji.com\/woo\/wp-json\/wp\/v2\/product\/1008","targetHints":{"allow":["GET"]}}],"collection":[{"href":"https:\/\/bilginteknoloji.com\/woo\/wp-json\/wp\/v2\/product"}],"about":[{"href":"https:\/\/bilginteknoloji.com\/woo\/wp-json\/wp\/v2\/types\/product"}],"wp:featuredmedia":[{"embeddable":true,"href":"https:\/\/bilginteknoloji.com\/woo\/wp-json\/wp\/v2\/media\/1009"}],"wp:attachment":[{"href":"https:\/\/bilginteknoloji.com\/woo\/wp-json\/wp\/v2\/media?parent=1008"}],"wp:term":[{"taxonomy":"product_cat","embeddable":true,"href":"https:\/\/bilginteknoloji.com\/woo\/wp-json\/wp\/v2\/product_cat?post=1008"},{"taxonomy":"product_tag","embeddable":true,"href":"https:\/\/bilginteknoloji.com\/woo\/wp-json\/wp\/v2\/product_tag?post=1008"}],"curies":[{"name":"wp","href":"https:\/\/api.w.org\/{rel}","templated":true}]}}