{"id":1003,"date":"2024-08-16T16:45:05","date_gmt":"2024-08-16T13:45:05","guid":{"rendered":"https:\/\/bilginteknoloji.com\/woo\/?post_type=product&#038;p=1003"},"modified":"2024-08-16T16:45:05","modified_gmt":"2024-08-16T13:45:05","slug":"tp-link-tl-wn8200nd-300mbps-2-4ghz-2x5dbi-anten-usb2-0","status":"publish","type":"product","link":"https:\/\/bilginteknoloji.com\/woo\/urun\/tp-link-tl-wn8200nd-300mbps-2-4ghz-2x5dbi-anten-usb2-0\/","title":{"rendered":"TP-LINK TL-WN8200ND, 300Mbps, 2.4Ghz, 2x5dBi Anten, USB2.0"},"content":{"rendered":"<table border=\"0\" width=\"100%\" cellspacing=\"0\" cellpadding=\"0\">\n<tbody>\n<tr>\n<td>\n<table border=\"0\" width=\"100%\" cellspacing=\"0\" cellpadding=\"0\">\n<tbody>\n<tr>\n<td class=\"resertitle\"><\/td>\n<td valign=\"top\" width=\"10\"><\/td>\n<\/tr>\n<\/tbody>\n<\/table>\n<\/td>\n<\/tr>\n<tr>\n<td class=\"urundetayaciklamasi\">\n<table border=\"0\" width=\"800\" align=\"center\">\n<tbody>\n<tr>\n<td>\n<div><img decoding=\"async\" src=\"http:\/\/www.detayresimler.com\/urun\/1\/17TL-WN8200ND.jpg\" \/><\/div>\n<div>\n<ul>\n<li>\u00c7ok uzun transmisyon mesafesi sa\u011flamak i\u00e7in y\u00fcksek g\u00fc\u00e7 ve al\u0131\u015f duyarl\u0131l\u0131\u011f\u0131<\/li>\n<li>300Mbps transmisyon h\u0131z\u0131, bant geni\u015fli\u011fini yo\u011fun kullanan g\u00f6revler i\u00e7in idealdir<\/li>\n<li>WPS d\u00fc\u011fmesine basarak kolayca kablosuz g\u00fcvenlik \u015fifrelemesi<\/li>\n<li>1.5 metrelik USB uzatma kablosu uygun \u015fekilde da\u011f\u0131t\u0131ma izin verir<\/li>\n<li>Windows XP \/ Vista \/ 7 \/ 8 deste\u011fi<\/li>\n<\/ul>\n<\/div>\n<div align=\"center\"><img decoding=\"async\" src=\"http:\/\/www.detayresimler.com\/urun\/1\/17TL-WN8200ND_1.jpg\" \/><\/div>\n<div>G\u00fc\u00e7l\u00fc Kapsama Alan\u0131 i\u00e7in Y\u00fcksek G\u00fc\u00e7<\/div>\n<div>Y\u00fcksek iletim g\u00fcc\u00fc ile TL-WN8200ND normal g\u00fc\u00e7 USB adapt\u00f6r\u00fcn\u00fcn 10 kat\u0131na kadar ula\u015f\u0131r. \u00dcstelik, TL-WN8200ND, g\u00fcvenilir kablosuz ba\u011flant\u0131y\u0131 yap\u0131\u015ft\u0131rma duvarlara, zeminlere ve di\u011fer fiziksel engellere ra\u011fmen etkili bir \u015fekilde s\u00fcrd\u00fcrebilir.<\/div>\n<div align=\"center\"><img decoding=\"async\" src=\"http:\/\/www.detayresimler.com\/urun\/1\/17TL-WN8200ND_2.jpg\" \/><\/div>\n<div>\u00c7\u0131kar\u0131labilir Antenler ile Harika Esneklik<\/div>\n<div>\u00c7\u0131kar\u0131labilen iki anten, \u00e7e\u015fitli \u00e7al\u0131\u015fma ortamlar\u0131na uyacak \u015fekilde farkl\u0131 y\u00f6nlerde d\u00f6nd\u00fcr\u00fclebilir ve ayarlanabilir. Ayr\u0131ca, kablosuz kapsama alan\u0131n\u0131 geni\u015fletmek i\u00e7in antenler \u00e7e\u015fitli i\u00e7 mekan antenleri veya y\u00f6nlendirmeli antenlerle de\u011fi\u015ftirilebilir.<\/div>\n<div align=\"center\"><img decoding=\"async\" src=\"http:\/\/www.detayresimler.com\/urun\/1\/17TL-WN8200ND_3.jpg\" \/><\/div>\n<div>Kullan\u0131c\u0131 Dostu Bir Tasar\u0131m ile Kolay Kulan\u0131m<\/div>\n<div>Masa\u00fcst\u00fc stili tasar\u0131m, \u00e7e\u015fitli kullan\u0131m ortamlar\u0131ndaki sinyal al\u0131m\u0131 i\u00e7in faydal\u0131d\u0131r. Ayr\u0131ca TL-WN8200ND, masa\u00fcst\u00fc cihazlar\u0131 i\u00e7in bile uygun olan 1.5m uzunlu\u011funda USB uzatma kablosu sa\u011flar.<\/div>\n<div align=\"center\"><img decoding=\"async\" src=\"http:\/\/www.detayresimler.com\/urun\/1\/17TL-WN8200ND_4.jpg\" \/><\/div>\n<div align=\"center\"><img decoding=\"async\" src=\"http:\/\/www.detayresimler.com\/urun\/1\/17TL-WN8200ND_5.jpg\" \/><\/div>\n<table width=\"800px\" align=\"center\">\n<tbody>\n<tr>\n<td>\n<div>TP-Link Hakk\u0131nda<\/div>\n<\/td>\n<\/tr>\n<tr>\n<td>\n<div>TP-Link 120yi a\u015fk\u0131n \u00fclkede bulunan ve milyonlarca m\u00fc\u015fterisi ile beraber d\u00fcnyan\u0131n 1 numaral\u0131 kablosuz a\u011f \u00fcreticisidir G\u00fc\u00e7l\u00fc ARGEsi, verimli ve s\u0131k\u0131 y\u00f6netimi ile beraber, t\u00fcm d\u00fcnya \u00e7ap\u0131ndaki kullan\u0131c\u0131lar i\u00e7in, ADSL, Routers, IP Kameralar, Powerline Adat\u00f6rler, Pirint Sunucular, Medya \u00c7eviriciler ve A\u011f sunucular\u0131 ile beraber \u00f6d\u00fcl kazanan \u00fcr\u00fcnler \u00fcretmeye devam etmektedir.<\/p>\n<p>Milyonlarca kullan\u0131c\u0131n\u0131n vermi\u015f oldu\u011fu g\u00fcvenle, TP-Link rekabet\u00e7i a\u011f markalar\u0131n\u0131n i\u00e7inde a\u011f \u00fcr\u00fcnleri \u00fcreterek d\u00fcnyada ilk 3 s\u0131raya girmeyi hedefleyen ve d\u00fcnya pazar\u0131nda de\u011ferli m\u00fc\u015fterilerimizin hayat\u0131n\u0131 kolayla\u015ft\u0131racak a\u011f \u00fcr\u00fcnlerini d\u00fcnya pazar\u0131na sunmaya devam etmektedir.<\/p><\/div>\n<\/td>\n<\/tr>\n<tr>\n<td>\n<div>D\u00fcnyan\u0131n 1 Numaral\u0131 Kablosuz A\u011f Markas\u0131<\/div>\n<\/td>\n<\/tr>\n<tr>\n<td>\n<div>D\u00fcnyada kablosuz a\u011f \u00fcr\u00fcnleri kullanan insanlar\u0131n yakla\u015f\u0131k olarak yar\u0131s\u0131 TP-Link kullan\u0131yor. Her g\u00fcn sevk edilen 150.000&#8217;den fazla \u00fcr\u00fcn, ara\u015ft\u0131rma ve geli\u015ftirmeye yap\u0131lan \u00f6nemli yat\u0131r\u0131mlar ve \u015firket i\u00e7indeki titiz tasar\u0131m, \u00fcretim ve testler ile kablosuz a\u011f alan\u0131nda d\u00fcnya lideri olmaktan gurur duyuyoruz.<\/p>\n<p>*En son yay\u0131nlanan IDC D\u00fcnya \u00c7ap\u0131nda \u00c7eyreklik WLAN Takip Raporu&#8217;na (Q3 2016) g\u00f6re.<\/p><\/div>\n<div align=\"center\"><img decoding=\"async\" src=\"http:\/\/www.detayresimler.com\/urun\/1\/17TL-WN8200ND_6.jpg\" \/><\/div>\n<\/td>\n<\/tr>\n<tr>\n<td>\n<div align=\"center\"><img decoding=\"async\" src=\"http:\/\/www.detayresimler.com\/urun\/1\/17TL-WN8200ND_7.jpg\" \/><\/div>\n<\/td>\n<\/tr>\n<\/tbody>\n<\/table>\n<table>\n<thead>\n<tr>\n<th colspan=\"2\">DONANIM \u00d6ZELL\u0130KLER\u0130<\/th>\n<\/tr>\n<\/thead>\n<tbody>\n<tr>\n<th width=\"35%\">Arabirim<\/th>\n<td width=\"65%\">Mini USB<\/td>\n<\/tr>\n<tr>\n<th width=\"35%\">Buton<\/th>\n<td width=\"65%\">WPS<\/td>\n<\/tr>\n<tr>\n<th width=\"35%\">Kablosuz Standartlar\u0131<\/th>\n<td width=\"65%\">IEEE 802.11n, IEEE 802.11g, IEEE 802.11b<\/td>\n<\/tr>\n<tr>\n<th width=\"35%\">Boyutlar ( W X D X H )<\/th>\n<td width=\"65%\">90.8 x 60.7 x 24mm<\/td>\n<\/tr>\n<tr>\n<th width=\"35%\">Anten Tipi<\/th>\n<td width=\"65%\">2 x Detachable Omni Directional (RP-SMA)<\/td>\n<\/tr>\n<tr>\n<th width=\"35%\">Anten Kazanc\u0131<\/th>\n<td width=\"65%\">5dBi<\/td>\n<\/tr>\n<\/tbody>\n<\/table>\n<table>\n<thead>\n<tr>\n<th colspan=\"2\">KABLOSUZ \u00d6ZELL\u0130KLER\u0130<\/th>\n<\/tr>\n<\/thead>\n<tbody>\n<tr>\n<th width=\"35%\">Frekans<\/th>\n<td width=\"65%\">2.4-2.4835GHz<\/td>\n<\/tr>\n<tr>\n<th width=\"35%\">Ba\u011flant\u0131 H\u0131z\u0131<\/th>\n<td width=\"65%\">TxUp to 150Mbps RxUp to 300Mbps<\/td>\n<\/tr>\n<tr>\n<th width=\"35%\">\u0130letim G\u00fcc\u00fc<\/th>\n<td width=\"65%\"><\/td>\n<\/tr>\n<tr>\n<th width=\"35%\">Kablosuz Modlar\u0131<\/th>\n<td width=\"65%\">Ad-Hoc \/ Infrastructure mode<\/td>\n<\/tr>\n<tr>\n<th width=\"35%\">Kablosuz G\u00fcvenlik<\/th>\n<td width=\"65%\">Support 64\/128 bit WEP, WPA\/WPA2, WPA-PSK\/WPA2-PSK<\/td>\n<\/tr>\n<\/tbody>\n<\/table>\n<table>\n<thead>\n<tr>\n<th colspan=\"2\">D\u0130\u011eERLER\u0130<\/th>\n<\/tr>\n<\/thead>\n<tbody>\n<tr>\n<th width=\"35%\">Paket \u0130\u00e7eri\u011fi<\/th>\n<td width=\"65%\">TL-WN8200ND 2 x 5dBi Detachable Omni Directional Antennas Resource CD Quick Installation Guide 1.5m USB Extension Cable<\/td>\n<\/tr>\n<tr>\n<th width=\"35%\">Sistem Gereksinimleri<\/th>\n<td width=\"65%\">Windows 8 ( 32\/64bits), Windows 7( 32\/64bits), Windows Vista( 32\/64bits), Windows XP( 32\/64bits)<\/td>\n<\/tr>\n<tr>\n<th width=\"35%\">Ortam<\/th>\n<td width=\"65%\">Operating Temperature: 0~40 ( 32~104) Storage Temperature: -40~70 ( -40~158) Operating Humidity: 10%~90% non-condensing Storage Humidity: 5%~90% non-condensing<\/td>\n<\/tr>\n<\/tbody>\n<\/table>\n<\/td>\n<\/tr>\n<\/tbody>\n<\/table>\n<\/td>\n<\/tr>\n<\/tbody>\n<\/table>\n","protected":false},"excerpt":{"rendered":"<p>\u00c7ok uzun transmisyon mesafesi sa\u011flamak i\u00e7in y\u00fcksek g\u00fc\u00e7 ve al\u0131\u015f duyarl\u0131l\u0131\u011f\u0131 300Mbps transmisyon h\u0131z\u0131, bant geni\u015fli\u011fini yo\u011fun kullanan g\u00f6revler i\u00e7in idealdir WPS d\u00fc\u011fmesine basarak kolayca kablosuz g\u00fcvenlik \u015fifrelemesi 1.5 metrelik USB uzatma kablosu uygun \u015fekilde da\u011f\u0131t\u0131ma izin verir Windows XP \/ Vista \/ 7 \/ 8 deste\u011fi G\u00fc\u00e7l\u00fc Kapsama Alan\u0131 i\u00e7in Y\u00fcksek G\u00fc\u00e7 Y\u00fcksek iletim &hellip;<\/p>\n<p class=\"read-more\"> <a class=\" thunk-readmore button \" href=\"https:\/\/bilginteknoloji.com\/woo\/urun\/tp-link-tl-wn8200nd-300mbps-2-4ghz-2x5dbi-anten-usb2-0\/\"> <span class=\"screen-reader-text\">TP-LINK TL-WN8200ND, 300Mbps, 2.4Ghz, 2x5dBi Anten, USB2.0<\/span>Read More<\/a><\/p>\n","protected":false},"featured_media":1004,"template":"","meta":{"om_disable_all_campaigns":false,"_monsterinsights_skip_tracking":false,"_monsterinsights_sitenote_active":false,"_monsterinsights_sitenote_note":"","_monsterinsights_sitenote_category":0},"product_cat":[170],"product_tag":[],"class_list":{"0":"post-1003","1":"product","2":"type-product","3":"status-publish","4":"has-post-thumbnail","6":"product_cat-access-point-routerlar","7":"thunk-woo-product-list","8":"opn-qv-enable","9":"top-store-woo-hover-zoom","10":"top-store-single-product-tab-horizontal","11":"top-store-shadow-","12":"top-store-shadow-hover-","14":"first","15":"instock","16":"taxable","17":"shipping-taxable","18":"product-type-simple"},"aioseo_notices":[],"_links":{"self":[{"href":"https:\/\/bilginteknoloji.com\/woo\/wp-json\/wp\/v2\/product\/1003","targetHints":{"allow":["GET"]}}],"collection":[{"href":"https:\/\/bilginteknoloji.com\/woo\/wp-json\/wp\/v2\/product"}],"about":[{"href":"https:\/\/bilginteknoloji.com\/woo\/wp-json\/wp\/v2\/types\/product"}],"wp:featuredmedia":[{"embeddable":true,"href":"https:\/\/bilginteknoloji.com\/woo\/wp-json\/wp\/v2\/media\/1004"}],"wp:attachment":[{"href":"https:\/\/bilginteknoloji.com\/woo\/wp-json\/wp\/v2\/media?parent=1003"}],"wp:term":[{"taxonomy":"product_cat","embeddable":true,"href":"https:\/\/bilginteknoloji.com\/woo\/wp-json\/wp\/v2\/product_cat?post=1003"},{"taxonomy":"product_tag","embeddable":true,"href":"https:\/\/bilginteknoloji.com\/woo\/wp-json\/wp\/v2\/product_tag?post=1003"}],"curies":[{"name":"wp","href":"https:\/\/api.w.org\/{rel}","templated":true}]}}