{"id":659,"date":"2024-08-13T16:42:42","date_gmt":"2024-08-13T13:42:42","guid":{"rendered":"https:\/\/bilginteknoloji.com\/woo\/?page_id=659"},"modified":"2024-09-28T14:30:15","modified_gmt":"2024-09-28T11:30:15","slug":"nasil-siparis-veririm","status":"publish","type":"page","link":"https:\/\/bilginteknoloji.com\/woo\/nasil-siparis-veririm\/","title":{"rendered":"Son Kullan\u0131c\u0131 Olarak Sipari\u015f Verebilir miyim ?"},"content":{"rendered":"<p><\/p><p>Web sayfam\u0131zdaki Kampanya ve Fiyat bilgilerine, bayi ba\u015fvuru formunu doldurup bayili\u011finiz aktif olduktan sonra sipari\u015f verebilirsiniz .<\/p><p><br><strong>Nas\u0131l Bayi Olurum ?<\/strong><\/p><p>Sipari\u015f verebilmek i\u00e7in ana sayfada bulunan &#8220;<strong>Bayi Ba\u015fvuru Formu<\/strong>&#8221; butonunu t\u0131klay\u0131n\u0131z. Sizden istenen bilgilerinizi eksiksiz doldurunuz ve BA\u015eVURU YAP butonuna bas\u0131n\u0131z.<br><br><\/p><p><strong>Al\u0131\u015fveri\u015fe ba\u015flamak i\u00e7in?<\/strong><\/p><p>Size verilen bayi \u015fifreniz ile E-Mail adresinizi ana sayfada bulunan Giri\u015f Yap b\u00f6l\u00fcm\u00fcne girerek al\u0131\u015fveri\u015fe ba\u015flayabilirsiniz.<\/p><p>Al\u0131\u015fveri\u015f yaparken se\u00e7ti\u011finiz \u00fcr\u00fcnleri sepetinize SEPETE EKLE butonu ile ekleyebilirsiniz.<\/p><p>Sepetinize \u00fcr\u00fcn ekledi\u011finizde; sayfan\u0131z SEPET\u0130N\u0130ZE y\u00f6nlenmeyecektir. Farkl\u0131 bir \u00fcr\u00fcn daha sepetenize eklemeyip direk sat\u0131n alma yapmak istiyorsan\u0131z sayfan\u0131n sa\u011f \u00fcst k\u00f6\u015fesinde bulunan &#8220;Sepetim&#8221; butonuna t\u0131klayarak sepetinize gidebilirsiniz.<\/p><p>Sepetiniz sayfas\u0131nda adet k\u0131sm\u0131ndan \u00fcr\u00fcn\u00fcn\u00fcz\u00fcn adetini de\u011fi\u015ftirebilir, \u00fcr\u00fcn\u00fcn\u00fcz\u00fcn KDV dahil toplam tutar\u0131n\u0131 g\u00f6rebilir veya sepetinizden \u00fcr\u00fcnleri silebilirsiniz.<\/p><p>Teslimat bilgileri ad\u0131m\u0131nda adres bilgilerinizi, kargo se\u00e7ene\u011finizi girip kaydettikten sonra \u00f6deme a\u015famas\u0131na ge\u00e7ebilirsiniz.<\/p><p>Daha sonra &#8220;Teslimat Bilgileri&#8221; ad\u0131m\u0131ndan \u00fcr\u00fcnlerinizin gelece\u011fi adresi se\u00e7melisiniz.<\/p><p>Faturan\u0131zdaki adresin farkl\u0131 olmas\u0131n\u0131 istiyorsan\u0131z, &#8220;Fatura \u00fczerinde yazan adresi farkl\u0131 belirlemek istiyorum&#8221; b\u00f6l\u00fcm\u00fcn\u00fc t\u0131klayarak fatura adresini giriniz. Ard\u0131ndan &#8220;Devam Et&#8221; butonuna t\u0131klay\u0131n\u0131z.<\/p><p>Sipari\u015finizin faturas\u0131n\u0131n do\u011fru kesilebilmesi ve teslimatta problem ya\u015fanmamas\u0131 i\u00e7in fatura bilgilerinizin ve teslimat bilgilerinizin eksiksiz ve do\u011fru oldu\u011fundan emin olunuz.<\/p><p>\u00d6deme sayfas\u0131nda kar\u015f\u0131n\u0131za alaca\u011f\u0131n\u0131z \u00fcr\u00fcn\u00fcn KDV hari\u00e7 fiyat\u0131, KDV tutar\u0131, varsa Kargo tutar\u0131 ve toplam tutar\u0131 gelmektedir.<\/p><p>Bu sayfada fatura, teslimat, sepetinizdeki \u00fcr\u00fcnler ve miktar\u0131 se\u00e7ene\u011finizin do\u011frulunu kontrol etmeniz, \u00f6n bilgilendirme formunu okuyarak okudu\u011funuzu kabul etmeniz, sat\u0131\u015f s\u00f6zle\u015fmesini okuyarak onaylaman\u0131z gerekmektedir.<\/p><p>Al\u0131\u015fveri\u015fi tamamlamak i\u00e7in :<\/p><p>\u00d6demenize ait bilgilerinizi (dekont) taraf\u0131m\u0131za bildirmeniz gerekmektedir.<\/p><p>Al\u0131\u015fveri\u015finizi bitirdi\u011finizde sipari\u015finizin tamamland\u0131\u011f\u0131n\u0131 belirten bir sayfa kar\u015f\u0131n\u0131za gelecektir. Bu hem size hem de firmam\u0131za bilgilendirme ekran\u0131 olarak payla\u015f\u0131lacakt\u0131r. \u00d6demenizin ard\u0131ndan \u00fcr\u00fcn\/leriniz belirtmi\u015f oldu\u011funuz kargo adresine kargo ile g\u00f6nderilecektir.<\/p><p>Bu sayfada sipari\u015f numaran\u0131z, ald\u0131\u011f\u0131n\u0131z \u00fcr\u00fcnler, teslimat ve fatura adresiniz bulunmaktad\u0131r. Bu bilgiler ayn\u0131 \u015fekilde mail adresinize de g\u00f6nderilmektedir.<\/p><p>Sipari\u015finizin ve \u00f6demenizin onaylanmas\u0131 ve teslimat a\u015famas\u0131nda bir sorun ya\u015famaman\u0131z i\u00e7in banka da ve sitemizde ileti\u015fim ve adres bilgilerinizin do\u011fru, g\u00fcncel ve eksiksiz olmas\u0131 gerekmektedir.<\/p><p>Promosyon Kodlu Al\u0131\u015fveri\u015flerde :<\/p><p>Promosyon kodlu al\u0131\u015fveri\u015flerinizde \u00fcr\u00fcnlerinizi sepete ekledikten sonra sepetinizde kar\u015f\u0131n\u0131za promosyon kodunu girmeniz i\u00e7in bir alan \u00e7\u0131kacakt\u0131r.<\/p><p>Al\u0131\u015fveri\u015finizi tamamlamak i\u00e7in promosyon kodunu girdikten sonra teslimat b\u00f6l\u00fcm\u00fcne ge\u00e7erek bilgileri doldurup \u00f6deme a\u015famas\u0131na ge\u00e7ebilirsiniz.<\/p><p>Promosyon kodunu girdikten sonra yeni bir \u00fcr\u00fcn sepete eklemek isterseniz yeni \u00fcr\u00fcn\u00fcn\u00fcz promosyon kodlu \u00f6demeye dahil olmayacakt\u0131r.<\/p><p>Kargo i\u015flemleri :<\/p><p>Do\u011fal afet, yang\u0131n ve ter\u00f6r gibi ola\u011fan d\u0131\u015f\u0131 durumlarda teslimat s\u00fcresi de\u011fi\u015fiklik g\u00f6sterebilmektedir.<\/p><p>Sipari\u015finize ait takip i\u015flemlerinizi sayfan\u0131n \u00fcst\u00fcnde \u00e7\u0131kan S\u0130PAR\u0130\u015e TAK\u0130B\u0130 b\u00f6l\u00fcm\u00fcnden S\u0130PAR\u0130\u015e NUMARANIZ ile yapabilirsiniz.<\/p><p>\u00dcr\u00fcn teslimat\u0131, sipari\u015f esnas\u0131nda belirtti\u011finiz adrese yap\u0131lacakt\u0131r.<\/p><p>Sipari\u015finizi tamamlad\u0131ktan sonra teslimat isminde de\u011fi\u015fiklik yap\u0131lamamaktad\u0131r.<\/p><p>BT Bilgin Teknoloji internet sitesinden yapt\u0131\u011f\u0131n\u0131z al\u0131\u015fveri\u015fleriniz t\u00fcm T\u00fcrkiye&#8217;ye kargo yoluyla ula\u015ft\u0131r\u0131lmaktad\u0131r. T\u00fcrkiye s\u0131n\u0131rlar\u0131 d\u0131\u015f\u0131na teslimat yap\u0131lmamaktad\u0131r.<\/p><p>Kargo tutana\u011f\u0131n\u0131 imzalamadan \u00f6nce \u00fcr\u00fcn\u00fcn\u00fcz\u00fcn kutusunun ta\u015f\u0131madan dolay\u0131 hasarl\u0131 olup olmad\u0131\u011f\u0131n\u0131 l\u00fctfen kontrol ediniz. Kutuda herhangi bir nedenle hasar var ise, i\u00e7erisinde eksik ya da hasarl\u0131 \u00fcr\u00fcn var ise, teslimatla ilgili hi\u00e7bir belgeyi imzalamadan kargo yetkilisine tutanak tutulmas\u0131 i\u00e7in kutunuzu iade ediniz. Size taraf\u0131m\u0131zdan yeni \u00fcr\u00fcnleriniz derhal g\u00f6nderilecektir. Hasarl\u0131 veya eksik olan \u00fcr\u00fcnlerin teslim al\u0131nmas\u0131 durumunda \u00fcr\u00fcnlerin hasar\u0131ndan veya eksikli\u011finden BT Bilgin Teknoloji ve Dan\u0131\u015fmanl\u0131k Hizmetleri sorumlu de\u011fildir.&#8221;<\/p><p>Sipari\u015fimi nas\u0131l takip ederim?<\/p><p>Mail adresinize g\u00f6nderilen ve sipari\u015f \u00f6zetinizde yer alan S\u0130PAR\u0130\u015e NUMARANIZ ile dilerseniz taraf\u0131m\u0131za ula\u015f\u0131m sa\u011flayarak, dilerseniz taraf\u0131n\u0131za iletilen kargo takip numaran\u0131z ile takibini yapabilirsiniz.<\/p><p>\u00dcr\u00fcn\u00fcm eksik \u00e7\u0131karsa ne yapmal\u0131y\u0131m?<\/p><p>\u00dcr\u00fcn\u00fcn\u00fcz\u00fcn teslimat s\u0131ras\u0131nda kutusunun ta\u015f\u0131madan dolay\u0131 hasarl\u0131 olup olmad\u0131\u011f\u0131n\u0131 ve eksiksiz oldu\u011funu kontrol ediniz. \u00dcr\u00fcn\u00fcn\u00fcz\u00fcn eksik, hasarl\u0131 veya ambalaj\u0131n\u0131n bozuk \u00e7\u0131kmas\u0131 durumunda kargo g\u00f6revlisine tutanak tutturarak sipari\u015fi teslim almay\u0131n\u0131z. Sipari\u015finizi teslim almad\u0131\u011f\u0131n\u0131z durumlarda l\u00fctfen 0224 246 2525 numaral\u0131 telefonu arayarak mesafeli sat\u0131\u015f yetkilisine bilgi veriniz. Size taraf\u0131m\u0131zdan yeni \u00fcr\u00fcnleriniz derhal g\u00f6nderilecektir. Kutusu hasarl\u0131 olan \u00fcr\u00fcnlerin teslim al\u0131nmas\u0131 durumunda i\u00e7indeki \u00fcr\u00fcnlerin hasar\u0131ndan veya eksikli\u011finden bilginteknoloji.com sorumlu de\u011fildir.<\/p><p>Kurulumda servis gerektiren \u00fcr\u00fcnlerde ne yapmal\u0131y\u0131m?<\/p><p>Sipari\u015finiz teslim ald\u0131ktan sonra size en yak\u0131n anla\u015fmal\u0131 servis veya yetkili servis ile irtibata ge\u00e7erek \u00fcr\u00fcn\u00fcn\u00fcz\u00fcn kurulumunu yapt\u0131rabilirsiniz. \u00d6zellikle alm\u0131\u015f oldu\u011funuz televizyonlar\u0131n kurulumlar\u0131, garanti s\u00fcre\u00e7lerinin sa\u011fl\u0131kl\u0131 i\u015fleyebilmesi i\u00e7in yetkili servislerince yap\u0131lmas\u0131 gerekmektedir. Televizyon ald\u0131\u011f\u0131n\u0131z zaman kutuyu a\u00e7madan mutlaka yetkili servisi ile ileti\u015fime ge\u00e7erek kurulum i\u015flemini yapt\u0131r\u0131n\u0131z. Kurulum bedeli gerektiren \u00fcr\u00fcnlerde servis ve kurulum bedelleri BT Bilgin Teknoloji&#8217;ye ait de\u011fildir.<\/p><p>Sat\u0131n Ald\u0131\u011f\u0131m \u00dcr\u00fcnden Memnun Kalmazsam Nas\u0131l \u0130ade Ederim<\/p><p>T\u00fcketici, yaln\u0131zca mesafeli sat\u0131\u015flarda (Telefon ve internet \u00fczerinden yap\u0131lan sat\u0131\u015flar) 6502 say\u0131l\u0131 T\u00fcketicinin Korunmas\u0131 Hakk\u0131ndaki Kanun ve Mesafeli S\u00f6zle\u015fmelere Dair Y\u00f6netmelik gere\u011fi, hi\u00e7bir gerek\u00e7e g\u00f6stermeksizin ve cezai \u015fart \u00f6demeksizin sat\u0131n alm\u0131\u015f oldu\u011fu \u00fcr\u00fcn\u00fc, teslim ald\u0131\u011f\u0131 tarihten itibaren 14 g\u00fcn i\u00e7erisinde , \u00f6n bilgilendirme formunda ve s\u00f6zle\u015fme metninde yaz\u0131l\u0131 olan usule uyarak iade edebilir veya de\u011fi\u015ftirebilir. Cayma bildirimi taraf\u0131m\u0131za ula\u015ft\u0131\u011f\u0131 tarihten itibaren 7 g\u00fcn i\u00e7erisinde, \u00fcr\u00fcne herhangi bir hasar verilmemesi ve eksiksiz teslim edilmesi \u015fart\u0131yla, tercihinize g\u00f6re \u00fcr\u00fcn\u00fc iade alarak bedelini taraf\u0131n\u0131za \u00f6demeyi veya \u00fcr\u00fcn bedeli kadar al\u0131\u015fveri\u015f kuponu vermeyi taahh\u00fct ederiz. Ancak sat\u0131n al\u0131nan elektronik \u00fcr\u00fcnlerde; sim kart tak\u0131lmas\u0131, wifi ile network ba\u011flant\u0131 kurulmas\u0131, kurulum yap\u0131lmas\u0131, sarf malzemesinin kullan\u0131lm\u0131\u015f olmas\u0131, koruyucu bantlar\u0131n \u00e7\u0131kar\u0131lm\u0131\u015f olmas\u0131, aktivasyon yap\u0131lmas\u0131 ve kullan\u0131c\u0131 yarat\u0131lmas\u0131 halinde iade kabul edilmemektedir. Ticari veya mesleki ama\u00e7larla hareket eden t\u00fczel ki\u015fi ve \/ veya ki\u015filer cayma hakk\u0131ndan ve cayma hakk\u0131ndan do\u011fan hi\u00e7bir haktan faydalanamaz.<\/p><p>Yaz\u0131l\u0131m \u00fcr\u00fcnlerini iade edebilirmiyim?<\/p><p>Yaz\u0131l\u0131mlar kesinlikle iade al\u0131nmamakta veya de\u011fi\u015fimi yap\u0131lmamaktad\u0131r.<\/p><p>Sarf malzemelerinde iade s\u00fcreci nedir?<\/p><p><strong>Sarf malzemelerinde veya i\u00e7erisinde sarf malzeme bulunan (yaz\u0131c\u0131, projeksiyon vb.) \u00fcr\u00fcnler a\u00e7\u0131ld\u0131\u011f\u0131 taktirde iade\/de\u011fi\u015fim i\u015flemi yap\u0131lamaz.<\/strong><\/p><p>\u00dcr\u00fcn iade s\u00fcrecinden sonra \u00f6dedi\u011fim \u00fccreti nas\u0131l geri al\u0131r\u0131m?<\/p><p>\u0130ade ko\u015fullar\u0131nda belirtilen \u015fartlara uygun taleplerinizde; ilgili \u00fcr\u00fcn BT Bilgin Teknoloji&#8217;ye ula\u015ft\u0131\u011f\u0131 andan itibaren on (10) g\u00fcn i\u00e7erisinde \u00fcr\u00fcn bedeli \u00f6deme yapt\u0131\u011f\u0131n\u0131z hesaba iade edilecektir.<\/p>","protected":false},"excerpt":{"rendered":"<p>Web sayfam\u0131zdaki Kampanya ve Fiyat bilgilerine, bayi ba\u015fvuru formunu doldurup bayili\u011finiz aktif olduktan sonra sipari\u015f verebilirsiniz . Nas\u0131l Bayi Olurum ? Sipari\u015f verebilmek i\u00e7in ana sayfada bulunan &#8220;Bayi Ba\u015fvuru Formu&#8221; butonunu t\u0131klay\u0131n\u0131z. Sizden istenen bilgilerinizi eksiksiz doldurunuz ve BA\u015eVURU YAP butonuna bas\u0131n\u0131z. Al\u0131\u015fveri\u015fe ba\u015flamak i\u00e7in? Size verilen bayi \u015fifreniz ile E-Mail adresinizi ana sayfada bulunan &hellip;<\/p>\n<p class=\"read-more\"> <a class=\" thunk-readmore button \" href=\"https:\/\/bilginteknoloji.com\/woo\/nasil-siparis-veririm\/\"> <span class=\"screen-reader-text\">Son Kullan\u0131c\u0131 Olarak Sipari\u015f Verebilir miyim ?<\/span>Read More<\/a><\/p>\n","protected":false},"author":1,"featured_media":0,"parent":0,"menu_order":0,"comment_status":"closed","ping_status":"closed","template":"","meta":{"om_disable_all_campaigns":false,"_monsterinsights_skip_tracking":false,"_monsterinsights_sitenote_active":false,"_monsterinsights_sitenote_note":"","_monsterinsights_sitenote_category":0,"footnotes":""},"class_list":["post-659","page","type-page","status-publish","hentry","thunk-woo-product-list","opn-qv-enable","top-store-woo-hover-zoom","top-store-single-product-tab-horizontal","top-store-shadow-","top-store-shadow-hover-"],"aioseo_notices":[],"_links":{"self":[{"href":"https:\/\/bilginteknoloji.com\/woo\/wp-json\/wp\/v2\/pages\/659","targetHints":{"allow":["GET"]}}],"collection":[{"href":"https:\/\/bilginteknoloji.com\/woo\/wp-json\/wp\/v2\/pages"}],"about":[{"href":"https:\/\/bilginteknoloji.com\/woo\/wp-json\/wp\/v2\/types\/page"}],"author":[{"embeddable":true,"href":"https:\/\/bilginteknoloji.com\/woo\/wp-json\/wp\/v2\/users\/1"}],"replies":[{"embeddable":true,"href":"https:\/\/bilginteknoloji.com\/woo\/wp-json\/wp\/v2\/comments?post=659"}],"version-history":[{"count":2,"href":"https:\/\/bilginteknoloji.com\/woo\/wp-json\/wp\/v2\/pages\/659\/revisions"}],"predecessor-version":[{"id":1431,"href":"https:\/\/bilginteknoloji.com\/woo\/wp-json\/wp\/v2\/pages\/659\/revisions\/1431"}],"wp:attachment":[{"href":"https:\/\/bilginteknoloji.com\/woo\/wp-json\/wp\/v2\/media?parent=659"}],"curies":[{"name":"wp","href":"https:\/\/api.w.org\/{rel}","templated":true}]}}