{"id":3,"date":"2024-08-05T13:51:17","date_gmt":"2024-08-05T10:51:17","guid":{"rendered":"https:\/\/bilginteknoloji.com\/woo\/?page_id=3"},"modified":"2024-08-13T16:19:50","modified_gmt":"2024-08-13T13:19:50","slug":"gizlilik-ilkesi","status":"publish","type":"page","link":"https:\/\/bilginteknoloji.com\/woo\/gizlilik-ilkesi\/","title":{"rendered":"Gizlilik Politikas\u0131"},"content":{"rendered":"<p>BT B\u0130LG\u0130N TEKNOLOJ\u0130 VE DANI\u015eMANLIK H\u0130ZMETLER\u0130 Bilgisayar, Elektronik Ltd. \u015eti.&nbsp;<strong>(&#8220;BT B\u0130LG\u0130N TEKNOLOJ\u0130 VE DANI\u015eMANLIK H\u0130ZMETLER\u0130&#8221;)<\/strong>&nbsp;olarak, kullan\u0131c\u0131lar\u0131m\u0131z\u0131n hizmetlerimizden g\u00fcvenli ve eksiksiz \u015fekilde faydalanmalar\u0131n\u0131 sa\u011flamak amac\u0131yla sitemizi kullanan \u00fcyelerimizin gizlili\u011fini korumak i\u00e7in \u00e7al\u0131\u015f\u0131yoruz. Bu do\u011frultuda, i\u015fbu BT B\u0130LG\u0130N TEKNOLOJ\u0130 VE DANI\u015eMANLIK H\u0130ZMETLER\u0130 Gizlilik Politikas\u0131&nbsp;<strong>(&#8220;Politika&#8221;)<\/strong>, \u00fcyelerimizin ki\u015fisel verilerinin 6698 say\u0131l\u0131 Ki\u015fisel Verilerin Korunmas\u0131 Kanunu&nbsp;<strong>(&#8220;Kanun&#8221;)<\/strong>&nbsp;ile tamamen uyumlu bir \u015fekilde i\u015flenmesi ve kullan\u0131c\u0131lar\u0131m\u0131z\u0131 bu ba\u011flamda bilgilendirmek amac\u0131yla haz\u0131rlanm\u0131\u015ft\u0131r. BT Bilgin Teknoloji ve Dan\u0131\u015fmanl\u0131k Hizmetleribayi.com \u00e7erez politikas\u0131 \u0130\u015fbu Politika\u2019n\u0131n ayr\u0131lmaz par\u00e7as\u0131d\u0131r.<\/p><p>\u0130\u015fbu Politika\u2019n\u0131n amac\u0131, BT B\u0130LG\u0130N TEKNOLOJ\u0130 VE DANI\u015eMANLIK H\u0130ZMETLER\u0130 taraf\u0131ndan i\u015fletilmekte olan&nbsp;<strong>www.bilginteknoloji.com<\/strong>&nbsp;internet sitesi ile mobil uygulaman\u0131n (hepsi birlikte&nbsp;<strong>&#8220;Platform&#8221;<\/strong>&nbsp;olarak an\u0131lacakt\u0131r) i\u015fletilmesi s\u0131ras\u0131nda Platform \u00fcyeleri\/ziyaret\u00e7ileri\/kullan\u0131c\u0131lar\u0131 (hepsi birlikte&nbsp;<strong>&#8220;Veri Sahibi&#8221;<\/strong>&nbsp;olarak an\u0131lacakt\u0131r) taraf\u0131ndan BT B\u0130LG\u0130N TEKNOLOJ\u0130 VE DANI\u015eMANLIK H\u0130ZMETLER\u0130 ile payla\u015f\u0131lan veya BT B\u0130LG\u0130N TEKNOLOJ\u0130 VE DANI\u015eMANLIK H\u0130ZMETLER\u0130\u2019in, Veri Sahibi\u2019nin Platform\u2019u kullan\u0131m\u0131 s\u0131ras\u0131nda \u00fcretti\u011fi ki\u015fisel verilerin kullan\u0131m\u0131na ili\u015fkin ko\u015ful ve \u015fartlar\u0131 tespit etmektir.<\/p><p><strong>Hangi Veriler \u0130\u015flenmektedir?<\/strong><\/p><p>A\u015fa\u011f\u0131da BT B\u0130LG\u0130N TEKNOLOJ\u0130 VE DANI\u015eMANLIK H\u0130ZMETLER\u0130 taraf\u0131ndan i\u015flenen ve Kanun uyar\u0131nca ki\u015fisel veri say\u0131lan verilerin hangileri oldu\u011fu s\u0131ralanm\u0131\u015ft\u0131r. Aksi a\u00e7\u0131k\u00e7a belirtilmedik\u00e7e, i\u015fbu Politika kapsam\u0131nda arz edilen h\u00fck\u00fcm ve ko\u015fullar kapsam\u0131nda &#8220;ki\u015fisel veri&#8221; ifadesi a\u015fa\u011f\u0131da yer alan bilgileri kapsayacakt\u0131r.<\/p><ul class=\"wp-block-list\"><li>Kimlik Bilgisi<\/li>\n\n<li>\u0130leti\u015fim Bilgisi<\/li>\n\n<li>Kullan\u0131c\u0131 Bilgisi<\/li>\n\n<li>Kullan\u0131c\u0131 \u0130\u015flem Bilgisi<\/li>\n\n<li>\u0130\u015flem G\u00fcvenli\u011fi Bilgisi<\/li>\n\n<li>Finansal Bilgi<\/li>\n\n<li>Pazarlama Bilgisi<\/li>\n\n<li>Talep\/\u015eikayet Y\u00f6netimi Bilgisi<\/li><\/ul><p>Ki\u015fisel Verilerin Korunmas\u0131 Kanunu\u2019nun 3. ve 7. maddeleri dairesince, geri d\u00f6nd\u00fcr\u00fclemeyecek \u015fekilde anonim hale getirilen veriler, an\u0131lan kanun h\u00fck\u00fcmleri uyar\u0131nca ki\u015fisel veri olarak kabul edilmeyecek ve bu verilere ili\u015fkin i\u015fleme faaliyetleri i\u015fbu Politika h\u00fck\u00fcmleri ile ba\u011fl\u0131 olmaks\u0131z\u0131n ger\u00e7ekle\u015ftirecektir.<\/p><p><strong>Ki\u015fisel Veri \u0130\u015fleme Ama\u00e7lar\u0131<\/strong><\/p><p>BT B\u0130LG\u0130N TEKNOLOJ\u0130 VE DANI\u015eMANLIK H\u0130ZMETLER\u0130, Veri Sahibi taraf\u0131ndan sa\u011flanan ki\u015fisel verileri, \u00fcyelik kayd\u0131 ve hesab\u0131n\u0131n olu\u015fturulmas\u0131 ve buna ili\u015fkin kay\u0131tlar\u0131n tutulmas\u0131, Veri Sahibi\u2019nin Platform \u00fczerinden sa\u011flanan hizmetlerden faydaland\u0131r\u0131lmas\u0131 sistem hatalar\u0131n\u0131n tespit edilerek performans takibinin yap\u0131lmas\u0131 ve Platform\u2019un i\u015fleyi\u015finin iyile\u015ftirilmesi, bak\u0131m ve destek hizmetleri ile yedekleme hizmetlerinin sunulmas\u0131 ama\u00e7lar\u0131 dahil olmak \u00fczere BT B\u0130LG\u0130N TEKNOLOJ\u0130 VE DANI\u015eMANLIK H\u0130ZMETLER\u0130 taraf\u0131ndan sunulan \u00fcr\u00fcn ve hizmetlerden ilgili ki\u015fileri faydaland\u0131rmak i\u00e7in gerekli \u00e7al\u0131\u015fmalar\u0131n i\u015f birimleri taraf\u0131ndan yap\u0131lmas\u0131 ve ilgili i\u015f s\u00fcre\u00e7lerinin y\u00fcr\u00fct\u00fclmesi ile bu \u00fcr\u00fcn ve hizmetlerin ilgili ki\u015filerin be\u011feni, kullan\u0131m al\u0131\u015fkanl\u0131klar\u0131 ve ihtiya\u00e7lar\u0131na g\u00f6re \u00f6zelle\u015ftirilerek ilgili ki\u015filere \u00f6nerilmesi ve tan\u0131t\u0131lmas\u0131 i\u00e7in gerekli olan aktivitelerin planlanmas\u0131 ve icras\u0131, BT B\u0130LG\u0130N TEKNOLOJ\u0130 VE DANI\u015eMANLIK H\u0130ZMETLER\u0130 taraf\u0131ndan y\u00fcr\u00fct\u00fclen ticari faaliyetlerin ger\u00e7ekle\u015ftirilmesi i\u00e7in ilgili i\u015f birimleri taraf\u0131ndan gerekli \u00e7al\u0131\u015fmalar\u0131n yap\u0131lmas\u0131 ve buna ba\u011fl\u0131 i\u015f s\u00fcre\u00e7lerinin y\u00fcr\u00fct\u00fclmesi, BT B\u0130LG\u0130N TEKNOLOJ\u0130 VE DANI\u015eMANLIK H\u0130ZMETLER\u0130 ve i\u015f ili\u015fkisi i\u00e7erisinde bulundu\u011fu ki\u015filerin hukuki, teknik ve ticari-i\u015f g\u00fcvenli\u011finin temini ile BT B\u0130LG\u0130N TEKNOLOJ\u0130 VE DANI\u015eMANLIK H\u0130ZMETLER\u0130\u2019in ticari ve\/veya i\u015f stratejilerinin planlanmas\u0131 ve icras\u0131 ama\u00e7lar\u0131yla i\u015flenebilecektir.<\/p><p><strong>Veri Sahiplerinin A\u00e7\u0131k R\u0131zas\u0131 Do\u011frultusunda \u0130\u015flenecek Ki\u015fisel Veriler ve \u0130\u015fleme Ama\u00e7lar\u0131<\/strong><\/p><p>Veri Sahibi\u2019nin a\u00e7\u0131k r\u0131zas\u0131 kapsam\u0131nda, BT B\u0130LG\u0130N TEKNOLOJ\u0130 VE DANI\u015eMANLIK H\u0130ZMETLER\u0130, Veri Sahipleri\u2019nin Platform \u00fczerindeki hareketlerini takip ederek kullan\u0131c\u0131 deneyiminin art\u0131r\u0131lmas\u0131, istatistik olu\u015fturulmas\u0131, profilleme yap\u0131lmas\u0131, do\u011frudan pazarlama ve yeniden pazarlama, Veri Sahibi\u2019ne \u00f6zel promosyon \u00f6nerilerinin olu\u015fturulmas\u0131 ve Veri Sahibi\u2019ne iletilmesi ve bu kapsamda elde edilen verilerin her t\u00fcrl\u00fc reklam ve materyal i\u00e7eri\u011finde kullan\u0131lmas\u0131 amac\u0131yla veri i\u015fleyebilecek ve a\u015fa\u011f\u0131da an\u0131lan taraflarla bu verileri payla\u015fabilecektir.<\/p><p><strong>Ki\u015fisel Verilerin Aktar\u0131m\u0131:<\/strong><\/p><p>BT B\u0130LG\u0130N TEKNOLOJ\u0130 VE DANI\u015eMANLIK H\u0130ZMETLER\u0130, Veri Sahibi\u2019ne ait ki\u015fisel verileri ve bu ki\u015fisel verileri kullan\u0131larak elde etti\u011fi yeni verileri, i\u015fbu Gizlilik Politikas\u0131 ile belirlenen ama\u00e7lar\u0131n ger\u00e7ekle\u015ftirilebilmesi i\u00e7in BT B\u0130LG\u0130N TEKNOLOJ\u0130 VE DANI\u015eMANLIK H\u0130ZMETLER\u0130\u2019in hizmetlerinden faydaland\u0131\u011f\u0131 \u00fc\u00e7\u00fcnc\u00fc ki\u015filere, s\u00f6z konusu hizmetlerin temini amac\u0131yla s\u0131n\u0131rl\u0131 olmak \u00fczere aktar\u0131labilecektir. BT B\u0130LG\u0130N TEKNOLOJ\u0130 VE DANI\u015eMANLIK H\u0130ZMETLER\u0130, Veri Sahibi deneyiminin geli\u015ftirilmesi (iyile\u015ftirme ve ki\u015fiselle\u015ftirme d\u00e2hil), Veri Sahibi\u2019nin g\u00fcvenli\u011fini sa\u011flamak, hileli ya da izinsiz kullan\u0131mlar\u0131 tespit etmek, operasyonel de\u011ferlendirme ara\u015ft\u0131r\u0131lmas\u0131, Platform hizmetlerine ili\u015fkin hatalar\u0131n giderilmesi ve i\u015fbu Gizlilik Politikas\u0131\u2019nda yer alan ama\u00e7lardan herhangi birisini ger\u00e7ekle\u015ftirebilmek i\u00e7in SMS g\u00f6nderimi yapanlar da dahil olmak \u00fczere d\u0131\u015f kaynak hizmet sa\u011flay\u0131c\u0131lar\u0131, bar\u0131nd\u0131rma hizmet sa\u011flay\u0131c\u0131lar\u0131 (hosting servisleri), hukuk b\u00fcrolar\u0131, ara\u015ft\u0131rma \u015firketleri, \u00e7a\u011fr\u0131 merkezleri gibi \u00fc\u00e7\u00fcnc\u00fc ki\u015filer ile payla\u015fabilecektir.<\/p><p>Ki\u015fisel veriler, Kanun\u2019un 8. ve 9. maddelerinde belirtilen ki\u015fisel veri i\u015fleme \u015fartlar\u0131 ve ama\u00e7lar\u0131 \u00e7er\u00e7evesinde BT B\u0130LG\u0130N TEKNOLOJ\u0130 VE DANI\u015eMANLIK H\u0130ZMETLER\u0130 Bilgisayar, Elektronik Ltd. \u015eti. \u015eirket yetkilileri, hissedarlar\u0131, i\u015f ortaklar\u0131m\u0131z, tedarik\u00e7ilerimiz, kanunen yetkili kamu kurum ve kurulu\u015flar\u0131 ile kanunen yetkili \u00f6zel kurumlar ile payla\u015f\u0131labilecek, bu ama\u00e7larla s\u0131n\u0131rl\u0131 olarak Kanun m.9\u2019da i\u015faret edilen usul esaslar ile Ki\u015fisel Verileri Koruma Kurulu kararlar\u0131 \u00e7er\u00e7evesinde yurt d\u0131\u015f\u0131na aktar\u0131labilecektir.<\/p><p><strong>Ki\u015fisel Verilerin Toplanma Y\u00f6ntemi ve Hukuki Sebebi<\/strong><\/p><p>Ki\u015fisel veriler, Platform \u00fczerinden ve elektronik ortamda toplanmaktad\u0131r. Yukar\u0131da belirtilen hukuki sebeplerle toplanan ki\u015fisel veriler 6698 say\u0131l\u0131 Kanun\u2019un 5. ve 6. maddelerinde ve bu Gizlilik Politikas\u0131\u2019nda belirtilen ama\u00e7larla i\u015flenebilmekte ve aktar\u0131labilmektedir.<\/p><p><strong>Ki\u015fisel Veri Sahibinin Haklar\u0131<\/strong><\/p><p>Kanun\u2019un 11. maddesi uyar\u0131nca veri sahipleri,<\/p><ul class=\"wp-block-list\"><li>Kendileri ile ilgili ki\u015fisel veri i\u015flenip i\u015flenmedi\u011fini \u00f6\u011frenme, ki\u015fisel verileri i\u015flenmi\u015fse buna ili\u015fkin bilgi talep etme,<\/li>\n\n<li>Ki\u015fisel verilerin i\u015flenme amac\u0131n\u0131 ve bunlar\u0131n amac\u0131na uygun kullan\u0131l\u0131p kullan\u0131lmad\u0131\u011f\u0131n\u0131 \u00f6\u011frenme, yurt i\u00e7inde veya yurt d\u0131\u015f\u0131nda ki\u015fisel verilerin aktar\u0131ld\u0131\u011f\u0131 \u00fc\u00e7\u00fcnc\u00fc ki\u015fileri bilme,<\/li>\n\n<li>Ki\u015fisel verilerin eksik veya yanl\u0131\u015f i\u015flenmi\u015f olmas\u0131 halinde bunlar\u0131n d\u00fczeltilmesini isteme ve bu kapsamda yap\u0131lan i\u015flemin ki\u015fisel verilerin aktar\u0131ld\u0131\u011f\u0131 \u00fc\u00e7\u00fcnc\u00fc ki\u015filere bildirilmesini isteme,<\/li>\n\n<li>Kanun ve ilgili di\u011fer kanun h\u00fck\u00fcmlerine uygun olarak i\u015flenmi\u015f olmas\u0131na ra\u011fmen, i\u015flenmesini gerektiren sebeplerin ortadan kalkmas\u0131 halinde ki\u015fisel verilerin silinmesini veya yok edilmesini isteme ve bu kapsamda yap\u0131lan i\u015flemin ki\u015fisel verilerin aktar\u0131ld\u0131\u011f\u0131 \u00fc\u00e7\u00fcnc\u00fc ki\u015filere bildirilmesini isteme,<\/li>\n\n<li>\u0130\u015flenen verilerin m\u00fcnhas\u0131ran otomatik sistemler vas\u0131tas\u0131yla analiz edilmesi suretiyle ki\u015finin kendisi aleyhine bir sonucun ortaya \u00e7\u0131kmas\u0131na itiraz etme ve ki\u015fisel verilerin kanuna ayk\u0131r\u0131 olarak i\u015flenmesi sebebiyle zarara u\u011framas\u0131 halinde zarar\u0131n giderilmesini talep etme haklar\u0131na sahiptir.<\/li><\/ul><p><strong>\u00c7erez Politikas\u0131:<\/strong><\/p><p>BT B\u0130LG\u0130N TEKNOLOJ\u0130 VE DANI\u015eMANLIK H\u0130ZMETLER\u0130 Bilgisayar, Elektronik Ltd. \u015eti.&nbsp;<strong>(&#8220;BT B\u0130LG\u0130N TEKNOLOJ\u0130 VE DANI\u015eMANLIK H\u0130ZMETLER\u0130&#8221;)<\/strong>&nbsp;olarak, kullan\u0131c\u0131lar\u0131m\u0131z\u0131n hizmetlerimizden g\u00fcvenli ve eksiksiz \u015fekilde faydalanmalar\u0131n\u0131 sa\u011flamak amac\u0131yla sitemizi kullanan ki\u015filerin gizlili\u011fini korumak i\u00e7in \u00e7al\u0131\u015f\u0131yoruz.<\/p><p>\u00c7o\u011fu web sitesinde oldu\u011fu gibi, BT Bilgin Teknoloji ve Dan\u0131\u015fmanl\u0131k Hizmetleribayi.com&nbsp;<strong>(&#8220;Site&#8221;)<\/strong>&nbsp;ile mobil uygulaman\u0131n (hepsi birlikte&nbsp;<strong>&#8220;Platform&#8221;<\/strong>&nbsp;olarak an\u0131lacakt\u0131r) ziyaret\u00e7ilere ki\u015fisel i\u00e7erik ve reklamlar g\u00f6stermek, site i\u00e7inde analitik faaliyetler ger\u00e7ekle\u015ftirmek ve ziyaret\u00e7i kullan\u0131m al\u0131\u015fkanl\u0131klar\u0131n\u0131 takip etmek amac\u0131yla \u00c7erezler kullan\u0131lmaktad\u0131r.<\/p><p>\u0130\u015fbu \u00c7erez Politikas\u0131 BT Bilgin Teknoloji ve Dan\u0131\u015fmanl\u0131k Hizmetleribayi.com Gizlilik Politikas\u0131\u2019n\u0131n ayr\u0131lmaz bir par\u00e7as\u0131d\u0131r.<\/p><p>BT B\u0130LG\u0130N TEKNOLOJ\u0130 VE DANI\u015eMANLIK H\u0130ZMETLER\u0130, bu \u00c7erez Politikas\u0131\u2019n\u0131&nbsp;<strong>(&#8220;Politika&#8221;)<\/strong>&nbsp;Site\u2019de hangi \u00c7erezlerin kullan\u0131ld\u0131\u011f\u0131n\u0131 ve kullan\u0131c\u0131lar\u0131n bu konudaki tercihlerini nas\u0131l y\u00f6netebilece\u011fini a\u00e7\u0131klamak amac\u0131yla haz\u0131rlam\u0131\u015ft\u0131r. BT B\u0130LG\u0130N TEKNOLOJ\u0130 VE DANI\u015eMANLIK H\u0130ZMETLER\u0130 taraf\u0131ndan ki\u015fisel verilerinizin i\u015flenmesine ili\u015fkin daha detayl\u0131 bilgi i\u00e7in&nbsp;<a href=\"https:\/\/www.reserbayi.com\/?mainpage=gizlilik\">BT Bilgin Teknoloji ve Dan\u0131\u015fmanl\u0131k Hizmetleribayi.com Gizlilik Politikas\u0131\u2019n\u0131<\/a>&nbsp;incelemenizi tavsiye ederiz.<\/p><p><strong>\u00c7erez (&#8220;Cookie&#8221;) Nedir?<\/strong><\/p><p>\u00c7erezler, ziyaret etti\u011finiz internet siteleri taraf\u0131ndan taray\u0131c\u0131lar arac\u0131l\u0131\u011f\u0131yla cihaz\u0131n\u0131za veya a\u011f sunucusuna depolanan k\u00fc\u00e7\u00fck metin dosyalar\u0131d\u0131r. \u00c7erezler, ziyaret etti\u011finiz web sitesiyle ili\u015fkili sunucular taraf\u0131ndan olu\u015fturulurlar. B\u00f6ylelikle ziyaret\u00e7i ayn\u0131 siteyi ziyaret etti\u011finde sunucu bunu anlayabilir.<\/p><p>\u00c7erezler, ziyaret\u00e7ilere ili\u015fkin isim, cinsiyet veya adres gibi ki\u015fisel verileri i\u00e7ermezler. \u00c7erezler konusunda daha detayl\u0131 bilgi i\u00e7in&nbsp;<a href=\"https:\/\/www.aboutcookies.org\/\" target=\"_blank\" rel=\"noreferrer noopener\">www.aboutcookies.org&nbsp;<\/a>ve&nbsp;<a href=\"https:\/\/www.allaboutcookies.org\/\" target=\"_blank\" rel=\"noreferrer noopener\">www.allaboutcookies.org&nbsp;<\/a>adreslerini ziyaret edebilirisiniz.<\/p><p><strong>Hangi \u00c7erezler Kullan\u0131lmaktad\u0131r?<\/strong><\/p><p>\u00c7erezler,&nbsp;<strong>sahipleri, kullan\u0131m \u00f6m\u00fcrleri ve kullan\u0131m ama\u00e7lar\u0131&nbsp;<\/strong>a\u00e7\u0131s\u0131nda kategorize edilebilir:<\/p><ul class=\"wp-block-list\"><li>\u00c7erezi yerle\u015ftiren tarafa g\u00f6re,\u00a0<strong>Platform \u00e7erezleri ve \u00fc\u00e7\u00fcnc\u00fc taraf\u00a0<\/strong>\u00c7erezler kullan\u0131lmaktad\u0131r. Platform \u00e7erezleri, BT B\u0130LG\u0130N TEKNOLOJ\u0130 VE DANI\u015eMANLIK H\u0130ZMETLER\u0130 taraf\u0131ndan olu\u015fturulurken, \u00fc\u00e7\u00fcnc\u00fc taraf \u00e7erezlerini BT B\u0130LG\u0130N TEKNOLOJ\u0130 VE DANI\u015eMANLIK H\u0130ZMETLER\u0130 ile i\u015f birlikteli\u011fi olan farkl\u0131 firmalar y\u00f6netmektedir.<\/li>\n\n<li>Aktif oldu\u011fu s\u00fcreye g\u00f6re,\u00a0<strong>oturum \u00e7erezleri<\/strong>\u00a0ve\u00a0<strong>kal\u0131c\u0131 \u00e7erezler<\/strong>\u00a0kullan\u0131lmaktad\u0131r.\u00a0<strong>Oturum \u00e7erezleri<\/strong>\u00a0ziyaret\u00e7inin Platform\u2019u terk etmesiyle birlikte silinirken,\u00a0<strong>kal\u0131c\u0131 \u00e7erezler<\/strong>\u00a0ise kullan\u0131m alan\u0131na ba\u011fl\u0131 olarak \u00e7e\u015fitli s\u00fcrelerle ziyaret\u00e7ilerin cihazlar\u0131nda kalabilmektedir.<\/li>\n\n<li>Kullan\u0131m ama\u00e7lar\u0131na g\u00f6re, Platform\u2019da\u00a0<strong>teknik \u00e7erezler, do\u011frulama \u00e7erezleri, hedefleme\/reklam \u00e7erezleri, ki\u015fiselle\u015ftirme \u00e7erezleri<\/strong>\u00a0ve\u00a0<strong>analitik \u00e7erezler<\/strong>\u00a0kullan\u0131lmaktad\u0131r.<\/li><\/ul><p><strong>Neden \u00c7erezler Kullan\u0131lmaktad\u0131r?<\/strong><\/p><p>Platform\u2019da, \u00c7erezler a\u015fa\u011f\u0131daki ama\u00e7lar kapsam\u0131nda kullan\u0131lmaktad\u0131r:<\/p><ul class=\"wp-block-list\"><li><strong>Platform\u2019un \u00e7al\u0131\u015fmas\u0131 i\u00e7in gerekli temel fonksiyonlar\u0131 ger\u00e7ekle\u015ftirmek.<\/strong>\u00a0\u00d6rne\u011fin, BT B\u0130LG\u0130N TEKNOLOJ\u0130 VE DANI\u015eMANLIK H\u0130ZMETLER\u0130 \u00fcyelerinin, \u00fcr\u00fcn sepetindeki \u00fcr\u00fcnlerin ziyaretleri s\u00fcresince kaybolmamas\u0131. Oturum a\u00e7an \u00fcyelerin Platform\u2019da farkl\u0131 sayfalar\u0131 ziyaret ederken tekrar \u015fifre girmelerine gerek kalmamas\u0131.<\/li>\n\n<li><strong>Platform\u2019u analiz etmek ve Platform\u2019un performans\u0131n\u0131 artt\u0131rmak.<\/strong>\u00a0\u00d6rne\u011fin, Platform\u2019un \u00fczerinde \u00e7al\u0131\u015ft\u0131\u011f\u0131 farkl\u0131 sunucular\u0131n entegrasyonu, Platform\u2019u ziyaret edenlerin say\u0131s\u0131n\u0131n tespit edilmesi ve buna g\u00f6re performans ayarlar\u0131n\u0131n yap\u0131lmas\u0131 ya da ziyaret\u00e7ilerin arad\u0131klar\u0131n\u0131 bulmalar\u0131n\u0131n kolayla\u015ft\u0131r\u0131lmas\u0131.<\/li>\n\n<li><strong>Platform\u2019un i\u015flevselli\u011fini artt\u0131rmak ve kullan\u0131m kolayl\u0131\u011f\u0131 sa\u011flamak.<\/strong>\u00a0\u00d6rne\u011fin, Platform \u00fczerinden \u00fc\u00e7\u00fcnc\u00fc taraf sosyal medya mecralar\u0131na payla\u015f\u0131mda bulunmak, Platform\u2019u ziyaret eden ziyaret\u00e7inin daha sonraki ziyaretinde kullan\u0131c\u0131 ad\u0131 bilgisinin ya da arama sorgular\u0131n\u0131n hat\u0131rlanmas\u0131<\/li>\n\n<li><strong>Ki\u015fiselle\u015ftirme, hedefleme ve reklamc\u0131l\u0131k faaliyeti ger\u00e7ekle\u015ftirmek.<\/strong>\u00a0\u00d6rne\u011fin, ziyaret\u00e7ilerin g\u00f6r\u00fcnt\u00fcledikleri sayfa ve \u00fcr\u00fcnler \u00fczerinden ziyaret\u00e7ilerin ilgi alanlar\u0131yla ba\u011flant\u0131l\u0131 reklam g\u00f6sterilmesi.<\/li><\/ul><p><strong>\u00c7erez Tercihlerinizi Nas\u0131l Y\u00f6netebilirsiniz?<\/strong><\/p><p>BT B\u0130LG\u0130N TEKNOLOJ\u0130 VE DANI\u015eMANLIK H\u0130ZMETLER\u0130, kullan\u0131c\u0131lar\u0131n kendilerine ait ki\u015fisel veriler \u00fczerindeki tercihlerini kullanabilmelerini son derece \u00f6nemsemektedir. Bununla birlikte, Site\u2019nin \u00e7al\u0131\u015fmas\u0131 i\u00e7in zorunlu olan baz\u0131 \u00c7erezler konusunda tercih y\u00f6netimi m\u00fcmk\u00fcn olmamaktad\u0131r. Ayr\u0131ca baz\u0131 \u00c7erezlerin kapat\u0131lmas\u0131 halinde Site\u2019nin \u00e7e\u015fitli fonksiyonlar\u0131n\u0131n \u00e7al\u0131\u015fmayabilece\u011fini hat\u0131rlatma isteriz.<\/p><p>Platform\u2019da kullan\u0131lan \u00c7erezlere dair tercihlerin ne \u015fekilde y\u00f6netebilece\u011fine dair bilgiler a\u015fa\u011f\u0131daki gibidir:<\/p><ul class=\"wp-block-list\"><li>Ziyaret\u00e7iler, Platform\u2019u g\u00f6r\u00fcnt\u00fcledikleri taray\u0131c\u0131 ayarlar\u0131n\u0131 de\u011fi\u015ftirerek \u00e7erezlere ili\u015fkin tercihlerini ki\u015fiselle\u015ftirme imkan\u0131na sahiptir. E\u011fer kullan\u0131lmakta olan taray\u0131c\u0131 bu imk\u00e2n\u0131 sunmaktaysa, taray\u0131c\u0131 ayarlar\u0131 \u00fczerinden \u00c7erezlere ili\u015fkin tercihleri de\u011fi\u015ftirmek m\u00fcmk\u00fcnd\u00fcr. B\u00f6ylelikle, taray\u0131c\u0131n\u0131n sunmu\u015f oldu\u011fu imkanlara g\u00f6re farkl\u0131l\u0131k g\u00f6sterebilmekle birlikte, veri sahiplerinin \u00e7erezlerin kullan\u0131lmas\u0131n\u0131 engelleme, \u00e7erez kullan\u0131lmadan \u00f6nce uyar\u0131 almay\u0131 tercih etme veya sadece baz\u0131 \u00c7erezleri devre d\u0131\u015f\u0131 b\u0131rakma ya da silme imkanlar\u0131 bulunmaktad\u0131r. Bu konudaki tercihler kullan\u0131lan taray\u0131c\u0131ya g\u00f6re de\u011fi\u015fiklik g\u00f6stermekle birlikte genel a\u00e7\u0131klamaya\u00a0<a href=\"https:\/\/www.aboutcookies.org\/\" target=\"_blank\" rel=\"noreferrer noopener\">https:\/\/www.aboutcookies.org\/\u00a0<\/a>adresinden ula\u015fmak m\u00fcmk\u00fcnd\u00fcr. \u00c7erezlere ili\u015fkin tercihlerin, ziyaret\u00e7inin Platform\u2019a eri\u015fim sa\u011flad\u0131\u011f\u0131 her bir cihaz \u00f6zelinde ayr\u0131 ayr\u0131 yap\u0131lmas\u0131 gerekebilecektir.<\/li>\n\n<li>Google Analytics taraf\u0131ndan y\u00f6netilen \u00c7erezleri kapatmak i\u00e7in\u00a0<a href=\"https:\/\/tools.google.com\/dlpage\/gaoptout\" target=\"_blank\" rel=\"noreferrer noopener\">t\u0131klay\u0131n\u0131z.<\/a><\/li>\n\n<li>Google taraf\u0131ndan sa\u011flanan ki\u015fiselle\u015ftirilmi\u015f reklam deneyimini y\u00f6netmek i\u00e7in\u00a0<a href=\"https:\/\/www.google.com\/settings\/ads\" target=\"_blank\" rel=\"noreferrer noopener\">t\u0131klay\u0131n\u0131z.<\/a><\/li>\n\n<li>Bir\u00e7ok firman\u0131n reklam faaliyetleri i\u00e7in kulland\u0131\u011f\u0131 \u00e7erezler bak\u0131m\u0131ndan tercihler\u00a0<a href=\"https:\/\/www.youronlinechoices.com\/tr\/reklam-tercihleriniz\" target=\"_blank\" rel=\"noreferrer noopener\">Your Online Choices\u00a0<\/a>\u00fczerinden y\u00f6netilebilir.<\/li>\n\n<li>Mobil cihazlar \u00fczerinden \u00c7erezleri y\u00f6netmek i\u00e7in mobil cihaza ait ayarlar men\u00fcs\u00fc kullan\u0131labilir.<\/li><\/ul><p><strong>Hangi Haklara Sahipsiniz?<\/strong><\/p><p>6698 Say\u0131l\u0131 Ki\u015fisel Verilerin Korunmas\u0131 Kanunu\u2019nun 11. maddesi uyar\u0131nca ziyaret\u00e7iler, BT B\u0130LG\u0130N TEKNOLOJ\u0130 VE DANI\u015eMANLIK H\u0130ZMETLER\u0130\u2019ya ba\u015fvurarak, kendileriyle ilgili,<\/p><ul class=\"wp-block-list\"><li>Ki\u015fisel veri i\u015flenip i\u015flenmedi\u011fini \u00f6\u011frenme,<\/li>\n\n<li>Ki\u015fisel verileri i\u015flenmi\u015fse buna ili\u015fkin bilgi talep etme,<\/li>\n\n<li>Ki\u015fisel verilerin i\u015flenme amac\u0131n\u0131 ve bunlar\u0131n amac\u0131na uygun kullan\u0131l\u0131p kullan\u0131lmad\u0131\u011f\u0131n\u0131 \u00f6\u011frenme,<\/li>\n\n<li>Yurt i\u00e7inde veya yurt d\u0131\u015f\u0131nda ki\u015fisel verilerin aktar\u0131ld\u0131\u011f\u0131 \u00fc\u00e7\u00fcnc\u00fc ki\u015fileri bilme,<\/li>\n\n<li>Ki\u015fisel verilerin eksik veya yanl\u0131\u015f i\u015flenmi\u015f olmas\u0131 h\u00e2linde bunlar\u0131n d\u00fczeltilmesini isteme ve bu kapsamda yap\u0131lan i\u015flemin ki\u015fisel verilerin aktar\u0131ld\u0131\u011f\u0131 \u00fc\u00e7\u00fcnc\u00fc ki\u015filere bildirilmesini isteme,<\/li>\n\n<li>Kanun ve ilgili di\u011fer kanun h\u00fck\u00fcmlerine uygun olarak i\u015flenmi\u015f olmas\u0131na ra\u011fmen, i\u015flenmesini gerektiren sebeplerin ortadan kalkmas\u0131 h\u00e2linde ki\u015fisel verilerin silinmesini veya yok edilmesini isteme ve bu kapsamda yap\u0131lan i\u015flemin ki\u015fisel verilerin aktar\u0131ld\u0131\u011f\u0131 \u00fc\u00e7\u00fcnc\u00fc ki\u015filere bildirilmesini isteme,<\/li>\n\n<li>\u0130\u015flenen verilerin m\u00fcnhas\u0131ran otomatik sistemler vas\u0131tas\u0131yla analiz edilmesi suretiyle ki\u015finin kendisi aleyhine bir sonucun ortaya \u00e7\u0131kmas\u0131na itiraz etme,<\/li>\n\n<li>Ki\u015fisel verilerin kanuna ayk\u0131r\u0131 olarak i\u015flenmesi sebebiyle zarara u\u011framas\u0131 h\u00e2linde zarar\u0131n giderilmesini talep etme<\/li><\/ul><p>haklar\u0131na sahiptir<\/p><p><strong>R\u0131za ve Gizlilik Politikas\u0131\u2019ndaki De\u011fi\u015fiklikler<\/strong><\/p><p>BT B\u0130LG\u0130N TEKNOLOJ\u0130 VE DANI\u015eMANLIK H\u0130ZMETLER\u0130, Gizlilik Politikas\u0131 (&#8220;Politika&#8221;) ile kullan\u0131c\u0131lar\u0131na \u00c7erez kullan\u0131m\u0131n\u0131n kapsam\u0131 ve ama\u00e7lar\u0131 hakk\u0131nda detayl\u0131 a\u00e7\u0131klama sunmay\u0131 ve \u00c7erez tercihleri konusunda kullan\u0131c\u0131lar\u0131n\u0131 bilgilendirmeyi hedeflemi\u015ftir. Bu bak\u0131mdan, Platform\u2019da yer alan \u00c7erez bilgilendirme uyar\u0131s\u0131n\u0131n kapat\u0131lmas\u0131 ve Site\u2019nin kullan\u0131lmaya devam edilmesi halinde \u00c7erez kullan\u0131m\u0131na r\u0131za verildi\u011fi kabul edilmektedir. Kullan\u0131c\u0131lar\u0131n \u00c7erez tercihlerini de\u011fi\u015ftirme imk\u00e2n\u0131 her zaman sakl\u0131d\u0131r.<\/p><p>BT B\u0130LG\u0130N TEKNOLOJ\u0130 VE DANI\u015eMANLIK H\u0130ZMETLER\u0130, Politika h\u00fck\u00fcmlerini diledi\u011fi zaman de\u011fi\u015ftirebilir. G\u00fcncel Politika Platform\u2019da yay\u0131nland\u0131\u011f\u0131 tarihte y\u00fcr\u00fcrl\u00fck kazan\u0131r.<\/p>","protected":false},"excerpt":{"rendered":"<p>BT B\u0130LG\u0130N TEKNOLOJ\u0130 VE DANI\u015eMANLIK H\u0130ZMETLER\u0130 Bilgisayar, Elektronik Ltd. \u015eti.&nbsp;(&#8220;BT B\u0130LG\u0130N TEKNOLOJ\u0130 VE DANI\u015eMANLIK H\u0130ZMETLER\u0130&#8221;)&nbsp;olarak, kullan\u0131c\u0131lar\u0131m\u0131z\u0131n hizmetlerimizden g\u00fcvenli ve eksiksiz \u015fekilde faydalanmalar\u0131n\u0131 sa\u011flamak amac\u0131yla sitemizi kullanan \u00fcyelerimizin gizlili\u011fini korumak i\u00e7in \u00e7al\u0131\u015f\u0131yoruz. Bu do\u011frultuda, i\u015fbu BT B\u0130LG\u0130N TEKNOLOJ\u0130 VE DANI\u015eMANLIK H\u0130ZMETLER\u0130 Gizlilik Politikas\u0131&nbsp;(&#8220;Politika&#8221;), \u00fcyelerimizin ki\u015fisel verilerinin 6698 say\u0131l\u0131 Ki\u015fisel Verilerin Korunmas\u0131 Kanunu&nbsp;(&#8220;Kanun&#8221;)&nbsp;ile tamamen uyumlu bir \u015fekilde &hellip;<\/p>\n<p class=\"read-more\"> <a class=\" thunk-readmore button \" href=\"https:\/\/bilginteknoloji.com\/woo\/gizlilik-ilkesi\/\"> <span class=\"screen-reader-text\">Gizlilik Politikas\u0131<\/span>Read More<\/a><\/p>\n","protected":false},"author":1,"featured_media":0,"parent":0,"menu_order":0,"comment_status":"closed","ping_status":"open","template":"","meta":{"om_disable_all_campaigns":false,"_monsterinsights_skip_tracking":false,"_monsterinsights_sitenote_active":false,"_monsterinsights_sitenote_note":"","_monsterinsights_sitenote_category":0,"footnotes":""},"class_list":["post-3","page","type-page","status-publish","hentry","thunk-woo-product-list","opn-qv-enable","top-store-woo-hover-zoom","top-store-single-product-tab-horizontal","top-store-shadow-","top-store-shadow-hover-"],"aioseo_notices":[],"_links":{"self":[{"href":"https:\/\/bilginteknoloji.com\/woo\/wp-json\/wp\/v2\/pages\/3","targetHints":{"allow":["GET"]}}],"collection":[{"href":"https:\/\/bilginteknoloji.com\/woo\/wp-json\/wp\/v2\/pages"}],"about":[{"href":"https:\/\/bilginteknoloji.com\/woo\/wp-json\/wp\/v2\/types\/page"}],"author":[{"embeddable":true,"href":"https:\/\/bilginteknoloji.com\/woo\/wp-json\/wp\/v2\/users\/1"}],"replies":[{"embeddable":true,"href":"https:\/\/bilginteknoloji.com\/woo\/wp-json\/wp\/v2\/comments?post=3"}],"version-history":[{"count":1,"href":"https:\/\/bilginteknoloji.com\/woo\/wp-json\/wp\/v2\/pages\/3\/revisions"}],"predecessor-version":[{"id":628,"href":"https:\/\/bilginteknoloji.com\/woo\/wp-json\/wp\/v2\/pages\/3\/revisions\/628"}],"wp:attachment":[{"href":"https:\/\/bilginteknoloji.com\/woo\/wp-json\/wp\/v2\/media?parent=3"}],"curies":[{"name":"wp","href":"https:\/\/api.w.org\/{rel}","templated":true}]}}