{"id":190,"date":"2020-07-25T08:34:35","date_gmt":"2020-07-25T08:34:35","guid":{"rendered":"https:\/\/wpthemes.themehunk.com\/topstore\/?page_id=190"},"modified":"2024-09-28T14:26:33","modified_gmt":"2024-09-28T11:26:33","slug":"contact-us","status":"publish","type":"page","link":"https:\/\/bilginteknoloji.com\/woo\/contact-us\/","title":{"rendered":"Bayi Ba\u015fvuru Formu"},"content":{"rendered":"<p><\/p><p><strong>Bayilik ba\u015fvurusu i\u00e7in l\u00fctfen a\u015fa\u011f\u0131daki formu doldurun.<\/strong><\/p><div class=\"leadform-show-form-2 leadform-show-form  lf-form-default leadform-lite\"><div class=\"lead-head\"><\/div>\r\n               <form action=\"\" method=\"post\" class=\"lead-form-front\" id=\"form_2\" enctype=\"multipart\/form-data\">\r\n                <h2 class=\"lfb-heading\">Bayi Ba\u015fvuru Formu<\/h2><div class=\"name-type lf-field\"><label>Ad\u0131n\u0131z<\/label>\r\n        <span><input id=\"name_1\" type=\"text\" name=\"name_1\" class=\"lf-form-name\" value=\"\" required placeholder=\"\" \/>\r\n        <\/span><\/div><div class=\"name-type lf-field\"><label>Soyad\u0131n\u0131z<\/label>\r\n        <span><input id=\"name_2\" type=\"text\" name=\"name_2\" class=\"lf-form-name\" value=\"\" required placeholder=\"\" \/>\r\n        <\/span><\/div><div class=\"text-type lf-field\"><label>Firman\u0131z<\/label>\r\n        <span><input id=\"text_4\" type=\"text\" class=\"lf-form-text \" name=\"text_4\" required value=\"\" placeholder=\"\" \/>\r\n        <\/span><\/div><div class=\"text-type lf-field\"><label>Telefon<\/label>\r\n        <span><input id=\"text_3\" type=\"text\" class=\"lf-form-text \" name=\"text_3\" required value=\"\" placeholder=\"\" \/>\r\n        <\/span><\/div><div class=\"text-type lf-field\"><label>Adres<\/label>\r\n        <span><input id=\"text_8\" type=\"text\" class=\"lf-form-text \" name=\"text_8\"  value=\"\" placeholder=\"\" \/>\r\n        <\/span><\/div><div class=\"text-type lf-field\"><label>Mail<\/label>\r\n        <span><input id=\"email_5\" type=\"email\" class=\"lf-form-text \" name=\"email_5\" required value=\"\" placeholder=\"\" \/>\r\n        <\/span><\/div><div class=\"textarea-type lf-field\"><label>Mesaj\u0131n\u0131z<\/label>\r\n            <span><textarea id=\"message_7\" name=\"message_7\" class=\"lf-form-textarea\" value=\"\" placeholder=\"\" required><\/textarea>\r\n            <\/span><\/div><div class=\"lf-form-panel\"><div class=\"submit-type lf-field\"><label><input id=\"0\" class=\"lf-form-submit\" type=\"submit\" name=\"submit\" value=\"Ba\u015fvuru Yap\"\/>\r\n                <\/label><\/div><\/div>\r\n                <div class=\"captcha-field-area\" id=\"captcha-field-area\"><\/div>\r\n                <input type=\"hidden\" class=\"hidden_field\" name=\"hidden_field\" value=\"2\"\/>\r\n\r\n                <input type=\"hidden\" class=\"hidden_field\" name=\"_wpnonce_form\" value=\"944f565474\"\/>\r\n                <input type=\"hidden\" class=\"this_form_captcha_status\" value=\"disable\"\/>\r\n                <div class=\"leadform-show-loading front-loading leadform-show-message-form-2\" >\r\n                <\/div>\r\n                <div class=\"lf-loading\">\r\n                    <div class=\"spinner\" id=\"loading_image\" style=\"display: none;\" wppb-add-style=\"display:none;\">\r\n                        <div class=\"bounce1\"><\/div>\r\n                        <div class=\"bounce2\"><\/div>\r\n                        <div class=\"bounce3\"><\/div>\r\n                    <\/div>\r\n                <\/div>\r\n                <\/form><p wppb-add-style=\"display:none;\" style=\"display:none;\" redirect=\"\" class=\"successmsg_2 successmsg\">Thank You ...<\/p><\/div><p><\/p>","protected":false},"excerpt":{"rendered":"<p>Bayilik ba\u015fvurusu i\u00e7in l\u00fctfen a\u015fa\u011f\u0131daki formu doldurun.<\/p>\n","protected":false},"author":1,"featured_media":0,"parent":0,"menu_order":0,"comment_status":"closed","ping_status":"closed","template":"","meta":{"om_disable_all_campaigns":false,"_monsterinsights_skip_tracking":false,"_monsterinsights_sitenote_active":false,"_monsterinsights_sitenote_note":"","_monsterinsights_sitenote_category":0,"footnotes":""},"class_list":["post-190","page","type-page","status-publish","hentry","thunk-woo-product-list","opn-qv-enable","top-store-woo-hover-zoom","top-store-single-product-tab-horizontal","top-store-shadow-","top-store-shadow-hover-"],"aioseo_notices":[],"_links":{"self":[{"href":"https:\/\/bilginteknoloji.com\/woo\/wp-json\/wp\/v2\/pages\/190","targetHints":{"allow":["GET"]}}],"collection":[{"href":"https:\/\/bilginteknoloji.com\/woo\/wp-json\/wp\/v2\/pages"}],"about":[{"href":"https:\/\/bilginteknoloji.com\/woo\/wp-json\/wp\/v2\/types\/page"}],"author":[{"embeddable":true,"href":"https:\/\/bilginteknoloji.com\/woo\/wp-json\/wp\/v2\/users\/1"}],"replies":[{"embeddable":true,"href":"https:\/\/bilginteknoloji.com\/woo\/wp-json\/wp\/v2\/comments?post=190"}],"version-history":[{"count":4,"href":"https:\/\/bilginteknoloji.com\/woo\/wp-json\/wp\/v2\/pages\/190\/revisions"}],"predecessor-version":[{"id":1429,"href":"https:\/\/bilginteknoloji.com\/woo\/wp-json\/wp\/v2\/pages\/190\/revisions\/1429"}],"wp:attachment":[{"href":"https:\/\/bilginteknoloji.com\/woo\/wp-json\/wp\/v2\/media?parent=190"}],"curies":[{"name":"wp","href":"https:\/\/api.w.org\/{rel}","templated":true}]}}