{"id":11,"date":"2024-08-13T16:27:19","date_gmt":"2024-08-13T13:27:19","guid":{"rendered":"https:\/\/bilginteknoloji.com\/woo\/?page_id=11"},"modified":"2024-08-13T16:27:19","modified_gmt":"2024-08-13T13:27:19","slug":"refund_returns","status":"publish","type":"page","link":"https:\/\/bilginteknoloji.com\/woo\/refund_returns\/","title":{"rendered":"Geri \u00d6deme ve \u0130ade Politikas\u0131"},"content":{"rendered":"<p><strong>T\u00dcKET\u0130C\u0130 HAKLARI \u2013 CAYMA \u2013 \u0130PTAL \u0130ADE KO\u015eULLARI<\/strong><\/p><p><strong>GENEL:<\/strong><\/p><p>1.Kullanmakta oldu\u011funuz web sitesi \u00fczerinden elektronik ortamda sipari\u015f verdi\u011finiz takdirde, size sunulan \u00f6n bilgilendirme formunu ve mesafeli sat\u0131\u015f s\u00f6zle\u015fmesini kabul etmi\u015f say\u0131l\u0131rs\u0131n\u0131z.<\/p><p>2.Al\u0131c\u0131lar, sat\u0131n ald\u0131klar\u0131 \u00fcr\u00fcn\u00fcn sat\u0131\u015f ve teslimi ile ilgili olarak 6502 say\u0131l\u0131 T\u00fcketicinin Korunmas\u0131 Hakk\u0131nda Kanun ve Mesafeli S\u00f6zle\u015fmeler Y\u00f6netmeli\u011fi (RG:27.11.2014\/29188) h\u00fck\u00fcmleri ile y\u00fcr\u00fcrl\u00fckteki di\u011fer yasalara tabidir.&nbsp;<\/p><p>3.\u00dcr\u00fcn sevkiyat masraf\u0131 olan kargo \u00fccretleri kargo \u00fccretsiz kampanyalar d\u0131\u015f\u0131nda al\u0131c\u0131lar taraf\u0131ndan \u00f6denecektir.<\/p><p>4.Sat\u0131n al\u0131nan her bir \u00fcr\u00fcn, 30 g\u00fcnl\u00fck yasal s\u00fcreyi a\u015fmamak kayd\u0131 ile al\u0131c\u0131n\u0131n g\u00f6sterdi\u011fi adresteki ki\u015fi ve\/veya kurulu\u015fa teslim edilir. Bu s\u00fcre i\u00e7inde \u00fcr\u00fcn teslim edilmez ise,&nbsp;al\u0131c\u0131lar s\u00f6zle\u015fmeyi sona erdirebilir.&nbsp;<\/p><p>5.Sat\u0131n al\u0131nan \u00fcr\u00fcn, eksiksiz ve sipari\u015fte belirtilen niteliklere uygun ve varsa garanti belgesi, kullan\u0131m k\u0131lavuzu gibi belgelerle teslim edilmek zorundad\u0131r.&nbsp;<\/p><p>6.Sat\u0131n al\u0131nan \u00fcr\u00fcn\u00fcn sat\u0131lmas\u0131n\u0131n imkans\u0131zla\u015fmas\u0131 durumunda, sat\u0131c\u0131 bu durumu \u00f6\u011frendi\u011finden itibaren 3 g\u00fcn i\u00e7inde yaz\u0131l\u0131 olarak al\u0131c\u0131ya bu durumu bildirmek zorundad\u0131r. 14 g\u00fcn i\u00e7inde de toplam bedel al\u0131c\u0131\u2019ya iade edilmek zorundad\u0131r.&nbsp;<\/p><p><strong>SATIN ALINAN \u00dcR\u00dcN BEDEL\u0130 \u00d6DENMEZ \u0130SE:&nbsp;<\/strong><\/p><p>7.Al\u0131c\u0131, sat\u0131n ald\u0131\u011f\u0131 \u00fcr\u00fcn bedelini \u00f6demez veya banka kay\u0131tlar\u0131nda iptal ederse, Sat\u0131c\u0131n\u0131n \u00fcr\u00fcn\u00fc teslim y\u00fck\u00fcml\u00fcl\u00fc\u011f\u00fc sona erer.<\/p><p><strong>KRED\u0130 KARTININ YETK\u0130S\u0130Z KULLANIMI \u0130LE YAPILAN ALI\u015eVER\u0130\u015eLER:&nbsp;<\/strong><\/p><p>8.\u00dcr\u00fcn teslim edildikten sonra, al\u0131c\u0131n\u0131n \u00f6deme yapt\u0131\u011f\u0131 kredi kart\u0131n\u0131n yetkisiz ki\u015filer taraf\u0131ndan haks\u0131z olarak kullan\u0131ld\u0131\u011f\u0131 tespit edilirse ve sat\u0131lan \u00fcr\u00fcn bedeli ilgili banka veya finans kurulu\u015fu taraf\u0131ndan sat\u0131c\u0131&#8217; ya \u00f6denmez ise, al\u0131c\u0131, s\u00f6zle\u015fme konusu \u00fcr\u00fcn\u00fc 3 g\u00fcn i\u00e7erisinde nakliye gideri Al\u0131c\u0131\u2019ya ait olacak \u015fekilde SATICI\u2019 ya iade etmek zorundad\u0131r.&nbsp;<\/p><p><strong>\u00d6NG\u00d6R\u00dcLEMEYEN SEBEPLERLE \u00dcR\u00dcN S\u00dcRES\u0130NDE TESL\u0130M ED\u0130LEMEZ \u0130SE:&nbsp;<\/strong><\/p><p>9.Sat\u0131c\u0131\u2019n\u0131n \u00f6ng\u00f6remeyece\u011fi m\u00fccbir sebepler olu\u015fursa ve \u00fcr\u00fcn s\u00fcresinde teslim edilemez ise, durum Al\u0131c\u0131\u2019ya bildirilir. Al\u0131c\u0131, sipari\u015fin iptalini, \u00fcr\u00fcn\u00fcn benzeri ile de\u011fi\u015ftirilmesini veya engel ortadan kalkana dek teslimat\u0131n ertelenmesini talep edebilir. Al\u0131c\u0131 sipari\u015fi iptal ederse; \u00f6demeyi nakit ile yapm\u0131\u015f ise iptalinden itibaren 14 g\u00fcn i\u00e7inde kendisine nakden bu \u00fccret \u00f6denir. Al\u0131c\u0131, \u00f6demeyi kredi kart\u0131 ile yapm\u0131\u015f ise ve iptal ederse, bu iptalden itibaren yine 14 g\u00fcn i\u00e7inde \u00fcr\u00fcn bedeli bankaya iade edilir, ancak bankan\u0131n al\u0131c\u0131n\u0131n hesab\u0131na 2-3 hafta i\u00e7erisinde aktarmas\u0131 olas\u0131d\u0131r.&nbsp;<\/p><p>Al\u0131c\u0131n\u0131n tedarik\u00e7isi oldu\u011fu \u00fcr\u00fcnlerin stoklar\u0131nda bulunmamas\u0131 halinde, ALICI durumu SATICI\u2019 ya bildirir. Sat\u0131lan \u00fcr\u00fcn ALICI\u2019 n\u0131n stoklar\u0131na girdikten itibaren 10 g\u00fcn i\u00e7inde ALICI\u2019 ya g\u00f6nderimi yap\u0131l\u0131r. ALICI bu nedenle s\u00f6zle\u015fmeden d\u00f6nemez ve iade talep edemez. Bekleme s\u00fcresi i\u00e7in indirim talep edemez, yahut herhangi bir zarar tazmini talebinde bulunamaz.<\/p><p><strong>ALICININ \u00dcR\u00dcN\u00dc KONTROL ETME Y\u00dcK\u00dcML\u00dcL\u00dc\u011e\u00dc:&nbsp;<\/strong><\/p><p>10.Al\u0131c\u0131, s\u00f6zle\u015fme konusu mal\/hizmeti teslim almadan \u00f6nce muayene edecek; ezik, k\u0131r\u0131k, ambalaj\u0131 y\u0131rt\u0131lm\u0131\u015f vb. hasarl\u0131 ve ay\u0131pl\u0131 mal\/hizmeti kargo \u015firketinden teslim almayacakt\u0131r. Teslim al\u0131nan mal\/hizmetin hasars\u0131z ve sa\u011flam oldu\u011fu kabul edilecektir. ALICI, Teslimden sonra mal\/hizmeti \u00f6zenle korunmak zorundad\u0131r. Cayma hakk\u0131 kullan\u0131lacaksa mal\/hizmet kullan\u0131lmamal\u0131d\u0131r. \u00dcr\u00fcnle birlikte Fatura da iade edilmelidir.<\/p><p><strong>CAYMA HAKKI:<\/strong><\/p><p>11.ALICI; sat\u0131n ald\u0131\u011f\u0131 \u00fcr\u00fcn\u00fcn kendisine veya g\u00f6sterdi\u011fi adresteki ki\u015fi\/kurulu\u015fa teslim tarihinden itibaren 2 (iki) g\u00fcn i\u00e7erisinde, SATICI\u2019 ya a\u015fa\u011f\u0131daki ileti\u015fim bilgileri \u00fczerinden bildirmek \u015fart\u0131yla hi\u00e7bir hukuki ve cezai sorumluluk \u00fcstlenmeksizin ve hi\u00e7bir gerek\u00e7e g\u00f6stermeksizin mal\u0131 reddederek s\u00f6zle\u015fmeden cayma hakk\u0131n\u0131 kullanabilir.<\/p><p><strong>12.SATICININ CAYMA HAKKI B\u0130LD\u0130R\u0130M\u0130 YAPILACAK \u0130LET\u0130\u015e\u0130M B\u0130LG\u0130LER\u0130:<\/strong><\/p><p>\u015e\u0130RKET&nbsp;<\/p><p>ADI\/UNVANI: BT Bilgin Teknoloji ve Dan\u0131\u015fmanl\u0131k Hizmetleri<\/p><p>ADRES: Karaman Mahallesi S\u00f6zeri Lisesi Sokak No:1\/B Nil\u00fcfer &#8211; BURSA<\/p>","protected":false},"excerpt":{"rendered":"<p>T\u00dcKET\u0130C\u0130 HAKLARI \u2013 CAYMA \u2013 \u0130PTAL \u0130ADE KO\u015eULLARI GENEL: 1.Kullanmakta oldu\u011funuz web sitesi \u00fczerinden elektronik ortamda sipari\u015f verdi\u011finiz takdirde, size sunulan \u00f6n bilgilendirme formunu ve mesafeli sat\u0131\u015f s\u00f6zle\u015fmesini kabul etmi\u015f say\u0131l\u0131rs\u0131n\u0131z. 2.Al\u0131c\u0131lar, sat\u0131n ald\u0131klar\u0131 \u00fcr\u00fcn\u00fcn sat\u0131\u015f ve teslimi ile ilgili olarak 6502 say\u0131l\u0131 T\u00fcketicinin Korunmas\u0131 Hakk\u0131nda Kanun ve Mesafeli S\u00f6zle\u015fmeler Y\u00f6netmeli\u011fi (RG:27.11.2014\/29188) h\u00fck\u00fcmleri ile y\u00fcr\u00fcrl\u00fckteki &hellip;<\/p>\n<p class=\"read-more\"> <a class=\" thunk-readmore button \" href=\"https:\/\/bilginteknoloji.com\/woo\/refund_returns\/\"> <span class=\"screen-reader-text\">Geri \u00d6deme ve \u0130ade Politikas\u0131<\/span>Read More<\/a><\/p>\n","protected":false},"author":1,"featured_media":0,"parent":0,"menu_order":0,"comment_status":"closed","ping_status":"closed","template":"","meta":{"om_disable_all_campaigns":false,"_monsterinsights_skip_tracking":false,"_monsterinsights_sitenote_active":false,"_monsterinsights_sitenote_note":"","_monsterinsights_sitenote_category":0,"footnotes":""},"class_list":["post-11","page","type-page","status-publish","hentry","thunk-woo-product-list","opn-qv-enable","top-store-woo-hover-zoom","top-store-single-product-tab-horizontal","top-store-shadow-","top-store-shadow-hover-"],"aioseo_notices":[],"_links":{"self":[{"href":"https:\/\/bilginteknoloji.com\/woo\/wp-json\/wp\/v2\/pages\/11","targetHints":{"allow":["GET"]}}],"collection":[{"href":"https:\/\/bilginteknoloji.com\/woo\/wp-json\/wp\/v2\/pages"}],"about":[{"href":"https:\/\/bilginteknoloji.com\/woo\/wp-json\/wp\/v2\/types\/page"}],"author":[{"embeddable":true,"href":"https:\/\/bilginteknoloji.com\/woo\/wp-json\/wp\/v2\/users\/1"}],"replies":[{"embeddable":true,"href":"https:\/\/bilginteknoloji.com\/woo\/wp-json\/wp\/v2\/comments?post=11"}],"version-history":[{"count":1,"href":"https:\/\/bilginteknoloji.com\/woo\/wp-json\/wp\/v2\/pages\/11\/revisions"}],"predecessor-version":[{"id":641,"href":"https:\/\/bilginteknoloji.com\/woo\/wp-json\/wp\/v2\/pages\/11\/revisions\/641"}],"wp:attachment":[{"href":"https:\/\/bilginteknoloji.com\/woo\/wp-json\/wp\/v2\/media?parent=11"}],"curies":[{"name":"wp","href":"https:\/\/api.w.org\/{rel}","templated":true}]}}